{"id":4819,"date":"2025-05-27T11:43:28","date_gmt":"2025-05-27T03:43:28","guid":{"rendered":"https:\/\/www.yongjianceramic.com\/?post_type=product&#038;p=4819"},"modified":"2025-05-27T11:43:31","modified_gmt":"2025-05-27T03:43:31","slug":"custom-ceramic-bowls","status":"publish","type":"product","link":"https:\/\/www.yongjianceramic.com\/fr\/produit\/custom-ceramic-bowls\/","title":{"rendered":"Bols en c\u00e9ramique 8 pouces, motif de pierre, vaisselle chinoise Wholesale"},"content":{"rendered":"<div class=\"wp-block-columns is-layout-flex wp-container-core-columns-is-layout-9d6595d7 wp-block-columns-is-layout-flex\">\n<div class=\"wp-block-column is-layout-flow wp-block-column-is-layout-flow\">\n<h2 class=\"wp-block-heading\">Bols en c\u00e9ramique personnalis\u00e9s de premi\u00e8re qualit\u00e9 Caract\u00e9ristiques :<\/h2>\n\n\n\n<ul class=\"wp-block-list\">\n<li><strong>Grand bol conventionnel de 8 pouces, tr\u00e8s performant : <\/strong>Ces bols en c\u00e9ramique personnalis\u00e9s ont une capacit\u00e9 commune, ce qui permet de r\u00e9pondre \u00e0 une vari\u00e9t\u00e9 d'aliments tels que les nouilles, les soupes, les bols de riz, les salades, etc., afin de r\u00e9pondre aux diff\u00e9rents besoins des familles et de l'industrie de la restauration.<\/li>\n\n\n\n<li><strong>Texture de pierre, texture naturelle : <\/strong>La surface de la vaisselle chinoise est simul\u00e9e par une texture de pierre, unique et pleine de nature, exprimant un style de gr\u00e8s moderne et une texture haut de gamme.<\/li>\n\n\n\n<li><strong>Quatre couleurs en option, assorties gratuitement : <\/strong>Ces bols en c\u00e9ramique personnalis\u00e9s offrent 4 tons diff\u00e9rents, de calme \u00e0 frais, pour r\u00e9pondre \u00e0 des besoins d'assortiment personnalis\u00e9s, adapt\u00e9s \u00e0 diff\u00e9rents styles d'environnements de restauration.<\/li>\n\n\n\n<li><strong>Cuisson \u00e0 haute temp\u00e9rature, durable et facile \u00e0 nettoyer :<\/strong> La vaisselle chinoise est fabriqu\u00e9e en c\u00e9ramique de haute qualit\u00e9, moul\u00e9e par cuisson \u00e0 haute temp\u00e9rature, avec une surface dense et lisse, r\u00e9sistante \u00e0 la chaleur et aux rayures, plus pratique pour l'utilisation et le nettoyage quotidiens.<\/li>\n<\/ul>\n<\/div>\n\n\n\n<div class=\"wp-block-column is-layout-flow wp-block-column-is-layout-flow\">\n<figure class=\"wp-block-image size-full\"><img fetchpriority=\"high\" decoding=\"async\" width=\"800\" height=\"800\" src=\"https:\/\/www.yongjianceramic.com\/wp-content\/uploads\/2025\/05\/chinese-crockery-setceramic-bowl-manufacturercustomized-dinnerware-4.webp\" alt=\"custom-ceramic-bowls-8-inch-stone-pattern-chinese-crockery-set-4\" class=\"wp-image-4823\" srcset=\"https:\/\/www.yongjianceramic.com\/wp-content\/uploads\/2025\/05\/chinese-crockery-setceramic-bowl-manufacturercustomized-dinnerware-4.webp 800w, https:\/\/www.yongjianceramic.com\/wp-content\/uploads\/2025\/05\/chinese-crockery-setceramic-bowl-manufacturercustomized-dinnerware-4-300x300.webp 300w, https:\/\/www.yongjianceramic.com\/wp-content\/uploads\/2025\/05\/chinese-crockery-setceramic-bowl-manufacturercustomized-dinnerware-4-150x150.webp 150w, https:\/\/www.yongjianceramic.com\/wp-content\/uploads\/2025\/05\/chinese-crockery-setceramic-bowl-manufacturercustomized-dinnerware-4-768x768.webp 768w, https:\/\/www.yongjianceramic.com\/wp-content\/uploads\/2025\/05\/chinese-crockery-setceramic-bowl-manufacturercustomized-dinnerware-4-12x12.webp 12w, https:\/\/www.yongjianceramic.com\/wp-content\/uploads\/2025\/05\/chinese-crockery-setceramic-bowl-manufacturercustomized-dinnerware-4-285x285.webp 285w, https:\/\/www.yongjianceramic.com\/wp-content\/uploads\/2025\/05\/chinese-crockery-setceramic-bowl-manufacturercustomized-dinnerware-4-270x270.webp 270w, https:\/\/www.yongjianceramic.com\/wp-content\/uploads\/2025\/05\/chinese-crockery-setceramic-bowl-manufacturercustomized-dinnerware-4-540x540.webp 540w, https:\/\/www.yongjianceramic.com\/wp-content\/uploads\/2025\/05\/chinese-crockery-setceramic-bowl-manufacturercustomized-dinnerware-4-660x660.webp 660w\" sizes=\"(max-width: 800px) 100vw, 800px\" \/><\/figure>\n<\/div>\n<\/div>","protected":false},"excerpt":{"rendered":"<p>Nous vous invitons \u00e0 acheter nos bols en c\u00e9ramique personnalis\u00e9s. Ce bol en c\u00e9ramique de 8 pouces \u00e0 motif de pierre allie beaut\u00e9 naturelle et praticit\u00e9. Disponible en quatre couleurs, il peut \u00eatre utilis\u00e9 dans de nombreuses situations. Que ce soit pour la maison ou la restauration commerciale, c'est un choix id\u00e9al avec une grande texture.<\/p>\n<table style=\"border-collapse: collapse; width: 327.02pt;\" border=\"0\" width=\"654\" cellspacing=\"0\" cellpadding=\"0\">\n<tbody>\n<tr style=\"height: 16.50pt;\">\n<td class=\"et3\" style=\"height: 16.50pt; width: 127.20pt;\" width=\"254\" height=\"33\">Fabricant<\/td>\n<td class=\"et3\" style=\"width: 200.15pt;\" width=\"400\">Yongjian<\/td>\n<\/tr>\n<tr style=\"height: 16.50pt;\">\n<td class=\"et3\" style=\"height: 16.50pt;\" height=\"33\">Num\u00e9ro de mod\u00e8le<\/td>\n<td class=\"et4\" style=\"width: 200.15pt;\" width=\"400\">YJ-137<\/td>\n<\/tr>\n<tr style=\"height: 16.50pt;\">\n<td class=\"et3\" style=\"height: 16.50pt;\" height=\"33\">Type de produit<\/td>\n<td class=\"et3\">Bols de soupe et de ramen<\/td>\n<\/tr>\n<tr style=\"height: 16.50pt;\">\n<td class=\"et3\" style=\"height: 16.50pt;\" height=\"33\">Mat\u00e9riau<\/td>\n<td class=\"et3\">Porcelaine<\/td>\n<\/tr>\n<tr style=\"height: 16.50pt;\">\n<td class=\"et5\" style=\"height: 16.50pt;\" height=\"33\">Couleur<\/td>\n<td class=\"et3\">En tant qu'image<\/td>\n<\/tr>\n<tr style=\"height: 16.50pt;\">\n<td class=\"et3\" style=\"height: 16.50pt;\" height=\"33\">Dimension<\/td>\n<td class=\"et6\" style=\"width: 200.15pt;\" width=\"400\">20.8*20.8*8.5cm<\/td>\n<\/tr>\n<tr style=\"height: 16.50pt;\">\n<td class=\"et3\" style=\"height: 16.50pt;\" height=\"33\">MOQ<\/td>\n<td class=\"et3\">500pcs<\/td>\n<\/tr>\n<tr style=\"height: 16.50pt;\">\n<td class=\"et3\" style=\"height: 16.50pt;\" height=\"33\">Sur mesure<\/td>\n<td class=\"et3\">Couleur\/Taille\/Logo\/Emballage<\/td>\n<\/tr>\n<\/tbody>\n<\/table>","protected":false},"featured_media":4820,"comment_status":"closed","ping_status":"closed","template":"","meta":{"_acf_changed":false},"product_brand":[],"product_cat":[63,74],"product_tag":[88,81],"class_list":{"0":"post-4819","1":"product","2":"type-product","3":"status-publish","4":"has-post-thumbnail","6":"product_cat-wholesale-bowls","7":"product_cat-bulk-serving-bowls","8":"product_tag-japanese-style-dinnerware-set-wholesale","9":"product_tag-modern-design-dinnerware-set-wholesale","11":"first","12":"instock","13":"shipping-taxable","14":"product-type-simple"},"acf":[],"_links":{"self":[{"href":"https:\/\/www.yongjianceramic.com\/fr\/wp-json\/wp\/v2\/product\/4819","targetHints":{"allow":["GET"]}}],"collection":[{"href":"https:\/\/www.yongjianceramic.com\/fr\/wp-json\/wp\/v2\/product"}],"about":[{"href":"https:\/\/www.yongjianceramic.com\/fr\/wp-json\/wp\/v2\/types\/product"}],"replies":[{"embeddable":true,"href":"https:\/\/www.yongjianceramic.com\/fr\/wp-json\/wp\/v2\/comments?post=4819"}],"wp:featuredmedia":[{"embeddable":true,"href":"https:\/\/www.yongjianceramic.com\/fr\/wp-json\/wp\/v2\/media\/4820"}],"wp:attachment":[{"href":"https:\/\/www.yongjianceramic.com\/fr\/wp-json\/wp\/v2\/media?parent=4819"}],"wp:term":[{"taxonomy":"product_brand","embeddable":true,"href":"https:\/\/www.yongjianceramic.com\/fr\/wp-json\/wp\/v2\/product_brand?post=4819"},{"taxonomy":"product_cat","embeddable":true,"href":"https:\/\/www.yongjianceramic.com\/fr\/wp-json\/wp\/v2\/product_cat?post=4819"},{"taxonomy":"product_tag","embeddable":true,"href":"https:\/\/www.yongjianceramic.com\/fr\/wp-json\/wp\/v2\/product_tag?post=4819"}],"curies":[{"name":"wp","href":"https:\/\/api.w.org\/{rel}","templated":true}]}}