{"id":4843,"date":"2025-05-27T10:19:11","date_gmt":"2025-05-27T02:19:11","guid":{"rendered":"https:\/\/www.yongjianceramic.com\/?post_type=product&#038;p=4843"},"modified":"2025-05-27T10:19:14","modified_gmt":"2025-05-27T02:19:14","slug":"custom-made-ceramic-plates","status":"publish","type":"product","link":"https:\/\/www.yongjianceramic.com\/fr\/produit\/custom-made-ceramic-plates\/","title":{"rendered":"Assiettes en c\u00e9ramique personnalis\u00e9es, assiettes \u00e0 sauce, grossiste en assiettes \u00e0 sauces"},"content":{"rendered":"<div class=\"wp-block-columns is-layout-flex wp-container-core-columns-is-layout-9d6595d7 wp-block-columns-is-layout-flex\">\n<div class=\"wp-block-column is-layout-flow wp-block-column-is-layout-flow\">\n<h2 class=\"wp-block-heading\">Plaques en c\u00e9ramique de premi\u00e8re qualit\u00e9 fabriqu\u00e9es sur mesure Caract\u00e9ristiques :<\/h2>\n\n\n\n<ul class=\"wp-block-list\">\n<li><strong>Format compact de 3,5 pouces, pratique et commode :<\/strong> Le plat \u00e0 sauce en gros de taille moyenne est sp\u00e9cialement con\u00e7u pour les sauces, le ketchup, la vinaigrette et d'autres condiments. Il prend moins de place et r\u00e9pond aux besoins quotidiens.<\/li>\n\n\n\n<li><strong>Plusieurs styles de conception disponibles, des styles riches : <\/strong>Ces assiettes en c\u00e9ramique fabriqu\u00e9es sur mesure sont propos\u00e9es avec diff\u00e9rents motifs et designs. Elles s'adaptent \u00e0 diff\u00e9rents styles de restaurants et de tables et am\u00e9liorent l'aspect g\u00e9n\u00e9ral et l'exp\u00e9rience gastronomique.<\/li>\n\n\n\n<li><strong>C\u00e9ramique haute temp\u00e9rature, saine et durable :<\/strong> Ces plaques en c\u00e9ramique fabriqu\u00e9es sur mesure utilisent la technologie de cuisson \u00e0 haute temp\u00e9rature, qui est durable et r\u00e9sistante, sans produits chimiques et sans danger pour le contact avec les aliments. Elles sont suffisantes pour un usage quotidien \u00e0 la maison et pour la restauration commerciale.<\/li>\n\n\n\n<li><strong>Gla\u00e7ure lisse, facile \u00e0 nettoyer et sans suintement de couleur :<\/strong> La surface de la sauci\u00e8re en gros est dense et lisse, elle ne s'huile pas facilement, elle est facile \u00e0 nettoyer, et elle est toujours aussi brillante apr\u00e8s une utilisation prolong\u00e9e, ce qui permet d'\u00e9conomiser des efforts et des soucis.<\/li>\n<\/ul>\n\n\n\n<p><\/p>\n<\/div>\n\n\n\n<div class=\"wp-block-column is-layout-flow wp-block-column-is-layout-flow\">\n<figure class=\"wp-block-image size-full\"><img fetchpriority=\"high\" decoding=\"async\" width=\"800\" height=\"800\" src=\"https:\/\/www.yongjianceramic.com\/wp-content\/uploads\/2025\/05\/custom-made-ceramic-platesceramic-dinnerware-companysuace-dish-wholesale-2.webp\" alt=\"Plaques c\u00e9ramiques sur mesure-types de conceptions-sauce-dish-entreprise en gros-2\" class=\"wp-image-4845\" srcset=\"https:\/\/www.yongjianceramic.com\/wp-content\/uploads\/2025\/05\/custom-made-ceramic-platesceramic-dinnerware-companysuace-dish-wholesale-2.webp 800w, https:\/\/www.yongjianceramic.com\/wp-content\/uploads\/2025\/05\/custom-made-ceramic-platesceramic-dinnerware-companysuace-dish-wholesale-2-300x300.webp 300w, https:\/\/www.yongjianceramic.com\/wp-content\/uploads\/2025\/05\/custom-made-ceramic-platesceramic-dinnerware-companysuace-dish-wholesale-2-150x150.webp 150w, https:\/\/www.yongjianceramic.com\/wp-content\/uploads\/2025\/05\/custom-made-ceramic-platesceramic-dinnerware-companysuace-dish-wholesale-2-768x768.webp 768w, https:\/\/www.yongjianceramic.com\/wp-content\/uploads\/2025\/05\/custom-made-ceramic-platesceramic-dinnerware-companysuace-dish-wholesale-2-12x12.webp 12w, https:\/\/www.yongjianceramic.com\/wp-content\/uploads\/2025\/05\/custom-made-ceramic-platesceramic-dinnerware-companysuace-dish-wholesale-2-285x285.webp 285w, https:\/\/www.yongjianceramic.com\/wp-content\/uploads\/2025\/05\/custom-made-ceramic-platesceramic-dinnerware-companysuace-dish-wholesale-2-270x270.webp 270w, https:\/\/www.yongjianceramic.com\/wp-content\/uploads\/2025\/05\/custom-made-ceramic-platesceramic-dinnerware-companysuace-dish-wholesale-2-540x540.webp 540w, https:\/\/www.yongjianceramic.com\/wp-content\/uploads\/2025\/05\/custom-made-ceramic-platesceramic-dinnerware-companysuace-dish-wholesale-2-660x660.webp 660w\" sizes=\"(max-width: 800px) 100vw, 800px\" \/><\/figure>\n<\/div>\n<\/div>","protected":false},"excerpt":{"rendered":"<p>Nous vous invitons \u00e0 acheter nos assiettes en c\u00e9ramique personnalis\u00e9es. Ce plat \u00e0 sauce en c\u00e9ramique de 3,5 pouces est con\u00e7u pour les sauces, les salades et autres assaisonnements. Il a une forme d\u00e9licate et une vari\u00e9t\u00e9 de styles. Il est \u00e0 la fois pratique et beau, et convient aux familles et \u00e0 divers lieux de restauration.<\/p>\n<table style=\"border-collapse: collapse; width: 327.02pt;\" border=\"0\" width=\"654\" cellspacing=\"0\" cellpadding=\"0\">\n<tbody>\n<tr style=\"height: 16.50pt;\">\n<td class=\"et3\" style=\"height: 16.50pt; width: 127.20pt;\" width=\"254\" height=\"33\">Fabricant<\/td>\n<td class=\"et3\" style=\"width: 200.15pt;\" width=\"400\">Yongjian<\/td>\n<\/tr>\n<tr style=\"height: 16.50pt;\">\n<td class=\"et3\" style=\"height: 16.50pt;\" height=\"33\">Num\u00e9ro de mod\u00e8le<\/td>\n<td class=\"et4\" style=\"width: 200.15pt;\" width=\"400\">YJ-139<\/td>\n<\/tr>\n<tr style=\"height: 16.50pt;\">\n<td class=\"et3\" style=\"height: 16.50pt;\" height=\"33\">Type de produit<\/td>\n<td class=\"et3\">Petit plat<\/td>\n<\/tr>\n<tr style=\"height: 16.50pt;\">\n<td class=\"et3\" style=\"height: 16.50pt;\" height=\"33\">Mat\u00e9riau<\/td>\n<td class=\"et3\">Porcelaine<\/td>\n<\/tr>\n<tr style=\"height: 16.50pt;\">\n<td class=\"et5\" style=\"height: 16.50pt;\" height=\"33\">Couleur<\/td>\n<td class=\"et3\">En tant qu'image<\/td>\n<\/tr>\n<tr style=\"height: 16.50pt;\">\n<td class=\"et3\" style=\"height: 16.50pt;\" height=\"33\">Dimension<\/td>\n<td class=\"et6\" style=\"width: 200.15pt;\" width=\"400\">7,8*7,8*2,2cm<\/td>\n<\/tr>\n<tr style=\"height: 16.50pt;\">\n<td class=\"et3\" style=\"height: 16.50pt;\" height=\"33\">MOQ<\/td>\n<td class=\"et3\">500pcs<\/td>\n<\/tr>\n<tr style=\"height: 16.50pt;\">\n<td class=\"et3\" style=\"height: 16.50pt;\" height=\"33\">Sur mesure<\/td>\n<td class=\"et3\">Couleur\/Taille\/Logo\/Emballage<\/td>\n<\/tr>\n<\/tbody>\n<\/table>","protected":false},"featured_media":4847,"comment_status":"closed","ping_status":"closed","template":"","meta":{"_acf_changed":false},"product_brand":[],"product_cat":[62,92],"product_tag":[81],"class_list":{"0":"post-4843","1":"product","2":"type-product","3":"status-publish","4":"has-post-thumbnail","6":"product_cat-ceramic-plates-wholesale","7":"product_cat-small-dishes-wholesale","8":"product_tag-modern-design-dinnerware-set-wholesale","10":"first","11":"instock","12":"shipping-taxable","13":"product-type-simple"},"acf":[],"_links":{"self":[{"href":"https:\/\/www.yongjianceramic.com\/fr\/wp-json\/wp\/v2\/product\/4843","targetHints":{"allow":["GET"]}}],"collection":[{"href":"https:\/\/www.yongjianceramic.com\/fr\/wp-json\/wp\/v2\/product"}],"about":[{"href":"https:\/\/www.yongjianceramic.com\/fr\/wp-json\/wp\/v2\/types\/product"}],"replies":[{"embeddable":true,"href":"https:\/\/www.yongjianceramic.com\/fr\/wp-json\/wp\/v2\/comments?post=4843"}],"wp:featuredmedia":[{"embeddable":true,"href":"https:\/\/www.yongjianceramic.com\/fr\/wp-json\/wp\/v2\/media\/4847"}],"wp:attachment":[{"href":"https:\/\/www.yongjianceramic.com\/fr\/wp-json\/wp\/v2\/media?parent=4843"}],"wp:term":[{"taxonomy":"product_brand","embeddable":true,"href":"https:\/\/www.yongjianceramic.com\/fr\/wp-json\/wp\/v2\/product_brand?post=4843"},{"taxonomy":"product_cat","embeddable":true,"href":"https:\/\/www.yongjianceramic.com\/fr\/wp-json\/wp\/v2\/product_cat?post=4843"},{"taxonomy":"product_tag","embeddable":true,"href":"https:\/\/www.yongjianceramic.com\/fr\/wp-json\/wp\/v2\/product_tag?post=4843"}],"curies":[{"name":"wp","href":"https:\/\/api.w.org\/{rel}","templated":true}]}}