{"id":4870,"date":"2025-06-07T17:44:06","date_gmt":"2025-06-07T09:44:06","guid":{"rendered":"https:\/\/www.yongjianceramic.com\/?post_type=product&#038;p=4870"},"modified":"2025-06-07T17:44:08","modified_gmt":"2025-06-07T09:44:08","slug":"tapas-plates-wholesale","status":"publish","type":"product","link":"https:\/\/www.yongjianceramic.com\/fr\/produit\/tapas-plates-wholesale\/","title":{"rendered":"Vaisselle Assiettes \u00e0 tapas en gros, petites assiettes \u00e0 amuse-gueule en vrac"},"content":{"rendered":"<div class=\"wp-block-columns is-layout-flex wp-container-core-columns-is-layout-9d6595d7 wp-block-columns-is-layout-flex\">\n<div class=\"wp-block-column is-layout-flow wp-block-column-is-layout-flow\">\n<h2 class=\"wp-block-heading\">Assiettes \u00e0 tapas de qualit\u00e9 sup\u00e9rieure Caract\u00e9ristiques de la vente en gros :<\/h2>\n\n\n\n<ul class=\"wp-block-list\">\n<li><strong>Conception int\u00e9gr\u00e9e du plat \u00e0 sauce, pratique et attentionn\u00e9e : <\/strong>Ces assiettes \u00e0 tapas en gros sont dot\u00e9es d'une zone ind\u00e9pendante pour les sauces, qui peut contenir des aliments de base et des assaisonnements en m\u00eame temps, ce qui convient aux boulettes avec du vinaigre, aux frites avec du ketchup, etc.<\/li>\n\n\n\n<li><strong>Design carr\u00e9, moderne et beau : <\/strong>La forme carr\u00e9e de nos assiettes \u00e0 ap\u00e9ritif en vrac est g\u00e9n\u00e9reuse, avec des coins et des lignes soign\u00e9s, convenant aux restaurants modernes et aux tables familiales, am\u00e9liorant le style g\u00e9n\u00e9ral.<\/li>\n\n\n\n<li><strong>C\u00e9ramique haute temp\u00e9rature, s\u00fbre et durable : <\/strong>Nos assiettes \u00e0 tapas en gros sont r\u00e9sistantes \u00e0 la chaleur et aux fissures, et peuvent \u00eatre utilis\u00e9es au four \u00e0 micro-ondes, au four et au lave-vaisselle, r\u00e9pondant ainsi aux besoins d'utilisation fr\u00e9quente de la restauration.<\/li>\n\n\n\n<li><strong>Logo personnalisable, mettant en valeur l'image de marque : <\/strong>Enti\u00e8rement personnalisables, nos assiettes ap\u00e9ritives en vrac conviennent \u00e0 la personnalisation de la vaisselle exclusive des h\u00f4tels et des restaurants, et renforcent la reconnaissance de la marque et le professionnalisme.<\/li>\n<\/ul>\n<\/div>\n\n\n\n<div class=\"wp-block-column is-layout-flow wp-block-column-is-layout-flow\">\n<figure class=\"wp-block-image size-full\"><img fetchpriority=\"high\" decoding=\"async\" width=\"800\" height=\"800\" src=\"https:\/\/www.yongjianceramic.com\/wp-content\/uploads\/2025\/06\/restaurant-supply-dinnerwarebulk-crockerycustom-ceramic-plate-3.webp\" alt=\"Vaisselle Assiettes \u00e0 tapas Wholesale, Petites assiettes \u00e0 amuse-gueule Bulk-1\" class=\"wp-image-4873\" srcset=\"https:\/\/www.yongjianceramic.com\/wp-content\/uploads\/2025\/06\/restaurant-supply-dinnerwarebulk-crockerycustom-ceramic-plate-3.webp 800w, https:\/\/www.yongjianceramic.com\/wp-content\/uploads\/2025\/06\/restaurant-supply-dinnerwarebulk-crockerycustom-ceramic-plate-3-300x300.webp 300w, https:\/\/www.yongjianceramic.com\/wp-content\/uploads\/2025\/06\/restaurant-supply-dinnerwarebulk-crockerycustom-ceramic-plate-3-150x150.webp 150w, https:\/\/www.yongjianceramic.com\/wp-content\/uploads\/2025\/06\/restaurant-supply-dinnerwarebulk-crockerycustom-ceramic-plate-3-768x768.webp 768w, https:\/\/www.yongjianceramic.com\/wp-content\/uploads\/2025\/06\/restaurant-supply-dinnerwarebulk-crockerycustom-ceramic-plate-3-12x12.webp 12w, https:\/\/www.yongjianceramic.com\/wp-content\/uploads\/2025\/06\/restaurant-supply-dinnerwarebulk-crockerycustom-ceramic-plate-3-285x285.webp 285w, https:\/\/www.yongjianceramic.com\/wp-content\/uploads\/2025\/06\/restaurant-supply-dinnerwarebulk-crockerycustom-ceramic-plate-3-270x270.webp 270w, https:\/\/www.yongjianceramic.com\/wp-content\/uploads\/2025\/06\/restaurant-supply-dinnerwarebulk-crockerycustom-ceramic-plate-3-540x540.webp 540w, https:\/\/www.yongjianceramic.com\/wp-content\/uploads\/2025\/06\/restaurant-supply-dinnerwarebulk-crockerycustom-ceramic-plate-3-660x660.webp 660w\" sizes=\"(max-width: 800px) 100vw, 800px\" \/><\/figure>\n<\/div>\n<\/div>","protected":false},"excerpt":{"rendered":"<div class=\"lRu31\" dir=\"ltr\">Nous vous invitons \u00e0 acheter des assiettes \u00e0 ap\u00e9ritif en vrac. Nos assiettes \u00e0 tapas carr\u00e9es en c\u00e9ramique sont parfaites pour servir des boulettes au vinaigre, des frites en sauce, etc. Elles sont fabriqu\u00e9es en c\u00e9ramique haute temp\u00e9rature, durables et faciles \u00e0 nettoyer, et peuvent \u00eatre personnalis\u00e9es avec des logos, ce qui est une excellente option pour les restaurants et les h\u00f4tels.<\/p>\n<div id=\"ow12\">\n<table style=\"border-collapse: collapse; width: 327.02pt;\" border=\"0\" width=\"654\" cellspacing=\"0\" cellpadding=\"0\">\n<tbody>\n<tr style=\"height: 16.50pt;\">\n<td class=\"et3\" style=\"height: 16.50pt; width: 127.20pt;\" width=\"254\" height=\"33\">Fabricant<\/td>\n<td class=\"et3\" style=\"width: 200.15pt;\" width=\"400\">Yongjian<\/td>\n<\/tr>\n<tr style=\"height: 16.50pt;\">\n<td class=\"et3\" style=\"height: 16.50pt;\" height=\"33\">Num\u00e9ro de mod\u00e8le<\/td>\n<td class=\"et4\" style=\"width: 200.15pt;\" width=\"400\">YJ-140<\/td>\n<\/tr>\n<tr style=\"height: 16.50pt;\">\n<td class=\"et3\" style=\"height: 16.50pt;\" height=\"33\">Type de produit<\/td>\n<td class=\"et3\">Plat de service<\/td>\n<\/tr>\n<tr style=\"height: 16.50pt;\">\n<td class=\"et3\" style=\"height: 16.50pt;\" height=\"33\">Mat\u00e9riau<\/td>\n<td class=\"et3\">Porcelaine<\/td>\n<\/tr>\n<tr style=\"height: 16.50pt;\">\n<td class=\"et5\" style=\"height: 16.50pt;\" height=\"33\">Couleur<\/td>\n<td class=\"et3\">En tant qu'image<\/td>\n<\/tr>\n<tr style=\"height: 16.50pt;\">\n<td class=\"et3\" style=\"height: 16.50pt;\" height=\"33\">Dimension<\/td>\n<td class=\"et6\" style=\"width: 200.15pt;\" width=\"400\">18.8*17.5*4cm<\/td>\n<\/tr>\n<tr style=\"height: 16.50pt;\">\n<td class=\"et3\" style=\"height: 16.50pt;\" height=\"33\">MOQ<\/td>\n<td class=\"et3\">500pcs<\/td>\n<\/tr>\n<tr style=\"height: 16.50pt;\">\n<td class=\"et3\" style=\"height: 16.50pt;\" height=\"33\">Sur mesure<\/td>\n<td class=\"et3\">Couleur\/Taille\/Logo\/Emballage<\/td>\n<\/tr>\n<\/tbody>\n<\/table>\n<\/div>\n<\/div>\n<div class=\"UdTY9 WdefRb\" aria-hidden=\"true\" data-location=\"2\">\u00a0<\/div>","protected":false},"featured_media":4871,"comment_status":"closed","ping_status":"closed","template":"","meta":{"_acf_changed":false},"product_brand":[],"product_cat":[62,76,92],"product_tag":[88],"class_list":{"0":"post-4870","1":"product","2":"type-product","3":"status-publish","4":"has-post-thumbnail","6":"product_cat-ceramic-plates-wholesale","7":"product_cat-wholesale-serving-platters","8":"product_cat-small-dishes-wholesale","9":"product_tag-japanese-style-dinnerware-set-wholesale","11":"first","12":"instock","13":"shipping-taxable","14":"product-type-simple"},"acf":[],"_links":{"self":[{"href":"https:\/\/www.yongjianceramic.com\/fr\/wp-json\/wp\/v2\/product\/4870","targetHints":{"allow":["GET"]}}],"collection":[{"href":"https:\/\/www.yongjianceramic.com\/fr\/wp-json\/wp\/v2\/product"}],"about":[{"href":"https:\/\/www.yongjianceramic.com\/fr\/wp-json\/wp\/v2\/types\/product"}],"replies":[{"embeddable":true,"href":"https:\/\/www.yongjianceramic.com\/fr\/wp-json\/wp\/v2\/comments?post=4870"}],"wp:featuredmedia":[{"embeddable":true,"href":"https:\/\/www.yongjianceramic.com\/fr\/wp-json\/wp\/v2\/media\/4871"}],"wp:attachment":[{"href":"https:\/\/www.yongjianceramic.com\/fr\/wp-json\/wp\/v2\/media?parent=4870"}],"wp:term":[{"taxonomy":"product_brand","embeddable":true,"href":"https:\/\/www.yongjianceramic.com\/fr\/wp-json\/wp\/v2\/product_brand?post=4870"},{"taxonomy":"product_cat","embeddable":true,"href":"https:\/\/www.yongjianceramic.com\/fr\/wp-json\/wp\/v2\/product_cat?post=4870"},{"taxonomy":"product_tag","embeddable":true,"href":"https:\/\/www.yongjianceramic.com\/fr\/wp-json\/wp\/v2\/product_tag?post=4870"}],"curies":[{"name":"wp","href":"https:\/\/api.w.org\/{rel}","templated":true}]}}