{"id":4881,"date":"2025-06-07T17:27:47","date_gmt":"2025-06-07T09:27:47","guid":{"rendered":"https:\/\/www.yongjianceramic.com\/?post_type=product&#038;p=4881"},"modified":"2025-06-07T17:27:51","modified_gmt":"2025-06-07T09:27:51","slug":"tapas-serving-dishes-wholesale","status":"publish","type":"product","link":"https:\/\/www.yongjianceramic.com\/fr\/produit\/tapas-serving-dishes-wholesale\/","title":{"rendered":"Assiettes \u00e0 tapas en c\u00e9ramique Wholesale, Assiettes \u00e0 hu\u00eetres Bulk"},"content":{"rendered":"<div class=\"wp-block-columns is-layout-flex wp-container-core-columns-is-layout-9d6595d7 wp-block-columns-is-layout-flex\">\n<div class=\"wp-block-column is-layout-flow wp-block-column-is-layout-flow\">\n<h2 class=\"wp-block-heading\">Plats de service \u00e0 tapas de premi\u00e8re qualit\u00e9 Caract\u00e9ristiques de gros :<\/h2>\n\n\n\n<ul class=\"wp-block-list\">\n<li><strong>Conception sp\u00e9ciale en forme de volcan : <\/strong>Ces plats de service \u00e0 tapas en gros sont fa\u00e7onn\u00e9s conform\u00e9ment \u00e0 la forme volcanique naturelle, avec des couches tridimensionnelles denses et un fort impact visuel, ce qui rend la table plus artistique.<\/li>\n\n\n\n<li><strong>Artisanat de la gla\u00e7ure par changement de four, couleurs vives :<\/strong> Nos assiettes en c\u00e9ramique en vrac sont br\u00fbl\u00e9es \u00e0 haute temp\u00e9rature, avec une couleur de gla\u00e7ure unique et fluide, une gradation naturelle des couleurs et une grande texture.<\/li>\n\n\n\n<li><strong>Con\u00e7u pour les snacks et les hu\u00eetres : <\/strong>Les bords de ces plats \u00e0 tapas en gros sont rainur\u00e9s, ce qui est parfait pour placer des tapas, des hu\u00eetres, des mollusques, etc.<\/li>\n\n\n\n<li><strong>Porcelaine haute temp\u00e9rature, s\u00fbre et durable : <\/strong>Nos assiettes en c\u00e9ramique en vrac sont fabriqu\u00e9es \u00e0 partir de c\u00e9ramiques de haute qualit\u00e9, qui sont r\u00e9sistantes \u00e0 la chaleur et durables, compatibles avec le four \u00e0 micro-ondes et le lave-vaisselle, et pratiques pour un usage quotidien.<\/li>\n<\/ul>\n<\/div>\n\n\n\n<div class=\"wp-block-column is-layout-flow wp-block-column-is-layout-flow\">\n<figure class=\"wp-block-image size-full\"><img fetchpriority=\"high\" decoding=\"async\" width=\"800\" height=\"800\" src=\"https:\/\/www.yongjianceramic.com\/wp-content\/uploads\/2025\/06\/chinese-porcelain-dinnerware\uff0cbulk-ceramic-dinner-plates-for-wedding\uff0ctableware-set-factory-6.webp\" alt=\"Assiettes \u00e0 tapas en c\u00e9ramique, Grossiste, Assiettes \u00e0 hu\u00eetres en vrac-1\" class=\"wp-image-4887\" srcset=\"https:\/\/www.yongjianceramic.com\/wp-content\/uploads\/2025\/06\/chinese-porcelain-dinnerware\uff0cbulk-ceramic-dinner-plates-for-wedding\uff0ctableware-set-factory-6.webp 800w, https:\/\/www.yongjianceramic.com\/wp-content\/uploads\/2025\/06\/chinese-porcelain-dinnerware\uff0cbulk-ceramic-dinner-plates-for-wedding\uff0ctableware-set-factory-6-300x300.webp 300w, https:\/\/www.yongjianceramic.com\/wp-content\/uploads\/2025\/06\/chinese-porcelain-dinnerware\uff0cbulk-ceramic-dinner-plates-for-wedding\uff0ctableware-set-factory-6-150x150.webp 150w, https:\/\/www.yongjianceramic.com\/wp-content\/uploads\/2025\/06\/chinese-porcelain-dinnerware\uff0cbulk-ceramic-dinner-plates-for-wedding\uff0ctableware-set-factory-6-768x768.webp 768w, https:\/\/www.yongjianceramic.com\/wp-content\/uploads\/2025\/06\/chinese-porcelain-dinnerware\uff0cbulk-ceramic-dinner-plates-for-wedding\uff0ctableware-set-factory-6-12x12.webp 12w, https:\/\/www.yongjianceramic.com\/wp-content\/uploads\/2025\/06\/chinese-porcelain-dinnerware\uff0cbulk-ceramic-dinner-plates-for-wedding\uff0ctableware-set-factory-6-285x285.webp 285w, https:\/\/www.yongjianceramic.com\/wp-content\/uploads\/2025\/06\/chinese-porcelain-dinnerware\uff0cbulk-ceramic-dinner-plates-for-wedding\uff0ctableware-set-factory-6-270x270.webp 270w, https:\/\/www.yongjianceramic.com\/wp-content\/uploads\/2025\/06\/chinese-porcelain-dinnerware\uff0cbulk-ceramic-dinner-plates-for-wedding\uff0ctableware-set-factory-6-540x540.webp 540w, https:\/\/www.yongjianceramic.com\/wp-content\/uploads\/2025\/06\/chinese-porcelain-dinnerware\uff0cbulk-ceramic-dinner-plates-for-wedding\uff0ctableware-set-factory-6-660x660.webp 660w\" sizes=\"(max-width: 800px) 100vw, 800px\" \/><\/figure>\n<\/div>\n<\/div>","protected":false},"excerpt":{"rendered":"<p>Nous vous invitons \u00e0 acheter des assiettes en c\u00e9ramique en gros. Cette assiette \u00e0 tapas en forme de volcan combine l'inspiration naturelle avec l'art du changement de four, avec des couleurs riches et fluides et une texture extraordinaire. Il est con\u00e7u sp\u00e9cialement pour la pr\u00e9sentation exquise de tapas et d'hu\u00eetres et constitue le meilleur choix pour les restaurants et les banquets haut de gamme.<\/p>\n<table style=\"border-collapse: collapse; width: 327.02pt;\" border=\"0\" width=\"654\" cellspacing=\"0\" cellpadding=\"0\">\n<tbody>\n<tr style=\"height: 16.50pt;\">\n<td class=\"et3\" style=\"height: 16.50pt; width: 127.20pt;\" width=\"254\" height=\"33\">Fabricant<\/td>\n<td class=\"et3\" style=\"width: 200.15pt;\" width=\"400\">Yongjian<\/td>\n<\/tr>\n<tr style=\"height: 16.50pt;\">\n<td class=\"et3\" style=\"height: 16.50pt;\" height=\"33\">Num\u00e9ro de mod\u00e8le<\/td>\n<td class=\"et4\" style=\"width: 200.15pt;\" width=\"400\">YJ-141<\/td>\n<\/tr>\n<tr style=\"height: 16.50pt;\">\n<td class=\"et3\" style=\"height: 16.50pt;\" height=\"33\">Type de produit<\/td>\n<td class=\"et3\">Plat de service<\/td>\n<\/tr>\n<tr style=\"height: 16.50pt;\">\n<td class=\"et3\" style=\"height: 16.50pt;\" height=\"33\">Mat\u00e9riau<\/td>\n<td class=\"et3\">Porcelaine<\/td>\n<\/tr>\n<tr style=\"height: 16.50pt;\">\n<td class=\"et5\" style=\"height: 16.50pt;\" height=\"33\">Couleur<\/td>\n<td class=\"et3\">En tant qu'image<\/td>\n<\/tr>\n<tr style=\"height: 16.50pt;\">\n<td class=\"et3\" style=\"height: 16.50pt;\" height=\"33\">Dimension<\/td>\n<td class=\"et6\" style=\"width: 200.15pt;\" width=\"400\">25.5*25.5*4cm<\/td>\n<\/tr>\n<tr style=\"height: 16.50pt;\">\n<td class=\"et3\" style=\"height: 16.50pt;\" height=\"33\">MOQ<\/td>\n<td class=\"et3\">500pcs<\/td>\n<\/tr>\n<tr style=\"height: 16.50pt;\">\n<td class=\"et3\" style=\"height: 16.50pt;\" height=\"33\">Sur mesure<\/td>\n<td class=\"et3\">Couleur\/Taille\/Logo\/Emballage<\/td>\n<\/tr>\n<\/tbody>\n<\/table>","protected":false},"featured_media":4883,"comment_status":"closed","ping_status":"closed","template":"","meta":{"_acf_changed":false},"product_brand":[],"product_cat":[62,76],"product_tag":[88,81],"class_list":{"0":"post-4881","1":"product","2":"type-product","3":"status-publish","4":"has-post-thumbnail","6":"product_cat-ceramic-plates-wholesale","7":"product_cat-wholesale-serving-platters","8":"product_tag-japanese-style-dinnerware-set-wholesale","9":"product_tag-modern-design-dinnerware-set-wholesale","11":"first","12":"instock","13":"shipping-taxable","14":"product-type-simple"},"acf":[],"_links":{"self":[{"href":"https:\/\/www.yongjianceramic.com\/fr\/wp-json\/wp\/v2\/product\/4881","targetHints":{"allow":["GET"]}}],"collection":[{"href":"https:\/\/www.yongjianceramic.com\/fr\/wp-json\/wp\/v2\/product"}],"about":[{"href":"https:\/\/www.yongjianceramic.com\/fr\/wp-json\/wp\/v2\/types\/product"}],"replies":[{"embeddable":true,"href":"https:\/\/www.yongjianceramic.com\/fr\/wp-json\/wp\/v2\/comments?post=4881"}],"wp:featuredmedia":[{"embeddable":true,"href":"https:\/\/www.yongjianceramic.com\/fr\/wp-json\/wp\/v2\/media\/4883"}],"wp:attachment":[{"href":"https:\/\/www.yongjianceramic.com\/fr\/wp-json\/wp\/v2\/media?parent=4881"}],"wp:term":[{"taxonomy":"product_brand","embeddable":true,"href":"https:\/\/www.yongjianceramic.com\/fr\/wp-json\/wp\/v2\/product_brand?post=4881"},{"taxonomy":"product_cat","embeddable":true,"href":"https:\/\/www.yongjianceramic.com\/fr\/wp-json\/wp\/v2\/product_cat?post=4881"},{"taxonomy":"product_tag","embeddable":true,"href":"https:\/\/www.yongjianceramic.com\/fr\/wp-json\/wp\/v2\/product_tag?post=4881"}],"curies":[{"name":"wp","href":"https:\/\/api.w.org\/{rel}","templated":true}]}}