{"id":4891,"date":"2025-06-07T17:13:34","date_gmt":"2025-06-07T09:13:34","guid":{"rendered":"https:\/\/www.yongjianceramic.com\/?post_type=product&#038;p=4891"},"modified":"2025-06-07T17:13:36","modified_gmt":"2025-06-07T09:13:36","slug":"ceramic-bowl-wholesale","status":"publish","type":"product","link":"https:\/\/www.yongjianceramic.com\/fr\/produit\/ceramic-bowl-wholesale\/","title":{"rendered":"Bol en c\u00e9ramique pour soupe Ramen en gros pour Izakaya Japonais"},"content":{"rendered":"<div class=\"wp-block-columns is-layout-flex wp-container-core-columns-is-layout-9d6595d7 wp-block-columns-is-layout-flex\">\n<div class=\"wp-block-column is-layout-flow wp-block-column-is-layout-flow\">\n<h2 class=\"wp-block-heading\">Bol en c\u00e9ramique de premi\u00e8re qualit\u00e9 Caract\u00e9ristiques en gros :<\/h2>\n\n\n\n<ul class=\"wp-block-list\">\n<li><strong>Design japonais, esth\u00e9tique et fonctionnalit\u00e9 : <\/strong>Ce bol en c\u00e9ramique de gros a un design japonais minimaliste, avec une insistance sur les lignes et la texture de la gla\u00e7ure, pr\u00e9sentant une beaut\u00e9 orientale. Il est utilis\u00e9 de pr\u00e9f\u00e9rence dans les restaurants haut de gamme et les meubles de banquet d'h\u00f4tel.<\/li>\n\n\n\n<li><strong>Trous pour baguettes sur le bord du bol, conception pratique et r\u00e9fl\u00e9chie : <\/strong>Deux trous sont r\u00e9serv\u00e9s sur le bord de ces bols de restauration en vrac, o\u00f9 les baguettes peuvent \u00eatre plac\u00e9es en toute s\u00e9curit\u00e9, ce qui est pratique et beau, adapt\u00e9 aux nouilles et aux soupes, et am\u00e9liore la commodit\u00e9 des repas.<\/li>\n\n\n\n<li><strong>Structure conique, grande capacit\u00e9 :<\/strong> Le design conique de ce bol en c\u00e9ramique de gros peut contenir suffisamment de nouilles de soupe, de ramen, de nouilles et d'autres aliments de base. Il est \u00e0 l'\u00e9preuve des \u00e9claboussures et a une structure stable, convenant \u00e0 une utilisation quotidienne ou commerciale \u00e0 haute fr\u00e9quence.<\/li>\n\n\n\n<li><strong>Technologie c\u00e9ramique haute temp\u00e9rature, durable et facile \u00e0 nettoyer : <\/strong>Nos bols de restauration en vrac sont r\u00e9sistants \u00e0 la chaleur et aux rayures, leur surface est lisse et n'absorbe pas facilement les taches d'huile. Ils conviennent pour les lieux de haute qualit\u00e9 tels que les h\u00f4tels et les restaurants.<\/li>\n<\/ul>\n<\/div>\n\n\n\n<div class=\"wp-block-column is-layout-flow wp-block-column-is-layout-flow\">\n<figure class=\"wp-block-image size-full\"><img fetchpriority=\"high\" decoding=\"async\" width=\"800\" height=\"800\" src=\"https:\/\/www.yongjianceramic.com\/wp-content\/uploads\/2025\/06\/dinnerware-sets-manufacturers\uff0ccustom-noodle-bowl\uff0cceramic-chinese-bowls-1.webp\" alt=\"Bol en c\u00e9ramique pour soupe Ramen en gros pour Izakaya japonais-1\" class=\"wp-image-4892\" srcset=\"https:\/\/www.yongjianceramic.com\/wp-content\/uploads\/2025\/06\/dinnerware-sets-manufacturers\uff0ccustom-noodle-bowl\uff0cceramic-chinese-bowls-1.webp 800w, https:\/\/www.yongjianceramic.com\/wp-content\/uploads\/2025\/06\/dinnerware-sets-manufacturers\uff0ccustom-noodle-bowl\uff0cceramic-chinese-bowls-1-300x300.webp 300w, https:\/\/www.yongjianceramic.com\/wp-content\/uploads\/2025\/06\/dinnerware-sets-manufacturers\uff0ccustom-noodle-bowl\uff0cceramic-chinese-bowls-1-150x150.webp 150w, https:\/\/www.yongjianceramic.com\/wp-content\/uploads\/2025\/06\/dinnerware-sets-manufacturers\uff0ccustom-noodle-bowl\uff0cceramic-chinese-bowls-1-768x768.webp 768w, https:\/\/www.yongjianceramic.com\/wp-content\/uploads\/2025\/06\/dinnerware-sets-manufacturers\uff0ccustom-noodle-bowl\uff0cceramic-chinese-bowls-1-12x12.webp 12w, https:\/\/www.yongjianceramic.com\/wp-content\/uploads\/2025\/06\/dinnerware-sets-manufacturers\uff0ccustom-noodle-bowl\uff0cceramic-chinese-bowls-1-285x285.webp 285w, https:\/\/www.yongjianceramic.com\/wp-content\/uploads\/2025\/06\/dinnerware-sets-manufacturers\uff0ccustom-noodle-bowl\uff0cceramic-chinese-bowls-1-270x270.webp 270w, https:\/\/www.yongjianceramic.com\/wp-content\/uploads\/2025\/06\/dinnerware-sets-manufacturers\uff0ccustom-noodle-bowl\uff0cceramic-chinese-bowls-1-540x540.webp 540w, https:\/\/www.yongjianceramic.com\/wp-content\/uploads\/2025\/06\/dinnerware-sets-manufacturers\uff0ccustom-noodle-bowl\uff0cceramic-chinese-bowls-1-660x660.webp 660w\" sizes=\"(max-width: 800px) 100vw, 800px\" \/><\/figure>\n<\/div>\n<\/div>","protected":false},"excerpt":{"rendered":"<div class=\"lRu31\" dir=\"ltr\">Nous vous invitons \u00e0 acheter des bols de restauration en vrac. Ce bol conique en c\u00e9ramique de style japonais a un design unique et des trous pour baguettes sur le bord du bol, ce qui est pratique. Sa grande capacit\u00e9 et sa technologie c\u00e9ramique haute temp\u00e9rature conviennent \u00e0 toutes sortes de soupes de nouilles. Il s'agit d'un choix id\u00e9al de vaisselle haut de gamme pour les h\u00f4tels et les restaurants.<\/p>\n<div id=\"ow15\">\n<table style=\"border-collapse: collapse; width: 327.02pt;\" border=\"0\" width=\"654\" cellspacing=\"0\" cellpadding=\"0\">\n<tbody>\n<tr style=\"height: 16.50pt;\">\n<td class=\"et3\" style=\"height: 16.50pt; width: 127.20pt;\" width=\"254\" height=\"33\">Fabricant<\/td>\n<td class=\"et3\" style=\"width: 200.15pt;\" width=\"400\">Yongjian<\/td>\n<\/tr>\n<tr style=\"height: 16.50pt;\">\n<td class=\"et3\" style=\"height: 16.50pt;\" height=\"33\">Num\u00e9ro de mod\u00e8le<\/td>\n<td class=\"et4\" style=\"width: 200.15pt;\" width=\"400\">YJ-142<\/td>\n<\/tr>\n<tr style=\"height: 16.50pt;\">\n<td class=\"et3\" style=\"height: 16.50pt;\" height=\"33\">Type de produit<\/td>\n<td class=\"et3\">Bols de soupe et de ramen<\/td>\n<\/tr>\n<tr style=\"height: 16.50pt;\">\n<td class=\"et3\" style=\"height: 16.50pt;\" height=\"33\">Mat\u00e9riau<\/td>\n<td class=\"et3\">Porcelaine<\/td>\n<\/tr>\n<tr style=\"height: 16.50pt;\">\n<td class=\"et5\" style=\"height: 16.50pt;\" height=\"33\">Couleur<\/td>\n<td class=\"et3\">En tant qu'image<\/td>\n<\/tr>\n<tr style=\"height: 16.50pt;\">\n<td class=\"et3\" style=\"height: 16.50pt;\" height=\"33\">Dimension<\/td>\n<td class=\"et6\" style=\"width: 200.15pt;\" width=\"400\">20*20*11cm<\/td>\n<\/tr>\n<tr style=\"height: 16.50pt;\">\n<td class=\"et3\" style=\"height: 16.50pt;\" height=\"33\">MOQ<\/td>\n<td class=\"et3\">500pcs<\/td>\n<\/tr>\n<tr style=\"height: 16.50pt;\">\n<td class=\"et3\" style=\"height: 16.50pt;\" height=\"33\">Sur mesure<\/td>\n<td class=\"et3\">Couleur\/Taille\/Logo\/Emballage<\/td>\n<\/tr>\n<\/tbody>\n<\/table>\n<\/div>\n<\/div>","protected":false},"featured_media":4893,"comment_status":"closed","ping_status":"closed","template":"","meta":{"_acf_changed":false},"product_brand":[],"product_cat":[73,63],"product_tag":[88],"class_list":{"0":"post-4891","1":"product","2":"type-product","3":"status-publish","4":"has-post-thumbnail","6":"product_cat-bulk-soup-bowls","7":"product_cat-wholesale-bowls","8":"product_tag-japanese-style-dinnerware-set-wholesale","10":"first","11":"instock","12":"shipping-taxable","13":"product-type-simple"},"acf":[],"_links":{"self":[{"href":"https:\/\/www.yongjianceramic.com\/fr\/wp-json\/wp\/v2\/product\/4891","targetHints":{"allow":["GET"]}}],"collection":[{"href":"https:\/\/www.yongjianceramic.com\/fr\/wp-json\/wp\/v2\/product"}],"about":[{"href":"https:\/\/www.yongjianceramic.com\/fr\/wp-json\/wp\/v2\/types\/product"}],"replies":[{"embeddable":true,"href":"https:\/\/www.yongjianceramic.com\/fr\/wp-json\/wp\/v2\/comments?post=4891"}],"wp:featuredmedia":[{"embeddable":true,"href":"https:\/\/www.yongjianceramic.com\/fr\/wp-json\/wp\/v2\/media\/4893"}],"wp:attachment":[{"href":"https:\/\/www.yongjianceramic.com\/fr\/wp-json\/wp\/v2\/media?parent=4891"}],"wp:term":[{"taxonomy":"product_brand","embeddable":true,"href":"https:\/\/www.yongjianceramic.com\/fr\/wp-json\/wp\/v2\/product_brand?post=4891"},{"taxonomy":"product_cat","embeddable":true,"href":"https:\/\/www.yongjianceramic.com\/fr\/wp-json\/wp\/v2\/product_cat?post=4891"},{"taxonomy":"product_tag","embeddable":true,"href":"https:\/\/www.yongjianceramic.com\/fr\/wp-json\/wp\/v2\/product_tag?post=4891"}],"curies":[{"name":"wp","href":"https:\/\/api.w.org\/{rel}","templated":true}]}}