{"id":4902,"date":"2025-06-07T16:33:06","date_gmt":"2025-06-07T08:33:06","guid":{"rendered":"https:\/\/www.yongjianceramic.com\/?post_type=product&#038;p=4902"},"modified":"2025-06-07T16:33:08","modified_gmt":"2025-06-07T08:33:08","slug":"bulk-restaurant-dinner-plates","status":"publish","type":"product","link":"https:\/\/www.yongjianceramic.com\/fr\/produit\/bulk-restaurant-dinner-plates\/","title":{"rendered":"Assiettes \u00e0 d\u00eener de restaurant \u00e0 gla\u00e7age r\u00e9actif en vrac Wholesale"},"content":{"rendered":"<div class=\"wp-block-columns is-layout-flex wp-container-core-columns-is-layout-9d6595d7 wp-block-columns-is-layout-flex\">\n<div class=\"wp-block-column is-layout-flow wp-block-column-is-layout-flow\">\n<h2 class=\"wp-block-heading\">Premium Bulk Restaurant Dinner Plates Features :<\/h2>\n\n\n\n<ul class=\"wp-block-list\">\n<li><strong>Processus d'\u00e9maillage r\u00e9actif, couleur d'\u00e9mail naturelle et unique : <\/strong>Ces assiettes de restaurant en vrac utilisent un processus de gla\u00e7age par r\u00e9action \u00e0 haute temp\u00e9rature, permettant \u00e0 la couleur du gla\u00e7age de s'\u00e9couler naturellement et de pr\u00e9senter une texture unique, mettant en valeur la beaut\u00e9 artistique.<\/li>\n\n\n\n<li><strong>Plaque peu profonde \u00e0 bord \u00e9pais, pratique et anti-d\u00e9bordement : <\/strong>Ces plats en c\u00e9ramique de gros avec une structure \u00e0 bords \u00e9pais am\u00e9liorent non seulement la stabilit\u00e9 g\u00e9n\u00e9rale, mais emp\u00eachent aussi efficacement la soupe de d\u00e9border, ce qui est tr\u00e8s pratique.<\/li>\n\n\n\n<li><strong>Trois couleurs sont disponibles pour des sc\u00e8nes vari\u00e9es : <\/strong>Nos assiettes de restaurant en vrac pr\u00e9sentent trois tons classiques qui conviennent \u00e0 diff\u00e9rents styles de table et de plats, r\u00e9pondant ainsi \u00e0 divers besoins d'assortiment.<\/li>\n\n\n\n<li><strong>Convient aux achats \u00e0 grande \u00e9chelle des restaurants et des h\u00f4tels :<\/strong> R\u00e9sistants \u00e0 la chaleur et \u00e0 l'usure, nos plats en c\u00e9ramique en gros conviennent \u00e0 une utilisation quotidienne et fr\u00e9quente. Ils sont parfaits pour les achats en gros dans les lieux de restauration commerciale tels que les restaurants et les h\u00f4tels.<\/li>\n<\/ul>\n<\/div>\n\n\n\n<div class=\"wp-block-column is-layout-flow wp-block-column-is-layout-flow\">\n<figure class=\"wp-block-image size-full\"><img fetchpriority=\"high\" decoding=\"async\" width=\"800\" height=\"800\" src=\"https:\/\/www.yongjianceramic.com\/wp-content\/uploads\/2025\/06\/dinner-plates-wholesale\uff0ccrockery-manufacturers-\uff0cceramic-plates-in-bulk\uff0c-7.webp\" alt=\"Assiettes \u00e0 d\u00eener de restaurant \u00e0 gla\u00e7age r\u00e9actif en vrac Wholesale-7\" class=\"wp-image-4909\" srcset=\"https:\/\/www.yongjianceramic.com\/wp-content\/uploads\/2025\/06\/dinner-plates-wholesale\uff0ccrockery-manufacturers-\uff0cceramic-plates-in-bulk\uff0c-7.webp 800w, https:\/\/www.yongjianceramic.com\/wp-content\/uploads\/2025\/06\/dinner-plates-wholesale\uff0ccrockery-manufacturers-\uff0cceramic-plates-in-bulk\uff0c-7-300x300.webp 300w, https:\/\/www.yongjianceramic.com\/wp-content\/uploads\/2025\/06\/dinner-plates-wholesale\uff0ccrockery-manufacturers-\uff0cceramic-plates-in-bulk\uff0c-7-150x150.webp 150w, https:\/\/www.yongjianceramic.com\/wp-content\/uploads\/2025\/06\/dinner-plates-wholesale\uff0ccrockery-manufacturers-\uff0cceramic-plates-in-bulk\uff0c-7-768x768.webp 768w, https:\/\/www.yongjianceramic.com\/wp-content\/uploads\/2025\/06\/dinner-plates-wholesale\uff0ccrockery-manufacturers-\uff0cceramic-plates-in-bulk\uff0c-7-12x12.webp 12w, https:\/\/www.yongjianceramic.com\/wp-content\/uploads\/2025\/06\/dinner-plates-wholesale\uff0ccrockery-manufacturers-\uff0cceramic-plates-in-bulk\uff0c-7-285x285.webp 285w, https:\/\/www.yongjianceramic.com\/wp-content\/uploads\/2025\/06\/dinner-plates-wholesale\uff0ccrockery-manufacturers-\uff0cceramic-plates-in-bulk\uff0c-7-270x270.webp 270w, https:\/\/www.yongjianceramic.com\/wp-content\/uploads\/2025\/06\/dinner-plates-wholesale\uff0ccrockery-manufacturers-\uff0cceramic-plates-in-bulk\uff0c-7-540x540.webp 540w, https:\/\/www.yongjianceramic.com\/wp-content\/uploads\/2025\/06\/dinner-plates-wholesale\uff0ccrockery-manufacturers-\uff0cceramic-plates-in-bulk\uff0c-7-660x660.webp 660w\" sizes=\"(max-width: 800px) 100vw, 800px\" \/><\/figure>\n<\/div>\n<\/div>","protected":false},"excerpt":{"rendered":"<p>Nous vous invitons \u00e0 acheter des assiettes en c\u00e9ramique en gros. Nos assiettes \u00e0 d\u00eener de restaurant en vrac de 7,5 pouces utilisent une technologie de gla\u00e7age r\u00e9actif et sont disponibles en trois couleurs. Elles sont belles et pratiques, avec un bord \u00e9pais. Elle convient \u00e0 une vari\u00e9t\u00e9 de repas, tels que les salades et les desserts. C'est un choix id\u00e9al pour la restauration commerciale et l'usage domestique.<\/p>\n<table style=\"border-collapse: collapse; width: 327.02pt;\" border=\"0\" width=\"654\" cellspacing=\"0\" cellpadding=\"0\">\n<tbody>\n<tr style=\"height: 16.50pt;\">\n<td class=\"et3\" style=\"height: 16.50pt; width: 127.20pt;\" width=\"254\" height=\"33\">Fabricant<\/td>\n<td class=\"et3\" style=\"width: 200.15pt;\" width=\"400\">Yongjian<\/td>\n<\/tr>\n<tr style=\"height: 16.50pt;\">\n<td class=\"et3\" style=\"height: 16.50pt;\" height=\"33\">Num\u00e9ro de mod\u00e8le<\/td>\n<td class=\"et4\" style=\"width: 200.15pt;\" width=\"400\">YJ-143<\/td>\n<\/tr>\n<tr style=\"height: 16.50pt;\">\n<td class=\"et3\" style=\"height: 16.50pt;\" height=\"33\">Type de produit<\/td>\n<td class=\"et3\">Assiette plate<\/td>\n<\/tr>\n<tr style=\"height: 16.50pt;\">\n<td class=\"et3\" style=\"height: 16.50pt;\" height=\"33\">Mat\u00e9riau<\/td>\n<td class=\"et3\">Porcelaine<\/td>\n<\/tr>\n<tr style=\"height: 16.50pt;\">\n<td class=\"et5\" style=\"height: 16.50pt;\" height=\"33\">Couleur<\/td>\n<td class=\"et3\">En tant qu'image<\/td>\n<\/tr>\n<tr style=\"height: 16.50pt;\">\n<td class=\"et3\" style=\"height: 16.50pt;\" height=\"33\">Dimension<\/td>\n<td class=\"et6\" style=\"width: 200.15pt;\" width=\"400\">19*19*2.5cm<\/td>\n<\/tr>\n<tr style=\"height: 16.50pt;\">\n<td class=\"et3\" style=\"height: 16.50pt;\" height=\"33\">MOQ<\/td>\n<td class=\"et3\">500pcs<\/td>\n<\/tr>\n<tr style=\"height: 16.50pt;\">\n<td class=\"et3\" style=\"height: 16.50pt;\" height=\"33\">Sur mesure<\/td>\n<td class=\"et3\">Couleur\/Taille\/Logo\/Emballage<\/td>\n<\/tr>\n<\/tbody>\n<\/table>","protected":false},"featured_media":4903,"comment_status":"closed","ping_status":"closed","template":"","meta":{"_acf_changed":false},"product_brand":[],"product_cat":[93,62],"product_tag":[88],"class_list":{"0":"post-4902","1":"product","2":"type-product","3":"status-publish","4":"has-post-thumbnail","6":"product_cat-bulk-dinner-plates","7":"product_cat-ceramic-plates-wholesale","8":"product_tag-japanese-style-dinnerware-set-wholesale","10":"first","11":"instock","12":"shipping-taxable","13":"product-type-simple"},"acf":[],"_links":{"self":[{"href":"https:\/\/www.yongjianceramic.com\/fr\/wp-json\/wp\/v2\/product\/4902","targetHints":{"allow":["GET"]}}],"collection":[{"href":"https:\/\/www.yongjianceramic.com\/fr\/wp-json\/wp\/v2\/product"}],"about":[{"href":"https:\/\/www.yongjianceramic.com\/fr\/wp-json\/wp\/v2\/types\/product"}],"replies":[{"embeddable":true,"href":"https:\/\/www.yongjianceramic.com\/fr\/wp-json\/wp\/v2\/comments?post=4902"}],"wp:featuredmedia":[{"embeddable":true,"href":"https:\/\/www.yongjianceramic.com\/fr\/wp-json\/wp\/v2\/media\/4903"}],"wp:attachment":[{"href":"https:\/\/www.yongjianceramic.com\/fr\/wp-json\/wp\/v2\/media?parent=4902"}],"wp:term":[{"taxonomy":"product_brand","embeddable":true,"href":"https:\/\/www.yongjianceramic.com\/fr\/wp-json\/wp\/v2\/product_brand?post=4902"},{"taxonomy":"product_cat","embeddable":true,"href":"https:\/\/www.yongjianceramic.com\/fr\/wp-json\/wp\/v2\/product_cat?post=4902"},{"taxonomy":"product_tag","embeddable":true,"href":"https:\/\/www.yongjianceramic.com\/fr\/wp-json\/wp\/v2\/product_tag?post=4902"}],"curies":[{"name":"wp","href":"https:\/\/api.w.org\/{rel}","templated":true}]}}