{"id":4973,"date":"2025-07-24T11:33:49","date_gmt":"2025-07-24T03:33:49","guid":{"rendered":"https:\/\/www.yongjianceramic.com\/?post_type=product&#038;p=4973"},"modified":"2025-07-24T11:41:02","modified_gmt":"2025-07-24T03:41:02","slug":"kitchen-bakeware-wholesale","status":"publish","type":"product","link":"https:\/\/www.yongjianceramic.com\/fr\/produit\/kitchen-bakeware-wholesale\/","title":{"rendered":"Modern Kitchen Bakeware Wholesale, Crockery Casseroles en vrac"},"content":{"rendered":"<div class=\"wp-block-columns is-layout-flex wp-container-core-columns-is-layout-9d6595d7 wp-block-columns-is-layout-flex\">\n<div class=\"wp-block-column is-layout-flow wp-block-column-is-layout-flow\">\n<h2 class=\"wp-block-heading\">Premium Modern Kitchen Bakeware Wholesale Caract\u00e9ristiques :<\/h2>\n\n\n\n<ul class=\"wp-block-list\">\n<li><strong>Conception ronde \u00e0 double poign\u00e9e, facile \u00e0 utiliser :<\/strong> Les ustensiles de cuisine en gros ont une forme ronde et sont dot\u00e9s d'une double poign\u00e9e, ce qui les rend faciles \u00e0 prendre et \u00e0 transporter. Ils conviennent \u00e0 toutes sortes de plaques de cuisson, de plats en cocotte et de plats de riz cuits au four, alliant beaut\u00e9 et praticit\u00e9.<\/li>\n\n\n\n<li><strong>C\u00e9ramique haute temp\u00e9rature :<\/strong> Les ustensiles de cuisine en gros peuvent \u00eatre utilis\u00e9s comme casseroles. Fabriqu\u00e9 en c\u00e9ramique haute temp\u00e9rature, il pr\u00e9sente une bonne r\u00e9sistance \u00e0 la chaleur et convient \u00e0 diverses m\u00e9thodes de chauffage, telles que les flammes nues, les fours et les fours \u00e0 micro-ondes, pour r\u00e9pondre aux besoins de la cuisson en cocotte.<\/li>\n\n\n\n<li><strong>Glacis vert, frais et naturel : <\/strong>La vaisselle en casseroles en vrac est verte, avec des tons doux et frais, ajoutant une atmosph\u00e8re naturelle et moderne \u00e0 la table \u00e0 manger, convenant \u00e0 une vari\u00e9t\u00e9 de styles de restaurants.<\/li>\n\n\n\n<li><strong>Utilisation multifonctionnelle, grande adaptabilit\u00e9 : <\/strong>Ces moules \u00e0 p\u00e2tisserie personnalis\u00e9s conviennent non seulement \u00e0 un usage domestique, mais aussi \u00e0 des lieux commerciaux tels que les h\u00f4tels et les restaurants. Ils peuvent contenir des soupes, du riz cuit, des p\u00e2tisseries et d'autres plats pour am\u00e9liorer l'exp\u00e9rience gastronomique.<\/li>\n<\/ul>\n<\/div>\n\n\n\n<div class=\"wp-block-column is-layout-flow wp-block-column-is-layout-flow\">\n<figure class=\"wp-block-image size-full\"><img fetchpriority=\"high\" decoding=\"async\" width=\"640\" height=\"640\" src=\"https:\/\/www.yongjianceramic.com\/wp-content\/uploads\/2025\/07\/modern-china-dinnerware\uff0cwholesale-crockery\uff0ctable-chargers-in-bulk-1.webp\" alt=\"modern-kitchen-bakeware-wholesale-crockery-casseroles-in-bulk-1\" class=\"wp-image-4974\" srcset=\"https:\/\/www.yongjianceramic.com\/wp-content\/uploads\/2025\/07\/modern-china-dinnerware\uff0cwholesale-crockery\uff0ctable-chargers-in-bulk-1.webp 640w, https:\/\/www.yongjianceramic.com\/wp-content\/uploads\/2025\/07\/modern-china-dinnerware\uff0cwholesale-crockery\uff0ctable-chargers-in-bulk-1-300x300.webp 300w, https:\/\/www.yongjianceramic.com\/wp-content\/uploads\/2025\/07\/modern-china-dinnerware\uff0cwholesale-crockery\uff0ctable-chargers-in-bulk-1-150x150.webp 150w, https:\/\/www.yongjianceramic.com\/wp-content\/uploads\/2025\/07\/modern-china-dinnerware\uff0cwholesale-crockery\uff0ctable-chargers-in-bulk-1-12x12.webp 12w, https:\/\/www.yongjianceramic.com\/wp-content\/uploads\/2025\/07\/modern-china-dinnerware\uff0cwholesale-crockery\uff0ctable-chargers-in-bulk-1-285x285.webp 285w, https:\/\/www.yongjianceramic.com\/wp-content\/uploads\/2025\/07\/modern-china-dinnerware\uff0cwholesale-crockery\uff0ctable-chargers-in-bulk-1-270x270.webp 270w, https:\/\/www.yongjianceramic.com\/wp-content\/uploads\/2025\/07\/modern-china-dinnerware\uff0cwholesale-crockery\uff0ctable-chargers-in-bulk-1-540x540.webp 540w\" sizes=\"(max-width: 640px) 100vw, 640px\" \/><\/figure>\n<\/div>\n<\/div>","protected":false},"excerpt":{"rendered":"<div class=\"lRu31\" dir=\"ltr\">Nous vous invitons \u00e0 acheter en gros nos ustensiles de cuisine modernes. Ce moule rond vert \u00e0 double poign\u00e9e a la fonction d'une cocotte. Elle est fabriqu\u00e9e en c\u00e9ramique haute temp\u00e9rature. Elle a une forme simple et pratique et convient \u00e0 une vari\u00e9t\u00e9 de plats tels que le riz cuit au four et la soupe. Ses couleurs fra\u00eeches et ses performances pratiques en font un choix id\u00e9al pour les tables \u00e0 manger modernes et les cuisines commerciales.<\/p>\n<div id=\"ow17\">\u00a0<\/div>\n<\/div>\n<div class=\"UdTY9 WdefRb\" aria-hidden=\"true\" data-location=\"2\">\n<table style=\"border-collapse: collapse; width: 327.02pt;\" border=\"0\" width=\"654\" cellspacing=\"0\" cellpadding=\"0\">\n<tbody>\n<tr style=\"height: 16.50pt;\">\n<td class=\"et3\" style=\"height: 16.50pt; width: 127.20pt;\" width=\"254\" height=\"33\">Fabricant<\/td>\n<td class=\"et3\" style=\"width: 200.15pt;\" width=\"400\">Yongjian<\/td>\n<\/tr>\n<tr style=\"height: 16.50pt;\">\n<td class=\"et3\" style=\"height: 16.50pt;\" height=\"33\">Num\u00e9ro de mod\u00e8le<\/td>\n<td class=\"et4\" style=\"width: 200.15pt;\" width=\"400\">YJ-147<\/td>\n<\/tr>\n<tr style=\"height: 16.50pt;\">\n<td class=\"et3\" style=\"height: 16.50pt;\" height=\"33\">Type de produit<\/td>\n<td class=\"et3\">Plat de service<\/td>\n<\/tr>\n<tr style=\"height: 16.50pt;\">\n<td class=\"et3\" style=\"height: 16.50pt;\" height=\"33\">Mat\u00e9riau<\/td>\n<td class=\"et3\">Gr\u00e8s<\/td>\n<\/tr>\n<tr style=\"height: 16.50pt;\">\n<td class=\"et5\" style=\"height: 16.50pt;\" height=\"33\">Couleur<\/td>\n<td class=\"et3\">En tant qu'image<\/td>\n<\/tr>\n<tr style=\"height: 16.50pt;\">\n<td class=\"et3\" style=\"height: 16.50pt;\" height=\"33\">Dimension<\/td>\n<td class=\"et6\" style=\"width: 200.15pt;\" width=\"400\">Taille personnalis\u00e9e<\/td>\n<\/tr>\n<tr style=\"height: 16.50pt;\">\n<td class=\"et3\" style=\"height: 16.50pt;\" height=\"33\">MOQ<\/td>\n<td class=\"et3\">500pcs<\/td>\n<\/tr>\n<tr style=\"height: 16.50pt;\">\n<td class=\"et3\" style=\"height: 16.50pt;\" height=\"33\">Sur mesure<\/td>\n<td class=\"et3\">Couleur\/Taille\/Logo\/Emballage<\/td>\n<\/tr>\n<\/tbody>\n<\/table>\n<\/div>","protected":false},"featured_media":4975,"comment_status":"closed","ping_status":"closed","template":"","meta":{"_acf_changed":false},"product_brand":[],"product_cat":[62,99],"product_tag":[81],"class_list":{"0":"post-4973","1":"product","2":"type-product","3":"status-publish","4":"has-post-thumbnail","6":"product_cat-ceramic-plates-wholesale","7":"product_cat-baking-dishes-wholesale","8":"product_tag-modern-design-dinnerware-set-wholesale","10":"first","11":"instock","12":"shipping-taxable","13":"product-type-simple"},"acf":[],"_links":{"self":[{"href":"https:\/\/www.yongjianceramic.com\/fr\/wp-json\/wp\/v2\/product\/4973","targetHints":{"allow":["GET"]}}],"collection":[{"href":"https:\/\/www.yongjianceramic.com\/fr\/wp-json\/wp\/v2\/product"}],"about":[{"href":"https:\/\/www.yongjianceramic.com\/fr\/wp-json\/wp\/v2\/types\/product"}],"replies":[{"embeddable":true,"href":"https:\/\/www.yongjianceramic.com\/fr\/wp-json\/wp\/v2\/comments?post=4973"}],"wp:featuredmedia":[{"embeddable":true,"href":"https:\/\/www.yongjianceramic.com\/fr\/wp-json\/wp\/v2\/media\/4975"}],"wp:attachment":[{"href":"https:\/\/www.yongjianceramic.com\/fr\/wp-json\/wp\/v2\/media?parent=4973"}],"wp:term":[{"taxonomy":"product_brand","embeddable":true,"href":"https:\/\/www.yongjianceramic.com\/fr\/wp-json\/wp\/v2\/product_brand?post=4973"},{"taxonomy":"product_cat","embeddable":true,"href":"https:\/\/www.yongjianceramic.com\/fr\/wp-json\/wp\/v2\/product_cat?post=4973"},{"taxonomy":"product_tag","embeddable":true,"href":"https:\/\/www.yongjianceramic.com\/fr\/wp-json\/wp\/v2\/product_tag?post=4973"}],"curies":[{"name":"wp","href":"https:\/\/api.w.org\/{rel}","templated":true}]}}