{"id":4993,"date":"2025-08-07T17:03:26","date_gmt":"2025-08-07T09:03:26","guid":{"rendered":"https:\/\/www.yongjianceramic.com\/?post_type=product&#038;p=4993"},"modified":"2025-08-07T17:03:30","modified_gmt":"2025-08-07T09:03:30","slug":"customized-baking-dish","status":"publish","type":"product","link":"https:\/\/www.yongjianceramic.com\/fr\/produit\/customized-baking-dish\/","title":{"rendered":"Plat \u00e0 four rectangulaire personnalis\u00e9, plat \u00e0 four en c\u00e9ramique bleu, vente en gros pour la maison"},"content":{"rendered":"<div class=\"wp-block-columns is-layout-flex wp-container-core-columns-is-layout-9d6595d7 wp-block-columns-is-layout-flex\">\n<div class=\"wp-block-column is-layout-flow wp-block-column-is-layout-flow\">\n<h2 class=\"wp-block-heading\">Plat de cuisson rectangulaire personnalis\u00e9 Premium Caract\u00e9ristiques :<\/h2>\n\n\n\n<ul class=\"wp-block-list\">\n<li><strong>Forme rectangulaire \u00e0 double poign\u00e9e :<\/strong> Le plat de cuisson rectangulaire personnalis\u00e9 \u00e0 double poign\u00e9e est facile \u00e0 transporter et \u00e0 servir et peut \u00eatre utilis\u00e9 dans un large \u00e9ventail de situations de cuisson, y compris le riz cuit au four, les aliments grill\u00e9s et les desserts.<\/li>\n\n\n\n<li><strong>Glacis r\u00e9actif :<\/strong> Le processus r\u00e9actif produit une gla\u00e7ure qui coule bien et poss\u00e8de une texture caract\u00e9ristique. Les ustensiles de cuisson en c\u00e9ramique bleue ont une allure artistique exceptionnelle qui permet de cr\u00e9er un cadre \u00e9l\u00e9gant et innovant pour les repas.<\/li>\n\n\n\n<li><strong>Conception flexible : <\/strong>Le moule rectangulaire personnalis\u00e9 peut \u00eatre utilis\u00e9 pour la cuisson de nombreux aliments maison, tels que le riz au four, le poulet r\u00f4ti, les lasagnes, le gratin de l\u00e9gumes, les desserts, etc. Il est pratique pour une utilisation r\u00e9p\u00e9t\u00e9e.<\/li>\n\n\n\n<li><strong>Sp\u00e9cifications et logos personnalis\u00e9s :<\/strong> Ces moules \u00e0 p\u00e2tisserie en c\u00e9ramique en gros fournissent des services personnalis\u00e9s OEM\/ODM, y compris la taille, la couleur, le motif et le logo, selon les exigences personnalis\u00e9es et sont applicables aux commandes en gros des clients de marque.<\/li>\n<\/ul>\n<\/div>\n\n\n\n<div class=\"wp-block-column is-layout-flow wp-block-column-is-layout-flow\">\n<figure class=\"wp-block-image size-full\"><img fetchpriority=\"high\" decoding=\"async\" width=\"640\" height=\"640\" src=\"https:\/\/www.yongjianceramic.com\/wp-content\/uploads\/2025\/08\/custom-ceramic-dinner-plates\uff0ccrockery-wholesale\uff0cceramic-bowl-supplier-4.webp\" alt=\"rectangulaire-customized-baking-dish-blue-ceramic-bakeware-wholesale-for-household-4\" class=\"wp-image-4997\" srcset=\"https:\/\/www.yongjianceramic.com\/wp-content\/uploads\/2025\/08\/custom-ceramic-dinner-plates\uff0ccrockery-wholesale\uff0cceramic-bowl-supplier-4.webp 640w, https:\/\/www.yongjianceramic.com\/wp-content\/uploads\/2025\/08\/custom-ceramic-dinner-plates\uff0ccrockery-wholesale\uff0cceramic-bowl-supplier-4-300x300.webp 300w, https:\/\/www.yongjianceramic.com\/wp-content\/uploads\/2025\/08\/custom-ceramic-dinner-plates\uff0ccrockery-wholesale\uff0cceramic-bowl-supplier-4-150x150.webp 150w, https:\/\/www.yongjianceramic.com\/wp-content\/uploads\/2025\/08\/custom-ceramic-dinner-plates\uff0ccrockery-wholesale\uff0cceramic-bowl-supplier-4-12x12.webp 12w, https:\/\/www.yongjianceramic.com\/wp-content\/uploads\/2025\/08\/custom-ceramic-dinner-plates\uff0ccrockery-wholesale\uff0cceramic-bowl-supplier-4-285x285.webp 285w, https:\/\/www.yongjianceramic.com\/wp-content\/uploads\/2025\/08\/custom-ceramic-dinner-plates\uff0ccrockery-wholesale\uff0cceramic-bowl-supplier-4-270x270.webp 270w, https:\/\/www.yongjianceramic.com\/wp-content\/uploads\/2025\/08\/custom-ceramic-dinner-plates\uff0ccrockery-wholesale\uff0cceramic-bowl-supplier-4-540x540.webp 540w\" sizes=\"(max-width: 640px) 100vw, 640px\" \/><\/figure>\n<\/div>\n<\/div>","protected":false},"excerpt":{"rendered":"<p>Nous vous invitons \u00e0 acheter notre plat de cuisson personnalis\u00e9. Ce moule \u00e0 p\u00e2tisserie rectangulaire en c\u00e9ramique bleue combine un design contemporain et \u00e0 la mode et une utilisation pratique pour donner \u00e0 la cuisson \u00e0 domicile beaut\u00e9 et commodit\u00e9. Fabriqu\u00e9 en argile de qualit\u00e9 sup\u00e9rieure et cuit \u00e0 haute temp\u00e9rature, il r\u00e9siste parfaitement \u00e0 la chaleur et peut \u00eatre utilis\u00e9 dans toutes les conditions de cuisson.<\/p>\n<table style=\"border-collapse: collapse; width: 327.02pt;\" border=\"0\" width=\"654\" cellspacing=\"0\" cellpadding=\"0\">\n<tbody>\n<tr style=\"height: 16.50pt;\">\n<td class=\"et3\" style=\"height: 16.50pt; width: 127.20pt;\" width=\"254\" height=\"33\">Fabricant<\/td>\n<td class=\"et3\" style=\"width: 200.15pt;\" width=\"400\">Yongjian<\/td>\n<\/tr>\n<tr style=\"height: 16.50pt;\">\n<td class=\"et3\" style=\"height: 16.50pt;\" height=\"33\">Num\u00e9ro de mod\u00e8le<\/td>\n<td class=\"et4\" style=\"width: 200.15pt;\" width=\"400\">YJ-148<\/td>\n<\/tr>\n<tr style=\"height: 16.50pt;\">\n<td class=\"et3\" style=\"height: 16.50pt;\" height=\"33\">Type de produit<\/td>\n<td class=\"et3\">Plat de service<\/td>\n<\/tr>\n<tr style=\"height: 16.50pt;\">\n<td class=\"et3\" style=\"height: 16.50pt;\" height=\"33\">Mat\u00e9riau<\/td>\n<td class=\"et3\">Gr\u00e8s<\/td>\n<\/tr>\n<tr style=\"height: 16.50pt;\">\n<td class=\"et5\" style=\"height: 16.50pt;\" height=\"33\">Couleur<\/td>\n<td class=\"et3\">En tant qu'image<\/td>\n<\/tr>\n<tr style=\"height: 16.50pt;\">\n<td class=\"et3\" style=\"height: 16.50pt;\" height=\"33\">Dimension<\/td>\n<td class=\"et6\" style=\"width: 200.15pt;\" width=\"400\">Taille personnalis\u00e9e<\/td>\n<\/tr>\n<tr style=\"height: 16.50pt;\">\n<td class=\"et3\" style=\"height: 16.50pt;\" height=\"33\">MOQ<\/td>\n<td class=\"et3\">500pcs<\/td>\n<\/tr>\n<tr style=\"height: 16.50pt;\">\n<td class=\"et3\" style=\"height: 16.50pt;\" height=\"33\">Sur mesure<\/td>\n<td class=\"et3\">Couleur\/Taille\/Logo\/Emballage<\/td>\n<\/tr>\n<\/tbody>\n<\/table>\n<p><script src=\"chrome-extension:\/\/fpelahbljekknahkcaegamhcndkfpfnc\/iFrame.js\" type=\"text\/javascript\"><\/script><\/p>","protected":false},"featured_media":4996,"comment_status":"closed","ping_status":"closed","template":"","meta":{"_acf_changed":false},"product_brand":[],"product_cat":[62,99],"product_tag":[81],"class_list":{"0":"post-4993","1":"product","2":"type-product","3":"status-publish","4":"has-post-thumbnail","6":"product_cat-ceramic-plates-wholesale","7":"product_cat-baking-dishes-wholesale","8":"product_tag-modern-design-dinnerware-set-wholesale","10":"first","11":"instock","12":"shipping-taxable","13":"product-type-simple"},"acf":[],"_links":{"self":[{"href":"https:\/\/www.yongjianceramic.com\/fr\/wp-json\/wp\/v2\/product\/4993","targetHints":{"allow":["GET"]}}],"collection":[{"href":"https:\/\/www.yongjianceramic.com\/fr\/wp-json\/wp\/v2\/product"}],"about":[{"href":"https:\/\/www.yongjianceramic.com\/fr\/wp-json\/wp\/v2\/types\/product"}],"replies":[{"embeddable":true,"href":"https:\/\/www.yongjianceramic.com\/fr\/wp-json\/wp\/v2\/comments?post=4993"}],"wp:featuredmedia":[{"embeddable":true,"href":"https:\/\/www.yongjianceramic.com\/fr\/wp-json\/wp\/v2\/media\/4996"}],"wp:attachment":[{"href":"https:\/\/www.yongjianceramic.com\/fr\/wp-json\/wp\/v2\/media?parent=4993"}],"wp:term":[{"taxonomy":"product_brand","embeddable":true,"href":"https:\/\/www.yongjianceramic.com\/fr\/wp-json\/wp\/v2\/product_brand?post=4993"},{"taxonomy":"product_cat","embeddable":true,"href":"https:\/\/www.yongjianceramic.com\/fr\/wp-json\/wp\/v2\/product_cat?post=4993"},{"taxonomy":"product_tag","embeddable":true,"href":"https:\/\/www.yongjianceramic.com\/fr\/wp-json\/wp\/v2\/product_tag?post=4993"}],"curies":[{"name":"wp","href":"https:\/\/api.w.org\/{rel}","templated":true}]}}