{"id":5000,"date":"2025-08-07T16:36:06","date_gmt":"2025-08-07T08:36:06","guid":{"rendered":"https:\/\/www.yongjianceramic.com\/?post_type=product&#038;p=5000"},"modified":"2025-08-07T16:36:10","modified_gmt":"2025-08-07T08:36:10","slug":"custom-baking-dish","status":"publish","type":"product","link":"https:\/\/www.yongjianceramic.com\/fr\/produit\/custom-baking-dish\/","title":{"rendered":"Plat de cuisson moderne personnalis\u00e9, plat de cuisson carr\u00e9 en c\u00e9ramique Wholesale"},"content":{"rendered":"<div class=\"wp-block-columns is-layout-flex wp-container-core-columns-is-layout-9d6595d7 wp-block-columns-is-layout-flex\">\n<div class=\"wp-block-column is-layout-flow wp-block-column-is-layout-flow\">\n<h2 class=\"wp-block-heading\">Plat \u00e0 gratin moderne de qualit\u00e9 sup\u00e9rieure Caract\u00e9ristiques :<\/h2>\n\n\n\n<ul class=\"wp-block-list\">\n<li><strong>Double poign\u00e9e carr\u00e9e : <\/strong>Le plat \u00e0 four carr\u00e9 en c\u00e9ramique \u00e0 double poign\u00e9e est dot\u00e9 d'une fonction de pr\u00e9hension et de stabilit\u00e9, ce qui le rend id\u00e9al pour tous les types de plats tels que le riz cuit au four, les l\u00e9gumes r\u00f4tis et les desserts, et lui donne un aspect brillant et \u00e9l\u00e9gant.<\/li>\n\n\n\n<li><strong>Ornementation florale :<\/strong> Avec la couleur rouge du plat de cuisson personnalis\u00e9 et le charmant motif floral, tous deux contribuent \u00e0 rendre toute table chaleureuse et belle \u00e0 la maison, en l'\u00e9levant au rang d'\u0153uvre d'art.<\/li>\n\n\n\n<li><strong>C\u00e9ramique haute temp\u00e9rature :<\/strong> Le plat de cuisson personnalis\u00e9 en c\u00e9ramique cuite \u00e0 haute temp\u00e9rature est sans chaleur, r\u00e9sistant \u00e0 la chaleur et sans toxines. Il passe au micro-ondes, ce qui garantit la s\u00e9curit\u00e9 des aliments.<\/li>\n\n\n\n<li><strong>Gla\u00e7age lisse, facile \u00e0 nettoyer : <\/strong>La plaque de cuisson carr\u00e9e en c\u00e9ramique est recouverte d'un \u00e9mail lisse et \u00e9pais qui repousse les taches et l'huile. Elle est facile \u00e0 nettoyer et reste propre en permanence. Convient \u00e0 une utilisation quotidienne \u00e0 la maison et au restaurant.<\/li>\n<\/ul>\n<\/div>\n\n\n\n<div class=\"wp-block-column is-layout-flow wp-block-column-is-layout-flow\">\n<figure class=\"wp-block-image size-full\"><img fetchpriority=\"high\" decoding=\"async\" width=\"640\" height=\"640\" src=\"https:\/\/www.yongjianceramic.com\/wp-content\/uploads\/2025\/08\/custom-tableware\uff0crestaurant-crockery-suppliers\uff0cceramic-plate-manufacturing-process-4.webp\" alt=\"plat \u00e0 p\u00e2tisserie moderne-customis\u00e9-pan de cuisson carr\u00e9 en c\u00e9ramique-wholesale-4\" class=\"wp-image-5004\" srcset=\"https:\/\/www.yongjianceramic.com\/wp-content\/uploads\/2025\/08\/custom-tableware\uff0crestaurant-crockery-suppliers\uff0cceramic-plate-manufacturing-process-4.webp 640w, https:\/\/www.yongjianceramic.com\/wp-content\/uploads\/2025\/08\/custom-tableware\uff0crestaurant-crockery-suppliers\uff0cceramic-plate-manufacturing-process-4-300x300.webp 300w, https:\/\/www.yongjianceramic.com\/wp-content\/uploads\/2025\/08\/custom-tableware\uff0crestaurant-crockery-suppliers\uff0cceramic-plate-manufacturing-process-4-150x150.webp 150w, https:\/\/www.yongjianceramic.com\/wp-content\/uploads\/2025\/08\/custom-tableware\uff0crestaurant-crockery-suppliers\uff0cceramic-plate-manufacturing-process-4-12x12.webp 12w, https:\/\/www.yongjianceramic.com\/wp-content\/uploads\/2025\/08\/custom-tableware\uff0crestaurant-crockery-suppliers\uff0cceramic-plate-manufacturing-process-4-285x285.webp 285w, https:\/\/www.yongjianceramic.com\/wp-content\/uploads\/2025\/08\/custom-tableware\uff0crestaurant-crockery-suppliers\uff0cceramic-plate-manufacturing-process-4-270x270.webp 270w, https:\/\/www.yongjianceramic.com\/wp-content\/uploads\/2025\/08\/custom-tableware\uff0crestaurant-crockery-suppliers\uff0cceramic-plate-manufacturing-process-4-540x540.webp 540w\" sizes=\"(max-width: 640px) 100vw, 640px\" \/><\/figure>\n<\/div>\n<\/div>","protected":false},"excerpt":{"rendered":"<p>Nous vous invitons \u00e0 acheter notre plat de cuisson personnalis\u00e9. Ce plat \u00e0 four carr\u00e9 en c\u00e9ramique \u00e0 motif floral rouge \u00e0 deux poign\u00e9es est \u00e0 la fois \u00e9l\u00e9gant et fonctionnel. Fabriqu\u00e9 en c\u00e9ramique haute temp\u00e9rature, il est r\u00e9sistant \u00e0 la chaleur et s\u00fbr, et peut \u00eatre utilis\u00e9 pour servir de nombreux plats et banquets de restaurant avec une sensation de chaleur et d'\u00e9l\u00e9gance \u00e0 votre table \u00e0 manger.<\/p>\n<table style=\"border-collapse: collapse; width: 327.02pt;\" border=\"0\" width=\"654\" cellspacing=\"0\" cellpadding=\"0\">\n<tbody>\n<tr style=\"height: 16.50pt;\">\n<td class=\"et3\" style=\"height: 16.50pt; width: 127.20pt;\" width=\"254\" height=\"33\">Fabricant<\/td>\n<td class=\"et3\" style=\"width: 200.15pt;\" width=\"400\">Yongjian<\/td>\n<\/tr>\n<tr style=\"height: 16.50pt;\">\n<td class=\"et3\" style=\"height: 16.50pt;\" height=\"33\">Num\u00e9ro de mod\u00e8le<\/td>\n<td class=\"et4\" style=\"width: 200.15pt;\" width=\"400\">YJ-149<\/td>\n<\/tr>\n<tr style=\"height: 16.50pt;\">\n<td class=\"et3\" style=\"height: 16.50pt;\" height=\"33\">Type de produit<\/td>\n<td class=\"et3\">Plat de service<\/td>\n<\/tr>\n<tr style=\"height: 16.50pt;\">\n<td class=\"et3\" style=\"height: 16.50pt;\" height=\"33\">Mat\u00e9riau<\/td>\n<td class=\"et3\">Gr\u00e8s<\/td>\n<\/tr>\n<tr style=\"height: 16.50pt;\">\n<td class=\"et5\" style=\"height: 16.50pt;\" height=\"33\">Couleur<\/td>\n<td class=\"et3\">En tant qu'image<\/td>\n<\/tr>\n<tr style=\"height: 16.50pt;\">\n<td class=\"et3\" style=\"height: 16.50pt;\" height=\"33\">Dimension<\/td>\n<td class=\"et6\" style=\"width: 200.15pt;\" width=\"400\">Taille personnalis\u00e9e<\/td>\n<\/tr>\n<tr style=\"height: 16.50pt;\">\n<td class=\"et3\" style=\"height: 16.50pt;\" height=\"33\">MOQ<\/td>\n<td class=\"et3\">500pcs<\/td>\n<\/tr>\n<tr style=\"height: 16.50pt;\">\n<td class=\"et3\" style=\"height: 16.50pt;\" height=\"33\">Sur mesure<\/td>\n<td class=\"et3\">Couleur\/Taille\/Logo\/Emballage<\/td>\n<\/tr>\n<\/tbody>\n<\/table>\n<p>\n<script src=\"chrome-extension:\/\/fpelahbljekknahkcaegamhcndkfpfnc\/iFrame.js\" type=\"text\/javascript\"><\/script><\/p>","protected":false},"featured_media":5003,"comment_status":"closed","ping_status":"closed","template":"","meta":{"_acf_changed":false},"product_brand":[],"product_cat":[62,99],"product_tag":[81],"class_list":{"0":"post-5000","1":"product","2":"type-product","3":"status-publish","4":"has-post-thumbnail","6":"product_cat-ceramic-plates-wholesale","7":"product_cat-baking-dishes-wholesale","8":"product_tag-modern-design-dinnerware-set-wholesale","10":"first","11":"instock","12":"shipping-taxable","13":"product-type-simple"},"acf":[],"_links":{"self":[{"href":"https:\/\/www.yongjianceramic.com\/fr\/wp-json\/wp\/v2\/product\/5000","targetHints":{"allow":["GET"]}}],"collection":[{"href":"https:\/\/www.yongjianceramic.com\/fr\/wp-json\/wp\/v2\/product"}],"about":[{"href":"https:\/\/www.yongjianceramic.com\/fr\/wp-json\/wp\/v2\/types\/product"}],"replies":[{"embeddable":true,"href":"https:\/\/www.yongjianceramic.com\/fr\/wp-json\/wp\/v2\/comments?post=5000"}],"wp:featuredmedia":[{"embeddable":true,"href":"https:\/\/www.yongjianceramic.com\/fr\/wp-json\/wp\/v2\/media\/5003"}],"wp:attachment":[{"href":"https:\/\/www.yongjianceramic.com\/fr\/wp-json\/wp\/v2\/media?parent=5000"}],"wp:term":[{"taxonomy":"product_brand","embeddable":true,"href":"https:\/\/www.yongjianceramic.com\/fr\/wp-json\/wp\/v2\/product_brand?post=5000"},{"taxonomy":"product_cat","embeddable":true,"href":"https:\/\/www.yongjianceramic.com\/fr\/wp-json\/wp\/v2\/product_cat?post=5000"},{"taxonomy":"product_tag","embeddable":true,"href":"https:\/\/www.yongjianceramic.com\/fr\/wp-json\/wp\/v2\/product_tag?post=5000"}],"curies":[{"name":"wp","href":"https:\/\/api.w.org\/{rel}","templated":true}]}}