{"id":5006,"date":"2025-08-08T09:34:26","date_gmt":"2025-08-08T01:34:26","guid":{"rendered":"https:\/\/www.yongjianceramic.com\/?post_type=product&#038;p=5006"},"modified":"2025-09-04T10:03:51","modified_gmt":"2025-09-04T02:03:51","slug":"wholesale-cake-baking-pans","status":"publish","type":"product","link":"https:\/\/www.yongjianceramic.com\/fr\/produit\/wholesale-cake-baking-pans\/","title":{"rendered":"Wholesale Cake Baking Pans, Small Ceramic Bowls Wholesale Wedding Dinnerware"},"content":{"rendered":"<div class=\"wp-block-columns is-layout-flex wp-container-core-columns-is-layout-9d6595d7 wp-block-columns-is-layout-flex\">\n<div class=\"wp-block-column is-layout-flow wp-block-column-is-layout-flow\">\n<h2 class=\"wp-block-heading\">Plaques de cuisson pour g\u00e2teaux Premium Wholesale Caract\u00e9ristiques :<\/h2>\n\n\n\n<ul class=\"wp-block-list\">\n<li><strong>Design rond et simple : <\/strong>Les moules \u00e0 g\u00e2teaux en gros, avec leur forme ronde classique et leur gla\u00e7age blanc pur, pr\u00e9sentent un aspect simple et \u00e9l\u00e9gant qui s'harmonise avec n'importe quel d\u00e9cor de table et n'importe quelle c\u00e9l\u00e9bration. Ils conviennent particuli\u00e8rement aux mariages et aux banquets.<\/li>\n\n\n\n<li><strong>C\u00e9ramique haute temp\u00e9rature :<\/strong> Les moules \u00e0 g\u00e2teaux en gros sont cuits \u00e0 haute temp\u00e9rature, ce qui leur conf\u00e8re une plus grande r\u00e9sistance \u00e0 la chaleur. Ils passent au four et au micro-ondes et sont id\u00e9aux pour la cuisson des g\u00e2teaux, des puddings, du riz cuit et de bien d'autres choses encore.<\/li>\n\n\n\n<li><strong>Taille de l'\u00e9conomie, Solutions universelles : <\/strong>Le bol de cuisson en vrac est parfaitement dimensionn\u00e9 pour servir des desserts, des salades, des plats d'accompagnement ou des condiments, et r\u00e9pond \u00e0 de nombreux besoins en mati\u00e8re de restauration.<\/li>\n\n\n\n<li><strong>S\u00fbr, sain et facile \u00e0 nettoyer : <\/strong>Le bol de cuisson en vrac ne contient pas de produits chimiques nocifs, le gla\u00e7age est lisse et \u00e9pais, r\u00e9sistant aux taches de graisse, facile \u00e0 nettoyer et conserve son \u00e9tat impeccable m\u00eame en cas d'utilisation intensive.<\/li>\n<\/ul>\n<\/div>\n\n\n\n<div class=\"wp-block-column is-layout-flow wp-block-column-is-layout-flow\">\n<figure class=\"wp-block-image size-full\"><img fetchpriority=\"high\" decoding=\"async\" width=\"640\" height=\"640\" src=\"https:\/\/www.yongjianceramic.com\/wp-content\/uploads\/2025\/08\/custom-crockerywedding-dinnerware-bulksmall-ceramic-bowls-wholesale-4.webp\" alt=\"Grossiste-pans de cuisson pour g\u00e2teaux-petits bols en c\u00e9ramique-vaisselle de mariage en gros-4\" class=\"wp-image-5010\" srcset=\"https:\/\/www.yongjianceramic.com\/wp-content\/uploads\/2025\/08\/custom-crockerywedding-dinnerware-bulksmall-ceramic-bowls-wholesale-4.webp 640w, https:\/\/www.yongjianceramic.com\/wp-content\/uploads\/2025\/08\/custom-crockerywedding-dinnerware-bulksmall-ceramic-bowls-wholesale-4-300x300.webp 300w, https:\/\/www.yongjianceramic.com\/wp-content\/uploads\/2025\/08\/custom-crockerywedding-dinnerware-bulksmall-ceramic-bowls-wholesale-4-150x150.webp 150w, https:\/\/www.yongjianceramic.com\/wp-content\/uploads\/2025\/08\/custom-crockerywedding-dinnerware-bulksmall-ceramic-bowls-wholesale-4-12x12.webp 12w, https:\/\/www.yongjianceramic.com\/wp-content\/uploads\/2025\/08\/custom-crockerywedding-dinnerware-bulksmall-ceramic-bowls-wholesale-4-285x285.webp 285w, https:\/\/www.yongjianceramic.com\/wp-content\/uploads\/2025\/08\/custom-crockerywedding-dinnerware-bulksmall-ceramic-bowls-wholesale-4-270x270.webp 270w, https:\/\/www.yongjianceramic.com\/wp-content\/uploads\/2025\/08\/custom-crockerywedding-dinnerware-bulksmall-ceramic-bowls-wholesale-4-540x540.webp 540w\" sizes=\"(max-width: 640px) 100vw, 640px\" \/><\/figure>\n<\/div>\n<\/div>","protected":false},"excerpt":{"rendered":"<p>Bienvenue sur notre site de vente en gros de moules \u00e0 g\u00e2teaux. Ce plat rond en c\u00e9ramique blanche pr\u00e9sente un design simple et \u00e9l\u00e9gant et peut \u00eatre utilis\u00e9 pour de nombreux aliments cuits au four, comme les g\u00e2teaux et les puddings. Le mat\u00e9riau c\u00e9ramique haute temp\u00e9rature est r\u00e9sistant \u00e0 la chaleur et s\u00fbr pour l'utilisation, si polyvalent et pratique qu'il est un choix parfait pour les mariages et les repas quotidiens.<\/p>\n<table style=\"border-collapse: collapse; width: 327.02pt;\" border=\"0\" width=\"654\" cellspacing=\"0\" cellpadding=\"0\">\n<tbody>\n<tr style=\"height: 16.50pt;\">\n<td class=\"et3\" style=\"height: 16.50pt; width: 127.20pt;\" width=\"254\" height=\"33\">Fabricant<\/td>\n<td class=\"et3\" style=\"width: 200.15pt;\" width=\"400\">Yongjian<\/td>\n<\/tr>\n<tr style=\"height: 16.50pt;\">\n<td class=\"et3\" style=\"height: 16.50pt;\" height=\"33\">Num\u00e9ro de mod\u00e8le<\/td>\n<td class=\"et4\" style=\"width: 200.15pt;\" width=\"400\">YJ-150<\/td>\n<\/tr>\n<tr style=\"height: 16.50pt;\">\n<td class=\"et3\" style=\"height: 16.50pt;\" height=\"33\">Type de produit<\/td>\n<td class=\"et3\">Plat de service<\/td>\n<\/tr>\n<tr style=\"height: 16.50pt;\">\n<td class=\"et3\" style=\"height: 16.50pt;\" height=\"33\">Mat\u00e9riau<\/td>\n<td class=\"et3\">Gr\u00e8s<\/td>\n<\/tr>\n<tr style=\"height: 16.50pt;\">\n<td class=\"et5\" style=\"height: 16.50pt;\" height=\"33\">Couleur<\/td>\n<td class=\"et3\">En tant qu'image<\/td>\n<\/tr>\n<tr style=\"height: 16.50pt;\">\n<td class=\"et3\" style=\"height: 16.50pt;\" height=\"33\">Dimension<\/td>\n<td class=\"et6\" style=\"width: 200.15pt;\" width=\"400\">Taille personnalis\u00e9e<\/td>\n<\/tr>\n<tr style=\"height: 16.50pt;\">\n<td class=\"et3\" style=\"height: 16.50pt;\" height=\"33\">MOQ<\/td>\n<td class=\"et3\">500pcs<\/td>\n<\/tr>\n<tr style=\"height: 16.50pt;\">\n<td class=\"et3\" style=\"height: 16.50pt;\" height=\"33\">Sur mesure<\/td>\n<td class=\"et3\">Couleur\/Taille\/Logo\/Emballage<\/td>\n<\/tr>\n<\/tbody>\n<\/table>\n<p><script src=\"chrome-extension:\/\/fpelahbljekknahkcaegamhcndkfpfnc\/iFrame.js\" type=\"text\/javascript\"><\/script><\/p>\n<p>\n<script src=\"chrome-extension:\/\/fpelahbljekknahkcaegamhcndkfpfnc\/iFrame.js\" type=\"text\/javascript\"><\/script><\/p>","protected":false},"featured_media":5009,"comment_status":"closed","ping_status":"closed","template":"","meta":{"_acf_changed":false},"product_brand":[],"product_cat":[99],"product_tag":[81],"class_list":{"0":"post-5006","1":"product","2":"type-product","3":"status-publish","4":"has-post-thumbnail","6":"product_cat-baking-dishes-wholesale","7":"product_tag-modern-design-dinnerware-set-wholesale","9":"first","10":"instock","11":"shipping-taxable","12":"product-type-simple"},"acf":[],"_links":{"self":[{"href":"https:\/\/www.yongjianceramic.com\/fr\/wp-json\/wp\/v2\/product\/5006","targetHints":{"allow":["GET"]}}],"collection":[{"href":"https:\/\/www.yongjianceramic.com\/fr\/wp-json\/wp\/v2\/product"}],"about":[{"href":"https:\/\/www.yongjianceramic.com\/fr\/wp-json\/wp\/v2\/types\/product"}],"replies":[{"embeddable":true,"href":"https:\/\/www.yongjianceramic.com\/fr\/wp-json\/wp\/v2\/comments?post=5006"}],"wp:featuredmedia":[{"embeddable":true,"href":"https:\/\/www.yongjianceramic.com\/fr\/wp-json\/wp\/v2\/media\/5009"}],"wp:attachment":[{"href":"https:\/\/www.yongjianceramic.com\/fr\/wp-json\/wp\/v2\/media?parent=5006"}],"wp:term":[{"taxonomy":"product_brand","embeddable":true,"href":"https:\/\/www.yongjianceramic.com\/fr\/wp-json\/wp\/v2\/product_brand?post=5006"},{"taxonomy":"product_cat","embeddable":true,"href":"https:\/\/www.yongjianceramic.com\/fr\/wp-json\/wp\/v2\/product_cat?post=5006"},{"taxonomy":"product_tag","embeddable":true,"href":"https:\/\/www.yongjianceramic.com\/fr\/wp-json\/wp\/v2\/product_tag?post=5006"}],"curies":[{"name":"wp","href":"https:\/\/api.w.org\/{rel}","templated":true}]}}