{"id":5012,"date":"2025-08-07T17:53:51","date_gmt":"2025-08-07T09:53:51","guid":{"rendered":"https:\/\/www.yongjianceramic.com\/?post_type=product&#038;p=5012"},"modified":"2025-08-07T17:53:54","modified_gmt":"2025-08-07T09:53:54","slug":"custom-bakeware","status":"publish","type":"product","link":"https:\/\/www.yongjianceramic.com\/fr\/produit\/custom-bakeware\/","title":{"rendered":"Double Handle Custom Bakeware, Glaze Ceramic Baking Dish Wholesale (plat de cuisson en c\u00e9ramique \u00e0 double poign\u00e9e)"},"content":{"rendered":"<div class=\"wp-block-columns is-layout-flex wp-container-core-columns-is-layout-9d6595d7 wp-block-columns-is-layout-flex\">\n<div class=\"wp-block-column is-layout-flow wp-block-column-is-layout-flow\">\n<h2 class=\"wp-block-heading\">Caract\u00e9ristiques de l'ustensile de cuisson sur mesure \u00e0 double poign\u00e9e de premi\u00e8re qualit\u00e9 :<\/h2>\n\n\n\n<ul class=\"wp-block-list\">\n<li><strong>Poign\u00e9e double carr\u00e9e :<\/strong> Le moule \u00e0 p\u00e2tisserie carr\u00e9 personnalis\u00e9 est dot\u00e9 de doubles poign\u00e9es qui facilitent sa prise en main. Les coins arrondis permettent non seulement de chauffer uniform\u00e9ment les aliments, mais aussi de le tenir et de le transporter facilement, pour une utilisation pratique et s\u00fbre.<\/li>\n\n\n\n<li><strong>Motif ray\u00e9, \u00e9l\u00e9gant et attrayant : <\/strong>Le plat de cuisson en c\u00e9ramique glaze wholesla aux rayures orange et blanches vibrantes ajoute une touche de jeunesse et de modernit\u00e9 \u00e0 votre table.<\/li>\n\n\n\n<li><strong>C\u00e9ramique haute temp\u00e9rature : <\/strong>Le moule \u00e0 p\u00e2tisserie carr\u00e9 fabriqu\u00e9 selon un proc\u00e9d\u00e9 de cuisson \u00e0 haute temp\u00e9rature offre une excellente r\u00e9sistance \u00e0 la chaleur, passe au four et au micro-ondes et ne se fissure pas, m\u00eame apr\u00e8s une utilisation prolong\u00e9e.<\/li>\n\n\n\n<li><strong>Service sur mesure :<\/strong> Ces moules \u00e0 p\u00e2tisserie en c\u00e9ramique en gros fournissent des services personnalis\u00e9s OEM\/ODM, y compris la taille, la couleur, le motif et le logo, selon les exigences personnalis\u00e9es et sont applicables aux commandes en gros des clients de marque.<\/li>\n<\/ul>\n<\/div>\n\n\n\n<div class=\"wp-block-column is-layout-flow wp-block-column-is-layout-flow\">\n<figure class=\"wp-block-image size-full\"><img fetchpriority=\"high\" decoding=\"async\" width=\"640\" height=\"640\" src=\"https:\/\/www.yongjianceramic.com\/wp-content\/uploads\/2025\/08\/bowl-factoryceramic-dinner-plates-bulkcustom-made-crockery-5.webp\" alt=\"double-handle-custom-bakeware-glaze-ceramic-baking-dish-wholesale-5\" class=\"wp-image-5017\" srcset=\"https:\/\/www.yongjianceramic.com\/wp-content\/uploads\/2025\/08\/bowl-factoryceramic-dinner-plates-bulkcustom-made-crockery-5.webp 640w, https:\/\/www.yongjianceramic.com\/wp-content\/uploads\/2025\/08\/bowl-factoryceramic-dinner-plates-bulkcustom-made-crockery-5-300x300.webp 300w, https:\/\/www.yongjianceramic.com\/wp-content\/uploads\/2025\/08\/bowl-factoryceramic-dinner-plates-bulkcustom-made-crockery-5-150x150.webp 150w, https:\/\/www.yongjianceramic.com\/wp-content\/uploads\/2025\/08\/bowl-factoryceramic-dinner-plates-bulkcustom-made-crockery-5-12x12.webp 12w, https:\/\/www.yongjianceramic.com\/wp-content\/uploads\/2025\/08\/bowl-factoryceramic-dinner-plates-bulkcustom-made-crockery-5-285x285.webp 285w, https:\/\/www.yongjianceramic.com\/wp-content\/uploads\/2025\/08\/bowl-factoryceramic-dinner-plates-bulkcustom-made-crockery-5-270x270.webp 270w, https:\/\/www.yongjianceramic.com\/wp-content\/uploads\/2025\/08\/bowl-factoryceramic-dinner-plates-bulkcustom-made-crockery-5-540x540.webp 540w\" sizes=\"(max-width: 640px) 100vw, 640px\" \/><\/figure>\n<\/div>\n<\/div>","protected":false},"excerpt":{"rendered":"<p>Bienvenue \u00e0 l'achat de notre moule \u00e0 p\u00e2tisserie carr\u00e9 personnalis\u00e9. Ce moule \u00e0 p\u00e2tisserie \u00e0 rayures orange et blanches avec deux poign\u00e9es pr\u00e9sente des couleurs vibrantes et \u00e9l\u00e9gantes, parfaites pour une vari\u00e9t\u00e9 de plats cuits au four et gratin\u00e9s. Fabriqu\u00e9e en c\u00e9ramique haute temp\u00e9rature, elle est pratique et r\u00e9sistante \u00e0 la chaleur, alliant beaut\u00e9 et fonctionnalit\u00e9, ce qui en fait un ustensile de table id\u00e9al pour la maison et le restaurant.<\/p>\n<table style=\"border-collapse: collapse; width: 327.02pt;\" border=\"0\" width=\"654\" cellspacing=\"0\" cellpadding=\"0\">\n<tbody>\n<tr style=\"height: 16.50pt;\">\n<td class=\"et3\" style=\"height: 16.50pt; width: 127.20pt;\" width=\"254\" height=\"33\">Fabricant<\/td>\n<td class=\"et3\" style=\"width: 200.15pt;\" width=\"400\">Yongjian<\/td>\n<\/tr>\n<tr style=\"height: 16.50pt;\">\n<td class=\"et3\" style=\"height: 16.50pt;\" height=\"33\">Num\u00e9ro de mod\u00e8le<\/td>\n<td class=\"et4\" style=\"width: 200.15pt;\" width=\"400\">YJ-151<\/td>\n<\/tr>\n<tr style=\"height: 16.50pt;\">\n<td class=\"et3\" style=\"height: 16.50pt;\" height=\"33\">Type de produit<\/td>\n<td class=\"et3\">Plat de service<\/td>\n<\/tr>\n<tr style=\"height: 16.50pt;\">\n<td class=\"et3\" style=\"height: 16.50pt;\" height=\"33\">Mat\u00e9riau<\/td>\n<td class=\"et3\">Gr\u00e8s<\/td>\n<\/tr>\n<tr style=\"height: 16.50pt;\">\n<td class=\"et5\" style=\"height: 16.50pt;\" height=\"33\">Couleur<\/td>\n<td class=\"et3\">En tant qu'image<\/td>\n<\/tr>\n<tr style=\"height: 16.50pt;\">\n<td class=\"et3\" style=\"height: 16.50pt;\" height=\"33\">Dimension<\/td>\n<td class=\"et6\" style=\"width: 200.15pt;\" width=\"400\">Taille personnalis\u00e9e<\/td>\n<\/tr>\n<tr style=\"height: 16.50pt;\">\n<td class=\"et3\" style=\"height: 16.50pt;\" height=\"33\">MOQ<\/td>\n<td class=\"et3\">500pcs<\/td>\n<\/tr>\n<tr style=\"height: 16.50pt;\">\n<td class=\"et3\" style=\"height: 16.50pt;\" height=\"33\">Sur mesure<\/td>\n<td class=\"et3\">Couleur\/Taille\/Logo\/Emballage<\/td>\n<\/tr>\n<\/tbody>\n<\/table>\n<p><script src=\"chrome-extension:\/\/fpelahbljekknahkcaegamhcndkfpfnc\/iFrame.js\" type=\"text\/javascript\"><\/script><\/p>","protected":false},"featured_media":5015,"comment_status":"closed","ping_status":"closed","template":"","meta":{"_acf_changed":false},"product_brand":[],"product_cat":[62,99],"product_tag":[81],"class_list":{"0":"post-5012","1":"product","2":"type-product","3":"status-publish","4":"has-post-thumbnail","6":"product_cat-ceramic-plates-wholesale","7":"product_cat-baking-dishes-wholesale","8":"product_tag-modern-design-dinnerware-set-wholesale","10":"first","11":"instock","12":"shipping-taxable","13":"product-type-simple"},"acf":[],"_links":{"self":[{"href":"https:\/\/www.yongjianceramic.com\/fr\/wp-json\/wp\/v2\/product\/5012","targetHints":{"allow":["GET"]}}],"collection":[{"href":"https:\/\/www.yongjianceramic.com\/fr\/wp-json\/wp\/v2\/product"}],"about":[{"href":"https:\/\/www.yongjianceramic.com\/fr\/wp-json\/wp\/v2\/types\/product"}],"replies":[{"embeddable":true,"href":"https:\/\/www.yongjianceramic.com\/fr\/wp-json\/wp\/v2\/comments?post=5012"}],"wp:featuredmedia":[{"embeddable":true,"href":"https:\/\/www.yongjianceramic.com\/fr\/wp-json\/wp\/v2\/media\/5015"}],"wp:attachment":[{"href":"https:\/\/www.yongjianceramic.com\/fr\/wp-json\/wp\/v2\/media?parent=5012"}],"wp:term":[{"taxonomy":"product_brand","embeddable":true,"href":"https:\/\/www.yongjianceramic.com\/fr\/wp-json\/wp\/v2\/product_brand?post=5012"},{"taxonomy":"product_cat","embeddable":true,"href":"https:\/\/www.yongjianceramic.com\/fr\/wp-json\/wp\/v2\/product_cat?post=5012"},{"taxonomy":"product_tag","embeddable":true,"href":"https:\/\/www.yongjianceramic.com\/fr\/wp-json\/wp\/v2\/product_tag?post=5012"}],"curies":[{"name":"wp","href":"https:\/\/api.w.org\/{rel}","templated":true}]}}