{"id":5030,"date":"2025-08-16T10:05:47","date_gmt":"2025-08-16T02:05:47","guid":{"rendered":"https:\/\/www.yongjianceramic.com\/?post_type=product&#038;p=5030"},"modified":"2025-09-04T10:03:28","modified_gmt":"2025-09-04T02:03:28","slug":"customized-round-baking-pan","status":"publish","type":"product","link":"https:\/\/www.yongjianceramic.com\/fr\/produit\/customized-round-baking-pan\/","title":{"rendered":"Plaque \u00e0 p\u00e2tisserie ronde personnalis\u00e9e, plats \u00e0 tarte en c\u00e9ramique Wholesale"},"content":{"rendered":"<div class=\"wp-block-columns is-layout-flex wp-container-core-columns-is-layout-9d6595d7 wp-block-columns-is-layout-flex\">\n<div class=\"wp-block-column is-layout-flow wp-block-column-is-layout-flow\">\n<h2 class=\"wp-block-heading\">Caract\u00e9ristiques du moule \u00e0 p\u00e2tisserie rond personnalis\u00e9 de qualit\u00e9 sup\u00e9rieure :<\/h2>\n\n\n\n<ul class=\"wp-block-list\">\n<li><strong>Forme ronde, traditionnelle et universelle : <\/strong>Les plats \u00e0 tarte en gros de forme ronde peuvent \u00eatre utilis\u00e9s pour diff\u00e9rentes cuisines comme les tartes, les g\u00e2teaux et les gratins, et offrent une beaut\u00e9 culinaire et de pr\u00e9sentation.<\/li>\n\n\n\n<li><strong>Vert fonc\u00e9 et blanc, sophistiqu\u00e9 et haut de gamme : <\/strong>Le moule rond personnalis\u00e9 vert fonc\u00e9 \u00e0 l'ext\u00e9rieur et blanc \u00e0 l'int\u00e9rieur pr\u00e9sente une superposition visuelle originale, qui peut conf\u00e9rer un air de sophistication \u00e0 la table \u00e0 manger.<\/li>\n\n\n\n<li><strong>Motif grav\u00e9, d\u00e9tails d\u00e9licats :<\/strong> L'int\u00e9rieur du moule rond personnalis\u00e9, grav\u00e9 de fa\u00e7on complexe, ajoute un aspect artisanal et un charme artisanal.<\/li>\n\n\n\n<li><strong>C\u00e9ramique haute temp\u00e9rature, r\u00e9sistante \u00e0 la chaleur et s\u00fbre :<\/strong> Les plats \u00e0 tarte en vrac sont fabriqu\u00e9s en c\u00e9ramique de haute qualit\u00e9 cuite \u00e0 haute temp\u00e9rature. Ils passent au four et au micro-ondes, r\u00e9sistent \u00e0 la chaleur et durent longtemps.<\/li>\n<\/ul>\n<\/div>\n\n\n\n<div class=\"wp-block-column is-layout-flow wp-block-column-is-layout-flow\">\n<figure class=\"wp-block-image size-full\"><img fetchpriority=\"high\" decoding=\"async\" width=\"640\" height=\"640\" src=\"https:\/\/www.yongjianceramic.com\/wp-content\/uploads\/2025\/08\/custom-dinnerware-sets\uff0cceramic-plates-wholesale\uff0ctableware-set-manufacturer-1.webp\" alt=\"Plats \u00e0 tarte en c\u00e9ramique \u00e0 bords ronds personnalis\u00e9s-wholesale-1\" class=\"wp-image-5031\" srcset=\"https:\/\/www.yongjianceramic.com\/wp-content\/uploads\/2025\/08\/custom-dinnerware-sets\uff0cceramic-plates-wholesale\uff0ctableware-set-manufacturer-1.webp 640w, https:\/\/www.yongjianceramic.com\/wp-content\/uploads\/2025\/08\/custom-dinnerware-sets\uff0cceramic-plates-wholesale\uff0ctableware-set-manufacturer-1-300x300.webp 300w, https:\/\/www.yongjianceramic.com\/wp-content\/uploads\/2025\/08\/custom-dinnerware-sets\uff0cceramic-plates-wholesale\uff0ctableware-set-manufacturer-1-150x150.webp 150w, https:\/\/www.yongjianceramic.com\/wp-content\/uploads\/2025\/08\/custom-dinnerware-sets\uff0cceramic-plates-wholesale\uff0ctableware-set-manufacturer-1-12x12.webp 12w, https:\/\/www.yongjianceramic.com\/wp-content\/uploads\/2025\/08\/custom-dinnerware-sets\uff0cceramic-plates-wholesale\uff0ctableware-set-manufacturer-1-285x285.webp 285w, https:\/\/www.yongjianceramic.com\/wp-content\/uploads\/2025\/08\/custom-dinnerware-sets\uff0cceramic-plates-wholesale\uff0ctableware-set-manufacturer-1-270x270.webp 270w, https:\/\/www.yongjianceramic.com\/wp-content\/uploads\/2025\/08\/custom-dinnerware-sets\uff0cceramic-plates-wholesale\uff0ctableware-set-manufacturer-1-540x540.webp 540w\" sizes=\"(max-width: 640px) 100vw, 640px\" \/><\/figure>\n<\/div>\n<\/div>","protected":false},"excerpt":{"rendered":"<p>Nous vous invitons \u00e0 acheter notre moule \u00e0 p\u00e2tisserie rond personnalis\u00e9. Ce moule rond grav\u00e9 vert et blanc, avec sa forme \u00e9l\u00e9gante et ses d\u00e9tails raffin\u00e9s, n'est pas seulement un outil de cuisson, mais aussi une d\u00e9coration de table. Fabriqu\u00e9 en c\u00e9ramique haute temp\u00e9rature, il est durable et s\u00fbr, id\u00e9al pour le restaurant et la maison.<\/p>\n<table style=\"border-collapse: collapse; width: 327.02pt;\" border=\"0\" width=\"654\" cellspacing=\"0\" cellpadding=\"0\">\n<tbody>\n<tr style=\"height: 16.50pt;\">\n<td class=\"et3\" style=\"height: 16.50pt; width: 127.20pt;\" width=\"254\" height=\"33\">Fabricant<\/td>\n<td class=\"et3\" style=\"width: 200.15pt;\" width=\"400\">Yongjian<\/td>\n<\/tr>\n<tr style=\"height: 16.50pt;\">\n<td class=\"et3\" style=\"height: 16.50pt;\" height=\"33\">Num\u00e9ro de mod\u00e8le<\/td>\n<td class=\"et4\" style=\"width: 200.15pt;\" width=\"400\">YJ-152<\/td>\n<\/tr>\n<tr style=\"height: 16.50pt;\">\n<td class=\"et3\" style=\"height: 16.50pt;\" height=\"33\">Type de produit<\/td>\n<td class=\"et3\">Plat de service<\/td>\n<\/tr>\n<tr style=\"height: 16.50pt;\">\n<td class=\"et3\" style=\"height: 16.50pt;\" height=\"33\">Mat\u00e9riau<\/td>\n<td class=\"et3\">Gr\u00e8s<\/td>\n<\/tr>\n<tr style=\"height: 16.50pt;\">\n<td class=\"et5\" style=\"height: 16.50pt;\" height=\"33\">Couleur<\/td>\n<td class=\"et3\">En tant qu'image<\/td>\n<\/tr>\n<tr style=\"height: 16.50pt;\">\n<td class=\"et3\" style=\"height: 16.50pt;\" height=\"33\">Dimension<\/td>\n<td class=\"et6\" style=\"width: 200.15pt;\" width=\"400\">Taille personnalis\u00e9e<\/td>\n<\/tr>\n<tr style=\"height: 16.50pt;\">\n<td class=\"et3\" style=\"height: 16.50pt;\" height=\"33\">MOQ<\/td>\n<td class=\"et3\">500pcs<\/td>\n<\/tr>\n<tr style=\"height: 16.50pt;\">\n<td class=\"et3\" style=\"height: 16.50pt;\" height=\"33\">Sur mesure<\/td>\n<td class=\"et3\">Couleur\/Taille\/Logo\/Emballage<\/td>\n<\/tr>\n<\/tbody>\n<\/table>\n<p>\n<script src=\"chrome-extension:\/\/fpelahbljekknahkcaegamhcndkfpfnc\/iFrame.js\" type=\"text\/javascript\"><\/script><\/p>","protected":false},"featured_media":5035,"comment_status":"closed","ping_status":"closed","template":"","meta":{"_acf_changed":false},"product_brand":[],"product_cat":[99],"product_tag":[88,81],"class_list":{"0":"post-5030","1":"product","2":"type-product","3":"status-publish","4":"has-post-thumbnail","6":"product_cat-baking-dishes-wholesale","7":"product_tag-japanese-style-dinnerware-set-wholesale","8":"product_tag-modern-design-dinnerware-set-wholesale","10":"first","11":"instock","12":"shipping-taxable","13":"product-type-simple"},"acf":[],"_links":{"self":[{"href":"https:\/\/www.yongjianceramic.com\/fr\/wp-json\/wp\/v2\/product\/5030","targetHints":{"allow":["GET"]}}],"collection":[{"href":"https:\/\/www.yongjianceramic.com\/fr\/wp-json\/wp\/v2\/product"}],"about":[{"href":"https:\/\/www.yongjianceramic.com\/fr\/wp-json\/wp\/v2\/types\/product"}],"replies":[{"embeddable":true,"href":"https:\/\/www.yongjianceramic.com\/fr\/wp-json\/wp\/v2\/comments?post=5030"}],"wp:featuredmedia":[{"embeddable":true,"href":"https:\/\/www.yongjianceramic.com\/fr\/wp-json\/wp\/v2\/media\/5035"}],"wp:attachment":[{"href":"https:\/\/www.yongjianceramic.com\/fr\/wp-json\/wp\/v2\/media?parent=5030"}],"wp:term":[{"taxonomy":"product_brand","embeddable":true,"href":"https:\/\/www.yongjianceramic.com\/fr\/wp-json\/wp\/v2\/product_brand?post=5030"},{"taxonomy":"product_cat","embeddable":true,"href":"https:\/\/www.yongjianceramic.com\/fr\/wp-json\/wp\/v2\/product_cat?post=5030"},{"taxonomy":"product_tag","embeddable":true,"href":"https:\/\/www.yongjianceramic.com\/fr\/wp-json\/wp\/v2\/product_tag?post=5030"}],"curies":[{"name":"wp","href":"https:\/\/api.w.org\/{rel}","templated":true}]}}