{"id":5037,"date":"2025-08-16T09:41:52","date_gmt":"2025-08-16T01:41:52","guid":{"rendered":"https:\/\/www.yongjianceramic.com\/?post_type=product&#038;p=5037"},"modified":"2025-09-04T10:03:18","modified_gmt":"2025-09-04T02:03:18","slug":"custom-baking-pan","status":"publish","type":"product","link":"https:\/\/www.yongjianceramic.com\/fr\/produit\/custom-baking-pan\/","title":{"rendered":"Plaque \u00e0 p\u00e2tisserie en c\u00e9ramique, plats \u00e0 p\u00e2tisserie carr\u00e9s \u00e0 double oreille Wholesale"},"content":{"rendered":"<div class=\"wp-block-columns is-layout-flex wp-container-core-columns-is-layout-9d6595d7 wp-block-columns-is-layout-flex\">\n<div class=\"wp-block-column is-layout-flow wp-block-column-is-layout-flow\">\n<h2 class=\"wp-block-heading\">Le moule \u00e0 p\u00e2tisserie carr\u00e9 sur mesure Premium pr\u00e9sente les caract\u00e9ristiques suivantes :<\/h2>\n\n\n\n<ul class=\"wp-block-list\">\n<li><strong>Poign\u00e9es doubles carr\u00e9es Design : <\/strong>Le moule de cuisson personnalis\u00e9 est dot\u00e9 de poign\u00e9es faciles \u00e0 retirer et \u00e0 mettre en place, convenant \u00e0 la fois au four et \u00e0 la table, ce qui garantit la s\u00e9curit\u00e9 et une manipulation sans effort.<\/li>\n\n\n\n<li><strong>Vert clair avec un aspect bleu ciel :<\/strong> La plaque de cuisson personnalis\u00e9e dans une combinaison de couleurs douces cr\u00e9e une exp\u00e9rience visuelle confortable et une atmosph\u00e8re de repas simple et relaxante.<\/li>\n\n\n\n<li><strong>D\u00e9coration en papier, d\u00e9tails exquis : <\/strong>Ces plats de cuisson carr\u00e9s sont fabriqu\u00e9s avec des d\u00e9calcomanies de haute qualit\u00e9, les couleurs sont durables et r\u00e9sistent \u00e0 la d\u00e9coloration, ajoutant une touche d\u00e9corative unique.<\/li>\n\n\n\n<li><strong>C\u00e9ramique r\u00e9sistante \u00e0 la chaleur :<\/strong> Ces plats de cuisson carr\u00e9s sont cuits \u00e0 haute temp\u00e9rature, ce qui leur conf\u00e8re r\u00e9sistance \u00e0 la chaleur et durabilit\u00e9. Ils conviennent donc \u00e0 une utilisation au four et au micro-ondes.<\/li>\n<\/ul>\n<\/div>\n\n\n\n<div class=\"wp-block-column is-layout-flow wp-block-column-is-layout-flow\">\n<figure class=\"wp-block-image size-full\"><img fetchpriority=\"high\" decoding=\"async\" width=\"640\" height=\"640\" src=\"https:\/\/www.yongjianceramic.com\/wp-content\/uploads\/2025\/08\/tableware-ceramic-wholesaleceramic-manufacturerplates-in-bulk-4.webp\" alt=\"moule \u00e0 p\u00e2tisserie en c\u00e9ramique personnalis\u00e9 - plats \u00e0 p\u00e2tisserie carr\u00e9s \u00e0 double oreille - vente en gros - 4\" class=\"wp-image-5041\" srcset=\"https:\/\/www.yongjianceramic.com\/wp-content\/uploads\/2025\/08\/tableware-ceramic-wholesaleceramic-manufacturerplates-in-bulk-4.webp 640w, https:\/\/www.yongjianceramic.com\/wp-content\/uploads\/2025\/08\/tableware-ceramic-wholesaleceramic-manufacturerplates-in-bulk-4-300x300.webp 300w, https:\/\/www.yongjianceramic.com\/wp-content\/uploads\/2025\/08\/tableware-ceramic-wholesaleceramic-manufacturerplates-in-bulk-4-150x150.webp 150w, https:\/\/www.yongjianceramic.com\/wp-content\/uploads\/2025\/08\/tableware-ceramic-wholesaleceramic-manufacturerplates-in-bulk-4-12x12.webp 12w, https:\/\/www.yongjianceramic.com\/wp-content\/uploads\/2025\/08\/tableware-ceramic-wholesaleceramic-manufacturerplates-in-bulk-4-285x285.webp 285w, https:\/\/www.yongjianceramic.com\/wp-content\/uploads\/2025\/08\/tableware-ceramic-wholesaleceramic-manufacturerplates-in-bulk-4-270x270.webp 270w, https:\/\/www.yongjianceramic.com\/wp-content\/uploads\/2025\/08\/tableware-ceramic-wholesaleceramic-manufacturerplates-in-bulk-4-540x540.webp 540w\" sizes=\"(max-width: 640px) 100vw, 640px\" \/><\/figure>\n<\/div>\n<\/div>","protected":false},"excerpt":{"rendered":"<p>Nous vous invitons \u00e0 acheter notre moule \u00e0 p\u00e2tisserie personnalis\u00e9. Ce plat \u00e0 four carr\u00e9 vert clair et bleu ciel avec deux poign\u00e9es pr\u00e9sente un design pratique et un style frais et minimaliste. Il est parfait pour cuisiner de d\u00e9licieux plats tout en ajoutant une atmosph\u00e8re chaleureuse \u00e0 la table \u00e0 manger.<\/p>\n<table style=\"border-collapse: collapse; width: 327.02pt;\" border=\"0\" width=\"654\" cellspacing=\"0\" cellpadding=\"0\">\n<tbody>\n<tr style=\"height: 16.50pt;\">\n<td class=\"et3\" style=\"height: 16.50pt; width: 127.20pt;\" width=\"254\" height=\"33\">Fabricant<\/td>\n<td class=\"et3\" style=\"width: 200.15pt;\" width=\"400\">Yongjian<\/td>\n<\/tr>\n<tr style=\"height: 16.50pt;\">\n<td class=\"et3\" style=\"height: 16.50pt;\" height=\"33\">Num\u00e9ro de mod\u00e8le<\/td>\n<td class=\"et4\" style=\"width: 200.15pt;\" width=\"400\">YJ-153<\/td>\n<\/tr>\n<tr style=\"height: 16.50pt;\">\n<td class=\"et3\" style=\"height: 16.50pt;\" height=\"33\">Type de produit<\/td>\n<td class=\"et3\">Plat de service<\/td>\n<\/tr>\n<tr style=\"height: 16.50pt;\">\n<td class=\"et3\" style=\"height: 16.50pt;\" height=\"33\">Mat\u00e9riau<\/td>\n<td class=\"et3\">Gr\u00e8s<\/td>\n<\/tr>\n<tr style=\"height: 16.50pt;\">\n<td class=\"et5\" style=\"height: 16.50pt;\" height=\"33\">Couleur<\/td>\n<td class=\"et3\">En tant qu'image<\/td>\n<\/tr>\n<tr style=\"height: 16.50pt;\">\n<td class=\"et3\" style=\"height: 16.50pt;\" height=\"33\">Dimension<\/td>\n<td class=\"et6\" style=\"width: 200.15pt;\" width=\"400\">Taille personnalis\u00e9e<\/td>\n<\/tr>\n<tr style=\"height: 16.50pt;\">\n<td class=\"et3\" style=\"height: 16.50pt;\" height=\"33\">MOQ<\/td>\n<td class=\"et3\">500pcs<\/td>\n<\/tr>\n<tr style=\"height: 16.50pt;\">\n<td class=\"et3\" style=\"height: 16.50pt;\" height=\"33\">Sur mesure<\/td>\n<td class=\"et3\">Couleur\/Taille\/Logo\/Emballage<\/td>\n<\/tr>\n<\/tbody>\n<\/table>\n<p>\n<script src=\"chrome-extension:\/\/fpelahbljekknahkcaegamhcndkfpfnc\/iFrame.js\" type=\"text\/javascript\"><\/script><\/p>","protected":false},"featured_media":5040,"comment_status":"closed","ping_status":"closed","template":"","meta":{"_acf_changed":false},"product_brand":[],"product_cat":[99],"product_tag":[],"class_list":{"0":"post-5037","1":"product","2":"type-product","3":"status-publish","4":"has-post-thumbnail","6":"product_cat-baking-dishes-wholesale","8":"first","9":"instock","10":"shipping-taxable","11":"product-type-simple"},"acf":[],"_links":{"self":[{"href":"https:\/\/www.yongjianceramic.com\/fr\/wp-json\/wp\/v2\/product\/5037","targetHints":{"allow":["GET"]}}],"collection":[{"href":"https:\/\/www.yongjianceramic.com\/fr\/wp-json\/wp\/v2\/product"}],"about":[{"href":"https:\/\/www.yongjianceramic.com\/fr\/wp-json\/wp\/v2\/types\/product"}],"replies":[{"embeddable":true,"href":"https:\/\/www.yongjianceramic.com\/fr\/wp-json\/wp\/v2\/comments?post=5037"}],"wp:featuredmedia":[{"embeddable":true,"href":"https:\/\/www.yongjianceramic.com\/fr\/wp-json\/wp\/v2\/media\/5040"}],"wp:attachment":[{"href":"https:\/\/www.yongjianceramic.com\/fr\/wp-json\/wp\/v2\/media?parent=5037"}],"wp:term":[{"taxonomy":"product_brand","embeddable":true,"href":"https:\/\/www.yongjianceramic.com\/fr\/wp-json\/wp\/v2\/product_brand?post=5037"},{"taxonomy":"product_cat","embeddable":true,"href":"https:\/\/www.yongjianceramic.com\/fr\/wp-json\/wp\/v2\/product_cat?post=5037"},{"taxonomy":"product_tag","embeddable":true,"href":"https:\/\/www.yongjianceramic.com\/fr\/wp-json\/wp\/v2\/product_tag?post=5037"}],"curies":[{"name":"wp","href":"https:\/\/api.w.org\/{rel}","templated":true}]}}