{"id":5043,"date":"2025-08-16T09:31:10","date_gmt":"2025-08-16T01:31:10","guid":{"rendered":"https:\/\/www.yongjianceramic.com\/?post_type=product&#038;p=5043"},"modified":"2025-09-04T10:03:04","modified_gmt":"2025-09-04T02:03:04","slug":"bulk-baking-pans","status":"publish","type":"product","link":"https:\/\/www.yongjianceramic.com\/fr\/produit\/bulk-baking-pans\/","title":{"rendered":"China Bulk Baking Pans, Customized Restaurant Dinnerware Wholesale"},"content":{"rendered":"<div class=\"wp-block-columns is-layout-flex wp-container-core-columns-is-layout-9d6595d7 wp-block-columns-is-layout-flex\">\n<div class=\"wp-block-column is-layout-flow wp-block-column-is-layout-flow\">\n<h2 class=\"wp-block-heading\">Moules \u00e0 p\u00e2tisserie en vrac de Chine Premium Caract\u00e9ristiques :<\/h2>\n\n\n\n<ul class=\"wp-block-list\">\n<li><strong>Grandes, moyennes et petites s\u00e9ries pour r\u00e9pondre aux diff\u00e9rents besoins de cuisson : <\/strong>Les moules de cuisson en vrac sont disponibles en diff\u00e9rentes tailles pour une cuisson polyvalente, y compris le barbecue, le riz cuit et les desserts.<\/li>\n\n\n\n<li><strong>Int\u00e9rieur en \u00e9mail noir, r\u00e9sistant aux taches et facile \u00e0 nettoyer : <\/strong>Le gla\u00e7age noir lisse des moules de cuisson en vrac r\u00e9duit efficacement les r\u00e9sidus alimentaires, est facile \u00e0 nettoyer et r\u00e9siste aux taches.<\/li>\n\n\n\n<li><strong>Ext\u00e9rieur en \u00e9mail r\u00e9actif, texture artistique unique :<\/strong> La couleur du vernis r\u00e9actif de chaque produit de boulangerie en gros s'\u00e9coule naturellement, avec une texture unique qui met en valeur le travail m\u00e9ticuleux de l'artisan.<\/li>\n\n\n\n<li><strong>C\u00e9ramique r\u00e9sistante \u00e0 la chaleur, s\u00fbre et saine : <\/strong>La cuisson \u00e0 haute temp\u00e9rature de la vaisselle de restaurant personnalis\u00e9e permet de l'utiliser au four et au micro-ondes, ce qui garantit sa s\u00e9curit\u00e9 et sa durabilit\u00e9.<\/li>\n<\/ul>\n<\/div>\n\n\n\n<div class=\"wp-block-column is-layout-flow wp-block-column-is-layout-flow\">\n<figure class=\"wp-block-image size-full\"><img fetchpriority=\"high\" decoding=\"async\" width=\"1600\" height=\"1600\" src=\"https:\/\/www.yongjianceramic.com\/wp-content\/uploads\/2025\/08\/wholesale-tableware-setcustomized-dinner-plates-restaurant-dinnerware-wholesale-3.webp\" alt=\"china-bulk-baking-pans-customized-restaurant-dinnerware-wholesale-3\" class=\"wp-image-5046\" srcset=\"https:\/\/www.yongjianceramic.com\/wp-content\/uploads\/2025\/08\/wholesale-tableware-setcustomized-dinner-plates-restaurant-dinnerware-wholesale-3.webp 1600w, https:\/\/www.yongjianceramic.com\/wp-content\/uploads\/2025\/08\/wholesale-tableware-setcustomized-dinner-plates-restaurant-dinnerware-wholesale-3-300x300.webp 300w, https:\/\/www.yongjianceramic.com\/wp-content\/uploads\/2025\/08\/wholesale-tableware-setcustomized-dinner-plates-restaurant-dinnerware-wholesale-3-150x150.webp 150w, https:\/\/www.yongjianceramic.com\/wp-content\/uploads\/2025\/08\/wholesale-tableware-setcustomized-dinner-plates-restaurant-dinnerware-wholesale-3-768x768.webp 768w, https:\/\/www.yongjianceramic.com\/wp-content\/uploads\/2025\/08\/wholesale-tableware-setcustomized-dinner-plates-restaurant-dinnerware-wholesale-3-12x12.webp 12w, https:\/\/www.yongjianceramic.com\/wp-content\/uploads\/2025\/08\/wholesale-tableware-setcustomized-dinner-plates-restaurant-dinnerware-wholesale-3-285x285.webp 285w, https:\/\/www.yongjianceramic.com\/wp-content\/uploads\/2025\/08\/wholesale-tableware-setcustomized-dinner-plates-restaurant-dinnerware-wholesale-3-270x270.webp 270w, https:\/\/www.yongjianceramic.com\/wp-content\/uploads\/2025\/08\/wholesale-tableware-setcustomized-dinner-plates-restaurant-dinnerware-wholesale-3-540x540.webp 540w, https:\/\/www.yongjianceramic.com\/wp-content\/uploads\/2025\/08\/wholesale-tableware-setcustomized-dinner-plates-restaurant-dinnerware-wholesale-3-660x660.webp 660w\" sizes=\"(max-width: 1600px) 100vw, 1600px\" \/><\/figure>\n<\/div>\n<\/div>","protected":false},"excerpt":{"rendered":"<div class=\"highlights-border-container\" data-v-8a832c06=\"\"><span class=\"highlights\" data-v-8a832c06=\"\">Bienvenue sur notre site d'achat de moules \u00e0 p\u00e2tisserie en vrac. Cet ensemble de grands, moyens et petits moules, dont l'int\u00e9rieur est recouvert d'un gla\u00e7age noir et l'ext\u00e9rieur d'un gla\u00e7age r\u00e9actif, est \u00e0 la fois pratique et esth\u00e9tique. R\u00e9sistant \u00e0 la chaleur et durable, il convient \u00e0 la cuisson et au service des plats \u00e0 la maison et au restaurant.<\/span><\/div>\n<div class=\"text-stats\" data-v-8a832c06=\"\">\u00a0<\/div>\n<table style=\"border-collapse: collapse; width: 327.02pt;\" border=\"0\" width=\"654\" cellspacing=\"0\" cellpadding=\"0\">\n<tbody>\n<tr style=\"height: 16.50pt;\">\n<td class=\"et3\" style=\"height: 16.50pt; width: 127.20pt;\" width=\"254\" height=\"33\">Fabricant<\/td>\n<td class=\"et3\" style=\"width: 200.15pt;\" width=\"400\">Yongjian<\/td>\n<\/tr>\n<tr style=\"height: 16.50pt;\">\n<td class=\"et3\" style=\"height: 16.50pt;\" height=\"33\">Num\u00e9ro de mod\u00e8le<\/td>\n<td class=\"et4\" style=\"width: 200.15pt;\" width=\"400\">YJ-154<\/td>\n<\/tr>\n<tr style=\"height: 16.50pt;\">\n<td class=\"et5\" style=\"height: 16.50pt; width: 127.20pt;\" width=\"254\" height=\"33\">Type de vaisselle<\/td>\n<td class=\"et5\" style=\"width: 200.15pt;\" width=\"400\">Set de cuisson<\/td>\n<\/tr>\n<tr style=\"height: 16.50pt;\">\n<td class=\"et3\" style=\"height: 16.50pt;\" height=\"33\">Technique<\/td>\n<td class=\"et3\">Couleurs Gla\u00e7age+Gla\u00e7age r\u00e9actif<\/td>\n<\/tr>\n<tr style=\"height: 16.50pt;\">\n<td class=\"et3\" style=\"height: 16.50pt;\" height=\"33\">Mat\u00e9riau<\/td>\n<td class=\"et3\">Gr\u00e8s<\/td>\n<\/tr>\n<tr style=\"height: 33.00pt;\">\n<td class=\"et6\" style=\"height: 33.00pt;\" height=\"66\">Applicable<\/td>\n<td class=\"et5\" style=\"width: 200.15pt;\" width=\"400\">St\u00e9rilisateur, lave-vaisselle, four, micro-ondes<\/td>\n<\/tr>\n<tr style=\"height: 16.50pt;\">\n<td class=\"et3\" style=\"height: 16.50pt;\" height=\"33\">Dimension<\/td>\n<td class=\"et3\">En tant qu'image<\/td>\n<\/tr>\n<tr style=\"height: 16.50pt;\">\n<td class=\"et3\" style=\"height: 16.50pt;\" height=\"33\">MOQ<\/td>\n<td class=\"et3\">500pcs<\/td>\n<\/tr>\n<tr style=\"height: 16.50pt;\">\n<td class=\"et3\" style=\"height: 16.50pt;\" height=\"33\">Sur mesure<\/td>\n<td class=\"et3\">Couleur\/Taille\/Logo\/Emballage<\/td>\n<\/tr>\n<\/tbody>\n<\/table>\n<p>\n<script src=\"chrome-extension:\/\/fpelahbljekknahkcaegamhcndkfpfnc\/iFrame.js\" type=\"text\/javascript\"><\/script><\/p>","protected":false},"featured_media":5048,"comment_status":"closed","ping_status":"closed","template":"","meta":{"_acf_changed":false},"product_brand":[],"product_cat":[99],"product_tag":[81],"class_list":{"0":"post-5043","1":"product","2":"type-product","3":"status-publish","4":"has-post-thumbnail","6":"product_cat-baking-dishes-wholesale","7":"product_tag-modern-design-dinnerware-set-wholesale","9":"first","10":"instock","11":"shipping-taxable","12":"product-type-simple"},"acf":[],"_links":{"self":[{"href":"https:\/\/www.yongjianceramic.com\/fr\/wp-json\/wp\/v2\/product\/5043","targetHints":{"allow":["GET"]}}],"collection":[{"href":"https:\/\/www.yongjianceramic.com\/fr\/wp-json\/wp\/v2\/product"}],"about":[{"href":"https:\/\/www.yongjianceramic.com\/fr\/wp-json\/wp\/v2\/types\/product"}],"replies":[{"embeddable":true,"href":"https:\/\/www.yongjianceramic.com\/fr\/wp-json\/wp\/v2\/comments?post=5043"}],"wp:featuredmedia":[{"embeddable":true,"href":"https:\/\/www.yongjianceramic.com\/fr\/wp-json\/wp\/v2\/media\/5048"}],"wp:attachment":[{"href":"https:\/\/www.yongjianceramic.com\/fr\/wp-json\/wp\/v2\/media?parent=5043"}],"wp:term":[{"taxonomy":"product_brand","embeddable":true,"href":"https:\/\/www.yongjianceramic.com\/fr\/wp-json\/wp\/v2\/product_brand?post=5043"},{"taxonomy":"product_cat","embeddable":true,"href":"https:\/\/www.yongjianceramic.com\/fr\/wp-json\/wp\/v2\/product_cat?post=5043"},{"taxonomy":"product_tag","embeddable":true,"href":"https:\/\/www.yongjianceramic.com\/fr\/wp-json\/wp\/v2\/product_tag?post=5043"}],"curies":[{"name":"wp","href":"https:\/\/api.w.org\/{rel}","templated":true}]}}