{"id":5051,"date":"2025-08-15T22:34:24","date_gmt":"2025-08-15T14:34:24","guid":{"rendered":"https:\/\/www.yongjianceramic.com\/?post_type=product&#038;p=5051"},"modified":"2025-09-04T10:03:37","modified_gmt":"2025-09-04T02:03:37","slug":"custom-size-baking-pans","status":"publish","type":"product","link":"https:\/\/www.yongjianceramic.com\/fr\/produit\/custom-size-baking-pans\/","title":{"rendered":"Plaques \u00e0 p\u00e2tisserie sur mesure, Grossiste Articles de P\u00e2tisserie avec Poign\u00e9es"},"content":{"rendered":"<div class=\"wp-block-columns is-layout-flex wp-container-core-columns-is-layout-9d6595d7 wp-block-columns-is-layout-flex\">\n<div class=\"wp-block-column is-layout-flow wp-block-column-is-layout-flow\">\n<h2 class=\"wp-block-heading\">Plaques \u00e0 p\u00e2tisserie Premium de taille personnalis\u00e9e Caract\u00e9ristiques :<\/h2>\n\n\n\n<ul class=\"wp-block-list\">\n<li><strong>Design large et \u00e9tendu (14 pouces) : <\/strong>Les moules de cuisson sur mesure ont une grande capacit\u00e9 et sont parfaits pour griller du poisson, de la viande ou de grands plats lors des r\u00e9unions de famille, ce qui rend le service d'un seul plat plus \u00e9l\u00e9gant.<\/li>\n\n\n\n<li><strong>Poign\u00e9es doubles pour un retrait facile :<\/strong> La conception \u00e0 double poign\u00e9e des moules de cuisson de taille personnalis\u00e9e facilite le retrait et la r\u00e9sistance \u00e0 la chaleur, ce qui vous permet de retirer et de servir facilement vos aliments du four.<\/li>\n\n\n\n<li><strong>Diff\u00e9rentes couleurs pour s'adapter \u00e0 diff\u00e9rents styles de table :<\/strong> Cet ustensile de cuisson en gros est disponible en 4 couleurs, des tons chauds aux tons frais, parfait pour une vari\u00e9t\u00e9 de styles de restaurants et de maisons.<\/li>\n\n\n\n<li><strong>C\u00e9ramique r\u00e9sistante \u00e0 la chaleur, saine et \u00e9cologique :<\/strong> Cet ustensile de cuisson en gros cuit \u00e0 haute temp\u00e9rature, convient aux fours et aux micro-ondes, est s\u00fbr et exempt de substances nocives, durable et facile \u00e0 nettoyer.<\/li>\n<\/ul>\n<\/div>\n\n\n\n<div class=\"wp-block-column is-layout-flow wp-block-column-is-layout-flow\">\n<figure class=\"wp-block-image size-full\"><img fetchpriority=\"high\" decoding=\"async\" width=\"1600\" height=\"1600\" src=\"https:\/\/www.yongjianceramic.com\/wp-content\/uploads\/2025\/08\/custom-dinnerware-manufacturerwholesale-and-custom-ceramic-platesbulk-dinnerwareceramic-crockery-2.webp\" alt=\"po\u00eales \u00e0 p\u00e2tisserie de taille personnalis\u00e9e - ustensiles de cuisson en gros - avec poign\u00e9e - 2\" class=\"wp-image-5053\" srcset=\"https:\/\/www.yongjianceramic.com\/wp-content\/uploads\/2025\/08\/custom-dinnerware-manufacturerwholesale-and-custom-ceramic-platesbulk-dinnerwareceramic-crockery-2.webp 1600w, https:\/\/www.yongjianceramic.com\/wp-content\/uploads\/2025\/08\/custom-dinnerware-manufacturerwholesale-and-custom-ceramic-platesbulk-dinnerwareceramic-crockery-2-300x300.webp 300w, https:\/\/www.yongjianceramic.com\/wp-content\/uploads\/2025\/08\/custom-dinnerware-manufacturerwholesale-and-custom-ceramic-platesbulk-dinnerwareceramic-crockery-2-150x150.webp 150w, https:\/\/www.yongjianceramic.com\/wp-content\/uploads\/2025\/08\/custom-dinnerware-manufacturerwholesale-and-custom-ceramic-platesbulk-dinnerwareceramic-crockery-2-768x768.webp 768w, https:\/\/www.yongjianceramic.com\/wp-content\/uploads\/2025\/08\/custom-dinnerware-manufacturerwholesale-and-custom-ceramic-platesbulk-dinnerwareceramic-crockery-2-12x12.webp 12w, https:\/\/www.yongjianceramic.com\/wp-content\/uploads\/2025\/08\/custom-dinnerware-manufacturerwholesale-and-custom-ceramic-platesbulk-dinnerwareceramic-crockery-2-285x285.webp 285w, https:\/\/www.yongjianceramic.com\/wp-content\/uploads\/2025\/08\/custom-dinnerware-manufacturerwholesale-and-custom-ceramic-platesbulk-dinnerwareceramic-crockery-2-270x270.webp 270w, https:\/\/www.yongjianceramic.com\/wp-content\/uploads\/2025\/08\/custom-dinnerware-manufacturerwholesale-and-custom-ceramic-platesbulk-dinnerwareceramic-crockery-2-540x540.webp 540w, https:\/\/www.yongjianceramic.com\/wp-content\/uploads\/2025\/08\/custom-dinnerware-manufacturerwholesale-and-custom-ceramic-platesbulk-dinnerwareceramic-crockery-2-660x660.webp 660w\" sizes=\"(max-width: 1600px) 100vw, 1600px\" \/><\/figure>\n<\/div>\n<\/div>\n\n\n\n<p><\/p>","protected":false},"excerpt":{"rendered":"<p>Nous vous invitons \u00e0 acheter nos moules de cuisson sur mesure. Un grand moule de 14 pouces \u00e0 double poign\u00e9e, disponible en quatre couleurs, offre une grande capacit\u00e9 et une s\u00e9curit\u00e9 r\u00e9sistante \u00e0 la chaleur, ce qui le rend id\u00e9al pour les r\u00e9unions de famille et les grandes portions dans les restaurants.<\/p>\n<table style=\"border-collapse: collapse; width: 327.02pt;\" border=\"0\" width=\"654\" cellspacing=\"0\" cellpadding=\"0\">\n<tbody>\n<tr style=\"height: 16.50pt;\">\n<td class=\"et3\" style=\"height: 16.50pt; width: 127.20pt;\" width=\"254\" height=\"33\">Fabricant<\/td>\n<td class=\"et3\" style=\"width: 200.15pt;\" width=\"400\">Yongjian<\/td>\n<\/tr>\n<tr style=\"height: 16.50pt;\">\n<td class=\"et3\" style=\"height: 16.50pt;\" height=\"33\">Num\u00e9ro de mod\u00e8le<\/td>\n<td class=\"et4\" style=\"width: 200.15pt;\" width=\"400\">YJ-155<\/td>\n<\/tr>\n<tr style=\"height: 16.50pt;\">\n<td class=\"et3\" style=\"height: 16.50pt;\" height=\"33\">Type de produit<\/td>\n<td class=\"et3\">Plat de service<\/td>\n<\/tr>\n<tr style=\"height: 16.50pt;\">\n<td class=\"et3\" style=\"height: 16.50pt;\" height=\"33\">Mat\u00e9riau<\/td>\n<td class=\"et3\">Gr\u00e8s<\/td>\n<\/tr>\n<tr style=\"height: 16.50pt;\">\n<td class=\"et5\" style=\"height: 16.50pt;\" height=\"33\">Couleur<\/td>\n<td class=\"et3\">En tant qu'image<\/td>\n<\/tr>\n<tr style=\"height: 16.50pt;\">\n<td class=\"et3\" style=\"height: 16.50pt;\" height=\"33\">Dimension<\/td>\n<td class=\"et6\" style=\"width: 200.15pt;\" width=\"400\">Taille personnalis\u00e9e<\/td>\n<\/tr>\n<tr style=\"height: 16.50pt;\">\n<td class=\"et3\" style=\"height: 16.50pt;\" height=\"33\">MOQ<\/td>\n<td class=\"et3\">500pcs<\/td>\n<\/tr>\n<tr style=\"height: 16.50pt;\">\n<td class=\"et3\" style=\"height: 16.50pt;\" height=\"33\">Sur mesure<\/td>\n<td class=\"et3\">Couleur\/Taille\/Logo\/Emballage<\/td>\n<\/tr>\n<\/tbody>\n<\/table>\n<p><script src=\"chrome-extension:\/\/fpelahbljekknahkcaegamhcndkfpfnc\/iFrame.js\" type=\"text\/javascript\"><\/script><\/p>","protected":false},"featured_media":5052,"comment_status":"closed","ping_status":"closed","template":"","meta":{"_acf_changed":false},"product_brand":[],"product_cat":[99],"product_tag":[81],"class_list":{"0":"post-5051","1":"product","2":"type-product","3":"status-publish","4":"has-post-thumbnail","6":"product_cat-baking-dishes-wholesale","7":"product_tag-modern-design-dinnerware-set-wholesale","9":"first","10":"instock","11":"shipping-taxable","12":"product-type-simple"},"acf":[],"_links":{"self":[{"href":"https:\/\/www.yongjianceramic.com\/fr\/wp-json\/wp\/v2\/product\/5051","targetHints":{"allow":["GET"]}}],"collection":[{"href":"https:\/\/www.yongjianceramic.com\/fr\/wp-json\/wp\/v2\/product"}],"about":[{"href":"https:\/\/www.yongjianceramic.com\/fr\/wp-json\/wp\/v2\/types\/product"}],"replies":[{"embeddable":true,"href":"https:\/\/www.yongjianceramic.com\/fr\/wp-json\/wp\/v2\/comments?post=5051"}],"wp:featuredmedia":[{"embeddable":true,"href":"https:\/\/www.yongjianceramic.com\/fr\/wp-json\/wp\/v2\/media\/5052"}],"wp:attachment":[{"href":"https:\/\/www.yongjianceramic.com\/fr\/wp-json\/wp\/v2\/media?parent=5051"}],"wp:term":[{"taxonomy":"product_brand","embeddable":true,"href":"https:\/\/www.yongjianceramic.com\/fr\/wp-json\/wp\/v2\/product_brand?post=5051"},{"taxonomy":"product_cat","embeddable":true,"href":"https:\/\/www.yongjianceramic.com\/fr\/wp-json\/wp\/v2\/product_cat?post=5051"},{"taxonomy":"product_tag","embeddable":true,"href":"https:\/\/www.yongjianceramic.com\/fr\/wp-json\/wp\/v2\/product_tag?post=5051"}],"curies":[{"name":"wp","href":"https:\/\/api.w.org\/{rel}","templated":true}]}}