{"id":5073,"date":"2025-08-29T11:28:01","date_gmt":"2025-08-29T03:28:01","guid":{"rendered":"https:\/\/www.yongjianceramic.com\/?post_type=product&#038;p=5073"},"modified":"2025-09-01T09:12:05","modified_gmt":"2025-09-01T01:12:05","slug":"bulk-bakeware-set","status":"publish","type":"product","link":"https:\/\/www.yongjianceramic.com\/fr\/produit\/bulk-bakeware-set\/","title":{"rendered":"Porcelaine pour p\u00e2tisserie, Porcelaine pour p\u00e2tisserie Fournisseur grossiste"},"content":{"rendered":"<div class=\"wp-block-columns is-layout-flex wp-container-core-columns-is-layout-9d6595d7 wp-block-columns-is-layout-flex\">\n<div class=\"wp-block-column is-layout-flow wp-block-column-is-layout-flow\">\n<h2 class=\"wp-block-heading\">Ensemble d'ustensiles de cuisson en vrac blanc de qualit\u00e9 sup\u00e9rieure Caract\u00e9ristiques :<\/h2>\n\n\n\n<ul class=\"wp-block-list\">\n<li><strong>Conception pratique et commode \u00e0 double poign\u00e9e :<\/strong> Les poign\u00e9es renforc\u00e9es sur les deux c\u00f4t\u00e9s des plats de cuisson permettent de les retirer et de les servir facilement et en toute s\u00e9curit\u00e9, ce qui est parfait pour une utilisation fr\u00e9quente \u00e0 la maison ou au restaurant.<\/li>\n\n\n\n<li><strong>Porcelaine r\u00e9sistante aux hautes temp\u00e9ratures :<\/strong> Les plats de cuisson en gros sont respectueux de l'environnement et faciles \u00e0 nettoyer. Fabriqu\u00e9s en porcelaine haute temp\u00e9rature, ils sont tr\u00e8s r\u00e9sistants \u00e0 la chaleur et peuvent \u00eatre chauff\u00e9s au four \u00e0 micro-ondes et au four.<\/li>\n\n\n\n<li><strong>M\u00e9lange polyvalent :<\/strong> La batterie de cuisine en vrac comprend des moules de diff\u00e9rentes tailles pour la cuisson au four, les grillades, les p\u00e2tes, les desserts et la cuisine maison.<\/li>\n\n\n\n<li><strong>Blanc facile, look \u00e9l\u00e9gant : <\/strong>Les plats de cuisson en gros au design et aux couleurs blancs \u00e9l\u00e9gants s'harmonisent avec n'importe quel arrangement de table. Sans plomb et non toxique, il passe au micro-ondes, au four, au lave-vaisselle et au cong\u00e9lateur, ce qui le rend parfait pour une utilisation \u00e0 la maison, au restaurant et \u00e0 l'h\u00f4tel.<\/li>\n<\/ul>\n<\/div>\n\n\n\n<div class=\"wp-block-column is-layout-flow wp-block-column-is-layout-flow\">\n<figure class=\"wp-block-image size-full\"><img fetchpriority=\"high\" decoding=\"async\" width=\"2400\" height=\"2400\" src=\"https:\/\/www.yongjianceramic.com\/wp-content\/uploads\/2025\/08\/bulk-dinnerware-sets\uff0cceramic-dinnerware-manufacturing-process\uff0cwhite-porcelain-dinner-plates-bulk-5.webp\" alt=\"blanc-bulk-bakeware-set-porcelain-dinner-baking-dishes-wholesale-supplier-5\" class=\"wp-image-5078\" srcset=\"https:\/\/www.yongjianceramic.com\/wp-content\/uploads\/2025\/08\/bulk-dinnerware-sets\uff0cceramic-dinnerware-manufacturing-process\uff0cwhite-porcelain-dinner-plates-bulk-5.webp 2400w, https:\/\/www.yongjianceramic.com\/wp-content\/uploads\/2025\/08\/bulk-dinnerware-sets\uff0cceramic-dinnerware-manufacturing-process\uff0cwhite-porcelain-dinner-plates-bulk-5-300x300.webp 300w, https:\/\/www.yongjianceramic.com\/wp-content\/uploads\/2025\/08\/bulk-dinnerware-sets\uff0cceramic-dinnerware-manufacturing-process\uff0cwhite-porcelain-dinner-plates-bulk-5-150x150.webp 150w, https:\/\/www.yongjianceramic.com\/wp-content\/uploads\/2025\/08\/bulk-dinnerware-sets\uff0cceramic-dinnerware-manufacturing-process\uff0cwhite-porcelain-dinner-plates-bulk-5-768x768.webp 768w, https:\/\/www.yongjianceramic.com\/wp-content\/uploads\/2025\/08\/bulk-dinnerware-sets\uff0cceramic-dinnerware-manufacturing-process\uff0cwhite-porcelain-dinner-plates-bulk-5-12x12.webp 12w, https:\/\/www.yongjianceramic.com\/wp-content\/uploads\/2025\/08\/bulk-dinnerware-sets\uff0cceramic-dinnerware-manufacturing-process\uff0cwhite-porcelain-dinner-plates-bulk-5-285x285.webp 285w, https:\/\/www.yongjianceramic.com\/wp-content\/uploads\/2025\/08\/bulk-dinnerware-sets\uff0cceramic-dinnerware-manufacturing-process\uff0cwhite-porcelain-dinner-plates-bulk-5-1600x1600.webp 1600w, https:\/\/www.yongjianceramic.com\/wp-content\/uploads\/2025\/08\/bulk-dinnerware-sets\uff0cceramic-dinnerware-manufacturing-process\uff0cwhite-porcelain-dinner-plates-bulk-5-270x270.webp 270w, https:\/\/www.yongjianceramic.com\/wp-content\/uploads\/2025\/08\/bulk-dinnerware-sets\uff0cceramic-dinnerware-manufacturing-process\uff0cwhite-porcelain-dinner-plates-bulk-5-540x540.webp 540w, https:\/\/www.yongjianceramic.com\/wp-content\/uploads\/2025\/08\/bulk-dinnerware-sets\uff0cceramic-dinnerware-manufacturing-process\uff0cwhite-porcelain-dinner-plates-bulk-5-660x660.webp 660w\" sizes=\"(max-width: 2400px) 100vw, 2400px\" \/><\/figure>\n<\/div>\n<\/div>","protected":false},"excerpt":{"rendered":"<p>En tant que fournisseur fiable de plats de cuisson en porcelaine, nous offrons le meilleur ensemble de plats de cuisson en porcelaine durable, pouvant aller au four, au micro-ondes, au lave-vaisselle et au cong\u00e9lateur.OEM &amp; ODM personnalisation et les commandes en gros sont enti\u00e8rement pris en charge.Bienvenue \u00e0 nous contacter !<\/p>\n<table style=\"border-collapse: collapse; width: 327.02pt;\" border=\"0\" width=\"654\" cellspacing=\"0\" cellpadding=\"0\">\n<tbody>\n<tr style=\"height: 16.50pt;\">\n<td class=\"et3\" style=\"height: 16.50pt; width: 127.20pt;\" width=\"254\" height=\"33\">Fabricant<\/td>\n<td class=\"et3\" style=\"width: 200.15pt;\" width=\"400\">Yongjian<\/td>\n<\/tr>\n<tr style=\"height: 16.50pt;\">\n<td class=\"et3\" style=\"height: 16.50pt;\" height=\"33\">Num\u00e9ro de mod\u00e8le<\/td>\n<td class=\"et4\" style=\"width: 200.15pt;\" width=\"400\">YJ-156<\/td>\n<\/tr>\n<tr style=\"height: 16.50pt;\">\n<td class=\"et3\" style=\"height: 16.50pt;\" height=\"33\">Type de produit<\/td>\n<td class=\"et3\">Plat de service<\/td>\n<\/tr>\n<tr style=\"height: 16.50pt;\">\n<td class=\"et3\" style=\"height: 16.50pt;\" height=\"33\">Mat\u00e9riau<\/td>\n<td class=\"et3\">Gr\u00e8s<\/td>\n<\/tr>\n<tr style=\"height: 16.50pt;\">\n<td class=\"et5\" style=\"height: 16.50pt;\" height=\"33\">Couleur<\/td>\n<td class=\"et3\">En tant qu'image<\/td>\n<\/tr>\n<tr style=\"height: 16.50pt;\">\n<td class=\"et3\" style=\"height: 16.50pt;\" height=\"33\">Dimension<\/td>\n<td class=\"et6\" style=\"width: 200.15pt;\" width=\"400\">Taille personnalis\u00e9e<\/td>\n<\/tr>\n<tr style=\"height: 16.50pt;\">\n<td class=\"et3\" style=\"height: 16.50pt;\" height=\"33\">MOQ<\/td>\n<td class=\"et3\">500pcs<\/td>\n<\/tr>\n<tr style=\"height: 16.50pt;\">\n<td class=\"et3\" style=\"height: 16.50pt;\" height=\"33\">Sur mesure<\/td>\n<td class=\"et3\">Couleur\/Taille\/Logo\/Emballage<\/td>\n<\/tr>\n<\/tbody>\n<\/table>","protected":false},"featured_media":5075,"comment_status":"closed","ping_status":"closed","template":"","meta":{"_acf_changed":false},"product_brand":[],"product_cat":[62,99],"product_tag":[],"class_list":{"0":"post-5073","1":"product","2":"type-product","3":"status-publish","4":"has-post-thumbnail","6":"product_cat-ceramic-plates-wholesale","7":"product_cat-baking-dishes-wholesale","9":"first","10":"instock","11":"shipping-taxable","12":"product-type-simple"},"acf":[],"_links":{"self":[{"href":"https:\/\/www.yongjianceramic.com\/fr\/wp-json\/wp\/v2\/product\/5073","targetHints":{"allow":["GET"]}}],"collection":[{"href":"https:\/\/www.yongjianceramic.com\/fr\/wp-json\/wp\/v2\/product"}],"about":[{"href":"https:\/\/www.yongjianceramic.com\/fr\/wp-json\/wp\/v2\/types\/product"}],"replies":[{"embeddable":true,"href":"https:\/\/www.yongjianceramic.com\/fr\/wp-json\/wp\/v2\/comments?post=5073"}],"wp:featuredmedia":[{"embeddable":true,"href":"https:\/\/www.yongjianceramic.com\/fr\/wp-json\/wp\/v2\/media\/5075"}],"wp:attachment":[{"href":"https:\/\/www.yongjianceramic.com\/fr\/wp-json\/wp\/v2\/media?parent=5073"}],"wp:term":[{"taxonomy":"product_brand","embeddable":true,"href":"https:\/\/www.yongjianceramic.com\/fr\/wp-json\/wp\/v2\/product_brand?post=5073"},{"taxonomy":"product_cat","embeddable":true,"href":"https:\/\/www.yongjianceramic.com\/fr\/wp-json\/wp\/v2\/product_cat?post=5073"},{"taxonomy":"product_tag","embeddable":true,"href":"https:\/\/www.yongjianceramic.com\/fr\/wp-json\/wp\/v2\/product_tag?post=5073"}],"curies":[{"name":"wp","href":"https:\/\/api.w.org\/{rel}","templated":true}]}}