{"id":5080,"date":"2025-08-29T10:40:24","date_gmt":"2025-08-29T02:40:24","guid":{"rendered":"https:\/\/www.yongjianceramic.com\/?post_type=product&#038;p=5080"},"modified":"2025-09-01T09:12:15","modified_gmt":"2025-09-01T01:12:15","slug":"baking-pan-customized","status":"publish","type":"product","link":"https:\/\/www.yongjianceramic.com\/fr\/produit\/baking-pan-customized\/","title":{"rendered":"Plaque \u00e0 p\u00e2tisserie blanche et bleue personnalis\u00e9e, set de vaisselle rectangulaire pour restaurant Wholesale"},"content":{"rendered":"<div class=\"wp-block-columns is-layout-flex wp-container-core-columns-is-layout-9d6595d7 wp-block-columns-is-layout-flex\">\n<div class=\"wp-block-column is-layout-flow wp-block-column-is-layout-flow\">\n<h2 class=\"wp-block-heading\">Plaque \u00e0 p\u00e2tisserie Premium White&amp;Blue Caract\u00e9ristiques personnalis\u00e9es :<\/h2>\n\n\n\n<ul class=\"wp-block-list\">\n<li><strong>Combinaison classique de couleurs blanc et bleu, personnalisable :<\/strong> La combinaison personnalis\u00e9e des moules \u00e0 p\u00e2tisserie blancs et bleus cr\u00e9e un aspect frais et \u00e9l\u00e9gant. D'autres couleurs peuvent \u00e9galement \u00eatre personnalis\u00e9es sur demande pour s'adapter aux diff\u00e9rents styles de restaurants ou de maisons.<\/li>\n\n\n\n<li><strong>Conception pratique et s\u00fbre \u00e0 double poign\u00e9e :<\/strong> Le moule de cuisson est muni de poign\u00e9es pratiques des deux c\u00f4t\u00e9s, ce qui permet de le sortir et de le servir facilement. Durable et r\u00e9sistant aux br\u00fblures, il permet de servir les plats d\u00e8s leur sortie du four, am\u00e9liorant ainsi l'exp\u00e9rience de l'utilisateur.<\/li>\n\n\n\n<li><strong>Design ray\u00e9, simple et beau :<\/strong> Le design ext\u00e9rieur ray\u00e9 de la vaisselle en c\u00e9ramique de gros ajoute une touche moderne et superpos\u00e9e \u00e0 votre table \u00e0 manger.<\/li>\n\n\n\n<li><strong>Porcelaine haute temp\u00e9rature : <\/strong>L'ensemble de vaisselle en gros est fabriqu\u00e9 selon un processus de cuisson \u00e0 haute temp\u00e9rature. Il est r\u00e9sistant \u00e0 la chaleur, passe au four et au micro-ondes, est facile \u00e0 nettoyer et respecte l'environnement.<\/li>\n<\/ul>\n<\/div>\n\n\n\n<div class=\"wp-block-column is-layout-flow wp-block-column-is-layout-flow\">\n<figure class=\"wp-block-image size-full\"><img fetchpriority=\"high\" decoding=\"async\" width=\"1221\" height=\"1224\" src=\"https:\/\/www.yongjianceramic.com\/wp-content\/uploads\/2025\/08\/bulk-dinner-plates-whitecustom-charger-plateschinese-restaurant-crockery-1.webp\" alt=\"blanc&amp;bleu-pan de cuisson-customized-rectangular-restaurant-crockery-set-wholesale-1\" class=\"wp-image-5081\" srcset=\"https:\/\/www.yongjianceramic.com\/wp-content\/uploads\/2025\/08\/bulk-dinner-plates-whitecustom-charger-plateschinese-restaurant-crockery-1.webp 1221w, https:\/\/www.yongjianceramic.com\/wp-content\/uploads\/2025\/08\/bulk-dinner-plates-whitecustom-charger-plateschinese-restaurant-crockery-1-300x300.webp 300w, https:\/\/www.yongjianceramic.com\/wp-content\/uploads\/2025\/08\/bulk-dinner-plates-whitecustom-charger-plateschinese-restaurant-crockery-1-150x150.webp 150w, https:\/\/www.yongjianceramic.com\/wp-content\/uploads\/2025\/08\/bulk-dinner-plates-whitecustom-charger-plateschinese-restaurant-crockery-1-768x770.webp 768w, https:\/\/www.yongjianceramic.com\/wp-content\/uploads\/2025\/08\/bulk-dinner-plates-whitecustom-charger-plateschinese-restaurant-crockery-1-12x12.webp 12w, https:\/\/www.yongjianceramic.com\/wp-content\/uploads\/2025\/08\/bulk-dinner-plates-whitecustom-charger-plateschinese-restaurant-crockery-1-285x286.webp 285w, https:\/\/www.yongjianceramic.com\/wp-content\/uploads\/2025\/08\/bulk-dinner-plates-whitecustom-charger-plateschinese-restaurant-crockery-1-270x270.webp 270w, https:\/\/www.yongjianceramic.com\/wp-content\/uploads\/2025\/08\/bulk-dinner-plates-whitecustom-charger-plateschinese-restaurant-crockery-1-540x540.webp 540w, https:\/\/www.yongjianceramic.com\/wp-content\/uploads\/2025\/08\/bulk-dinner-plates-whitecustom-charger-plateschinese-restaurant-crockery-1-658x660.webp 658w\" sizes=\"(max-width: 1221px) 100vw, 1221px\" \/><\/figure>\n<\/div>\n<\/div>\n\n\n\n<p><\/p>","protected":false},"excerpt":{"rendered":"<p>Nous vous invitons \u00e0 acheter notre moule \u00e0 p\u00e2tisserie personnalis\u00e9. Ce moule rectangulaire blanc et bleu avec deux poign\u00e9es pr\u00e9sente un design ray\u00e9 simple et \u00e9l\u00e9gant. Des couleurs personnalis\u00e9es sont disponibles. Fabriqu\u00e9 en porcelaine haute temp\u00e9rature, il est \u00e0 la fois pratique et beau, parfait pour la cuisson \u00e0 domicile et les restaurants.<\/p>\n<table style=\"border-collapse: collapse; width: 327.02pt;\" border=\"0\" width=\"654\" cellspacing=\"0\" cellpadding=\"0\">\n<tbody>\n<tr style=\"height: 16.50pt;\">\n<td class=\"et3\" style=\"height: 16.50pt; width: 127.20pt;\" width=\"254\" height=\"33\">Fabricant<\/td>\n<td class=\"et3\" style=\"width: 200.15pt;\" width=\"400\">Yongjian<\/td>\n<\/tr>\n<tr style=\"height: 16.50pt;\">\n<td class=\"et3\" style=\"height: 16.50pt;\" height=\"33\">Num\u00e9ro de mod\u00e8le<\/td>\n<td class=\"et4\" style=\"width: 200.15pt;\" width=\"400\">YJ-157<\/td>\n<\/tr>\n<tr style=\"height: 16.50pt;\">\n<td class=\"et3\" style=\"height: 16.50pt;\" height=\"33\">Type de produit<\/td>\n<td class=\"et3\">Plat de service<\/td>\n<\/tr>\n<tr style=\"height: 16.50pt;\">\n<td class=\"et3\" style=\"height: 16.50pt;\" height=\"33\">Mat\u00e9riau<\/td>\n<td class=\"et3\">Gr\u00e8s<\/td>\n<\/tr>\n<tr style=\"height: 16.50pt;\">\n<td class=\"et5\" style=\"height: 16.50pt;\" height=\"33\">Couleur<\/td>\n<td class=\"et3\">En tant qu'image<\/td>\n<\/tr>\n<tr style=\"height: 16.50pt;\">\n<td class=\"et3\" style=\"height: 16.50pt;\" height=\"33\">Dimension<\/td>\n<td class=\"et6\" style=\"width: 200.15pt;\" width=\"400\">Taille personnalis\u00e9e<\/td>\n<\/tr>\n<tr style=\"height: 16.50pt;\">\n<td class=\"et3\" style=\"height: 16.50pt;\" height=\"33\">MOQ<\/td>\n<td class=\"et3\">500pcs<\/td>\n<\/tr>\n<tr style=\"height: 16.50pt;\">\n<td class=\"et3\" style=\"height: 16.50pt;\" height=\"33\">Sur mesure<\/td>\n<td class=\"et3\">Couleur\/Taille\/Logo\/Emballage<\/td>\n<\/tr>\n<\/tbody>\n<\/table>","protected":false},"featured_media":5083,"comment_status":"closed","ping_status":"closed","template":"","meta":{"_acf_changed":false},"product_brand":[],"product_cat":[62,99],"product_tag":[],"class_list":{"0":"post-5080","1":"product","2":"type-product","3":"status-publish","4":"has-post-thumbnail","6":"product_cat-ceramic-plates-wholesale","7":"product_cat-baking-dishes-wholesale","9":"first","10":"instock","11":"shipping-taxable","12":"product-type-simple"},"acf":[],"_links":{"self":[{"href":"https:\/\/www.yongjianceramic.com\/fr\/wp-json\/wp\/v2\/product\/5080","targetHints":{"allow":["GET"]}}],"collection":[{"href":"https:\/\/www.yongjianceramic.com\/fr\/wp-json\/wp\/v2\/product"}],"about":[{"href":"https:\/\/www.yongjianceramic.com\/fr\/wp-json\/wp\/v2\/types\/product"}],"replies":[{"embeddable":true,"href":"https:\/\/www.yongjianceramic.com\/fr\/wp-json\/wp\/v2\/comments?post=5080"}],"wp:featuredmedia":[{"embeddable":true,"href":"https:\/\/www.yongjianceramic.com\/fr\/wp-json\/wp\/v2\/media\/5083"}],"wp:attachment":[{"href":"https:\/\/www.yongjianceramic.com\/fr\/wp-json\/wp\/v2\/media?parent=5080"}],"wp:term":[{"taxonomy":"product_brand","embeddable":true,"href":"https:\/\/www.yongjianceramic.com\/fr\/wp-json\/wp\/v2\/product_brand?post=5080"},{"taxonomy":"product_cat","embeddable":true,"href":"https:\/\/www.yongjianceramic.com\/fr\/wp-json\/wp\/v2\/product_cat?post=5080"},{"taxonomy":"product_tag","embeddable":true,"href":"https:\/\/www.yongjianceramic.com\/fr\/wp-json\/wp\/v2\/product_tag?post=5080"}],"curies":[{"name":"wp","href":"https:\/\/api.w.org\/{rel}","templated":true}]}}