{"id":5086,"date":"2025-08-29T10:21:06","date_gmt":"2025-08-29T02:21:06","guid":{"rendered":"https:\/\/www.yongjianceramic.com\/?post_type=product&#038;p=5086"},"modified":"2025-09-04T10:02:30","modified_gmt":"2025-09-04T02:02:30","slug":"wholesale-small-baking-pans","status":"publish","type":"product","link":"https:\/\/www.yongjianceramic.com\/fr\/produit\/wholesale-small-baking-pans\/","title":{"rendered":"Petits moules \u00e0 p\u00e2tisserie en gros, vaisselle en c\u00e9ramique en gros pour les mariages"},"content":{"rendered":"<div class=\"wp-block-columns is-layout-flex wp-container-core-columns-is-layout-9d6595d7 wp-block-columns-is-layout-flex\">\n<div class=\"wp-block-column is-layout-flow wp-block-column-is-layout-flow\">\n<h2 class=\"wp-block-heading\">Petits moules \u00e0 p\u00e2tisserie Premium Wholesale Caract\u00e9ristiques :<\/h2>\n\n\n\n<ul class=\"wp-block-list\">\n<li><strong>Style blanc minimaliste : <\/strong>Ces petits moules en gros Nettoyer le design carr\u00e9 avec une simplicit\u00e9 moderne, parfait pour les mariages, les h\u00f4tels et les m\u00e9nages.<\/li>\n\n\n\n<li><strong>Conception \u00e0 double poign\u00e9e : <\/strong>Ces moules de cuisson en gros sont l\u00e9gers \u00e0 transporter et \u00e0 servir, id\u00e9aux pour les aliments chauds, les soupes ou les produits de boulangerie.<\/li>\n\n\n\n<li><strong>Application polyvalente :<\/strong> Les bols en c\u00e9ramique personnalis\u00e9s sont polyvalents et peuvent \u00eatre utilis\u00e9s comme plat de cuisson, bol \u00e0 soupe, bol \u00e0 salade ou plat de service.<\/li>\n\n\n\n<li><strong>Mat\u00e9riau c\u00e9ramique longue dur\u00e9e :<\/strong> Les bols en c\u00e9ramique personnalis\u00e9s sont fabriqu\u00e9s en porcelaine de qualit\u00e9 sup\u00e9rieure, vont au four, au micro-ondes et au lave-vaisselle, sont respectueux de l'environnement et ont une longue dur\u00e9e de vie.<\/li>\n<\/ul>\n<\/div>\n\n\n\n<div class=\"wp-block-column is-layout-flow wp-block-column-is-layout-flow\">\n<figure class=\"wp-block-image size-full\"><img fetchpriority=\"high\" decoding=\"async\" width=\"1600\" height=\"1600\" src=\"https:\/\/www.yongjianceramic.com\/wp-content\/uploads\/2025\/08\/wholesale-dinnerware-for-weddings\uff0cceramic-dinnerware-manufacturer\uff0ccustom-serving-bowl-6.webp\" alt=\"Fabricant de petits moules \u00e0 p\u00e2tisserie en c\u00e9ramique pour les mariages-6\" class=\"wp-image-5091\" srcset=\"https:\/\/www.yongjianceramic.com\/wp-content\/uploads\/2025\/08\/wholesale-dinnerware-for-weddings\uff0cceramic-dinnerware-manufacturer\uff0ccustom-serving-bowl-6.webp 1600w, https:\/\/www.yongjianceramic.com\/wp-content\/uploads\/2025\/08\/wholesale-dinnerware-for-weddings\uff0cceramic-dinnerware-manufacturer\uff0ccustom-serving-bowl-6-300x300.webp 300w, https:\/\/www.yongjianceramic.com\/wp-content\/uploads\/2025\/08\/wholesale-dinnerware-for-weddings\uff0cceramic-dinnerware-manufacturer\uff0ccustom-serving-bowl-6-150x150.webp 150w, https:\/\/www.yongjianceramic.com\/wp-content\/uploads\/2025\/08\/wholesale-dinnerware-for-weddings\uff0cceramic-dinnerware-manufacturer\uff0ccustom-serving-bowl-6-768x768.webp 768w, https:\/\/www.yongjianceramic.com\/wp-content\/uploads\/2025\/08\/wholesale-dinnerware-for-weddings\uff0cceramic-dinnerware-manufacturer\uff0ccustom-serving-bowl-6-12x12.webp 12w, https:\/\/www.yongjianceramic.com\/wp-content\/uploads\/2025\/08\/wholesale-dinnerware-for-weddings\uff0cceramic-dinnerware-manufacturer\uff0ccustom-serving-bowl-6-285x285.webp 285w, https:\/\/www.yongjianceramic.com\/wp-content\/uploads\/2025\/08\/wholesale-dinnerware-for-weddings\uff0cceramic-dinnerware-manufacturer\uff0ccustom-serving-bowl-6-270x270.webp 270w, https:\/\/www.yongjianceramic.com\/wp-content\/uploads\/2025\/08\/wholesale-dinnerware-for-weddings\uff0cceramic-dinnerware-manufacturer\uff0ccustom-serving-bowl-6-540x540.webp 540w, https:\/\/www.yongjianceramic.com\/wp-content\/uploads\/2025\/08\/wholesale-dinnerware-for-weddings\uff0cceramic-dinnerware-manufacturer\uff0ccustom-serving-bowl-6-660x660.webp 660w\" sizes=\"(max-width: 1600px) 100vw, 1600px\" \/><\/figure>\n<\/div>\n<\/div>","protected":false},"excerpt":{"rendered":"<p>Acheter en gros les petits moules carr\u00e9s \u00e0 double poign\u00e9e, de type bol \u00e0 soupe blanc uni. Universel pour la cuisson, le service et la restauration. La porcelaine est r\u00e9sistante, id\u00e9ale pour les mariages, les restaurants et l'usage domestique.<\/p>\n<table style=\"border-collapse: collapse; width: 327.02pt;\" border=\"0\" width=\"654\" cellspacing=\"0\" cellpadding=\"0\">\n<tbody>\n<tr style=\"height: 16.50pt;\">\n<td class=\"et3\" style=\"height: 16.50pt; width: 127.20pt;\" width=\"254\" height=\"33\">Fabricant<\/td>\n<td class=\"et3\" style=\"width: 200.15pt;\" width=\"400\">Yongjian<\/td>\n<\/tr>\n<tr style=\"height: 16.50pt;\">\n<td class=\"et3\" style=\"height: 16.50pt;\" height=\"33\">Num\u00e9ro de mod\u00e8le<\/td>\n<td class=\"et4\" style=\"width: 200.15pt;\" width=\"400\">YJ-158<\/td>\n<\/tr>\n<tr style=\"height: 16.50pt;\">\n<td class=\"et3\" style=\"height: 16.50pt;\" height=\"33\">Type de produit<\/td>\n<td class=\"et3\">Bols \u00e0 poign\u00e9e<\/td>\n<\/tr>\n<tr style=\"height: 16.50pt;\">\n<td class=\"et3\" style=\"height: 16.50pt;\" height=\"33\">Mat\u00e9riau<\/td>\n<td class=\"et3\">Gr\u00e8s<\/td>\n<\/tr>\n<tr style=\"height: 16.50pt;\">\n<td class=\"et5\" style=\"height: 16.50pt;\" height=\"33\">Couleur<\/td>\n<td class=\"et3\">En tant qu'image<\/td>\n<\/tr>\n<tr style=\"height: 16.50pt;\">\n<td class=\"et3\" style=\"height: 16.50pt;\" height=\"33\">Dimension<\/td>\n<td class=\"et6\" style=\"width: 200.15pt;\" width=\"400\">Taille personnalis\u00e9e<\/td>\n<\/tr>\n<tr style=\"height: 16.50pt;\">\n<td class=\"et3\" style=\"height: 16.50pt;\" height=\"33\">MOQ<\/td>\n<td class=\"et3\">500pcs<\/td>\n<\/tr>\n<tr style=\"height: 16.50pt;\">\n<td class=\"et3\" style=\"height: 16.50pt;\" height=\"33\">Sur mesure<\/td>\n<td class=\"et3\">Couleur\/Taille\/Logo\/Emballage<\/td>\n<\/tr>\n<\/tbody>\n<\/table>","protected":false},"featured_media":5089,"comment_status":"closed","ping_status":"closed","template":"","meta":{"_acf_changed":false},"product_brand":[],"product_cat":[99],"product_tag":[],"class_list":{"0":"post-5086","1":"product","2":"type-product","3":"status-publish","4":"has-post-thumbnail","6":"product_cat-baking-dishes-wholesale","8":"first","9":"instock","10":"shipping-taxable","11":"product-type-simple"},"acf":[],"_links":{"self":[{"href":"https:\/\/www.yongjianceramic.com\/fr\/wp-json\/wp\/v2\/product\/5086","targetHints":{"allow":["GET"]}}],"collection":[{"href":"https:\/\/www.yongjianceramic.com\/fr\/wp-json\/wp\/v2\/product"}],"about":[{"href":"https:\/\/www.yongjianceramic.com\/fr\/wp-json\/wp\/v2\/types\/product"}],"replies":[{"embeddable":true,"href":"https:\/\/www.yongjianceramic.com\/fr\/wp-json\/wp\/v2\/comments?post=5086"}],"wp:featuredmedia":[{"embeddable":true,"href":"https:\/\/www.yongjianceramic.com\/fr\/wp-json\/wp\/v2\/media\/5089"}],"wp:attachment":[{"href":"https:\/\/www.yongjianceramic.com\/fr\/wp-json\/wp\/v2\/media?parent=5086"}],"wp:term":[{"taxonomy":"product_brand","embeddable":true,"href":"https:\/\/www.yongjianceramic.com\/fr\/wp-json\/wp\/v2\/product_brand?post=5086"},{"taxonomy":"product_cat","embeddable":true,"href":"https:\/\/www.yongjianceramic.com\/fr\/wp-json\/wp\/v2\/product_cat?post=5086"},{"taxonomy":"product_tag","embeddable":true,"href":"https:\/\/www.yongjianceramic.com\/fr\/wp-json\/wp\/v2\/product_tag?post=5086"}],"curies":[{"name":"wp","href":"https:\/\/api.w.org\/{rel}","templated":true}]}}