{"id":5094,"date":"2025-08-29T09:59:40","date_gmt":"2025-08-29T01:59:40","guid":{"rendered":"https:\/\/www.yongjianceramic.com\/?post_type=product&#038;p=5094"},"modified":"2025-09-04T10:01:54","modified_gmt":"2025-09-04T02:01:54","slug":"ceramic-baking-dish-wholesale","status":"publish","type":"product","link":"https:\/\/www.yongjianceramic.com\/fr\/produit\/ceramic-baking-dish-wholesale\/","title":{"rendered":"Plat de cuisson en c\u00e9ramique de Boh\u00e8me de grande taille Wholesale, Custom Pasta Bowls Supplier"},"content":{"rendered":"<div class=\"wp-block-columns is-layout-flex wp-container-core-columns-is-layout-9d6595d7 wp-block-columns-is-layout-flex\">\n<div class=\"wp-block-column is-layout-flow wp-block-column-is-layout-flow\">\n<h2 class=\"wp-block-heading\">Plat de cuisson en c\u00e9ramique de Boh\u00e8me de premi\u00e8re qualit\u00e9 Caract\u00e9ristiques en gros :<\/h2>\n\n\n\n<ul class=\"wp-block-list\">\n<li><strong>Style d'inspiration boh\u00e9mienne :<\/strong> Le plat de cuisson en c\u00e9ramique de forme ronde avec finition gaufr\u00e9e donne une impression d'insouciance, de boh\u00e8me et d'exotisme.<\/li>\n\n\n\n<li><strong>Cuisson \u00e0 haute temp\u00e9rature : <\/strong>Le plat \u00e0 four en c\u00e9ramique cuit \u00e0 haute temp\u00e9rature est fabriqu\u00e9 en c\u00e9ramique de qualit\u00e9 sup\u00e9rieure, r\u00e9sistante \u00e0 la chaleur et aux fissures, adapt\u00e9e \u00e0 la cuisson fr\u00e9quente et \u00e0 l'utilisation sur table.<\/li>\n\n\n\n<li><strong>Flexibilit\u00e9 fonctionnelle : <\/strong>Ces bols \u00e0 p\u00e2tes personnalis\u00e9s sont suffisamment polyvalents pour remplir plusieurs fonctions : ils peuvent servir de moule \u00e0 p\u00e2tisserie, de bol \u00e0 p\u00e2tes, de saladier ou d'assiette \u00e0 dessert pour r\u00e9pondre \u00e0 diff\u00e9rents besoins en mati\u00e8re de restauration.<\/li>\n\n\n\n<li><strong>Options personnalis\u00e9es : <\/strong>Nos grands moules \u00e0 p\u00e2tisserie en c\u00e9ramique sont disponibles dans des couleurs, des tailles et des emballages personnalisables. Ils conviennent donc aux restaurants, aux mariages, aux banquets et aux cadeaux d'entreprise.<\/li>\n<\/ul>\n<\/div>\n\n\n\n<div class=\"wp-block-column is-layout-flow wp-block-column-is-layout-flow\">\n<figure class=\"wp-block-image size-full\"><img fetchpriority=\"high\" decoding=\"async\" width=\"1600\" height=\"1600\" src=\"https:\/\/www.yongjianceramic.com\/wp-content\/uploads\/2025\/08\/china-ceramic-platescrockery-factorycustom-pasta-bowls-1.webp\" alt=\"grand-boh\u00e8me-plat \u00e0 p\u00e2tisserie en c\u00e9ramique-vente en gros-boules \u00e0 p\u00e2tes personnalis\u00e9es-fournisseur-1\" class=\"wp-image-5095\" srcset=\"https:\/\/www.yongjianceramic.com\/wp-content\/uploads\/2025\/08\/china-ceramic-platescrockery-factorycustom-pasta-bowls-1.webp 1600w, https:\/\/www.yongjianceramic.com\/wp-content\/uploads\/2025\/08\/china-ceramic-platescrockery-factorycustom-pasta-bowls-1-300x300.webp 300w, https:\/\/www.yongjianceramic.com\/wp-content\/uploads\/2025\/08\/china-ceramic-platescrockery-factorycustom-pasta-bowls-1-150x150.webp 150w, https:\/\/www.yongjianceramic.com\/wp-content\/uploads\/2025\/08\/china-ceramic-platescrockery-factorycustom-pasta-bowls-1-768x768.webp 768w, https:\/\/www.yongjianceramic.com\/wp-content\/uploads\/2025\/08\/china-ceramic-platescrockery-factorycustom-pasta-bowls-1-12x12.webp 12w, https:\/\/www.yongjianceramic.com\/wp-content\/uploads\/2025\/08\/china-ceramic-platescrockery-factorycustom-pasta-bowls-1-285x285.webp 285w, https:\/\/www.yongjianceramic.com\/wp-content\/uploads\/2025\/08\/china-ceramic-platescrockery-factorycustom-pasta-bowls-1-270x270.webp 270w, https:\/\/www.yongjianceramic.com\/wp-content\/uploads\/2025\/08\/china-ceramic-platescrockery-factorycustom-pasta-bowls-1-540x540.webp 540w, https:\/\/www.yongjianceramic.com\/wp-content\/uploads\/2025\/08\/china-ceramic-platescrockery-factorycustom-pasta-bowls-1-660x660.webp 660w\" sizes=\"(max-width: 1600px) 100vw, 1600px\" \/><\/figure>\n<\/div>\n<\/div>","protected":false},"excerpt":{"rendered":"<p>Nous vous invitons \u00e0 acheter en gros notre plat \u00e0 four en c\u00e9ramique. Ce plateau rond gaufr\u00e9 d'inspiration boh\u00e8me ajoute non seulement de la beaut\u00e9 \u00e0 votre paysage de table, mais il est \u00e9galement durable et polyvalent. Il est id\u00e9al pour une utilisation \u00e0 la maison ou au restaurant.<\/p>\n<table style=\"border-collapse: collapse; width: 327.02pt;\" border=\"0\" width=\"654\" cellspacing=\"0\" cellpadding=\"0\">\n<tbody>\n<tr style=\"height: 16.50pt;\">\n<td class=\"et3\" style=\"height: 16.50pt; width: 127.20pt;\" width=\"254\" height=\"33\">Fabricant<\/td>\n<td class=\"et3\" style=\"width: 200.15pt;\" width=\"400\">Yongjian<\/td>\n<\/tr>\n<tr style=\"height: 16.50pt;\">\n<td class=\"et3\" style=\"height: 16.50pt;\" height=\"33\">Num\u00e9ro de mod\u00e8le<\/td>\n<td class=\"et4\" style=\"width: 200.15pt;\" width=\"400\">YJ-159<\/td>\n<\/tr>\n<tr style=\"height: 16.50pt;\">\n<td class=\"et3\" style=\"height: 16.50pt;\" height=\"33\">Type de produit<\/td>\n<td class=\"et3\">Plat de service<\/td>\n<\/tr>\n<tr style=\"height: 16.50pt;\">\n<td class=\"et3\" style=\"height: 16.50pt;\" height=\"33\">Mat\u00e9riau<\/td>\n<td class=\"et3\">Gr\u00e8s<\/td>\n<\/tr>\n<tr style=\"height: 16.50pt;\">\n<td class=\"et5\" style=\"height: 16.50pt;\" height=\"33\">Couleur<\/td>\n<td class=\"et3\">En tant qu'image<\/td>\n<\/tr>\n<tr style=\"height: 16.50pt;\">\n<td class=\"et3\" style=\"height: 16.50pt;\" height=\"33\">Dimension<\/td>\n<td class=\"et6\" style=\"width: 200.15pt;\" width=\"400\">Taille personnalis\u00e9e<\/td>\n<\/tr>\n<tr style=\"height: 16.50pt;\">\n<td class=\"et3\" style=\"height: 16.50pt;\" height=\"33\">MOQ<\/td>\n<td class=\"et3\">500pcs<\/td>\n<\/tr>\n<tr style=\"height: 16.50pt;\">\n<td class=\"et3\" style=\"height: 16.50pt;\" height=\"33\">Sur mesure<\/td>\n<td class=\"et3\">Couleur\/Taille\/Logo\/Emballage<\/td>\n<\/tr>\n<\/tbody>\n<\/table>","protected":false},"featured_media":5097,"comment_status":"closed","ping_status":"closed","template":"","meta":{"_acf_changed":false},"product_brand":[],"product_cat":[99],"product_tag":[84],"class_list":{"0":"post-5094","1":"product","2":"type-product","3":"status-publish","4":"has-post-thumbnail","6":"product_cat-baking-dishes-wholesale","7":"product_tag-retro-design-dinnerware-wholesale","9":"first","10":"instock","11":"shipping-taxable","12":"product-type-simple"},"acf":[],"_links":{"self":[{"href":"https:\/\/www.yongjianceramic.com\/fr\/wp-json\/wp\/v2\/product\/5094","targetHints":{"allow":["GET"]}}],"collection":[{"href":"https:\/\/www.yongjianceramic.com\/fr\/wp-json\/wp\/v2\/product"}],"about":[{"href":"https:\/\/www.yongjianceramic.com\/fr\/wp-json\/wp\/v2\/types\/product"}],"replies":[{"embeddable":true,"href":"https:\/\/www.yongjianceramic.com\/fr\/wp-json\/wp\/v2\/comments?post=5094"}],"wp:featuredmedia":[{"embeddable":true,"href":"https:\/\/www.yongjianceramic.com\/fr\/wp-json\/wp\/v2\/media\/5097"}],"wp:attachment":[{"href":"https:\/\/www.yongjianceramic.com\/fr\/wp-json\/wp\/v2\/media?parent=5094"}],"wp:term":[{"taxonomy":"product_brand","embeddable":true,"href":"https:\/\/www.yongjianceramic.com\/fr\/wp-json\/wp\/v2\/product_brand?post=5094"},{"taxonomy":"product_cat","embeddable":true,"href":"https:\/\/www.yongjianceramic.com\/fr\/wp-json\/wp\/v2\/product_cat?post=5094"},{"taxonomy":"product_tag","embeddable":true,"href":"https:\/\/www.yongjianceramic.com\/fr\/wp-json\/wp\/v2\/product_tag?post=5094"}],"curies":[{"name":"wp","href":"https:\/\/api.w.org\/{rel}","templated":true}]}}