{"id":5169,"date":"2025-10-23T17:15:33","date_gmt":"2025-10-23T09:15:33","guid":{"rendered":"https:\/\/www.yongjianceramic.com\/?post_type=product&#038;p=5169"},"modified":"2025-10-23T17:34:19","modified_gmt":"2025-10-23T09:34:19","slug":"catering-dinner-plates-in-bulk","status":"publish","type":"product","link":"https:\/\/www.yongjianceramic.com\/fr\/produit\/catering-dinner-plates-in-bulk\/","title":{"rendered":"Assiettes de traiteur de 8 pouces en vrac avec motif en spirale"},"content":{"rendered":"<div class=\"wp-block-columns is-layout-flex wp-container-core-columns-is-layout-9d6595d7 wp-block-columns-is-layout-flex\">\n<div class=\"wp-block-column is-layout-flow wp-block-column-is-layout-flow\">\n<h2 class=\"wp-block-heading\">Assiettes de table haut de gamme pour traiteurs, vendues en gros Caract\u00e9ristiques :<\/h2>\n\n\n\n<ul class=\"wp-block-list\">\n<li><strong>Mat\u00e9riau en porcelaine haut de gamme : <\/strong>Ces assiettes de table en gros sont fabriqu\u00e9es \u00e0 partir de porcelaine de haute qualit\u00e9 qui a \u00e9t\u00e9 cuite \u00e0 haute temp\u00e9rature pour garantir leur durabilit\u00e9, leur r\u00e9sistance aux rayures et leur finition brillante durable.<\/li>\n\n\n\n<li><strong>Magnifique motif peint \u00e0 la main :<\/strong> Nos assiettes de service en gros conviennent aussi bien \u00e0 un usage r\u00e9sidentiel que commercial. Elles sont orn\u00e9es d'une magnifique touche bleue peinte \u00e0 la main, qui apporte une note artistique et une sophistication moderne \u00e0 tous vos repas.<\/li>\n\n\n\n<li><strong>Taille standard 8 pouces : <\/strong>Nos assiettes plates vendues en gros conviennent parfaitement \u00e0 une utilisation dans les restaurants et \u00e0 la maison pour servir les plats principaux, les accompagnements, les soupes, les desserts, les salades et les entr\u00e9es.<\/li>\n\n\n\n<li><strong>Sans danger pour un usage quotidien : <\/strong>Nos assiettes de service ont un vernis enti\u00e8rement sans plomb et sans cadmium, sont adapt\u00e9es au contact alimentaire et passent au lave-vaisselle, conform\u00e9ment aux normes de s\u00e9curit\u00e9 nationales et internationales (conformes aux normes FDA\/LFGB).<\/li>\n<\/ul>\n<\/div>\n\n\n\n<div class=\"wp-block-column is-layout-flow wp-block-column-is-layout-flow\">\n<figure class=\"wp-block-image size-full\"><img fetchpriority=\"high\" decoding=\"async\" width=\"1080\" height=\"1080\" src=\"https:\/\/www.yongjianceramic.com\/wp-content\/uploads\/2025\/10\/8-inch-catering-dinner-plates-in-bulk-with-spiral-pattern-3.webp\" alt=\"Assiettes de service de 8 pouces en vrac avec motif en spirale 3\" class=\"wp-image-5172\" srcset=\"https:\/\/www.yongjianceramic.com\/wp-content\/uploads\/2025\/10\/8-inch-catering-dinner-plates-in-bulk-with-spiral-pattern-3.webp 1080w, https:\/\/www.yongjianceramic.com\/wp-content\/uploads\/2025\/10\/8-inch-catering-dinner-plates-in-bulk-with-spiral-pattern-3-300x300.webp 300w, https:\/\/www.yongjianceramic.com\/wp-content\/uploads\/2025\/10\/8-inch-catering-dinner-plates-in-bulk-with-spiral-pattern-3-150x150.webp 150w, https:\/\/www.yongjianceramic.com\/wp-content\/uploads\/2025\/10\/8-inch-catering-dinner-plates-in-bulk-with-spiral-pattern-3-768x768.webp 768w, https:\/\/www.yongjianceramic.com\/wp-content\/uploads\/2025\/10\/8-inch-catering-dinner-plates-in-bulk-with-spiral-pattern-3-12x12.webp 12w, https:\/\/www.yongjianceramic.com\/wp-content\/uploads\/2025\/10\/8-inch-catering-dinner-plates-in-bulk-with-spiral-pattern-3-285x285.webp 285w, https:\/\/www.yongjianceramic.com\/wp-content\/uploads\/2025\/10\/8-inch-catering-dinner-plates-in-bulk-with-spiral-pattern-3-270x270.webp 270w, https:\/\/www.yongjianceramic.com\/wp-content\/uploads\/2025\/10\/8-inch-catering-dinner-plates-in-bulk-with-spiral-pattern-3-540x540.webp 540w, https:\/\/www.yongjianceramic.com\/wp-content\/uploads\/2025\/10\/8-inch-catering-dinner-plates-in-bulk-with-spiral-pattern-3-660x660.webp 660w\" sizes=\"(max-width: 1080px) 100vw, 1080px\" \/><\/figure>\n<\/div>\n<\/div>","protected":false},"excerpt":{"rendered":"<p>Venez acheter en gros ces assiettes de table de 20 cm de diam\u00e8tre propos\u00e9es par Yongjian. Elles arborent un motif bleu spiral\u00e9 peint \u00e0 la main, alliant techniques anciennes et style moderne. Fabriqu\u00e9es en porcelaine cuite \u00e0 haute temp\u00e9rature, elles sont r\u00e9sistantes aux \u00e9clats, durables et s\u00fbres pour un usage quotidien. Adapt\u00e9es \u00e0 une grande vari\u00e9t\u00e9 d'aliments, ces assiettes ajoutent une touche d'\u00e9l\u00e9gance artistique \u00e0 chaque repas. Des services de vente en gros et de personnalisation peuvent \u00eatre fournis aux acheteurs internationaux et aux fournisseurs de restaurants.<\/p>\n<table border=\"0\" width=\"309\" cellspacing=\"0\" cellpadding=\"0\">\n<tbody>\n<tr>\n<td width=\"120\" height=\"17\">Fabricant<\/td>\n<td width=\"189\">Yongjian<\/td>\n<\/tr>\n<tr>\n<td height=\"18\">Num\u00e9ro de mod\u00e8le<\/td>\n<td width=\"189\">YJ-160<\/td>\n<\/tr>\n<tr>\n<td height=\"17\">Type de produit<\/td>\n<td>Assiette plate<\/td>\n<\/tr>\n<tr>\n<td height=\"17\">Mat\u00e9riau<\/td>\n<td>Porcelaine<\/td>\n<\/tr>\n<tr>\n<td height=\"17\">Couleur<\/td>\n<td>En tant qu'image<\/td>\n<\/tr>\n<tr>\n<td height=\"18\">Dimension<\/td>\n<td width=\"189\">20*20*4cm<\/td>\n<\/tr>\n<tr>\n<td height=\"17\">MOQ<\/td>\n<td>500pcs<\/td>\n<\/tr>\n<tr>\n<td height=\"17\">Sur mesure<\/td>\n<td>Couleur\/Taille\/Logo\/Emballage<\/td>\n<\/tr>\n<\/tbody>\n<\/table>","protected":false},"featured_media":5170,"comment_status":"closed","ping_status":"closed","template":"","meta":{"_acf_changed":false},"product_brand":[],"product_cat":[93,62],"product_tag":[81],"class_list":{"0":"post-5169","1":"product","2":"type-product","3":"status-publish","4":"has-post-thumbnail","6":"product_cat-bulk-dinner-plates","7":"product_cat-ceramic-plates-wholesale","8":"product_tag-modern-design-dinnerware-set-wholesale","10":"first","11":"instock","12":"shipping-taxable","13":"product-type-simple"},"acf":[],"_links":{"self":[{"href":"https:\/\/www.yongjianceramic.com\/fr\/wp-json\/wp\/v2\/product\/5169","targetHints":{"allow":["GET"]}}],"collection":[{"href":"https:\/\/www.yongjianceramic.com\/fr\/wp-json\/wp\/v2\/product"}],"about":[{"href":"https:\/\/www.yongjianceramic.com\/fr\/wp-json\/wp\/v2\/types\/product"}],"replies":[{"embeddable":true,"href":"https:\/\/www.yongjianceramic.com\/fr\/wp-json\/wp\/v2\/comments?post=5169"}],"wp:featuredmedia":[{"embeddable":true,"href":"https:\/\/www.yongjianceramic.com\/fr\/wp-json\/wp\/v2\/media\/5170"}],"wp:attachment":[{"href":"https:\/\/www.yongjianceramic.com\/fr\/wp-json\/wp\/v2\/media?parent=5169"}],"wp:term":[{"taxonomy":"product_brand","embeddable":true,"href":"https:\/\/www.yongjianceramic.com\/fr\/wp-json\/wp\/v2\/product_brand?post=5169"},{"taxonomy":"product_cat","embeddable":true,"href":"https:\/\/www.yongjianceramic.com\/fr\/wp-json\/wp\/v2\/product_cat?post=5169"},{"taxonomy":"product_tag","embeddable":true,"href":"https:\/\/www.yongjianceramic.com\/fr\/wp-json\/wp\/v2\/product_tag?post=5169"}],"curies":[{"name":"wp","href":"https:\/\/api.w.org\/{rel}","templated":true}]}}