{"id":5173,"date":"2025-10-23T17:34:27","date_gmt":"2025-10-23T09:34:27","guid":{"rendered":"https:\/\/www.yongjianceramic.com\/?post_type=product&#038;p=5173"},"modified":"2025-10-30T11:27:18","modified_gmt":"2025-10-30T03:27:18","slug":"bulk-ceramic-dishes","status":"publish","type":"product","link":"https:\/\/www.yongjianceramic.com\/fr\/produit\/bulk-ceramic-dishes\/","title":{"rendered":"Vaisselle en c\u00e9ramique en vrac avec motif de points rayonnants pour le restaurant et la maison"},"content":{"rendered":"<div class=\"wp-block-columns is-layout-flex wp-container-core-columns-is-layout-9d6595d7 wp-block-columns-is-layout-flex\">\n<div class=\"wp-block-column is-layout-flow wp-block-column-is-layout-flow\">\n<h2 class=\"wp-block-heading\">Plats en c\u00e9ramique en vrac de premi\u00e8re qualit\u00e9 Caract\u00e9ristiques :<\/h2>\n\n\n\n<ul class=\"wp-block-list\">\n<li><strong>Motif moderne de points rayonnants :<\/strong> Les plats en c\u00e9ramique en vrac ont \u00e9t\u00e9 d\u00e9cor\u00e9s \u00e0 la main d'un motif g\u00e9om\u00e9trique en forme de soleil, apportant un style contemporain aux espaces de restauration, parfaits pour les groupes de vaisselle de restaurant et de boutique.<\/li>\n\n\n\n<li><strong>Porcelaine de qualit\u00e9 sup\u00e9rieure Mat\u00e9riau <\/strong>Les plaques en c\u00e9ramique en vrac sont fabriqu\u00e9es \u00e0 partir de porcelaine cuite \u00e0 haute temp\u00e9rature, ce qui permet d'obtenir une finition durable, r\u00e9sistante \u00e0 l'\u00e9caillage et d'une brillance durable.<\/li>\n\n\n\n<li><strong>Polyvalent 8 pouces de diam\u00e8tre :<\/strong> Cette assiette de 20 cm de diam\u00e8tre est id\u00e9ale pour servir des salades, des hors-d'\u0153uvre ou des desserts et convient parfaitement \u00e0 la porcelaine informelle et \u00e0 la restauration.<\/li>\n\n\n\n<li><strong>Service de personnalisation OEM\/ODM :<\/strong> Yongjian peut imprimer des logos, modifier les couleurs et personnaliser les emballages pour les acheteurs en gros et les facilitateurs dans le domaine de l'h\u00f4tellerie.<\/li>\n<\/ul>\n<\/div>\n\n\n\n<div class=\"wp-block-column is-layout-flow wp-block-column-is-layout-flow\">\n<figure class=\"wp-block-image size-full\"><img fetchpriority=\"high\" decoding=\"async\" width=\"1080\" height=\"1080\" src=\"https:\/\/www.yongjianceramic.com\/wp-content\/uploads\/2025\/10\/bulk-ceramic-dishes-with-radiating-dot-pattern-for-restaurant-home-3.webp\" alt=\"bulk-ceramic-dishes-with-radiating-dot-pattern-for-restaurant-&amp;-home-3\" class=\"wp-image-5177\" srcset=\"https:\/\/www.yongjianceramic.com\/wp-content\/uploads\/2025\/10\/bulk-ceramic-dishes-with-radiating-dot-pattern-for-restaurant-home-3.webp 1080w, https:\/\/www.yongjianceramic.com\/wp-content\/uploads\/2025\/10\/bulk-ceramic-dishes-with-radiating-dot-pattern-for-restaurant-home-3-300x300.webp 300w, https:\/\/www.yongjianceramic.com\/wp-content\/uploads\/2025\/10\/bulk-ceramic-dishes-with-radiating-dot-pattern-for-restaurant-home-3-150x150.webp 150w, https:\/\/www.yongjianceramic.com\/wp-content\/uploads\/2025\/10\/bulk-ceramic-dishes-with-radiating-dot-pattern-for-restaurant-home-3-768x768.webp 768w, https:\/\/www.yongjianceramic.com\/wp-content\/uploads\/2025\/10\/bulk-ceramic-dishes-with-radiating-dot-pattern-for-restaurant-home-3-12x12.webp 12w, https:\/\/www.yongjianceramic.com\/wp-content\/uploads\/2025\/10\/bulk-ceramic-dishes-with-radiating-dot-pattern-for-restaurant-home-3-285x285.webp 285w, https:\/\/www.yongjianceramic.com\/wp-content\/uploads\/2025\/10\/bulk-ceramic-dishes-with-radiating-dot-pattern-for-restaurant-home-3-270x270.webp 270w, https:\/\/www.yongjianceramic.com\/wp-content\/uploads\/2025\/10\/bulk-ceramic-dishes-with-radiating-dot-pattern-for-restaurant-home-3-540x540.webp 540w, https:\/\/www.yongjianceramic.com\/wp-content\/uploads\/2025\/10\/bulk-ceramic-dishes-with-radiating-dot-pattern-for-restaurant-home-3-660x660.webp 660w\" sizes=\"(max-width: 1080px) 100vw, 1080px\" \/><\/figure>\n<\/div>\n<\/div>","protected":false},"excerpt":{"rendered":"<p>La vaisselle en c\u00e9ramique en vrac de Yongjian est orn\u00e9e d'un \u00e9tonnant motif de points rayonnants. Fabriqu\u00e9s en porcelaine de qualit\u00e9 sup\u00e9rieure, ils sont durables, compatibles avec les aliments et id\u00e9aux pour une utilisation \u00e0 la maison ou au restaurant.<\/p>\n<table border=\"0\" width=\"309\" cellspacing=\"0\" cellpadding=\"0\">\n<tbody>\n<tr>\n<td width=\"120\" height=\"17\">Fabricant<\/td>\n<td width=\"189\">Yongjian<\/td>\n<\/tr>\n<tr>\n<td height=\"18\">Num\u00e9ro de mod\u00e8le<\/td>\n<td width=\"189\">YJ-161<\/td>\n<\/tr>\n<tr>\n<td height=\"17\">Type de produit<\/td>\n<td>Assiette plate<\/td>\n<\/tr>\n<tr>\n<td height=\"17\">Mat\u00e9riau<\/td>\n<td>Porcelaine<\/td>\n<\/tr>\n<tr>\n<td height=\"17\">Couleur<\/td>\n<td>En tant qu'image<\/td>\n<\/tr>\n<tr>\n<td height=\"18\">Dimension<\/td>\n<td width=\"189\">20*20*4cm<\/td>\n<\/tr>\n<tr>\n<td height=\"17\">MOQ<\/td>\n<td>500pcs<\/td>\n<\/tr>\n<tr>\n<td height=\"17\">Sur mesure<\/td>\n<td>Couleur\/Taille\/Logo\/Emballage<\/td>\n<\/tr>\n<\/tbody>\n<\/table>","protected":false},"featured_media":5175,"comment_status":"closed","ping_status":"closed","template":"","meta":{"_acf_changed":false},"product_brand":[],"product_cat":[93,62],"product_tag":[81],"class_list":{"0":"post-5173","1":"product","2":"type-product","3":"status-publish","4":"has-post-thumbnail","6":"product_cat-bulk-dinner-plates","7":"product_cat-ceramic-plates-wholesale","8":"product_tag-modern-design-dinnerware-set-wholesale","10":"first","11":"instock","12":"shipping-taxable","13":"product-type-simple"},"acf":[],"_links":{"self":[{"href":"https:\/\/www.yongjianceramic.com\/fr\/wp-json\/wp\/v2\/product\/5173","targetHints":{"allow":["GET"]}}],"collection":[{"href":"https:\/\/www.yongjianceramic.com\/fr\/wp-json\/wp\/v2\/product"}],"about":[{"href":"https:\/\/www.yongjianceramic.com\/fr\/wp-json\/wp\/v2\/types\/product"}],"replies":[{"embeddable":true,"href":"https:\/\/www.yongjianceramic.com\/fr\/wp-json\/wp\/v2\/comments?post=5173"}],"wp:featuredmedia":[{"embeddable":true,"href":"https:\/\/www.yongjianceramic.com\/fr\/wp-json\/wp\/v2\/media\/5175"}],"wp:attachment":[{"href":"https:\/\/www.yongjianceramic.com\/fr\/wp-json\/wp\/v2\/media?parent=5173"}],"wp:term":[{"taxonomy":"product_brand","embeddable":true,"href":"https:\/\/www.yongjianceramic.com\/fr\/wp-json\/wp\/v2\/product_brand?post=5173"},{"taxonomy":"product_cat","embeddable":true,"href":"https:\/\/www.yongjianceramic.com\/fr\/wp-json\/wp\/v2\/product_cat?post=5173"},{"taxonomy":"product_tag","embeddable":true,"href":"https:\/\/www.yongjianceramic.com\/fr\/wp-json\/wp\/v2\/product_tag?post=5173"}],"curies":[{"name":"wp","href":"https:\/\/api.w.org\/{rel}","templated":true}]}}