{"id":5196,"date":"2025-10-31T00:15:37","date_gmt":"2025-10-30T16:15:37","guid":{"rendered":"https:\/\/www.yongjianceramic.com\/?post_type=product&#038;p=5196"},"modified":"2025-10-31T00:23:45","modified_gmt":"2025-10-30T16:23:45","slug":"dinner-plate-wholesale","status":"publish","type":"product","link":"https:\/\/www.yongjianceramic.com\/fr\/produit\/dinner-plate-wholesale\/","title":{"rendered":"Assiette plate ronde Wholesale, plats en c\u00e9ramique personnalis\u00e9s"},"content":{"rendered":"<div class=\"wp-block-columns is-layout-flex wp-container-core-columns-is-layout-9d6595d7 wp-block-columns-is-layout-flex\">\n<div class=\"wp-block-column is-layout-flow wp-block-column-is-layout-flow\">\n<h2 class=\"wp-block-heading\">Premium Round Dinner Plate Wholesale Caract\u00e9ristiques :<\/h2>\n\n\n\n<ul class=\"wp-block-list\">\n<li><strong>Design esth\u00e9tique oriental intemporel : <\/strong>Cette assiette \u00e0 d\u00eener de gros pr\u00e9sente un fond blanc classique associ\u00e9 \u00e0 des d\u00e9tails bleus, orn\u00e9s de magnifiques motifs floraux et de volutes. Le design fluide cr\u00e9e un sentiment d'\u00e9l\u00e9gance et d'art sur la table \u00e0 manger.<\/li>\n\n\n\n<li><strong>Taille id\u00e9ale pour le calcul :<\/strong> Cette assiette en gros a un diam\u00e8tre de 20 cm et une hauteur de 4 cm : le design a \u00e9t\u00e9 scientifiquement con\u00e7u pour permettre \u00e0 la fois une assiette \u00e0 plat principal pour contenir suffisamment de nourriture et \u00e9galement possible d'\u00eatre utilis\u00e9 comme une assiette \u00e0 salade, ou une assiette \u00e0 fruits, en fonction des besoins de l'occasion du repas.<\/li>\n\n\n\n<li><strong>Mat\u00e9riaux c\u00e9ramiques fins et artisanat : <\/strong>Ces plaques c\u00e9ramiques personnalis\u00e9es sont fabriqu\u00e9es uniquement \u00e0 partir de mati\u00e8res premi\u00e8res c\u00e9ramiques fines et cuites \u00e0 haute temp\u00e9rature, ce qui rend le produit solide et, avec une gla\u00e7ure lisse et uniforme, r\u00e9sistant \u00e0 l'usure et \u00e0 la d\u00e9coloration tout en offrant une longue dur\u00e9e de vie.<\/li>\n\n\n\n<li><strong>Fonctionnalit\u00e9 utilitaire exceptionnelle :<\/strong> Cette assiette en c\u00e9ramique personnalis\u00e9e a juste la bonne profondeur pour \u00e9viter que tout ne d\u00e9borde. La c\u00e9ramique sp\u00e9ciale est incroyablement s\u00fbre et non toxique dans sa surface, facile \u00e0 nettoyer, et passe au micro-ondes et au lave-vaisselle, des d\u00e9tails m\u00e9ticuleux qui vous seront utiles au quotidien et lors de vos r\u00e9ceptions.<\/li>\n<\/ul>\n<\/div>\n\n\n\n<div class=\"wp-block-column is-layout-flow wp-block-column-is-layout-flow\">\n<figure class=\"wp-block-image size-full\"><img fetchpriority=\"high\" decoding=\"async\" width=\"1080\" height=\"1080\" src=\"https:\/\/www.yongjianceramic.com\/wp-content\/uploads\/2025\/10\/round-dinner-plate-wholesale-custom-ceramic-dishes-for-restaurant-2.webp\" alt=\"assiette-ronde-assiette-de-grossiste-plats-en-c\u00e9ramique-personnalis\u00e9s-pour-restaurant-2\" class=\"wp-image-5190\" srcset=\"https:\/\/www.yongjianceramic.com\/wp-content\/uploads\/2025\/10\/round-dinner-plate-wholesale-custom-ceramic-dishes-for-restaurant-2.webp 1080w, https:\/\/www.yongjianceramic.com\/wp-content\/uploads\/2025\/10\/round-dinner-plate-wholesale-custom-ceramic-dishes-for-restaurant-2-300x300.webp 300w, https:\/\/www.yongjianceramic.com\/wp-content\/uploads\/2025\/10\/round-dinner-plate-wholesale-custom-ceramic-dishes-for-restaurant-2-150x150.webp 150w, https:\/\/www.yongjianceramic.com\/wp-content\/uploads\/2025\/10\/round-dinner-plate-wholesale-custom-ceramic-dishes-for-restaurant-2-768x768.webp 768w, https:\/\/www.yongjianceramic.com\/wp-content\/uploads\/2025\/10\/round-dinner-plate-wholesale-custom-ceramic-dishes-for-restaurant-2-12x12.webp 12w, https:\/\/www.yongjianceramic.com\/wp-content\/uploads\/2025\/10\/round-dinner-plate-wholesale-custom-ceramic-dishes-for-restaurant-2-285x285.webp 285w, https:\/\/www.yongjianceramic.com\/wp-content\/uploads\/2025\/10\/round-dinner-plate-wholesale-custom-ceramic-dishes-for-restaurant-2-270x270.webp 270w, https:\/\/www.yongjianceramic.com\/wp-content\/uploads\/2025\/10\/round-dinner-plate-wholesale-custom-ceramic-dishes-for-restaurant-2-540x540.webp 540w, https:\/\/www.yongjianceramic.com\/wp-content\/uploads\/2025\/10\/round-dinner-plate-wholesale-custom-ceramic-dishes-for-restaurant-2-660x660.webp 660w\" sizes=\"(max-width: 1080px) 100vw, 1080px\" \/><\/figure>\n<\/div>\n<\/div>","protected":false},"excerpt":{"rendered":"<p>Nous vous invitons \u00e0 acheter cette assiette \u00e0 d\u00eener en gros qui pr\u00e9sente un gla\u00e7age blanc pur avec un motif floral abstrait bleu fonc\u00e9. Si vous \u00eates \u00e0 la recherche d'un motif moderne mais \u00e9l\u00e9gant, cette assiette devrait \u00eatre parfaite pour les h\u00f4tels, les restaurants ou les cadeaux. Yongjian est un fabricant professionnel de vaisselle en c\u00e9ramique capable de fournir en gros ce design traditionnel ou des motifs similaires.<\/p>\n<table border=\"0\" width=\"309\" cellspacing=\"0\" cellpadding=\"0\">\n<tbody>\n<tr>\n<td width=\"120\" height=\"17\">Fabricant<\/td>\n<td width=\"189\">Yongjian<\/td>\n<\/tr>\n<tr>\n<td height=\"18\">Num\u00e9ro de mod\u00e8le<\/td>\n<td width=\"189\">YJ-162<\/td>\n<\/tr>\n<tr>\n<td height=\"17\">Type de produit<\/td>\n<td>Assiette plate<\/td>\n<\/tr>\n<tr>\n<td height=\"17\">Mat\u00e9riau<\/td>\n<td>Porcelaine<\/td>\n<\/tr>\n<tr>\n<td height=\"17\">Couleur<\/td>\n<td>En tant qu'image<\/td>\n<\/tr>\n<tr>\n<td height=\"18\">Dimension<\/td>\n<td width=\"189\">20*20*4cm<\/td>\n<\/tr>\n<tr>\n<td height=\"17\">MOQ<\/td>\n<td>500pcs<\/td>\n<\/tr>\n<tr>\n<td height=\"17\">Sur mesure<\/td>\n<td>Couleur\/Taille\/Logo\/Emballage<\/td>\n<\/tr>\n<\/tbody>\n<\/table>","protected":false},"featured_media":5189,"comment_status":"closed","ping_status":"closed","template":"","meta":{"_acf_changed":false},"product_brand":[],"product_cat":[93,62],"product_tag":[86],"class_list":{"0":"post-5196","1":"product","2":"type-product","3":"status-publish","4":"has-post-thumbnail","6":"product_cat-bulk-dinner-plates","7":"product_cat-ceramic-plates-wholesale","8":"product_tag-oriental-style-dinnerware-wholesale","10":"first","11":"instock","12":"shipping-taxable","13":"product-type-simple"},"acf":[],"_links":{"self":[{"href":"https:\/\/www.yongjianceramic.com\/fr\/wp-json\/wp\/v2\/product\/5196","targetHints":{"allow":["GET"]}}],"collection":[{"href":"https:\/\/www.yongjianceramic.com\/fr\/wp-json\/wp\/v2\/product"}],"about":[{"href":"https:\/\/www.yongjianceramic.com\/fr\/wp-json\/wp\/v2\/types\/product"}],"replies":[{"embeddable":true,"href":"https:\/\/www.yongjianceramic.com\/fr\/wp-json\/wp\/v2\/comments?post=5196"}],"wp:featuredmedia":[{"embeddable":true,"href":"https:\/\/www.yongjianceramic.com\/fr\/wp-json\/wp\/v2\/media\/5189"}],"wp:attachment":[{"href":"https:\/\/www.yongjianceramic.com\/fr\/wp-json\/wp\/v2\/media?parent=5196"}],"wp:term":[{"taxonomy":"product_brand","embeddable":true,"href":"https:\/\/www.yongjianceramic.com\/fr\/wp-json\/wp\/v2\/product_brand?post=5196"},{"taxonomy":"product_cat","embeddable":true,"href":"https:\/\/www.yongjianceramic.com\/fr\/wp-json\/wp\/v2\/product_cat?post=5196"},{"taxonomy":"product_tag","embeddable":true,"href":"https:\/\/www.yongjianceramic.com\/fr\/wp-json\/wp\/v2\/product_tag?post=5196"}],"curies":[{"name":"wp","href":"https:\/\/api.w.org\/{rel}","templated":true}]}}