{"id":5198,"date":"2025-10-31T00:26:09","date_gmt":"2025-10-30T16:26:09","guid":{"rendered":"https:\/\/www.yongjianceramic.com\/?post_type=product&#038;p=5198"},"modified":"2025-10-31T00:56:35","modified_gmt":"2025-10-30T16:56:35","slug":"dinner-plates-in-bulk","status":"publish","type":"product","link":"https:\/\/www.yongjianceramic.com\/fr\/produit\/dinner-plates-in-bulk\/","title":{"rendered":"Assiettes plates en vrac \u00e0 motif floral Factory Direct"},"content":{"rendered":"<div class=\"wp-block-columns is-layout-flex wp-container-core-columns-is-layout-9d6595d7 wp-block-columns-is-layout-flex\">\n<div class=\"wp-block-column is-layout-flow wp-block-column-is-layout-flow\">\n<h2 class=\"wp-block-heading\">Assiettes \u00e0 d\u00eener de qualit\u00e9 sup\u00e9rieure en vrac Caract\u00e9ristiques :<\/h2>\n\n\n\n<ul class=\"wp-block-list\">\n<li><strong>Style vintage \u00e9l\u00e9gant :<\/strong> Ces assiettes en vrac pr\u00e9sentent un motif floral richement d\u00e9taill\u00e9 sur fond bleu et noir. L'association de couleurs classiques donne une touche vintage et artistique qui ajoute un int\u00e9r\u00eat visuel important \u00e0 votre table \u00e0 l'heure du repas. Parfaites pour les restaurants \u00e0 th\u00e8me, les h\u00f4tels de luxe, etc.<\/li>\n\n\n\n<li><strong>Fonctionnel :<\/strong> Ces assiettes \u00e0 d\u00eener de 8 pouces en vrac sont parfaites pour servir de plat principal, d'assiette \u00e0 p\u00e2tes ou d'assiette \u00e0 partager. Leur volume mod\u00e9r\u00e9 permet de servir des portions raisonnables, tout en s'empilant et en se rangeant bien, et se nettoie facilement par la suite.<\/li>\n\n\n\n<li><strong>Mat\u00e9riau de qualit\u00e9 et durable : <\/strong>Fabriqu\u00e9es \u00e0 partir de mati\u00e8res premi\u00e8res c\u00e9ramiques de qualit\u00e9 et cuites \u00e0 haute temp\u00e9rature, ces assiettes \u00e0 d\u00eener en gros ont une texture fine et dure et une gla\u00e7ure lisse et uniforme qui les rendent r\u00e9sistantes et imperm\u00e9ables.<\/li>\n\n\n\n<li><strong>Utilisations polyvalentes potentielles : <\/strong>Ces assiettes \u00e0 d\u00eener personnalis\u00e9es sont id\u00e9ales pour un usage quotidien dans les restaurants, les h\u00f4tels et les caf\u00e9s ; le motif d\u00e9coratif sera dynamiquement enrichi par la nourriture qui y est plac\u00e9e, rendant l'apparence vibrante et app\u00e9tissante.<\/li>\n<\/ul>\n<\/div>\n\n\n\n<div class=\"wp-block-column is-layout-flow wp-block-column-is-layout-flow\">\n<figure class=\"wp-block-image size-full\"><img fetchpriority=\"high\" decoding=\"async\" width=\"1080\" height=\"1080\" src=\"https:\/\/www.yongjianceramic.com\/wp-content\/uploads\/2025\/10\/factory-direct-ceramic-dinner-plates-in-bulk-with-a-floral-pattern-3.webp\" alt=\"factory-direct-ceramic-dinner-plates-in-bulk-with-a-floral-pattern-3\" class=\"wp-image-5201\" srcset=\"https:\/\/www.yongjianceramic.com\/wp-content\/uploads\/2025\/10\/factory-direct-ceramic-dinner-plates-in-bulk-with-a-floral-pattern-3.webp 1080w, https:\/\/www.yongjianceramic.com\/wp-content\/uploads\/2025\/10\/factory-direct-ceramic-dinner-plates-in-bulk-with-a-floral-pattern-3-300x300.webp 300w, https:\/\/www.yongjianceramic.com\/wp-content\/uploads\/2025\/10\/factory-direct-ceramic-dinner-plates-in-bulk-with-a-floral-pattern-3-150x150.webp 150w, https:\/\/www.yongjianceramic.com\/wp-content\/uploads\/2025\/10\/factory-direct-ceramic-dinner-plates-in-bulk-with-a-floral-pattern-3-768x768.webp 768w, https:\/\/www.yongjianceramic.com\/wp-content\/uploads\/2025\/10\/factory-direct-ceramic-dinner-plates-in-bulk-with-a-floral-pattern-3-12x12.webp 12w, https:\/\/www.yongjianceramic.com\/wp-content\/uploads\/2025\/10\/factory-direct-ceramic-dinner-plates-in-bulk-with-a-floral-pattern-3-285x285.webp 285w, https:\/\/www.yongjianceramic.com\/wp-content\/uploads\/2025\/10\/factory-direct-ceramic-dinner-plates-in-bulk-with-a-floral-pattern-3-270x270.webp 270w, https:\/\/www.yongjianceramic.com\/wp-content\/uploads\/2025\/10\/factory-direct-ceramic-dinner-plates-in-bulk-with-a-floral-pattern-3-540x540.webp 540w, https:\/\/www.yongjianceramic.com\/wp-content\/uploads\/2025\/10\/factory-direct-ceramic-dinner-plates-in-bulk-with-a-floral-pattern-3-660x660.webp 660w\" sizes=\"(max-width: 1080px) 100vw, 1080px\" \/><\/figure>\n<\/div>\n<\/div>","protected":false},"excerpt":{"rendered":"<p>Nous vous invitons \u00e0 acheter nos assiettes en c\u00e9ramique en vrac. Ces assiettes sont de 8 pouces et ont un motif vintage, ce qui les rend parfaites pour l'industrie de la restauration. Yongjian propose des produits en gros et des mod\u00e8les personnalis\u00e9s, ce qui en fait la solution id\u00e9ale pour les restaurants, les h\u00f4tels et les fournisseurs de cadeaux. Contactez-nous pour des devis en gros et des options de personnalisation.<\/p>\n<table border=\"0\" width=\"309\" cellspacing=\"0\" cellpadding=\"0\">\n<tbody>\n<tr>\n<td width=\"120\" height=\"17\">Fabricant<\/td>\n<td width=\"189\">Yongjian<\/td>\n<\/tr>\n<tr>\n<td height=\"18\">Num\u00e9ro de mod\u00e8le<\/td>\n<td width=\"189\">YJ-164<\/td>\n<\/tr>\n<tr>\n<td height=\"17\">Type de produit<\/td>\n<td>Assiette plate<\/td>\n<\/tr>\n<tr>\n<td height=\"17\">Mat\u00e9riau<\/td>\n<td>Porcelaine<\/td>\n<\/tr>\n<tr>\n<td height=\"17\">Couleur<\/td>\n<td>En tant qu'image<\/td>\n<\/tr>\n<tr>\n<td height=\"18\">Dimension<\/td>\n<td width=\"189\">20*20*4cm<\/td>\n<\/tr>\n<tr>\n<td height=\"17\">MOQ<\/td>\n<td>500pcs<\/td>\n<\/tr>\n<tr>\n<td height=\"17\">Sur mesure<\/td>\n<td>Couleur\/Taille\/Logo\/Emballage<\/td>\n<\/tr>\n<\/tbody>\n<\/table>","protected":false},"featured_media":5199,"comment_status":"closed","ping_status":"closed","template":"","meta":{"_acf_changed":false},"product_brand":[],"product_cat":[93,62],"product_tag":[86],"class_list":{"0":"post-5198","1":"product","2":"type-product","3":"status-publish","4":"has-post-thumbnail","6":"product_cat-bulk-dinner-plates","7":"product_cat-ceramic-plates-wholesale","8":"product_tag-oriental-style-dinnerware-wholesale","10":"first","11":"instock","12":"shipping-taxable","13":"product-type-simple"},"acf":[],"_links":{"self":[{"href":"https:\/\/www.yongjianceramic.com\/fr\/wp-json\/wp\/v2\/product\/5198","targetHints":{"allow":["GET"]}}],"collection":[{"href":"https:\/\/www.yongjianceramic.com\/fr\/wp-json\/wp\/v2\/product"}],"about":[{"href":"https:\/\/www.yongjianceramic.com\/fr\/wp-json\/wp\/v2\/types\/product"}],"replies":[{"embeddable":true,"href":"https:\/\/www.yongjianceramic.com\/fr\/wp-json\/wp\/v2\/comments?post=5198"}],"wp:featuredmedia":[{"embeddable":true,"href":"https:\/\/www.yongjianceramic.com\/fr\/wp-json\/wp\/v2\/media\/5199"}],"wp:attachment":[{"href":"https:\/\/www.yongjianceramic.com\/fr\/wp-json\/wp\/v2\/media?parent=5198"}],"wp:term":[{"taxonomy":"product_brand","embeddable":true,"href":"https:\/\/www.yongjianceramic.com\/fr\/wp-json\/wp\/v2\/product_brand?post=5198"},{"taxonomy":"product_cat","embeddable":true,"href":"https:\/\/www.yongjianceramic.com\/fr\/wp-json\/wp\/v2\/product_cat?post=5198"},{"taxonomy":"product_tag","embeddable":true,"href":"https:\/\/www.yongjianceramic.com\/fr\/wp-json\/wp\/v2\/product_tag?post=5198"}],"curies":[{"name":"wp","href":"https:\/\/api.w.org\/{rel}","templated":true}]}}