{"id":5225,"date":"2025-11-06T08:48:30","date_gmt":"2025-11-06T00:48:30","guid":{"rendered":"https:\/\/www.yongjianceramic.com\/?post_type=product&#038;p=5225"},"modified":"2025-11-06T09:50:23","modified_gmt":"2025-11-06T01:50:23","slug":"custom-ceramic-dishes","status":"publish","type":"product","link":"https:\/\/www.yongjianceramic.com\/fr\/produit\/custom-ceramic-dishes\/","title":{"rendered":"Assiettes en c\u00e9ramique simples et personnalis\u00e9es, Assiettes \u00e0 d\u00eener de restaurant Wholesale"},"content":{"rendered":"<div class=\"wp-block-columns is-layout-flex wp-container-core-columns-is-layout-9d6595d7 wp-block-columns-is-layout-flex\">\n<div class=\"wp-block-column is-layout-flow wp-block-column-is-layout-flow\">\n<h2 class=\"wp-block-heading\">Caract\u00e9ristiques des plats en c\u00e9ramique personnalis\u00e9s haut de gamme :<\/h2>\n\n\n\n<ul class=\"wp-block-list\">\n<li><strong>Cr\u00e9er une nouvelle ambiance :<\/strong> Ces plats en c\u00e9ramique personnalis\u00e9s se d\u00e9clinent dans une palette de couleurs bleu et blanc et arborent des motifs floraux naturels qui conf\u00e8rent une esth\u00e9tique visuelle apaisante et novatrice, apportant \u00e0 votre table ou \u00e0 votre int\u00e9rieur la gaiet\u00e9 et le dynamisme associ\u00e9s \u00e0 la nature.<\/li>\n\n\n\n<li><strong>De magnifiques motifs floraux :<\/strong> Ces plats en c\u00e9ramique personnalis\u00e9s arborent des motifs floraux inspir\u00e9s de la nature, de diff\u00e9rentes tailles, dispos\u00e9s en cercle. Ils sont orn\u00e9s d'une fine bordure marron qui leur conf\u00e8re une touche artistique et un sens du rythme.<\/li>\n\n\n\n<li><strong>Fonctionnel et pratique :<\/strong> Ces assiettes de restaurant vendues en gros sont de taille standard et conviennent aussi bien pour servir des plats que pour pr\u00e9senter des articles.<\/li>\n\n\n\n<li><strong>Mat\u00e9riau durable et de haute qualit\u00e9 :<\/strong> Ces assiettes de restaurant vendues en gros sont fabriqu\u00e9es \u00e0 partir de mati\u00e8res premi\u00e8res c\u00e9ramiques de haute qualit\u00e9, cuites \u00e0 haute temp\u00e9rature, ce qui leur conf\u00e8re une texture d\u00e9licate mais r\u00e9sistante, un vernis lisse et uniforme, ainsi qu'une grande durabilit\u00e9. Elles sont \u00e9galement imperm\u00e9ables.<\/li>\n<\/ul>\n<\/div>\n\n\n\n<div class=\"wp-block-column is-layout-flow wp-block-column-is-layout-flow\">\n<figure class=\"wp-block-image size-full\"><img fetchpriority=\"high\" decoding=\"async\" width=\"1080\" height=\"1080\" src=\"https:\/\/www.yongjianceramic.com\/wp-content\/uploads\/2025\/11\/custom-ceramic-dishes-restaurant-dinner-plates-wholesale-3.webp\" alt=\"plats-en-c\u00e9ramique-sur-mesure-restaurant-assiettes-de-table-vente-en-gros-3\" class=\"wp-image-5228\" srcset=\"https:\/\/www.yongjianceramic.com\/wp-content\/uploads\/2025\/11\/custom-ceramic-dishes-restaurant-dinner-plates-wholesale-3.webp 1080w, https:\/\/www.yongjianceramic.com\/wp-content\/uploads\/2025\/11\/custom-ceramic-dishes-restaurant-dinner-plates-wholesale-3-300x300.webp 300w, https:\/\/www.yongjianceramic.com\/wp-content\/uploads\/2025\/11\/custom-ceramic-dishes-restaurant-dinner-plates-wholesale-3-150x150.webp 150w, https:\/\/www.yongjianceramic.com\/wp-content\/uploads\/2025\/11\/custom-ceramic-dishes-restaurant-dinner-plates-wholesale-3-768x768.webp 768w, https:\/\/www.yongjianceramic.com\/wp-content\/uploads\/2025\/11\/custom-ceramic-dishes-restaurant-dinner-plates-wholesale-3-12x12.webp 12w, https:\/\/www.yongjianceramic.com\/wp-content\/uploads\/2025\/11\/custom-ceramic-dishes-restaurant-dinner-plates-wholesale-3-285x285.webp 285w, https:\/\/www.yongjianceramic.com\/wp-content\/uploads\/2025\/11\/custom-ceramic-dishes-restaurant-dinner-plates-wholesale-3-270x270.webp 270w, https:\/\/www.yongjianceramic.com\/wp-content\/uploads\/2025\/11\/custom-ceramic-dishes-restaurant-dinner-plates-wholesale-3-540x540.webp 540w, https:\/\/www.yongjianceramic.com\/wp-content\/uploads\/2025\/11\/custom-ceramic-dishes-restaurant-dinner-plates-wholesale-3-660x660.webp 660w\" sizes=\"(max-width: 1080px) 100vw, 1080px\" \/><\/figure>\n<\/div>\n<\/div>","protected":false},"excerpt":{"rendered":"<p>Bienvenue pour acheter nos assiettes en c\u00e9ramique personnalis\u00e9es. Cette assiette de restaurant vendue en gros se caract\u00e9rise par une palette de couleurs bleu et blanc rafra\u00eechissante et des motifs floraux naturels, d\u00e9gageant une atmosph\u00e8re artistique nordique minimaliste. Il s'agit non seulement d'une assiette pratique, mais \u00e9galement d'une d\u00e9coration \u00e9l\u00e9gante pour la maison. Sa taille standard la rend adapt\u00e9e \u00e0 divers contextes, des maisons aux restaurants et h\u00f4tels, alliant fonctionnalit\u00e9 et esth\u00e9tique.<\/p>\n<table border=\"0\" width=\"309\" cellspacing=\"0\" cellpadding=\"0\">\n<tbody>\n<tr>\n<td width=\"120\" height=\"17\">Fabricant<\/td>\n<td width=\"189\">Yongjian<\/td>\n<\/tr>\n<tr>\n<td height=\"18\">Num\u00e9ro de mod\u00e8le<\/td>\n<td width=\"189\">YJ-165<\/td>\n<\/tr>\n<tr>\n<td height=\"17\">Type de produit<\/td>\n<td>Assiette plate<\/td>\n<\/tr>\n<tr>\n<td height=\"17\">Mat\u00e9riau<\/td>\n<td>Porcelaine<\/td>\n<\/tr>\n<tr>\n<td height=\"17\">Couleur<\/td>\n<td>En tant qu'image<\/td>\n<\/tr>\n<tr>\n<td height=\"18\">Dimension<\/td>\n<td width=\"189\">20*20*4cm<\/td>\n<\/tr>\n<tr>\n<td height=\"17\">MOQ<\/td>\n<td>500pcs<\/td>\n<\/tr>\n<tr>\n<td height=\"17\">Sur mesure<\/td>\n<td>Couleur\/Taille\/Logo\/Emballage<\/td>\n<\/tr>\n<\/tbody>\n<\/table>","protected":false},"featured_media":5226,"comment_status":"closed","ping_status":"closed","template":"","meta":{"_acf_changed":false},"product_brand":[],"product_cat":[93,62],"product_tag":[81],"class_list":{"0":"post-5225","1":"product","2":"type-product","3":"status-publish","4":"has-post-thumbnail","6":"product_cat-bulk-dinner-plates","7":"product_cat-ceramic-plates-wholesale","8":"product_tag-modern-design-dinnerware-set-wholesale","10":"first","11":"instock","12":"shipping-taxable","13":"product-type-simple"},"acf":[],"_links":{"self":[{"href":"https:\/\/www.yongjianceramic.com\/fr\/wp-json\/wp\/v2\/product\/5225","targetHints":{"allow":["GET"]}}],"collection":[{"href":"https:\/\/www.yongjianceramic.com\/fr\/wp-json\/wp\/v2\/product"}],"about":[{"href":"https:\/\/www.yongjianceramic.com\/fr\/wp-json\/wp\/v2\/types\/product"}],"replies":[{"embeddable":true,"href":"https:\/\/www.yongjianceramic.com\/fr\/wp-json\/wp\/v2\/comments?post=5225"}],"wp:featuredmedia":[{"embeddable":true,"href":"https:\/\/www.yongjianceramic.com\/fr\/wp-json\/wp\/v2\/media\/5226"}],"wp:attachment":[{"href":"https:\/\/www.yongjianceramic.com\/fr\/wp-json\/wp\/v2\/media?parent=5225"}],"wp:term":[{"taxonomy":"product_brand","embeddable":true,"href":"https:\/\/www.yongjianceramic.com\/fr\/wp-json\/wp\/v2\/product_brand?post=5225"},{"taxonomy":"product_cat","embeddable":true,"href":"https:\/\/www.yongjianceramic.com\/fr\/wp-json\/wp\/v2\/product_cat?post=5225"},{"taxonomy":"product_tag","embeddable":true,"href":"https:\/\/www.yongjianceramic.com\/fr\/wp-json\/wp\/v2\/product_tag?post=5225"}],"curies":[{"name":"wp","href":"https:\/\/api.w.org\/{rel}","templated":true}]}}