{"id":5233,"date":"2025-11-06T10:40:25","date_gmt":"2025-11-06T02:40:25","guid":{"rendered":"https:\/\/www.yongjianceramic.com\/?post_type=product&#038;p=5233"},"modified":"2025-11-06T11:24:35","modified_gmt":"2025-11-06T03:24:35","slug":"porcelain-dinner-plates-wholesale","status":"publish","type":"product","link":"https:\/\/www.yongjianceramic.com\/fr\/produit\/porcelain-dinner-plates-wholesale\/","title":{"rendered":"Assiettes \u00e0 d\u00eener en porcelaine Wholesale, ODM Ceramic Dish Supply"},"content":{"rendered":"<div class=\"wp-block-columns is-layout-flex wp-container-core-columns-is-layout-9d6595d7 wp-block-columns-is-layout-flex\">\n<div class=\"wp-block-column is-layout-flow wp-block-column-is-layout-flow\">\n<h2 class=\"wp-block-heading\">Assiettes \u00e0 d\u00eener en porcelaine de qualit\u00e9 sup\u00e9rieure Caract\u00e9ristiques :<\/h2>\n\n\n\n<ul class=\"wp-block-list\">\n<li><strong>Style distinctif :<\/strong> Le motif tourbillonnant bleu fonc\u00e9 de ces assiettes \u00e0 d\u00eener en porcelaine est moderne et artistique, tout en ayant une forme \u00e9l\u00e9gante et des lignes douces. Ce motif ajoute un charme visuel \u00e0 la table qui combine l'art moderne avec la saveur orientale.<\/li>\n\n\n\n<li><strong>Porcelaine de qualit\u00e9 Tissu :<\/strong> Nos assiettes en porcelaine sont fabriqu\u00e9es en porcelaine de qualit\u00e9 cuite \u00e0 haute temp\u00e9rature. Elle est dure et dense, n'absorbe pas l'eau aussi facilement, est durable et tol\u00e9rante \u00e0 l'usure, et conserve son \u00e9clat apr\u00e8s une utilisation prolong\u00e9e.<\/li>\n\n\n\n<li><strong>Glacis lisse :<\/strong> La surface de nos plats en c\u00e9ramique personnalis\u00e9s pr\u00e9sente un \u00e9mail d\u00e9licat et lisse, facile \u00e0 nettoyer, qui ne retient pas les taches d'huile et ne se d\u00e9colore pas facilement. Les surfaces sont conformes aux normes de s\u00e9curit\u00e9 en mati\u00e8re de contact alimentaire pour un usage quotidien.<\/li>\n\n\n\n<li><strong>Application multi-sc\u00e8ne : <\/strong>Nos plats en c\u00e9ramique personnalis\u00e9s peuvent \u00eatre utilis\u00e9s dans les foyers, les restaurants, les h\u00f4tels, les caf\u00e9s et autres \u00e9tablissements de restauration. Ils peuvent \u00e9galement \u00eatre offerts en cadeau ou faire partie d'un service de table.<\/li>\n\n\n\n<li><strong>Service de personnalisation disponible :<\/strong> Ces assiettes en porcelaine offrent des services OEM\/ODM, permettant de personnaliser les logos, les motifs, les couleurs et l'emballage en fonction des besoins du client, afin de r\u00e9pondre aux exigences d'individualit\u00e9 de la marque.<\/li>\n<\/ul>\n<\/div>\n\n\n\n<div class=\"wp-block-column is-layout-flow wp-block-column-is-layout-flow\">\n<figure class=\"wp-block-image size-full\"><img fetchpriority=\"high\" decoding=\"async\" width=\"1080\" height=\"1080\" src=\"https:\/\/www.yongjianceramic.com\/wp-content\/uploads\/2025\/11\/porcelain-dinner-plates-wholesale-odm-ceramic-dish-supply-3.webp\" alt=\"assiettes \u00e0 d\u00eener en porcelaine-wholesale-odm-ceramic-dish-supply-3\" class=\"wp-image-5237\" srcset=\"https:\/\/www.yongjianceramic.com\/wp-content\/uploads\/2025\/11\/porcelain-dinner-plates-wholesale-odm-ceramic-dish-supply-3.webp 1080w, https:\/\/www.yongjianceramic.com\/wp-content\/uploads\/2025\/11\/porcelain-dinner-plates-wholesale-odm-ceramic-dish-supply-3-300x300.webp 300w, https:\/\/www.yongjianceramic.com\/wp-content\/uploads\/2025\/11\/porcelain-dinner-plates-wholesale-odm-ceramic-dish-supply-3-150x150.webp 150w, https:\/\/www.yongjianceramic.com\/wp-content\/uploads\/2025\/11\/porcelain-dinner-plates-wholesale-odm-ceramic-dish-supply-3-768x768.webp 768w, https:\/\/www.yongjianceramic.com\/wp-content\/uploads\/2025\/11\/porcelain-dinner-plates-wholesale-odm-ceramic-dish-supply-3-12x12.webp 12w, https:\/\/www.yongjianceramic.com\/wp-content\/uploads\/2025\/11\/porcelain-dinner-plates-wholesale-odm-ceramic-dish-supply-3-285x285.webp 285w, https:\/\/www.yongjianceramic.com\/wp-content\/uploads\/2025\/11\/porcelain-dinner-plates-wholesale-odm-ceramic-dish-supply-3-270x270.webp 270w, https:\/\/www.yongjianceramic.com\/wp-content\/uploads\/2025\/11\/porcelain-dinner-plates-wholesale-odm-ceramic-dish-supply-3-540x540.webp 540w, https:\/\/www.yongjianceramic.com\/wp-content\/uploads\/2025\/11\/porcelain-dinner-plates-wholesale-odm-ceramic-dish-supply-3-660x660.webp 660w\" sizes=\"(max-width: 1080px) 100vw, 1080px\" \/><\/figure>\n<\/div>\n<\/div>","protected":false},"excerpt":{"rendered":"<p>Nous vous invitons \u00e0 acheter en gros ces assiettes \u00e0 d\u00eener en porcelaine. Ces assiettes en porcelaine de haute qualit\u00e9 sont cuites \u00e0 haute temp\u00e9rature et sont largement utilis\u00e9es dans les restaurants, les h\u00f4tels et les salles \u00e0 manger. Nous prenons en charge le service OEM\/ODM et sommes parfaits pour les partenariats de co-branding et la vente en gros, et fournissons un produit qui a une valeur esth\u00e9tique am\u00e9lior\u00e9e et une comp\u00e9titivit\u00e9 accrue.<\/p>\n<table border=\"0\" width=\"309\" cellspacing=\"0\" cellpadding=\"0\">\n<tbody>\n<tr>\n<td width=\"120\" height=\"17\">Fabricant<\/td>\n<td width=\"189\">Yongjian<\/td>\n<\/tr>\n<tr>\n<td height=\"18\">Num\u00e9ro de mod\u00e8le<\/td>\n<td width=\"189\">YJ-167<\/td>\n<\/tr>\n<tr>\n<td height=\"17\">Type de produit<\/td>\n<td>Assiette plate<\/td>\n<\/tr>\n<tr>\n<td height=\"17\">Mat\u00e9riau<\/td>\n<td>Porcelaine<\/td>\n<\/tr>\n<tr>\n<td height=\"17\">Couleur<\/td>\n<td>En tant qu'image<\/td>\n<\/tr>\n<tr>\n<td height=\"18\">Dimension<\/td>\n<td width=\"189\">20*20*4cm<\/td>\n<\/tr>\n<tr>\n<td height=\"17\">MOQ<\/td>\n<td>500pcs<\/td>\n<\/tr>\n<tr>\n<td height=\"17\">Sur mesure<\/td>\n<td>Couleur\/Taille\/Logo\/Emballage<\/td>\n<\/tr>\n<\/tbody>\n<\/table>","protected":false},"featured_media":5235,"comment_status":"closed","ping_status":"closed","template":"","meta":{"_acf_changed":false},"product_brand":[],"product_cat":[93,62],"product_tag":[81],"class_list":{"0":"post-5233","1":"product","2":"type-product","3":"status-publish","4":"has-post-thumbnail","6":"product_cat-bulk-dinner-plates","7":"product_cat-ceramic-plates-wholesale","8":"product_tag-modern-design-dinnerware-set-wholesale","10":"first","11":"instock","12":"shipping-taxable","13":"product-type-simple"},"acf":[],"_links":{"self":[{"href":"https:\/\/www.yongjianceramic.com\/fr\/wp-json\/wp\/v2\/product\/5233","targetHints":{"allow":["GET"]}}],"collection":[{"href":"https:\/\/www.yongjianceramic.com\/fr\/wp-json\/wp\/v2\/product"}],"about":[{"href":"https:\/\/www.yongjianceramic.com\/fr\/wp-json\/wp\/v2\/types\/product"}],"replies":[{"embeddable":true,"href":"https:\/\/www.yongjianceramic.com\/fr\/wp-json\/wp\/v2\/comments?post=5233"}],"wp:featuredmedia":[{"embeddable":true,"href":"https:\/\/www.yongjianceramic.com\/fr\/wp-json\/wp\/v2\/media\/5235"}],"wp:attachment":[{"href":"https:\/\/www.yongjianceramic.com\/fr\/wp-json\/wp\/v2\/media?parent=5233"}],"wp:term":[{"taxonomy":"product_brand","embeddable":true,"href":"https:\/\/www.yongjianceramic.com\/fr\/wp-json\/wp\/v2\/product_brand?post=5233"},{"taxonomy":"product_cat","embeddable":true,"href":"https:\/\/www.yongjianceramic.com\/fr\/wp-json\/wp\/v2\/product_cat?post=5233"},{"taxonomy":"product_tag","embeddable":true,"href":"https:\/\/www.yongjianceramic.com\/fr\/wp-json\/wp\/v2\/product_tag?post=5233"}],"curies":[{"name":"wp","href":"https:\/\/api.w.org\/{rel}","templated":true}]}}