{"id":5238,"date":"2025-11-06T11:26:07","date_gmt":"2025-11-06T03:26:07","guid":{"rendered":"https:\/\/www.yongjianceramic.com\/?post_type=product&#038;p=5238"},"modified":"2025-11-06T14:25:24","modified_gmt":"2025-11-06T06:25:24","slug":"bulk-wholesale-ceramic-plates","status":"publish","type":"product","link":"https:\/\/www.yongjianceramic.com\/fr\/produit\/bulk-wholesale-ceramic-plates\/","title":{"rendered":"Bulk Wholesale Ceramic Plates with Chrysanthemum Pattern (Assiettes en c\u00e9ramique avec motif de chrysanth\u00e8me)"},"content":{"rendered":"<div class=\"wp-block-columns is-layout-flex wp-container-core-columns-is-layout-9d6595d7 wp-block-columns-is-layout-flex\">\n<div class=\"wp-block-column is-layout-flow wp-block-column-is-layout-flow\">\n<h2 class=\"wp-block-heading\">Premium Bulk Wholesale Ceramic Plates Caract\u00e9ristiques :<\/h2>\n\n\n\n<ul class=\"wp-block-list\">\n<li><strong>Motif de chrysanth\u00e8me :<\/strong> Ces assiettes en c\u00e9ramique de gros en vrac pr\u00e9sentent un magnifique motif de chrysanth\u00e8me inspir\u00e9 de l'art traditionnel chinois. Ces assiettes \u00e9l\u00e9gantes sont d'une puret\u00e9 et d'une beaut\u00e9 intemporelle.<\/li>\n\n\n\n<li><strong>Mat\u00e9riau c\u00e9ramique de haute qualit\u00e9 :<\/strong> Ces assiettes \u00e0 d\u00eener en gros sont fabriqu\u00e9es en c\u00e9ramique durable cuite \u00e0 haute temp\u00e9rature. La durabilit\u00e9 de cette assiette se traduit par une excellente duret\u00e9, une texture lisse et une r\u00e9sistance \u00e0 l'usure et aux rayures li\u00e9es \u00e0 l'utilisation quotidienne.<\/li>\n\n\n\n<li><strong>Gla\u00e7age sans plomb et sans danger pour l'alimentation :<\/strong> Ces assiettes en c\u00e9ramique en gros sont recouvertes d'une gla\u00e7ure non toxique sans plomb, respectueuse de l'environnement et sans danger pour les aliments. Elles sont id\u00e9ales pour un usage domestique ou pour les restaurants.<\/li>\n\n\n\n<li><strong>Parfait pour une utilisation \u00e0 tout moment :<\/strong> Ces assiettes \u00e0 d\u00eener personnalis\u00e9es sont parfaites pour les repas de tous les jours, la restauration, les tables de restaurants ou d'h\u00f4tels. Le motif artistique rehausse le service de la nourriture et se pr\u00e9sente magnifiquement sur une table \u00e0 manger.<\/li>\n<\/ul>\n<\/div>\n\n\n\n<div class=\"wp-block-column is-layout-flow wp-block-column-is-layout-flow\">\n<figure class=\"wp-block-image size-full\"><img fetchpriority=\"high\" decoding=\"async\" width=\"1080\" height=\"1080\" src=\"https:\/\/www.yongjianceramic.com\/wp-content\/uploads\/2025\/11\/bulk-wholesale-ceramic-plates-with-chrysanthemum-pattern-3.webp\" alt=\"bulk-wholesale-ceramic-plates-with-chrysanthemum-pattern-3\" class=\"wp-image-5241\" srcset=\"https:\/\/www.yongjianceramic.com\/wp-content\/uploads\/2025\/11\/bulk-wholesale-ceramic-plates-with-chrysanthemum-pattern-3.webp 1080w, https:\/\/www.yongjianceramic.com\/wp-content\/uploads\/2025\/11\/bulk-wholesale-ceramic-plates-with-chrysanthemum-pattern-3-300x300.webp 300w, https:\/\/www.yongjianceramic.com\/wp-content\/uploads\/2025\/11\/bulk-wholesale-ceramic-plates-with-chrysanthemum-pattern-3-150x150.webp 150w, https:\/\/www.yongjianceramic.com\/wp-content\/uploads\/2025\/11\/bulk-wholesale-ceramic-plates-with-chrysanthemum-pattern-3-768x768.webp 768w, https:\/\/www.yongjianceramic.com\/wp-content\/uploads\/2025\/11\/bulk-wholesale-ceramic-plates-with-chrysanthemum-pattern-3-12x12.webp 12w, https:\/\/www.yongjianceramic.com\/wp-content\/uploads\/2025\/11\/bulk-wholesale-ceramic-plates-with-chrysanthemum-pattern-3-285x285.webp 285w, https:\/\/www.yongjianceramic.com\/wp-content\/uploads\/2025\/11\/bulk-wholesale-ceramic-plates-with-chrysanthemum-pattern-3-270x270.webp 270w, https:\/\/www.yongjianceramic.com\/wp-content\/uploads\/2025\/11\/bulk-wholesale-ceramic-plates-with-chrysanthemum-pattern-3-540x540.webp 540w, https:\/\/www.yongjianceramic.com\/wp-content\/uploads\/2025\/11\/bulk-wholesale-ceramic-plates-with-chrysanthemum-pattern-3-660x660.webp 660w\" sizes=\"(max-width: 1080px) 100vw, 1080px\" \/><\/figure>\n<\/div>\n<\/div>","protected":false},"excerpt":{"rendered":"<p>Nous vous invitons \u00e0 acheter en gros ces assiettes en c\u00e9ramique, qui sont fabriqu\u00e9es en c\u00e9ramique durable de qualit\u00e9 alimentaire avec une gla\u00e7ure lisse, et qui sont id\u00e9ales pour les restaurants, les h\u00f4tels et l'usage domestique. L'assiette pr\u00e9sente un \u00e9l\u00e9gant motif de chrysanth\u00e8me avec une ligne lisse, qui \u00e9tablit un \u00e9quilibre entre l'esth\u00e9tique minimaliste moderne et l'influence orientale traditionnelle. Il s'agit d'une vaisselle commerciale de haute performance, durable et pratique. Les services OEM et ODM sont disponibles.<\/p>\n<table border=\"0\" width=\"309\" cellspacing=\"0\" cellpadding=\"0\">\n<tbody>\n<tr>\n<td width=\"120\" height=\"17\">Fabricant<\/td>\n<td width=\"189\">Yongjian<\/td>\n<\/tr>\n<tr>\n<td height=\"18\">Num\u00e9ro de mod\u00e8le<\/td>\n<td width=\"189\">YJ-168<\/td>\n<\/tr>\n<tr>\n<td height=\"17\">Type de produit<\/td>\n<td>Assiette plate<\/td>\n<\/tr>\n<tr>\n<td height=\"17\">Mat\u00e9riau<\/td>\n<td>Porcelaine<\/td>\n<\/tr>\n<tr>\n<td height=\"17\">Couleur<\/td>\n<td>En tant qu'image<\/td>\n<\/tr>\n<tr>\n<td height=\"18\">Dimension<\/td>\n<td width=\"189\">20*20*4cm<\/td>\n<\/tr>\n<tr>\n<td height=\"17\">MOQ<\/td>\n<td>500pcs<\/td>\n<\/tr>\n<tr>\n<td height=\"17\">Sur mesure<\/td>\n<td>Couleur\/Taille\/Logo\/Emballage<\/td>\n<\/tr>\n<\/tbody>\n<\/table>","protected":false},"featured_media":5239,"comment_status":"closed","ping_status":"closed","template":"","meta":{"_acf_changed":false},"product_brand":[],"product_cat":[93,62],"product_tag":[81,86],"class_list":{"0":"post-5238","1":"product","2":"type-product","3":"status-publish","4":"has-post-thumbnail","6":"product_cat-bulk-dinner-plates","7":"product_cat-ceramic-plates-wholesale","8":"product_tag-modern-design-dinnerware-set-wholesale","9":"product_tag-oriental-style-dinnerware-wholesale","11":"first","12":"instock","13":"shipping-taxable","14":"product-type-simple"},"acf":[],"_links":{"self":[{"href":"https:\/\/www.yongjianceramic.com\/fr\/wp-json\/wp\/v2\/product\/5238","targetHints":{"allow":["GET"]}}],"collection":[{"href":"https:\/\/www.yongjianceramic.com\/fr\/wp-json\/wp\/v2\/product"}],"about":[{"href":"https:\/\/www.yongjianceramic.com\/fr\/wp-json\/wp\/v2\/types\/product"}],"replies":[{"embeddable":true,"href":"https:\/\/www.yongjianceramic.com\/fr\/wp-json\/wp\/v2\/comments?post=5238"}],"wp:featuredmedia":[{"embeddable":true,"href":"https:\/\/www.yongjianceramic.com\/fr\/wp-json\/wp\/v2\/media\/5239"}],"wp:attachment":[{"href":"https:\/\/www.yongjianceramic.com\/fr\/wp-json\/wp\/v2\/media?parent=5238"}],"wp:term":[{"taxonomy":"product_brand","embeddable":true,"href":"https:\/\/www.yongjianceramic.com\/fr\/wp-json\/wp\/v2\/product_brand?post=5238"},{"taxonomy":"product_cat","embeddable":true,"href":"https:\/\/www.yongjianceramic.com\/fr\/wp-json\/wp\/v2\/product_cat?post=5238"},{"taxonomy":"product_tag","embeddable":true,"href":"https:\/\/www.yongjianceramic.com\/fr\/wp-json\/wp\/v2\/product_tag?post=5238"}],"curies":[{"name":"wp","href":"https:\/\/api.w.org\/{rel}","templated":true}]}}