{"id":5242,"date":"2025-11-06T12:00:37","date_gmt":"2025-11-06T04:00:37","guid":{"rendered":"https:\/\/www.yongjianceramic.com\/?post_type=product&#038;p=5242"},"modified":"2025-11-06T15:26:13","modified_gmt":"2025-11-06T07:26:13","slug":"custom-printed-soup-bowls","status":"publish","type":"product","link":"https:\/\/www.yongjianceramic.com\/fr\/produit\/custom-printed-soup-bowls\/","title":{"rendered":"Bols \u00e0 soupe imprim\u00e9s personnalis\u00e9s avec motif floral Mandala"},"content":{"rendered":"<div class=\"wp-block-columns is-layout-flex wp-container-core-columns-is-layout-9d6595d7 wp-block-columns-is-layout-flex\">\n<div class=\"wp-block-column is-layout-flow wp-block-column-is-layout-flow\">\n<h2 class=\"wp-block-heading\">Bols \u00e0 soupe imprim\u00e9s personnalis\u00e9s de premi\u00e8re qualit\u00e9 Caract\u00e9ristiques :<\/h2>\n\n\n\n<ul class=\"wp-block-list\">\n<li><strong>Distinctive Mandala Floral Design : <\/strong>Ces bols \u00e0 soupe imprim\u00e9s sur mesure pr\u00e9sentent de magnifiques motifs floraux de type mandala \u00e0 l'int\u00e9rieur des bols, avec des couleurs douces et des couches complexes. Le corps du bol pr\u00e9sente une couleur de fond tr\u00e8s satur\u00e9e avec des motifs floraux simplistes dessin\u00e9s \u00e0 la main en blanc, dans un style d'art et de design qui rencontre l'Orient et l'Occident.<\/li>\n\n\n\n<li><strong>Conception \u00e0 poign\u00e9e unique : <\/strong>Ces bols \u00e0 soupe imprim\u00e9s personnalis\u00e9s sont dot\u00e9s d'une poign\u00e9e unique sur un c\u00f4t\u00e9. L'anse permet de saisir facilement les soupes chaudes ou le porridge, ce qui est synonyme de performance et de confort.<\/li>\n\n\n\n<li><strong>Mat\u00e9riau c\u00e9ramique de haute qualit\u00e9 : <\/strong>Ces bols \u00e0 soupe en gros sont fabriqu\u00e9s en c\u00e9ramique de haute qualit\u00e9, cuite au four \u00e0 haute temp\u00e9rature, ce qui les rend robustes, r\u00e9sistants \u00e0 la chaleur et aux fissures. Leur gla\u00e7ure lisse et brillante est facile \u00e0 laver et permet de manger en toute s\u00e9curit\u00e9. Ces bols sont non toxiques et conviennent \u00e0 un usage quotidien \u00e0 la maison, dans les caf\u00e9s et les restaurants.<\/li>\n\n\n\n<li><strong>Large \u00e9ventail d'applications :<\/strong> Ces bols \u00e0 soupe en gros avec une seule poign\u00e9e conviennent pour servir des soupes, des c\u00e9r\u00e9ales, des desserts, des salades, etc. Ces bols sont id\u00e9aux pour les maisons, les restaurants, les h\u00f4tels ou les coffrets cadeaux.<\/li>\n<\/ul>\n<\/div>\n\n\n\n<div class=\"wp-block-column is-vertically-aligned-center is-layout-flow wp-block-column-is-layout-flow\"><div class=\"wp-block-image\">\n<figure class=\"aligncenter size-full\"><img fetchpriority=\"high\" decoding=\"async\" width=\"1080\" height=\"1080\" src=\"https:\/\/www.yongjianceramic.com\/wp-content\/uploads\/2025\/11\/custom-printed-soup-bowls-with-mandala-floral-pattern-5.webp\" alt=\"bols de soupe imprim\u00e9s personnalis\u00e9s avec motif floral de mandala-5\" class=\"wp-image-5248\" srcset=\"https:\/\/www.yongjianceramic.com\/wp-content\/uploads\/2025\/11\/custom-printed-soup-bowls-with-mandala-floral-pattern-5.webp 1080w, https:\/\/www.yongjianceramic.com\/wp-content\/uploads\/2025\/11\/custom-printed-soup-bowls-with-mandala-floral-pattern-5-300x300.webp 300w, https:\/\/www.yongjianceramic.com\/wp-content\/uploads\/2025\/11\/custom-printed-soup-bowls-with-mandala-floral-pattern-5-150x150.webp 150w, https:\/\/www.yongjianceramic.com\/wp-content\/uploads\/2025\/11\/custom-printed-soup-bowls-with-mandala-floral-pattern-5-768x768.webp 768w, https:\/\/www.yongjianceramic.com\/wp-content\/uploads\/2025\/11\/custom-printed-soup-bowls-with-mandala-floral-pattern-5-12x12.webp 12w, https:\/\/www.yongjianceramic.com\/wp-content\/uploads\/2025\/11\/custom-printed-soup-bowls-with-mandala-floral-pattern-5-285x285.webp 285w, https:\/\/www.yongjianceramic.com\/wp-content\/uploads\/2025\/11\/custom-printed-soup-bowls-with-mandala-floral-pattern-5-270x270.webp 270w, https:\/\/www.yongjianceramic.com\/wp-content\/uploads\/2025\/11\/custom-printed-soup-bowls-with-mandala-floral-pattern-5-540x540.webp 540w, https:\/\/www.yongjianceramic.com\/wp-content\/uploads\/2025\/11\/custom-printed-soup-bowls-with-mandala-floral-pattern-5-660x660.webp 660w\" sizes=\"(max-width: 1080px) 100vw, 1080px\" \/><\/figure>\n<\/div><\/div>\n<\/div>\n\n\n\n<p><\/p>","protected":false},"excerpt":{"rendered":"<p>Nous vous invitons \u00e0 acheter nos bols \u00e0 soupe imprim\u00e9s personnalis\u00e9s avec un \u00e9l\u00e9gant mandala floral et une poign\u00e9e unique, fabriqu\u00e9s en c\u00e9ramique durable et b\u00e9n\u00e9ficiant d'un service OEM\/ODM. Id\u00e9aux pour servir des soupes ou des c\u00e9r\u00e9ales \u00e0 la maison, dans les caf\u00e9s et les restaurants, ces bols allient un design artistique \u00e0 une praticit\u00e9 quotidienne et sont parfaits pour la personnalisation en vrac et la promotion de la marque.<\/p>\n<table border=\"0\" width=\"309\" cellspacing=\"0\" cellpadding=\"0\">\n<tbody>\n<tr>\n<td width=\"120\" height=\"17\">Fabricant<\/td>\n<td width=\"189\">Yongjian<\/td>\n<\/tr>\n<tr>\n<td height=\"36\">Num\u00e9ro de mod\u00e8le<\/td>\n<td width=\"189\">YJ-169<br \/>YJ-170<\/td>\n<\/tr>\n<tr>\n<td height=\"17\">Type de produit<\/td>\n<td>Bols \u00e0 poign\u00e9e, bols \u00e0 soupe et bols \u00e0 ramen<\/td>\n<\/tr>\n<tr>\n<td height=\"17\">Mat\u00e9riau<\/td>\n<td>Porcelaine<\/td>\n<\/tr>\n<tr>\n<td height=\"17\">Couleur<\/td>\n<td>En tant qu'image<\/td>\n<\/tr>\n<tr>\n<td height=\"18\">Dimension<\/td>\n<td width=\"189\">15*15*5.5cm<\/td>\n<\/tr>\n<tr>\n<td height=\"17\">MOQ<\/td>\n<td>500pcs<\/td>\n<\/tr>\n<tr>\n<td height=\"17\">Sur mesure<\/td>\n<td>Couleur\/Taille\/Logo\/Emballage<\/td>\n<\/tr>\n<\/tbody>\n<\/table>","protected":false},"featured_media":5249,"comment_status":"closed","ping_status":"closed","template":"","meta":{"_acf_changed":false},"product_brand":[],"product_cat":[63,75,73],"product_tag":[84],"class_list":{"0":"post-5242","1":"product","2":"type-product","3":"status-publish","4":"has-post-thumbnail","6":"product_cat-wholesale-bowls","7":"product_cat-handled-bowls-wholesale","8":"product_cat-bulk-soup-bowls","9":"product_tag-retro-design-dinnerware-wholesale","11":"first","12":"instock","13":"shipping-taxable","14":"product-type-simple"},"acf":[],"_links":{"self":[{"href":"https:\/\/www.yongjianceramic.com\/fr\/wp-json\/wp\/v2\/product\/5242","targetHints":{"allow":["GET"]}}],"collection":[{"href":"https:\/\/www.yongjianceramic.com\/fr\/wp-json\/wp\/v2\/product"}],"about":[{"href":"https:\/\/www.yongjianceramic.com\/fr\/wp-json\/wp\/v2\/types\/product"}],"replies":[{"embeddable":true,"href":"https:\/\/www.yongjianceramic.com\/fr\/wp-json\/wp\/v2\/comments?post=5242"}],"wp:featuredmedia":[{"embeddable":true,"href":"https:\/\/www.yongjianceramic.com\/fr\/wp-json\/wp\/v2\/media\/5249"}],"wp:attachment":[{"href":"https:\/\/www.yongjianceramic.com\/fr\/wp-json\/wp\/v2\/media?parent=5242"}],"wp:term":[{"taxonomy":"product_brand","embeddable":true,"href":"https:\/\/www.yongjianceramic.com\/fr\/wp-json\/wp\/v2\/product_brand?post=5242"},{"taxonomy":"product_cat","embeddable":true,"href":"https:\/\/www.yongjianceramic.com\/fr\/wp-json\/wp\/v2\/product_cat?post=5242"},{"taxonomy":"product_tag","embeddable":true,"href":"https:\/\/www.yongjianceramic.com\/fr\/wp-json\/wp\/v2\/product_tag?post=5242"}],"curies":[{"name":"wp","href":"https:\/\/api.w.org\/{rel}","templated":true}]}}