{"id":5296,"date":"2025-11-18T15:43:54","date_gmt":"2025-11-18T07:43:54","guid":{"rendered":"https:\/\/www.yongjianceramic.com\/?post_type=product&#038;p=5296"},"modified":"2025-11-18T17:15:23","modified_gmt":"2025-11-18T09:15:23","slug":"ceramic-round-bowls-wholesale","status":"publish","type":"product","link":"https:\/\/www.yongjianceramic.com\/fr\/produit\/ceramic-round-bowls-wholesale\/","title":{"rendered":"Bols ronds en c\u00e9ramique avec bordure dor\u00e9e \u00e0 motif de plumes Wholesale"},"content":{"rendered":"<div class=\"wp-block-columns is-layout-flex wp-container-core-columns-is-layout-9d6595d7 wp-block-columns-is-layout-flex\">\n<div class=\"wp-block-column is-layout-flow wp-block-column-is-layout-flow\">\n<h2 class=\"wp-block-heading\">Bols ronds en c\u00e9ramique de premi\u00e8re qualit\u00e9 Caract\u00e9ristiques en gros :<\/h2>\n\n\n\n<ul class=\"wp-block-list\">\n<li><strong>Jante en or : <\/strong>Ces bols ronds en c\u00e9ramique sont orn\u00e9s d'un motif de plumes peint \u00e0 l'or fin sur le bord. Le bord dor\u00e9, d\u00e9licat et brillant, rehausse l'impression g\u00e9n\u00e9rale de luxe, ce qui les rend id\u00e9aux pour le march\u00e9 de la restauration fine et des cadeaux.<\/li>\n\n\n\n<li><strong>Plusieurs tailles disponibles :<\/strong> Ces bols ronds en c\u00e9ramique se caract\u00e9risent par une forme classique et profonde avec des lignes douces. Ces bols sont disponibles en plusieurs tailles, de 4\u2033 \u00e0 11\u2033, afin de r\u00e9pondre aux besoins des diff\u00e9rents types de repas. Ils couvrent une vari\u00e9t\u00e9 d'utilisations, y compris les plats \u00e0 sauce, les petits bols, les bols \u00e0 soupe, les bols \u00e0 salade et les bols \u00e0 nouilles, convenant \u00e0 la fois au restaurant et \u00e0 l'usage domestique.<\/li>\n\n\n\n<li><strong>Porcelaine durable \u00e0 haute temp\u00e9rature : <\/strong>Ces bols de service personnalis\u00e9s sont fabriqu\u00e9s en porcelaine cuite \u00e0 haute temp\u00e9rature. Ces bols sont durs, fragiles, non absorbants, stables et durables, et peuvent r\u00e9sister \u00e0 une utilisation fr\u00e9quente dans les h\u00f4tels et les restaurants.<\/li>\n\n\n\n<li><strong>Gla\u00e7age de qualit\u00e9 alimentaire : <\/strong>Ces bols de service personnalis\u00e9s ont une surface lisse et facile \u00e0 nettoyer qui r\u00e9siste aux taches d'huile, ne contient pas de plomb et est conforme aux normes relatives aux gla\u00e7ures en contact avec les aliments.<\/li>\n<\/ul>\n<\/div>\n\n\n\n<div class=\"wp-block-column is-vertically-aligned-center is-layout-flow wp-block-column-is-layout-flow\"><div class=\"wp-block-image\">\n<figure class=\"aligncenter size-full\"><img fetchpriority=\"high\" decoding=\"async\" width=\"1080\" height=\"1080\" src=\"https:\/\/www.yongjianceramic.com\/wp-content\/uploads\/2025\/11\/ceramic-round-bowls-wholesale-with-gold-rim-feather-pattern-2.webp\" alt=\"bols ronds en c\u00e9ramique avec bord d&#039;or et plume d&#039;oie-2\" class=\"wp-image-5298\" srcset=\"https:\/\/www.yongjianceramic.com\/wp-content\/uploads\/2025\/11\/ceramic-round-bowls-wholesale-with-gold-rim-feather-pattern-2.webp 1080w, https:\/\/www.yongjianceramic.com\/wp-content\/uploads\/2025\/11\/ceramic-round-bowls-wholesale-with-gold-rim-feather-pattern-2-300x300.webp 300w, https:\/\/www.yongjianceramic.com\/wp-content\/uploads\/2025\/11\/ceramic-round-bowls-wholesale-with-gold-rim-feather-pattern-2-150x150.webp 150w, https:\/\/www.yongjianceramic.com\/wp-content\/uploads\/2025\/11\/ceramic-round-bowls-wholesale-with-gold-rim-feather-pattern-2-768x768.webp 768w, https:\/\/www.yongjianceramic.com\/wp-content\/uploads\/2025\/11\/ceramic-round-bowls-wholesale-with-gold-rim-feather-pattern-2-12x12.webp 12w, https:\/\/www.yongjianceramic.com\/wp-content\/uploads\/2025\/11\/ceramic-round-bowls-wholesale-with-gold-rim-feather-pattern-2-285x285.webp 285w, https:\/\/www.yongjianceramic.com\/wp-content\/uploads\/2025\/11\/ceramic-round-bowls-wholesale-with-gold-rim-feather-pattern-2-270x270.webp 270w, https:\/\/www.yongjianceramic.com\/wp-content\/uploads\/2025\/11\/ceramic-round-bowls-wholesale-with-gold-rim-feather-pattern-2-540x540.webp 540w, https:\/\/www.yongjianceramic.com\/wp-content\/uploads\/2025\/11\/ceramic-round-bowls-wholesale-with-gold-rim-feather-pattern-2-660x660.webp 660w\" sizes=\"(max-width: 1080px) 100vw, 1080px\" \/><\/figure>\n<\/div><\/div>\n<\/div>\n\n\n\n<figure class=\"wp-block-table\"><table class=\"has-fixed-layout\"><tbody><tr><td>Num\u00e9ro de mod\u00e8le<\/td><td>YJ-182<\/td><td>YJ-183<\/td><td>YJ-184<\/td><td>YJ-185<\/td><td>YJ-186<\/td><td>YJ-187<\/td><td>YJ-188<\/td><\/tr><tr><td>Taille<\/td><td>4 pouces<\/td><td>4,5 pouces<\/td><td>5 pouces<\/td><td>6 pouces<\/td><td>7 pouces<\/td><td>9 pouces<\/td><td>11 pouces<\/td><\/tr><tr><td>Dimension<\/td><td>10*10*4.5cm<\/td><td>11.5*11.5*5cm<\/td><td>14*14*5.5cm<\/td><td>15*15*6cm<\/td><td>18*18*6.5cm<\/td><td>23*23*7.5cm<\/td><td>28*28*9cm<\/td><\/tr><tr><td>Technique<\/td><td colspan=\"7\">Technique de d\u00e9coration par recouvrement, technique de dorure sur c\u00e9ramique<\/td><\/tr><\/tbody><\/table><\/figure>\n\n\n\n<p><\/p>","protected":false},"excerpt":{"rendered":"<p>Nous vous invitons \u00e0 acheter en gros nos bols ronds en c\u00e9ramique, dot\u00e9s d'un \u00e9l\u00e9gant motif de plumes et d'un bord dor\u00e9 raffin\u00e9, disponibles en plusieurs tailles, de 4\u2033 \u00e0 11\u2033, pour r\u00e9pondre \u00e0 divers besoins en mati\u00e8re de restauration. Ces bols de service personnalis\u00e9s sont fabriqu\u00e9s en porcelaine durable \u00e0 haute temp\u00e9rature et conviennent \u00e0 la cuisine chinoise, \u00e0 la cuisine occidentale, aux desserts, aux soupes, aux salades et \u00e0 la pr\u00e9sentation sur la table.<\/p>\n<table border=\"0\" width=\"309\" cellspacing=\"0\" cellpadding=\"0\">\n<tbody>\n<tr>\n<td width=\"120\" height=\"17\">Fabricant<\/td>\n<td width=\"189\">Yongjian<\/td>\n<\/tr>\n<tr>\n<td height=\"18\">Num\u00e9ro de mod\u00e8le<\/td>\n<td width=\"189\">YJ-182~YJ-188<\/td>\n<\/tr>\n<tr>\n<td height=\"17\">Type de produit<\/td>\n<td>Bols \u00e0 soupe et \u00e0 ramen, Bols \u00e0 soupe et \u00e0 salade<\/td>\n<\/tr>\n<tr>\n<td height=\"17\">Mat\u00e9riau<\/td>\n<td>Porcelaine<\/td>\n<\/tr>\n<tr>\n<td height=\"17\">Couleur<\/td>\n<td>En tant qu'image<\/td>\n<\/tr>\n<tr>\n<td height=\"17\">Dimension<\/td>\n<td>En tant qu'image<\/td>\n<\/tr>\n<tr>\n<td height=\"17\">MOQ<\/td>\n<td>500pcs<\/td>\n<\/tr>\n<tr>\n<td height=\"17\">Sur mesure<\/td>\n<td>Couleur\/Taille\/Logo\/Emballage<\/td>\n<\/tr>\n<\/tbody>\n<\/table>","protected":false},"featured_media":5297,"comment_status":"closed","ping_status":"closed","template":"","meta":{"_acf_changed":false},"product_brand":[],"product_cat":[63,74,73],"product_tag":[81],"class_list":{"0":"post-5296","1":"product","2":"type-product","3":"status-publish","4":"has-post-thumbnail","6":"product_cat-wholesale-bowls","7":"product_cat-bulk-serving-bowls","8":"product_cat-bulk-soup-bowls","9":"product_tag-modern-design-dinnerware-set-wholesale","11":"first","12":"instock","13":"shipping-taxable","14":"product-type-simple"},"acf":[],"_links":{"self":[{"href":"https:\/\/www.yongjianceramic.com\/fr\/wp-json\/wp\/v2\/product\/5296","targetHints":{"allow":["GET"]}}],"collection":[{"href":"https:\/\/www.yongjianceramic.com\/fr\/wp-json\/wp\/v2\/product"}],"about":[{"href":"https:\/\/www.yongjianceramic.com\/fr\/wp-json\/wp\/v2\/types\/product"}],"replies":[{"embeddable":true,"href":"https:\/\/www.yongjianceramic.com\/fr\/wp-json\/wp\/v2\/comments?post=5296"}],"wp:featuredmedia":[{"embeddable":true,"href":"https:\/\/www.yongjianceramic.com\/fr\/wp-json\/wp\/v2\/media\/5297"}],"wp:attachment":[{"href":"https:\/\/www.yongjianceramic.com\/fr\/wp-json\/wp\/v2\/media?parent=5296"}],"wp:term":[{"taxonomy":"product_brand","embeddable":true,"href":"https:\/\/www.yongjianceramic.com\/fr\/wp-json\/wp\/v2\/product_brand?post=5296"},{"taxonomy":"product_cat","embeddable":true,"href":"https:\/\/www.yongjianceramic.com\/fr\/wp-json\/wp\/v2\/product_cat?post=5296"},{"taxonomy":"product_tag","embeddable":true,"href":"https:\/\/www.yongjianceramic.com\/fr\/wp-json\/wp\/v2\/product_tag?post=5296"}],"curies":[{"name":"wp","href":"https:\/\/api.w.org\/{rel}","templated":true}]}}