{"id":5339,"date":"2025-12-04T15:44:58","date_gmt":"2025-12-04T07:44:58","guid":{"rendered":"https:\/\/www.yongjianceramic.com\/?post_type=product&#038;p=5339"},"modified":"2025-12-04T16:50:21","modified_gmt":"2025-12-04T08:50:21","slug":"ceramic-serving-platter-wholesale","status":"publish","type":"product","link":"https:\/\/www.yongjianceramic.com\/fr\/produit\/ceramic-serving-platter-wholesale\/","title":{"rendered":"Plateau de service en c\u00e9ramique \u00e0 3 niveaux avec bordure papillon, vente en gros"},"content":{"rendered":"<div class=\"wp-block-columns is-layout-flex wp-container-core-columns-is-layout-9d6595d7 wp-block-columns-is-layout-flex\">\n<div class=\"wp-block-column is-layout-flow wp-block-column-is-layout-flow\">\n<h2 class=\"wp-block-heading\">Plateau de service en c\u00e9ramique haut de gamme \u00e0 3 niveaux - Vente en gros Caract\u00e9ristiques :<\/h2>\n\n\n\n<ul class=\"wp-block-list\">\n<li><strong>\u00c9l\u00e9gant motif papillon avec bordure dor\u00e9e :<\/strong> Notre plateau de service en c\u00e9ramique \u00e0 trois niveaux, vendu en gros, est orn\u00e9 d'un magnifique bord dor\u00e9 en forme de papillon, qui symbolise le luxe et le style europ\u00e9en haut de gamme. Le bord dor\u00e9 contraste d\u00e9licieusement avec la porcelaine blanche, renfor\u00e7ant ainsi le sentiment de luxe.<\/li>\n\n\n\n<li><strong>Mat\u00e9riau c\u00e9ramique haut de gamme :<\/strong> Ces plats rectangulaires personnalis\u00e9s sont fabriqu\u00e9s \u00e0 partir d'une c\u00e9ramique de la plus haute qualit\u00e9, avec une surface \u00e9paisse et r\u00e9sistante qui ne se casse pas facilement. La surface est si lisse et d\u00e9licate que le nettoyage ne pose aucun probl\u00e8me. Ce plat peut servir \u00e0 pr\u00e9senter des desserts, des fruits, des g\u00e2teaux et bien d'autres aliments.<\/li>\n\n\n\n<li><strong>Conception \u00e0 plusieurs niveaux : <\/strong>La structure \u00e0 trois niveaux de ces plats rectangulaires en c\u00e9ramique vendus en gros est disponible en diam\u00e8tres de 15 cm, 20 cm et 25 cm, ce qui permet de pr\u00e9senter diff\u00e9rents desserts class\u00e9s par cat\u00e9gorie, les rendant ainsi faciles d'acc\u00e8s et agr\u00e9ables \u00e0 regarder.<\/li>\n\n\n\n<li><strong>Tige de support m\u00e9tallique robuste : <\/strong>Notre plateau de service en c\u00e9ramique \u00e0 trois niveaux vendu en gros est dot\u00e9 d'une tige de support en m\u00e9tal plaqu\u00e9 or qui lui conf\u00e8re une grande stabilit\u00e9, lui permettant de supporter le poids et de rester stable. Une poign\u00e9e incurv\u00e9e en or situ\u00e9e sur le dessus offre une prise s\u00fbre qui facilite le d\u00e9placement global ou l'acc\u00e8s aux diff\u00e9rents niveaux, dans un souci \u00e0 la fois pratique et s\u00e9curitaire.<\/li>\n<\/ul>\n<\/div>\n\n\n\n<div class=\"wp-block-column is-vertically-aligned-center is-layout-flow wp-block-column-is-layout-flow\"><div class=\"wp-block-image\">\n<figure class=\"aligncenter size-full\"><img fetchpriority=\"high\" decoding=\"async\" width=\"800\" height=\"800\" src=\"https:\/\/www.yongjianceramic.com\/wp-content\/uploads\/2025\/12\/3-tier-ceramic-serving-platter-wholesale-with-butterfly-rim-1.webp\" alt=\"Plateau de service en c\u00e9ramique \u00e0 3 niveaux avec bordure papillon, vente en gros\" class=\"wp-image-5340\" srcset=\"https:\/\/www.yongjianceramic.com\/wp-content\/uploads\/2025\/12\/3-tier-ceramic-serving-platter-wholesale-with-butterfly-rim-1.webp 800w, https:\/\/www.yongjianceramic.com\/wp-content\/uploads\/2025\/12\/3-tier-ceramic-serving-platter-wholesale-with-butterfly-rim-1-300x300.webp 300w, https:\/\/www.yongjianceramic.com\/wp-content\/uploads\/2025\/12\/3-tier-ceramic-serving-platter-wholesale-with-butterfly-rim-1-150x150.webp 150w, https:\/\/www.yongjianceramic.com\/wp-content\/uploads\/2025\/12\/3-tier-ceramic-serving-platter-wholesale-with-butterfly-rim-1-768x768.webp 768w, https:\/\/www.yongjianceramic.com\/wp-content\/uploads\/2025\/12\/3-tier-ceramic-serving-platter-wholesale-with-butterfly-rim-1-12x12.webp 12w, https:\/\/www.yongjianceramic.com\/wp-content\/uploads\/2025\/12\/3-tier-ceramic-serving-platter-wholesale-with-butterfly-rim-1-285x285.webp 285w, https:\/\/www.yongjianceramic.com\/wp-content\/uploads\/2025\/12\/3-tier-ceramic-serving-platter-wholesale-with-butterfly-rim-1-270x270.webp 270w, https:\/\/www.yongjianceramic.com\/wp-content\/uploads\/2025\/12\/3-tier-ceramic-serving-platter-wholesale-with-butterfly-rim-1-540x540.webp 540w, https:\/\/www.yongjianceramic.com\/wp-content\/uploads\/2025\/12\/3-tier-ceramic-serving-platter-wholesale-with-butterfly-rim-1-660x660.webp 660w\" sizes=\"(max-width: 800px) 100vw, 800px\" \/><\/figure>\n<\/div><\/div>\n<\/div>","protected":false},"excerpt":{"rendered":"<p>Bienvenue pour acheter en gros ce plateau de service en c\u00e9ramique \u00e0 trois niveaux avec son luxueux rebord dor\u00e9 en forme de papillon et sa tige de support m\u00e9tallique, une solution \u00e9l\u00e9gante pour servir des desserts, des cupcakes, des fruits ou encore des p\u00e2tisseries. Avec ses trois assiettes rectangulaires, ce plateau de service \u00e0 trois \u00e9tages mesure 38 cm de haut et offre suffisamment d'espace pour vos meilleures friandises. Il est id\u00e9al pour les h\u00f4tels, les boulangeries, les caf\u00e9s et les r\u00e9ceptions. C'est le choix parfait pour les achats en gros et les pr\u00e9sentoirs en c\u00e9ramique haut de gamme.<\/p>\n<table border=\"0\" width=\"309\" cellspacing=\"0\" cellpadding=\"0\">\n<tbody>\n<tr>\n<td width=\"120\" height=\"17\">Fabricant<\/td>\n<td width=\"189\">Yongjian<\/td>\n<\/tr>\n<tr>\n<td height=\"18\">Num\u00e9ro de mod\u00e8le<\/td>\n<td width=\"189\">YJ-201<\/td>\n<\/tr>\n<tr>\n<td height=\"17\">Type de produit<\/td>\n<td>Plat de service<\/td>\n<\/tr>\n<tr>\n<td height=\"17\">Mat\u00e9riau<\/td>\n<td>Porcelaine<\/td>\n<\/tr>\n<tr>\n<td height=\"17\">Couleur<\/td>\n<td>En tant qu'image<\/td>\n<\/tr>\n<tr>\n<td height=\"17\">Dimension<\/td>\n<td>En tant qu'image<\/td>\n<\/tr>\n<tr>\n<td height=\"17\">MOQ<\/td>\n<td>500pcs<\/td>\n<\/tr>\n<tr>\n<td height=\"17\">Sur mesure<\/td>\n<td>Couleur\/Taille\/Logo\/Emballage<\/td>\n<\/tr>\n<\/tbody>\n<\/table>","protected":false},"featured_media":5340,"comment_status":"closed","ping_status":"closed","template":"","meta":{"_acf_changed":false},"product_brand":[],"product_cat":[62,76],"product_tag":[84],"class_list":{"0":"post-5339","1":"product","2":"type-product","3":"status-publish","4":"has-post-thumbnail","6":"product_cat-ceramic-plates-wholesale","7":"product_cat-wholesale-serving-platters","8":"product_tag-retro-design-dinnerware-wholesale","10":"first","11":"instock","12":"shipping-taxable","13":"product-type-simple"},"acf":[],"_links":{"self":[{"href":"https:\/\/www.yongjianceramic.com\/fr\/wp-json\/wp\/v2\/product\/5339","targetHints":{"allow":["GET"]}}],"collection":[{"href":"https:\/\/www.yongjianceramic.com\/fr\/wp-json\/wp\/v2\/product"}],"about":[{"href":"https:\/\/www.yongjianceramic.com\/fr\/wp-json\/wp\/v2\/types\/product"}],"replies":[{"embeddable":true,"href":"https:\/\/www.yongjianceramic.com\/fr\/wp-json\/wp\/v2\/comments?post=5339"}],"wp:featuredmedia":[{"embeddable":true,"href":"https:\/\/www.yongjianceramic.com\/fr\/wp-json\/wp\/v2\/media\/5340"}],"wp:attachment":[{"href":"https:\/\/www.yongjianceramic.com\/fr\/wp-json\/wp\/v2\/media?parent=5339"}],"wp:term":[{"taxonomy":"product_brand","embeddable":true,"href":"https:\/\/www.yongjianceramic.com\/fr\/wp-json\/wp\/v2\/product_brand?post=5339"},{"taxonomy":"product_cat","embeddable":true,"href":"https:\/\/www.yongjianceramic.com\/fr\/wp-json\/wp\/v2\/product_cat?post=5339"},{"taxonomy":"product_tag","embeddable":true,"href":"https:\/\/www.yongjianceramic.com\/fr\/wp-json\/wp\/v2\/product_tag?post=5339"}],"curies":[{"name":"wp","href":"https:\/\/api.w.org\/{rel}","templated":true}]}}