{"id":5341,"date":"2025-12-04T16:19:02","date_gmt":"2025-12-04T08:19:02","guid":{"rendered":"https:\/\/www.yongjianceramic.com\/?post_type=product&#038;p=5341"},"modified":"2025-12-04T16:58:35","modified_gmt":"2025-12-04T08:58:35","slug":"ceramic-serving-tray-custom","status":"publish","type":"product","link":"https:\/\/www.yongjianceramic.com\/fr\/produit\/ceramic-serving-tray-custom\/","title":{"rendered":"Plateau de service en c\u00e9ramique \u00e0 2 niveaux personnalis\u00e9, pr\u00e9sentoir \u00e0 desserts en gros"},"content":{"rendered":"<div class=\"wp-block-columns is-layout-flex wp-container-core-columns-is-layout-9d6595d7 wp-block-columns-is-layout-flex\">\n<div class=\"wp-block-column is-layout-flow wp-block-column-is-layout-flow\">\n<h2 class=\"wp-block-heading\">Plateau de service en c\u00e9ramique haut de gamme \u00e0 deux niveaux Caract\u00e9ristiques personnalis\u00e9es :<\/h2>\n\n\n\n<ul class=\"wp-block-list\">\n<li><strong>Savoir-faire et mat\u00e9riaux de qualit\u00e9 sup\u00e9rieure :<\/strong> Ce plateau de service en c\u00e9ramique \u00e0 deux niveaux est fabriqu\u00e9 \u00e0 partir de c\u00e9ramique de qualit\u00e9 ; sa surface lisse et d\u00e9licate est r\u00e9sistante \u00e0 l'usure et facile \u00e0 nettoyer. Il est orn\u00e9 d'une d\u00e9licate bordure dor\u00e9e avec un motif papillon en relief, ce qui lui conf\u00e8re un aspect raffin\u00e9 et \u00e9l\u00e9gant tout en conservant son \u00e9clat pour toujours.<\/li>\n\n\n\n<li><strong>Conception pratique \u00e0 deux niveaux :<\/strong> Ce pr\u00e9sentoir \u00e0 desserts en c\u00e9ramique vendu en gros pr\u00e9sente une structure \u00e0 deux niveaux, offrant un vaste espace d'exposition pour divers desserts, g\u00e2teaux, collations, fruits, etc. Le niveau sup\u00e9rieur a un diam\u00e8tre de 21 cm et le niveau inf\u00e9rieur a un diam\u00e8tre de 26 cm, cr\u00e9ant un design en couches distinct qui convient aux expositions commerciales ou aux r\u00e9unions de famille.<\/li>\n\n\n\n<li><strong>Poign\u00e9e dor\u00e9e pratique :<\/strong> Ce pr\u00e9sentoir \u00e0 desserts en c\u00e9ramique vendu en gros est dot\u00e9 d'une poign\u00e9e m\u00e9tallique dor\u00e9e incurv\u00e9e sur le dessus, qui facilite la manipulation et le d\u00e9placement, tout en servant de magnifique \u00e9l\u00e9ment d\u00e9coratif.<\/li>\n\n\n\n<li><strong>Positionnement haut de gamme : <\/strong>Ce plateau de service en c\u00e9ramique \u00e0 deux niveaux pr\u00e9sente un design r\u00e9tro europ\u00e9en classique. La c\u00e9ramique d'un blanc pur, rehauss\u00e9e d'une luxueuse bordure dor\u00e9e et de d\u00e9tails en relief, offre une qualit\u00e9 exceptionnelle, parfaitement adapt\u00e9e aux exigences de qualit\u00e9 des h\u00f4tels haut de gamme, des caf\u00e9s-boutiques, des boulangeries et des r\u00e9ceptions.<\/li>\n\n\n\n<li><strong>Approvisionnement et conditionnement pratiques :<\/strong> Nous proposons des prix de gros comp\u00e9titifs. Les produits sont emball\u00e9s individuellement dans du papier bulle et dans des cartons renforc\u00e9s afin de garantir un transport s\u00fbr et de permettre des exp\u00e9ditions en vrac dans le monde entier.<\/li>\n<\/ul>\n<\/div>\n\n\n\n<div class=\"wp-block-column is-vertically-aligned-center is-layout-flow wp-block-column-is-layout-flow\"><div class=\"wp-block-image\">\n<figure class=\"aligncenter size-full\"><img fetchpriority=\"high\" decoding=\"async\" width=\"800\" height=\"800\" src=\"https:\/\/www.yongjianceramic.com\/wp-content\/uploads\/2025\/12\/2-tier-ceramic-serving-tray-custom-dessert-stand-wholesale-1.webp\" alt=\"Plateau de service en c\u00e9ramique \u00e0 deux niveaux, pr\u00e9sentoir \u00e0 desserts personnalis\u00e9, vente en gros 1\" class=\"wp-image-5342\" srcset=\"https:\/\/www.yongjianceramic.com\/wp-content\/uploads\/2025\/12\/2-tier-ceramic-serving-tray-custom-dessert-stand-wholesale-1.webp 800w, https:\/\/www.yongjianceramic.com\/wp-content\/uploads\/2025\/12\/2-tier-ceramic-serving-tray-custom-dessert-stand-wholesale-1-300x300.webp 300w, https:\/\/www.yongjianceramic.com\/wp-content\/uploads\/2025\/12\/2-tier-ceramic-serving-tray-custom-dessert-stand-wholesale-1-150x150.webp 150w, https:\/\/www.yongjianceramic.com\/wp-content\/uploads\/2025\/12\/2-tier-ceramic-serving-tray-custom-dessert-stand-wholesale-1-768x768.webp 768w, https:\/\/www.yongjianceramic.com\/wp-content\/uploads\/2025\/12\/2-tier-ceramic-serving-tray-custom-dessert-stand-wholesale-1-12x12.webp 12w, https:\/\/www.yongjianceramic.com\/wp-content\/uploads\/2025\/12\/2-tier-ceramic-serving-tray-custom-dessert-stand-wholesale-1-285x285.webp 285w, https:\/\/www.yongjianceramic.com\/wp-content\/uploads\/2025\/12\/2-tier-ceramic-serving-tray-custom-dessert-stand-wholesale-1-270x270.webp 270w, https:\/\/www.yongjianceramic.com\/wp-content\/uploads\/2025\/12\/2-tier-ceramic-serving-tray-custom-dessert-stand-wholesale-1-540x540.webp 540w, https:\/\/www.yongjianceramic.com\/wp-content\/uploads\/2025\/12\/2-tier-ceramic-serving-tray-custom-dessert-stand-wholesale-1-660x660.webp 660w\" sizes=\"(max-width: 800px) 100vw, 800px\" \/><\/figure>\n<\/div><\/div>\n<\/div>","protected":false},"excerpt":{"rendered":"<p>Bienvenue pour l'achat de ce plateau de service en c\u00e9ramique \u00e0 deux niveaux, sp\u00e9cialement con\u00e7u pour les environnements commerciaux haut de gamme. La porcelaine blanche avec une bordure dor\u00e9e en forme de papillon pr\u00e9sente un design \u00e9l\u00e9gant et sophistiqu\u00e9. Le support m\u00e9tallique robuste et durable et la structure \u00e0 double couche permettent de pr\u00e9senter facilement des g\u00e2teaux, des desserts et des fruits, ce qui les rend id\u00e9aux pour le th\u00e9 de l'apr\u00e8s-midi, les f\u00eates ou les pr\u00e9sentations de restauration dans les h\u00f4tels. Nous proposons \u00e9galement des services de personnalisation, ce qui les rend id\u00e9aux pour les tables de desserts et la vente en gros de vaisselle.<\/p>\n<table border=\"0\" width=\"309\" cellspacing=\"0\" cellpadding=\"0\">\n<tbody>\n<tr>\n<td width=\"120\" height=\"17\">Fabricant<\/td>\n<td width=\"189\">Yongjian<\/td>\n<\/tr>\n<tr>\n<td height=\"18\">Num\u00e9ro de mod\u00e8le<\/td>\n<td width=\"189\">YJ-203<\/td>\n<\/tr>\n<tr>\n<td height=\"17\">Type de produit<\/td>\n<td>Plat de service<\/td>\n<\/tr>\n<tr>\n<td height=\"17\">Mat\u00e9riau<\/td>\n<td>Porcelaine<\/td>\n<\/tr>\n<tr>\n<td height=\"17\">Couleur<\/td>\n<td>En tant qu'image<\/td>\n<\/tr>\n<tr>\n<td height=\"17\">Dimension<\/td>\n<td>En tant qu'image<\/td>\n<\/tr>\n<tr>\n<td height=\"17\">MOQ<\/td>\n<td>500pcs<\/td>\n<\/tr>\n<tr>\n<td height=\"17\">Sur mesure<\/td>\n<td>Couleur\/Taille\/Logo\/Emballage<\/td>\n<\/tr>\n<\/tbody>\n<\/table>","protected":false},"featured_media":5342,"comment_status":"closed","ping_status":"closed","template":"","meta":{"_acf_changed":false},"product_brand":[],"product_cat":[62,76],"product_tag":[84],"class_list":{"0":"post-5341","1":"product","2":"type-product","3":"status-publish","4":"has-post-thumbnail","6":"product_cat-ceramic-plates-wholesale","7":"product_cat-wholesale-serving-platters","8":"product_tag-retro-design-dinnerware-wholesale","10":"first","11":"instock","12":"shipping-taxable","13":"product-type-simple"},"acf":[],"_links":{"self":[{"href":"https:\/\/www.yongjianceramic.com\/fr\/wp-json\/wp\/v2\/product\/5341","targetHints":{"allow":["GET"]}}],"collection":[{"href":"https:\/\/www.yongjianceramic.com\/fr\/wp-json\/wp\/v2\/product"}],"about":[{"href":"https:\/\/www.yongjianceramic.com\/fr\/wp-json\/wp\/v2\/types\/product"}],"replies":[{"embeddable":true,"href":"https:\/\/www.yongjianceramic.com\/fr\/wp-json\/wp\/v2\/comments?post=5341"}],"wp:featuredmedia":[{"embeddable":true,"href":"https:\/\/www.yongjianceramic.com\/fr\/wp-json\/wp\/v2\/media\/5342"}],"wp:attachment":[{"href":"https:\/\/www.yongjianceramic.com\/fr\/wp-json\/wp\/v2\/media?parent=5341"}],"wp:term":[{"taxonomy":"product_brand","embeddable":true,"href":"https:\/\/www.yongjianceramic.com\/fr\/wp-json\/wp\/v2\/product_brand?post=5341"},{"taxonomy":"product_cat","embeddable":true,"href":"https:\/\/www.yongjianceramic.com\/fr\/wp-json\/wp\/v2\/product_cat?post=5341"},{"taxonomy":"product_tag","embeddable":true,"href":"https:\/\/www.yongjianceramic.com\/fr\/wp-json\/wp\/v2\/product_tag?post=5341"}],"curies":[{"name":"wp","href":"https:\/\/api.w.org\/{rel}","templated":true}]}}