{"id":5343,"date":"2025-12-04T16:59:03","date_gmt":"2025-12-04T08:59:03","guid":{"rendered":"https:\/\/www.yongjianceramic.com\/?post_type=product&#038;p=5343"},"modified":"2025-12-04T18:01:42","modified_gmt":"2025-12-04T10:01:42","slug":"wholesale-round-ceramic-plate","status":"publish","type":"product","link":"https:\/\/www.yongjianceramic.com\/fr\/produit\/wholesale-round-ceramic-plate\/","title":{"rendered":"Support rond en c\u00e9ramique \u00e0 trois niveaux pour assiettes, vendu en gros, pour les f\u00eates"},"content":{"rendered":"<div class=\"wp-block-columns is-layout-flex wp-container-core-columns-is-layout-9d6595d7 wp-block-columns-is-layout-flex\">\n<div class=\"wp-block-column is-layout-flow wp-block-column-is-layout-flow\">\n<h2 class=\"wp-block-heading\">Support rond en c\u00e9ramique haut de gamme pour assiettes, caract\u00e9ristiques :<\/h2>\n\n\n\n<ul class=\"wp-block-list\">\n<li><strong>Structure claire \u00e0 trois niveaux :<\/strong> Ces assiettes rondes en c\u00e9ramique \u00e0 trois niveaux pr\u00e9sentent des niveaux clairement d\u00e9finis (26 cm\/21 cm\/15 cm), offrant une capacit\u00e9 raisonnable pour classer et pr\u00e9senter divers desserts, maximisant ainsi l'effet visuel tout en \u00e9conomisant de l'espace sur la table.<\/li>\n\n\n\n<li><strong>Facile \u00e0 nettoyer : <\/strong>Ces assiettes rondes en c\u00e9ramique vendues en gros sont fabriqu\u00e9es \u00e0 partir d'une structure c\u00e9ramique haute densit\u00e9, ce qui conf\u00e8re \u00e0 leur surface une bonne r\u00e9sistance aux taches alimentaires. M\u00eame la cr\u00e8me et le chocolat s'essuient facilement. La surface des assiettes peut \u00eatre rinc\u00e9e directement \u00e0 l'eau ou lav\u00e9e d\u00e9licatement \u00e0 la main, ce qui facilite leur entretien.<\/li>\n\n\n\n<li><strong>Qualit\u00e9 et conception de niveau commercial :<\/strong> Ces pr\u00e9sentoirs \u00e0 desserts en c\u00e9ramique sont destin\u00e9s \u00e0 un usage commercial, notamment dans le cadre de r\u00e9ceptions, dans les h\u00f4tels et dans les p\u00e2tisseries haut de gamme. Avec leur style europ\u00e9en luxueux, ils rehaussent consid\u00e9rablement l'attrait des tables de desserts et des tables de banquet, stimulant ainsi le d\u00e9sir des consommateurs.<\/li>\n\n\n\n<li><strong>Qualit\u00e9 et conception alimentaires et commerciales : <\/strong>Ces pr\u00e9sentoirs \u00e0 desserts en c\u00e9ramique ont \u00e9t\u00e9 con\u00e7us pour les environnements commerciaux tels que les f\u00eates, les h\u00f4tels et les p\u00e2tisseries haut de gamme. Le style luxueux europ\u00e9en rehausse consid\u00e9rablement l'effet visuel des tables de desserts et de banquets, stimulant ainsi le d\u00e9sir des clients.<\/li>\n\n\n\n<li><strong>Approvisionnement et conditionnement pratiques :<\/strong> Nous proposons des prix de gros comp\u00e9titifs. Les produits sont emball\u00e9s individuellement dans du papier bulle et dans des cartons renforc\u00e9s afin de garantir un transport s\u00fbr et de permettre des exp\u00e9ditions en vrac dans le monde entier.<\/li>\n<\/ul>\n<\/div>\n\n\n\n<div class=\"wp-block-column is-vertically-aligned-center is-layout-flow wp-block-column-is-layout-flow\"><div class=\"wp-block-image\">\n<figure class=\"aligncenter size-full\"><img fetchpriority=\"high\" decoding=\"async\" width=\"800\" height=\"800\" src=\"https:\/\/www.yongjianceramic.com\/wp-content\/uploads\/2025\/12\/three-layer-wholesale-round-ceramic-plate-stand-for-parties-1.webp\" alt=\"support-\u00e0-trois-niveaux-pour-assiettes-rondes-en-c\u00e9ramique-pour-r\u00e9ceptions-1\" class=\"wp-image-5345\" srcset=\"https:\/\/www.yongjianceramic.com\/wp-content\/uploads\/2025\/12\/three-layer-wholesale-round-ceramic-plate-stand-for-parties-1.webp 800w, https:\/\/www.yongjianceramic.com\/wp-content\/uploads\/2025\/12\/three-layer-wholesale-round-ceramic-plate-stand-for-parties-1-300x300.webp 300w, https:\/\/www.yongjianceramic.com\/wp-content\/uploads\/2025\/12\/three-layer-wholesale-round-ceramic-plate-stand-for-parties-1-150x150.webp 150w, https:\/\/www.yongjianceramic.com\/wp-content\/uploads\/2025\/12\/three-layer-wholesale-round-ceramic-plate-stand-for-parties-1-768x768.webp 768w, https:\/\/www.yongjianceramic.com\/wp-content\/uploads\/2025\/12\/three-layer-wholesale-round-ceramic-plate-stand-for-parties-1-12x12.webp 12w, https:\/\/www.yongjianceramic.com\/wp-content\/uploads\/2025\/12\/three-layer-wholesale-round-ceramic-plate-stand-for-parties-1-285x285.webp 285w, https:\/\/www.yongjianceramic.com\/wp-content\/uploads\/2025\/12\/three-layer-wholesale-round-ceramic-plate-stand-for-parties-1-270x270.webp 270w, https:\/\/www.yongjianceramic.com\/wp-content\/uploads\/2025\/12\/three-layer-wholesale-round-ceramic-plate-stand-for-parties-1-540x540.webp 540w, https:\/\/www.yongjianceramic.com\/wp-content\/uploads\/2025\/12\/three-layer-wholesale-round-ceramic-plate-stand-for-parties-1-660x660.webp 660w\" sizes=\"(max-width: 800px) 100vw, 800px\" \/><\/figure>\n<\/div><\/div>\n<\/div>","protected":false},"excerpt":{"rendered":"<p>Bienvenue pour l'achat de ce pr\u00e9sentoir \u00e0 assiettes rond en c\u00e9ramique \u00e0 trois niveaux. Fabriqu\u00e9 en porcelaine de haute qualit\u00e9 avec un design unique en forme de papillon avec bordure dor\u00e9e, son aspect \u00e9l\u00e9gant et raffin\u00e9 est parfait pour pr\u00e9senter des g\u00e2teaux, des desserts et des fruits. La structure m\u00e9tallique robuste du pr\u00e9sentoir garantit une pr\u00e9sentation s\u00fbre et fiable. Que ce soit pour des mariages, des tables de desserts ou le th\u00e9 de l'apr\u00e8s-midi dans les h\u00f4tels, il rehausse sans effort le raffinement g\u00e9n\u00e9ral de la pr\u00e9sentation, ce qui en fait un choix id\u00e9al pour la vente en gros, la restauration et la d\u00e9coration d'\u00e9v\u00e9nements.<\/p>\n<table border=\"0\" width=\"309\" cellspacing=\"0\" cellpadding=\"0\">\n<tbody>\n<tr>\n<td width=\"120\" height=\"17\">Fabricant<\/td>\n<td width=\"189\">Yongjian<\/td>\n<\/tr>\n<tr>\n<td height=\"18\">Num\u00e9ro de mod\u00e8le<\/td>\n<td width=\"189\">YJ-202<\/td>\n<\/tr>\n<tr>\n<td height=\"17\">Type de produit<\/td>\n<td>Plat de service<\/td>\n<\/tr>\n<tr>\n<td height=\"17\">Mat\u00e9riau<\/td>\n<td>Porcelaine<\/td>\n<\/tr>\n<tr>\n<td height=\"17\">Couleur<\/td>\n<td>En tant qu'image<\/td>\n<\/tr>\n<tr>\n<td height=\"17\">Dimension<\/td>\n<td>En tant qu'image<\/td>\n<\/tr>\n<tr>\n<td height=\"17\">MOQ<\/td>\n<td>500pcs<\/td>\n<\/tr>\n<tr>\n<td height=\"17\">Sur mesure<\/td>\n<td>Couleur\/Taille\/Logo\/Emballage<\/td>\n<\/tr>\n<\/tbody>\n<\/table>","protected":false},"featured_media":5345,"comment_status":"closed","ping_status":"closed","template":"","meta":{"_acf_changed":false},"product_brand":[],"product_cat":[62,76],"product_tag":[84],"class_list":{"0":"post-5343","1":"product","2":"type-product","3":"status-publish","4":"has-post-thumbnail","6":"product_cat-ceramic-plates-wholesale","7":"product_cat-wholesale-serving-platters","8":"product_tag-retro-design-dinnerware-wholesale","10":"first","11":"instock","12":"shipping-taxable","13":"product-type-simple"},"acf":[],"_links":{"self":[{"href":"https:\/\/www.yongjianceramic.com\/fr\/wp-json\/wp\/v2\/product\/5343","targetHints":{"allow":["GET"]}}],"collection":[{"href":"https:\/\/www.yongjianceramic.com\/fr\/wp-json\/wp\/v2\/product"}],"about":[{"href":"https:\/\/www.yongjianceramic.com\/fr\/wp-json\/wp\/v2\/types\/product"}],"replies":[{"embeddable":true,"href":"https:\/\/www.yongjianceramic.com\/fr\/wp-json\/wp\/v2\/comments?post=5343"}],"wp:featuredmedia":[{"embeddable":true,"href":"https:\/\/www.yongjianceramic.com\/fr\/wp-json\/wp\/v2\/media\/5345"}],"wp:attachment":[{"href":"https:\/\/www.yongjianceramic.com\/fr\/wp-json\/wp\/v2\/media?parent=5343"}],"wp:term":[{"taxonomy":"product_brand","embeddable":true,"href":"https:\/\/www.yongjianceramic.com\/fr\/wp-json\/wp\/v2\/product_brand?post=5343"},{"taxonomy":"product_cat","embeddable":true,"href":"https:\/\/www.yongjianceramic.com\/fr\/wp-json\/wp\/v2\/product_cat?post=5343"},{"taxonomy":"product_tag","embeddable":true,"href":"https:\/\/www.yongjianceramic.com\/fr\/wp-json\/wp\/v2\/product_tag?post=5343"}],"curies":[{"name":"wp","href":"https:\/\/api.w.org\/{rel}","templated":true}]}}