{"id":5344,"date":"2025-12-04T17:49:50","date_gmt":"2025-12-04T09:49:50","guid":{"rendered":"https:\/\/www.yongjianceramic.com\/?post_type=product&#038;p=5344"},"modified":"2025-12-04T23:54:12","modified_gmt":"2025-12-04T15:54:12","slug":"ceramic-tableware-wholesale","status":"publish","type":"product","link":"https:\/\/www.yongjianceramic.com\/fr\/produit\/ceramic-tableware-wholesale\/","title":{"rendered":"Vente en gros de vaisselle en c\u00e9ramique rurale, fourniture d'ensembles de vaisselle"},"content":{"rendered":"<div class=\"wp-block-columns is-layout-flex wp-container-core-columns-is-layout-9d6595d7 wp-block-columns-is-layout-flex\">\n<div class=\"wp-block-column is-layout-flow wp-block-column-is-layout-flow\">\n<h2 class=\"wp-block-heading\">Caract\u00e9ristiques des articles de vaisselle en c\u00e9ramique haut de gamme pour la campagne vendus en gros :<\/h2>\n\n\n\n<ul class=\"wp-block-list\">\n<li><strong>Design frais et harmonieux : <\/strong>Cette gamme de vaisselle en c\u00e9ramique rustique pr\u00e9sente un style frais et champ\u00eatre, avec une base blanc cr\u00e8me orn\u00e9e d'un d\u00e9licat motif de fleurs jaunes et de feuillage vert. Tous les articles partagent un langage stylistique commun, cr\u00e9ant une harmonie visuelle qui rehausse naturellement l'apparence de votre table \u00e0 manger.<\/li>\n\n\n\n<li><strong>Fabrication en c\u00e9ramique de haute qualit\u00e9 :<\/strong> Notre service de table personnalis\u00e9 est fabriqu\u00e9 \u00e0 partir d'une c\u00e9ramique durable, d'une excellente duret\u00e9 et tr\u00e8s r\u00e9sistante \u00e0 l'usure. Son \u00e9mail lisse est facile \u00e0 laver, r\u00e9siste \u00e0 la d\u00e9coloration et ne se tache pas.<\/li>\n\n\n\n<li><strong>Diff\u00e9rentes formes et tailles :<\/strong> Ces articles de vaisselle en c\u00e9ramique rustique vendus en gros comprennent une vari\u00e9t\u00e9 de formes, allant des assiettes de 10 cm aux bols de 24 cm, tels que des bols \u00e0 soupe, des bols \u00e0 riz, des assiettes creuses et des bols \u00e0 deux anses. La gamme compl\u00e8te de tailles r\u00e9pond \u00e0 divers besoins pour les repas quotidiens en famille, les soupes et le service des plats principaux et des accompagnements.<\/li>\n\n\n\n<li><strong>Convient pour les appareils \u00e9lectrom\u00e9nagers de cuisine :<\/strong> Chaque \u00e9l\u00e9ment de notre service de table personnalis\u00e9 peut \u00eatre utilis\u00e9 sans danger dans le four, le cuiseur vapeur, le micro-ondes, le st\u00e9rilisateur et la friteuse \u00e0 air chaud. Ceci est tr\u00e8s important pour les cuisines professionnelles, notamment celles des restaurants, h\u00f4tels, boulangeries, etc., car cela simplifie leur travail.<\/li>\n\n\n\n<li><strong>Id\u00e9al pour la vente en gros et la personnalisation :<\/strong> Cette vaste gamme de vaisselle en c\u00e9ramique rustique destin\u00e9e \u00e0 la vente en gros est id\u00e9ale pour les distributeurs, les supermarch\u00e9s, les marques d'ameublement et les fournisseurs du secteur h\u00f4telier. Elle est disponible en grandes quantit\u00e9s, avec un contr\u00f4le qualit\u00e9 constant et des capacit\u00e9s de production fiables.<\/li>\n<\/ul>\n<\/div>\n\n\n\n<div class=\"wp-block-column is-layout-flow wp-block-column-is-layout-flow\">\n<figure class=\"wp-block-image size-full\"><img fetchpriority=\"high\" decoding=\"async\" width=\"800\" height=\"800\" src=\"https:\/\/www.yongjianceramic.com\/wp-content\/uploads\/2025\/12\/rural-ceramic-tableware-wholesale-dinnerware-sets-supply-9.webp\" alt=\"vaisselle-en-c\u00e9ramique-rurale-vente-en-gros-services-de-table-fourniture-9\" class=\"wp-image-5354\" srcset=\"https:\/\/www.yongjianceramic.com\/wp-content\/uploads\/2025\/12\/rural-ceramic-tableware-wholesale-dinnerware-sets-supply-9.webp 800w, https:\/\/www.yongjianceramic.com\/wp-content\/uploads\/2025\/12\/rural-ceramic-tableware-wholesale-dinnerware-sets-supply-9-300x300.webp 300w, https:\/\/www.yongjianceramic.com\/wp-content\/uploads\/2025\/12\/rural-ceramic-tableware-wholesale-dinnerware-sets-supply-9-150x150.webp 150w, https:\/\/www.yongjianceramic.com\/wp-content\/uploads\/2025\/12\/rural-ceramic-tableware-wholesale-dinnerware-sets-supply-9-768x768.webp 768w, https:\/\/www.yongjianceramic.com\/wp-content\/uploads\/2025\/12\/rural-ceramic-tableware-wholesale-dinnerware-sets-supply-9-12x12.webp 12w, https:\/\/www.yongjianceramic.com\/wp-content\/uploads\/2025\/12\/rural-ceramic-tableware-wholesale-dinnerware-sets-supply-9-285x285.webp 285w, https:\/\/www.yongjianceramic.com\/wp-content\/uploads\/2025\/12\/rural-ceramic-tableware-wholesale-dinnerware-sets-supply-9-270x270.webp 270w, https:\/\/www.yongjianceramic.com\/wp-content\/uploads\/2025\/12\/rural-ceramic-tableware-wholesale-dinnerware-sets-supply-9-540x540.webp 540w, https:\/\/www.yongjianceramic.com\/wp-content\/uploads\/2025\/12\/rural-ceramic-tableware-wholesale-dinnerware-sets-supply-9-660x660.webp 660w\" sizes=\"(max-width: 800px) 100vw, 800px\" \/><\/figure>\n<\/div>\n<\/div>\n\n\n\n<p><\/p>","protected":false},"excerpt":{"rendered":"<p>Bienvenue pour acheter notre vaisselle en c\u00e9ramique rustique en gros. Nous proposons une gamme compl\u00e8te de formes et de tailles, des assiettes de 10 cm aux bols de 24 cm, y compris des bols \u00e0 soupe, des bols \u00e0 riz, des plats creux et des bols \u00e0 deux anses. Cette collection de vaisselle convient aux grossistes, aux d\u00e9taillants et aux projets h\u00f4teliers, offrant une solution de vaisselle assortie et de haute qualit\u00e9 pour un usage domestique et commercial.<\/p>\n<table width=\"309\">\n<tbody>\n<tr>\n<td width=\"120\">Fabricant<\/td>\n<td width=\"189\">Yongjian<\/td>\n<\/tr>\n<tr>\n<td>Num\u00e9ro de mod\u00e8le<\/td>\n<td width=\"189\">YJ-204<\/td>\n<\/tr>\n<tr>\n<td width=\"120\">Type de vaisselle<\/td>\n<td width=\"189\">Plateaux, assiettes, bols<\/td>\n<\/tr>\n<tr>\n<td>Technique<\/td>\n<td>Couleurs Gla\u00e7ure,  Applique<\/td>\n<\/tr>\n<tr>\n<td>Mat\u00e9riau<\/td>\n<td>Gr\u00e8s<\/td>\n<\/tr>\n<tr>\n<td>Applicable<\/td>\n<td width=\"189\">St\u00e9rilisateur, lave-vaisselle, four, micro-ondes<\/td>\n<\/tr>\n<tr>\n<td>Dimension<\/td>\n<td>En tant qu'image<\/td>\n<\/tr>\n<tr>\n<td>MOQ<\/td>\n<td>500pcs<\/td>\n<\/tr>\n<tr>\n<td>Sur mesure<\/td>\n<td>Couleur\/Taille\/Logo\/Emballage<\/td>\n<\/tr>\n<\/tbody>\n<\/table>","protected":false},"featured_media":5346,"comment_status":"closed","ping_status":"closed","template":"","meta":{"_acf_changed":false},"product_brand":[],"product_cat":[64,82,85],"product_tag":[81,86],"class_list":{"0":"post-5344","1":"product","2":"type-product","3":"status-publish","4":"has-post-thumbnail","6":"product_cat-dinnerware-sets","7":"product_cat-bulk-dinnerware-sets","8":"product_cat-wholesale-dinnerware-sets","9":"product_tag-modern-design-dinnerware-set-wholesale","10":"product_tag-oriental-style-dinnerware-wholesale","12":"first","13":"instock","14":"shipping-taxable","15":"product-type-simple"},"acf":[],"_links":{"self":[{"href":"https:\/\/www.yongjianceramic.com\/fr\/wp-json\/wp\/v2\/product\/5344","targetHints":{"allow":["GET"]}}],"collection":[{"href":"https:\/\/www.yongjianceramic.com\/fr\/wp-json\/wp\/v2\/product"}],"about":[{"href":"https:\/\/www.yongjianceramic.com\/fr\/wp-json\/wp\/v2\/types\/product"}],"replies":[{"embeddable":true,"href":"https:\/\/www.yongjianceramic.com\/fr\/wp-json\/wp\/v2\/comments?post=5344"}],"wp:featuredmedia":[{"embeddable":true,"href":"https:\/\/www.yongjianceramic.com\/fr\/wp-json\/wp\/v2\/media\/5346"}],"wp:attachment":[{"href":"https:\/\/www.yongjianceramic.com\/fr\/wp-json\/wp\/v2\/media?parent=5344"}],"wp:term":[{"taxonomy":"product_brand","embeddable":true,"href":"https:\/\/www.yongjianceramic.com\/fr\/wp-json\/wp\/v2\/product_brand?post=5344"},{"taxonomy":"product_cat","embeddable":true,"href":"https:\/\/www.yongjianceramic.com\/fr\/wp-json\/wp\/v2\/product_cat?post=5344"},{"taxonomy":"product_tag","embeddable":true,"href":"https:\/\/www.yongjianceramic.com\/fr\/wp-json\/wp\/v2\/product_tag?post=5344"}],"curies":[{"name":"wp","href":"https:\/\/api.w.org\/{rel}","templated":true}]}}