{"id":5357,"date":"2025-12-05T00:13:44","date_gmt":"2025-12-04T16:13:44","guid":{"rendered":"https:\/\/www.yongjianceramic.com\/?post_type=product&#038;p=5357"},"modified":"2025-12-05T09:09:09","modified_gmt":"2025-12-05T01:09:09","slug":"custom-porcelain-dinnerware","status":"publish","type":"product","link":"https:\/\/www.yongjianceramic.com\/fr\/produit\/custom-porcelain-dinnerware\/","title":{"rendered":"Vaisselle en porcelaine personnalis\u00e9e, fournitures de table pour la restauration"},"content":{"rendered":"<div class=\"wp-block-columns is-layout-flex wp-container-core-columns-is-layout-9d6595d7 wp-block-columns-is-layout-flex\">\n<div class=\"wp-block-column is-layout-flow wp-block-column-is-layout-flow\">\n<h2 class=\"wp-block-heading\">Caract\u00e9ristiques de la vaisselle en porcelaine personnalis\u00e9e haut de gamme :<\/h2>\n\n\n\n<ul class=\"wp-block-list\">\n<li><strong>Mat\u00e9riau en porcelaine de haute qualit\u00e9 : <\/strong>Cette vaisselle en porcelaine personnalis\u00e9e est fabriqu\u00e9e \u00e0 partir d'argile de porcelaine de haute qualit\u00e9, ce qui lui conf\u00e8re une texture fine et une grande durabilit\u00e9. Elle est r\u00e9sistante \u00e0 la chaleur, aux rayures et peut \u00eatre utilis\u00e9e en toute s\u00e9curit\u00e9 dans les h\u00f4tels.<\/li>\n\n\n\n<li><strong>Motif floral color\u00e9 :<\/strong> Cet ensemble de vaisselle en porcelaine personnalis\u00e9 adopte le m\u00eame motif floral rouge, jaune et bleu (color\u00e9) qui ajoute une touche traditionnelle vibrante et apporte une beaut\u00e9 classique \u00e0 la vie moderne. Id\u00e9al pour les banquets d'h\u00f4tel, les restaurants chinois, les assiettes \u00e0 th\u00e8me et les r\u00e9unions \u00e0 la maison.<\/li>\n\n\n\n<li><strong>Grande vari\u00e9t\u00e9 et tailles compl\u00e8tes :<\/strong> Notre gamme de vaisselle de restauration comprend plus de dix formes diff\u00e9rentes, notamment des bols \u00e0 soupe \u00e0 deux anses, des assiettes creuses \u00e0 bord incurv\u00e9, des assiettes \u00e0 poisson, des assiettes octogonales, des assiettes carr\u00e9es, etc., dans plusieurs tailles allant de 10 \u00e0 35 cm, afin de r\u00e9pondre \u00e0 la demande en plats chinois et occidentaux, soupes, accompagnements et desserts pour diff\u00e9rentes situations de restauration.<\/li>\n\n\n\n<li><strong>Un savoir-faire raffin\u00e9 et un design pratique :<\/strong> Nos articles de vaisselle pour la restauration sont con\u00e7us avec des d\u00e9tails bien pens\u00e9s, tels que des bords incurv\u00e9s ondul\u00e9s, des doubles poign\u00e9es et un motif de bordure semblable \u00e0 de la pierre, qui non seulement sont esth\u00e9tiques, mais les rendent \u00e9galement plus faciles \u00e0 utiliser et plus stables lorsqu'on les tient. Chaque pi\u00e8ce de vaisselle est finement peinte \u00e0 la main avec une d\u00e9licate bordure bleue, ce qui rend l'ensemble plus \u00e9l\u00e9gant et plus textur\u00e9.<\/li>\n<\/ul>\n<\/div>\n\n\n\n<div class=\"wp-block-column is-layout-flow wp-block-column-is-layout-flow\">\n<figure class=\"wp-block-image size-full\"><img fetchpriority=\"high\" decoding=\"async\" width=\"800\" height=\"800\" src=\"https:\/\/www.yongjianceramic.com\/wp-content\/uploads\/2025\/12\/custom-porcelain-dinnerware-catering-tableware-supplies-5.webp\" alt=\"vaisselle-en-porcelaine-sur-mesure-vaisselle-de-restauration-fournitures-5\" class=\"wp-image-5362\" srcset=\"https:\/\/www.yongjianceramic.com\/wp-content\/uploads\/2025\/12\/custom-porcelain-dinnerware-catering-tableware-supplies-5.webp 800w, https:\/\/www.yongjianceramic.com\/wp-content\/uploads\/2025\/12\/custom-porcelain-dinnerware-catering-tableware-supplies-5-300x300.webp 300w, https:\/\/www.yongjianceramic.com\/wp-content\/uploads\/2025\/12\/custom-porcelain-dinnerware-catering-tableware-supplies-5-150x150.webp 150w, https:\/\/www.yongjianceramic.com\/wp-content\/uploads\/2025\/12\/custom-porcelain-dinnerware-catering-tableware-supplies-5-768x768.webp 768w, https:\/\/www.yongjianceramic.com\/wp-content\/uploads\/2025\/12\/custom-porcelain-dinnerware-catering-tableware-supplies-5-12x12.webp 12w, https:\/\/www.yongjianceramic.com\/wp-content\/uploads\/2025\/12\/custom-porcelain-dinnerware-catering-tableware-supplies-5-285x285.webp 285w, https:\/\/www.yongjianceramic.com\/wp-content\/uploads\/2025\/12\/custom-porcelain-dinnerware-catering-tableware-supplies-5-270x270.webp 270w, https:\/\/www.yongjianceramic.com\/wp-content\/uploads\/2025\/12\/custom-porcelain-dinnerware-catering-tableware-supplies-5-540x540.webp 540w, https:\/\/www.yongjianceramic.com\/wp-content\/uploads\/2025\/12\/custom-porcelain-dinnerware-catering-tableware-supplies-5-660x660.webp 660w\" sizes=\"(max-width: 800px) 100vw, 800px\" \/><\/figure>\n<\/div>\n<\/div>\n\n\n\n<p><\/p>","protected":false},"excerpt":{"rendered":"<p>Bienvenue pour acheter notre vaisselle en porcelaine personnalis\u00e9e, caract\u00e9ris\u00e9e par des motifs vibrants, raffin\u00e9s et d'inspiration orientale, avec un motif floral unifi\u00e9 et une bordure bleue. Nous proposons un large choix de bols, assiettes et plats, adapt\u00e9s \u00e0 divers usages dans les h\u00f4tels, les restaurants et la cha\u00eene d'approvisionnement alimentaire. Id\u00e9al pour la vente en gros professionnelle et la personnalisation de marque de la vaisselle.<\/p>\n<table width=\"309\">\n<tbody>\n<tr>\n<td width=\"120\">Fabricant<\/td>\n<td width=\"189\">Yongjian<\/td>\n<\/tr>\n<tr>\n<td>Num\u00e9ro de mod\u00e8le<\/td>\n<td width=\"189\">YJ-214<\/td>\n<\/tr>\n<tr>\n<td width=\"120\">Type de vaisselle<\/td>\n<td width=\"189\">Plateaux, assiettes, bols<\/td>\n<\/tr>\n<tr>\n<td>Technique<\/td>\n<td>Couleurs Gla\u00e7ure,  Applique<\/td>\n<\/tr>\n<tr>\n<td>Mat\u00e9riau<\/td>\n<td>Porcelaine<\/td>\n<\/tr>\n<tr>\n<td>Applicable<\/td>\n<td width=\"189\">St\u00e9rilisateur, lave-vaisselle, four, micro-ondes<\/td>\n<\/tr>\n<tr>\n<td>Dimension<\/td>\n<td>En tant qu'image<\/td>\n<\/tr>\n<tr>\n<td>MOQ<\/td>\n<td>500pcs<\/td>\n<\/tr>\n<tr>\n<td>Sur mesure<\/td>\n<td>Couleur\/Taille\/Logo\/Emballage<\/td>\n<\/tr>\n<\/tbody>\n<\/table>","protected":false},"featured_media":5358,"comment_status":"closed","ping_status":"closed","template":"","meta":{"_acf_changed":false},"product_brand":[],"product_cat":[64,85],"product_tag":[86],"class_list":{"0":"post-5357","1":"product","2":"type-product","3":"status-publish","4":"has-post-thumbnail","6":"product_cat-dinnerware-sets","7":"product_cat-wholesale-dinnerware-sets","8":"product_tag-oriental-style-dinnerware-wholesale","10":"first","11":"instock","12":"shipping-taxable","13":"product-type-simple"},"acf":[],"_links":{"self":[{"href":"https:\/\/www.yongjianceramic.com\/fr\/wp-json\/wp\/v2\/product\/5357","targetHints":{"allow":["GET"]}}],"collection":[{"href":"https:\/\/www.yongjianceramic.com\/fr\/wp-json\/wp\/v2\/product"}],"about":[{"href":"https:\/\/www.yongjianceramic.com\/fr\/wp-json\/wp\/v2\/types\/product"}],"replies":[{"embeddable":true,"href":"https:\/\/www.yongjianceramic.com\/fr\/wp-json\/wp\/v2\/comments?post=5357"}],"wp:featuredmedia":[{"embeddable":true,"href":"https:\/\/www.yongjianceramic.com\/fr\/wp-json\/wp\/v2\/media\/5358"}],"wp:attachment":[{"href":"https:\/\/www.yongjianceramic.com\/fr\/wp-json\/wp\/v2\/media?parent=5357"}],"wp:term":[{"taxonomy":"product_brand","embeddable":true,"href":"https:\/\/www.yongjianceramic.com\/fr\/wp-json\/wp\/v2\/product_brand?post=5357"},{"taxonomy":"product_cat","embeddable":true,"href":"https:\/\/www.yongjianceramic.com\/fr\/wp-json\/wp\/v2\/product_cat?post=5357"},{"taxonomy":"product_tag","embeddable":true,"href":"https:\/\/www.yongjianceramic.com\/fr\/wp-json\/wp\/v2\/product_tag?post=5357"}],"curies":[{"name":"wp","href":"https:\/\/api.w.org\/{rel}","templated":true}]}}