{"id":5488,"date":"2026-04-21T17:15:05","date_gmt":"2026-04-21T08:01:06","guid":{"rendered":"https:\/\/www.yongjianceramic.com\/?post_type=product&#038;p=5488"},"modified":"2026-04-21T19:51:14","modified_gmt":"2026-04-21T11:51:14","slug":"custom-baking-pans","status":"publish","type":"product","link":"https:\/\/www.yongjianceramic.com\/fr\/produit\/custom-baking-pans\/","title":{"rendered":"Plaques \u00e0 p\u00e2tisserie personnalis\u00e9es, ensemble de plaques \u00e0 p\u00e2tisserie en c\u00e9ramique en gros"},"content":{"rendered":"<div class=\"wp-block-columns is-layout-flex wp-container-core-columns-is-layout-9d6595d7 wp-block-columns-is-layout-flex\">\n<div class=\"wp-block-column is-layout-flow wp-block-column-is-layout-flow\">\n<h2 class=\"wp-block-heading\">Plaques \u00e0 p\u00e2tisserie personnalis\u00e9es Premium Caract\u00e9ristiques :<\/h2>\n\n\n\n<ul class=\"wp-block-list\">\n<li><strong>Set de cuisson 3 pi\u00e8ces polyvalent :<\/strong> Nos moules \u00e0 p\u00e2tisserie personnalis\u00e9s comprennent un moule \u00e0 pain, un moule \u00e0 p\u00e2tisserie 8\u00d78 et un plat \u00e0 gratin surdimensionn\u00e9 13\u00d79, parfaits pour la cuisson du pain, des brownies, des lasagnes et bien plus encore. Ces moules sont parfaits pour la cuisson du pain, des brownies, des lasagnes et bien plus encore.<\/li>\n\n\n\n<li><strong>Mat\u00e9riau c\u00e9ramique de premi\u00e8re qualit\u00e9 r\u00e9sistant au four :<\/strong> Nos plats de cuisson personnalis\u00e9s sont fabriqu\u00e9s en c\u00e9ramique cuite \u00e0 haute temp\u00e9rature. Cet ensemble de plats de cuisson en c\u00e9ramique offre une excellente r\u00e9tention de la chaleur et des r\u00e9sultats de cuisson uniformes. Il peut \u00eatre utilis\u00e9 au four, au micro-ondes et au lave-vaisselle.<\/li>\n\n\n\n<li><strong>Solutions OEM et ODM personnalis\u00e9es : <\/strong>Cet ensemble de plats \u00e0 four en c\u00e9ramique peut \u00eatre enti\u00e8rement personnalis\u00e9, y compris la taille, la couleur, l'\u00e9mail (mat\/r\u00e9actif), le logo et l'emballage. Parfait pour les marques, les grossistes et les vendeurs de marques priv\u00e9es.<\/li>\n\n\n\n<li><strong>Finition durable et r\u00e9sistante aux \u00e9clats :<\/strong> Notre moule \u00e0 p\u00e2tisserie personnalis\u00e9 a une surface glac\u00e9e lisse qui r\u00e9siste aux rayures et aux taches, ce qui le rend suffisamment solide pour une utilisation fr\u00e9quente sans se d\u00e9colorer et vous donne un moule \u00e0 p\u00e2tisserie avec un aspect de qualit\u00e9 sup\u00e9rieure pour longtemps.<\/li>\n\n\n\n<li><strong>Approvisionnement direct de l'usine en gros :<\/strong> En tant que fabricant professionnel d'ustensiles de cuisson en c\u00e9ramique, Yongjian vous fournira le meilleur prix, une bonne capacit\u00e9 de production et une exp\u00e9dition fiable \u00e0 l'\u00e9chelle mondiale pour vos commandes en vrac.<\/li>\n<\/ul>\n<\/div>\n\n\n\n<div class=\"wp-block-column is-layout-flow wp-block-column-is-layout-flow\">\n<figure class=\"wp-block-image size-full\"><img fetchpriority=\"high\" decoding=\"async\" width=\"1250\" height=\"1500\" src=\"https:\/\/www.yongjianceramic.com\/wp-content\/uploads\/2026\/04\/custom-baking-pans-wholesale-ceramic-baking-dish-set-5.webp\" alt=\"custom-baking-pans-wholesale-ceramic-baking-dish-set-5\" class=\"wp-image-5493\" srcset=\"https:\/\/www.yongjianceramic.com\/wp-content\/uploads\/2026\/04\/custom-baking-pans-wholesale-ceramic-baking-dish-set-5.webp 1250w, https:\/\/www.yongjianceramic.com\/wp-content\/uploads\/2026\/04\/custom-baking-pans-wholesale-ceramic-baking-dish-set-5-250x300.webp 250w, https:\/\/www.yongjianceramic.com\/wp-content\/uploads\/2026\/04\/custom-baking-pans-wholesale-ceramic-baking-dish-set-5-768x922.webp 768w, https:\/\/www.yongjianceramic.com\/wp-content\/uploads\/2026\/04\/custom-baking-pans-wholesale-ceramic-baking-dish-set-5-10x12.webp 10w, https:\/\/www.yongjianceramic.com\/wp-content\/uploads\/2026\/04\/custom-baking-pans-wholesale-ceramic-baking-dish-set-5-285x342.webp 285w, https:\/\/www.yongjianceramic.com\/wp-content\/uploads\/2026\/04\/custom-baking-pans-wholesale-ceramic-baking-dish-set-5-550x660.webp 550w, https:\/\/www.yongjianceramic.com\/wp-content\/uploads\/2026\/04\/custom-baking-pans-wholesale-ceramic-baking-dish-set-5-125x150.webp 125w\" sizes=\"(max-width: 1250px) 100vw, 1250px\" \/><\/figure>\n<\/div>\n<\/div>\n\n\n\n<div class=\"wp-block-columns is-layout-flex wp-container-core-columns-is-layout-9d6595d7 wp-block-columns-is-layout-flex\">\n<div class=\"wp-block-column is-layout-flow wp-block-column-is-layout-flow\">\n<figure class=\"wp-block-image size-full is-style-default\"><img decoding=\"async\" width=\"800\" height=\"800\" src=\"https:\/\/www.yongjianceramic.com\/wp-content\/uploads\/2026\/04\/custom-baking-pans-wholesale-ceramic-baking-dish-set-1.webp\" alt=\"custom-baking-pans-wholesale-ceramic-baking-dish-set-1\" class=\"wp-image-5489\" style=\"object-fit:cover\" srcset=\"https:\/\/www.yongjianceramic.com\/wp-content\/uploads\/2026\/04\/custom-baking-pans-wholesale-ceramic-baking-dish-set-1.webp 800w, https:\/\/www.yongjianceramic.com\/wp-content\/uploads\/2026\/04\/custom-baking-pans-wholesale-ceramic-baking-dish-set-1-300x300.webp 300w, https:\/\/www.yongjianceramic.com\/wp-content\/uploads\/2026\/04\/custom-baking-pans-wholesale-ceramic-baking-dish-set-1-150x150.webp 150w, https:\/\/www.yongjianceramic.com\/wp-content\/uploads\/2026\/04\/custom-baking-pans-wholesale-ceramic-baking-dish-set-1-768x768.webp 768w, https:\/\/www.yongjianceramic.com\/wp-content\/uploads\/2026\/04\/custom-baking-pans-wholesale-ceramic-baking-dish-set-1-12x12.webp 12w, https:\/\/www.yongjianceramic.com\/wp-content\/uploads\/2026\/04\/custom-baking-pans-wholesale-ceramic-baking-dish-set-1-285x285.webp 285w, https:\/\/www.yongjianceramic.com\/wp-content\/uploads\/2026\/04\/custom-baking-pans-wholesale-ceramic-baking-dish-set-1-270x270.webp 270w, https:\/\/www.yongjianceramic.com\/wp-content\/uploads\/2026\/04\/custom-baking-pans-wholesale-ceramic-baking-dish-set-1-540x540.webp 540w, https:\/\/www.yongjianceramic.com\/wp-content\/uploads\/2026\/04\/custom-baking-pans-wholesale-ceramic-baking-dish-set-1-660x660.webp 660w\" sizes=\"(max-width: 800px) 100vw, 800px\" \/><\/figure>\n<\/div>\n\n\n\n<div class=\"wp-block-column is-layout-flow wp-block-column-is-layout-flow\">\n<figure class=\"wp-block-image size-full is-style-default\"><img decoding=\"async\" width=\"800\" height=\"800\" src=\"https:\/\/www.yongjianceramic.com\/wp-content\/uploads\/2026\/04\/custom-baking-pans-wholesale-ceramic-baking-dish-set-2.webp\" alt=\"custom-baking-pans-wholesale-ceramic-baking-dish-set-2\" class=\"wp-image-5490\" srcset=\"https:\/\/www.yongjianceramic.com\/wp-content\/uploads\/2026\/04\/custom-baking-pans-wholesale-ceramic-baking-dish-set-2.webp 800w, https:\/\/www.yongjianceramic.com\/wp-content\/uploads\/2026\/04\/custom-baking-pans-wholesale-ceramic-baking-dish-set-2-300x300.webp 300w, https:\/\/www.yongjianceramic.com\/wp-content\/uploads\/2026\/04\/custom-baking-pans-wholesale-ceramic-baking-dish-set-2-150x150.webp 150w, https:\/\/www.yongjianceramic.com\/wp-content\/uploads\/2026\/04\/custom-baking-pans-wholesale-ceramic-baking-dish-set-2-768x768.webp 768w, https:\/\/www.yongjianceramic.com\/wp-content\/uploads\/2026\/04\/custom-baking-pans-wholesale-ceramic-baking-dish-set-2-12x12.webp 12w, https:\/\/www.yongjianceramic.com\/wp-content\/uploads\/2026\/04\/custom-baking-pans-wholesale-ceramic-baking-dish-set-2-285x285.webp 285w, https:\/\/www.yongjianceramic.com\/wp-content\/uploads\/2026\/04\/custom-baking-pans-wholesale-ceramic-baking-dish-set-2-270x270.webp 270w, https:\/\/www.yongjianceramic.com\/wp-content\/uploads\/2026\/04\/custom-baking-pans-wholesale-ceramic-baking-dish-set-2-540x540.webp 540w, https:\/\/www.yongjianceramic.com\/wp-content\/uploads\/2026\/04\/custom-baking-pans-wholesale-ceramic-baking-dish-set-2-660x660.webp 660w\" sizes=\"(max-width: 800px) 100vw, 800px\" \/><\/figure>\n<\/div>\n\n\n\n<div class=\"wp-block-column is-layout-flow wp-block-column-is-layout-flow\">\n<figure class=\"wp-block-image size-full is-style-default\"><img loading=\"lazy\" decoding=\"async\" width=\"800\" height=\"800\" src=\"https:\/\/www.yongjianceramic.com\/wp-content\/uploads\/2026\/04\/custom-baking-pans-wholesale-ceramic-baking-dish-set-9.webp\" alt=\"custom-baking-pans-wholesale-ceramic-baking-dish-set-9\" class=\"wp-image-5497\" srcset=\"https:\/\/www.yongjianceramic.com\/wp-content\/uploads\/2026\/04\/custom-baking-pans-wholesale-ceramic-baking-dish-set-9.webp 800w, https:\/\/www.yongjianceramic.com\/wp-content\/uploads\/2026\/04\/custom-baking-pans-wholesale-ceramic-baking-dish-set-9-300x300.webp 300w, https:\/\/www.yongjianceramic.com\/wp-content\/uploads\/2026\/04\/custom-baking-pans-wholesale-ceramic-baking-dish-set-9-150x150.webp 150w, https:\/\/www.yongjianceramic.com\/wp-content\/uploads\/2026\/04\/custom-baking-pans-wholesale-ceramic-baking-dish-set-9-768x768.webp 768w, https:\/\/www.yongjianceramic.com\/wp-content\/uploads\/2026\/04\/custom-baking-pans-wholesale-ceramic-baking-dish-set-9-12x12.webp 12w, https:\/\/www.yongjianceramic.com\/wp-content\/uploads\/2026\/04\/custom-baking-pans-wholesale-ceramic-baking-dish-set-9-285x285.webp 285w, https:\/\/www.yongjianceramic.com\/wp-content\/uploads\/2026\/04\/custom-baking-pans-wholesale-ceramic-baking-dish-set-9-270x270.webp 270w, https:\/\/www.yongjianceramic.com\/wp-content\/uploads\/2026\/04\/custom-baking-pans-wholesale-ceramic-baking-dish-set-9-540x540.webp 540w, https:\/\/www.yongjianceramic.com\/wp-content\/uploads\/2026\/04\/custom-baking-pans-wholesale-ceramic-baking-dish-set-9-660x660.webp 660w\" sizes=\"(max-width: 800px) 100vw, 800px\" \/><\/figure>\n<\/div>\n<\/div>","protected":false},"excerpt":{"rendered":"<p>Nous vous invitons \u00e0 acheter nos moules \u00e0 p\u00e2tisserie personnalis\u00e9s, qui sont fabriqu\u00e9s en c\u00e9ramique de premi\u00e8re qualit\u00e9 allant au four. Chaque pi\u00e8ce pr\u00e9sente une excellente r\u00e9tention de la chaleur et une grande durabilit\u00e9 pour une utilisation \u00e0 long terme. Elles peuvent \u00eatre utilis\u00e9es au four, au micro-ondes et au lave-vaisselle pour un usage domestique ou commercial. En tant que fabricant fiable, nous fournissons des solutions personnalis\u00e9es OEM\/ODM aux grossistes, aux marques d'ustensiles de cuisine et aux vendeurs en ligne qui souhaitent cr\u00e9er leur propre ligne de moules \u00e0 p\u00e2tisserie en c\u00e9ramique avec les meilleurs prix et la meilleure livraison.<\/p>\n<table border=\"0\" width=\"309\" cellspacing=\"0\" cellpadding=\"0\">\n<tbody>\n<tr>\n<td width=\"120\" height=\"17\">Fabricant<\/td>\n<td width=\"189\">Yongjian<\/td>\n<\/tr>\n<tr>\n<td height=\"18\">Num\u00e9ro de mod\u00e8le<\/td>\n<td width=\"189\">YJ1, YJ2, YJ3<\/td>\n<\/tr>\n<tr>\n<td height=\"17\">Type de produit<\/td>\n<td>Plaques de cuisson<\/td>\n<\/tr>\n<tr>\n<td height=\"17\">Mat\u00e9riau<\/td>\n<td>Porcelaine<\/td>\n<\/tr>\n<tr>\n<td height=\"17\">Forme<\/td>\n<td>Rectangulaire<\/td>\n<\/tr>\n<tr>\n<td height=\"17\">Couleur<\/td>\n<td>Noir, blanc, vert, couleurs personnalis\u00e9es disponibles<\/td>\n<\/tr>\n<tr>\n<td height=\"53\">Dimension<\/td>\n<td width=\"189\">19,8*12,4*6,1 cm<br \/>19,8*20,3*6,1 cm<br \/>36,6*26,7*7,1 cm<\/td>\n<\/tr>\n<tr>\n<td height=\"17\">MOQ<\/td>\n<td>500pcs<\/td>\n<\/tr>\n<tr>\n<td height=\"17\">Sur mesure<\/td>\n<td>Couleur\/Taille\/Logo\/Emballage<\/td>\n<\/tr>\n<\/tbody>\n<\/table>","protected":false},"featured_media":5492,"comment_status":"closed","ping_status":"closed","template":"","meta":{"_acf_changed":false},"product_brand":[],"product_cat":[62,99],"product_tag":[81],"class_list":{"0":"post-5488","1":"product","2":"type-product","3":"status-publish","4":"has-post-thumbnail","6":"product_cat-ceramic-plates-wholesale","7":"product_cat-baking-dishes-wholesale","8":"product_tag-modern-design-dinnerware-set-wholesale","10":"first","11":"instock","12":"shipping-taxable","13":"product-type-simple"},"acf":[],"_links":{"self":[{"href":"https:\/\/www.yongjianceramic.com\/fr\/wp-json\/wp\/v2\/product\/5488","targetHints":{"allow":["GET"]}}],"collection":[{"href":"https:\/\/www.yongjianceramic.com\/fr\/wp-json\/wp\/v2\/product"}],"about":[{"href":"https:\/\/www.yongjianceramic.com\/fr\/wp-json\/wp\/v2\/types\/product"}],"replies":[{"embeddable":true,"href":"https:\/\/www.yongjianceramic.com\/fr\/wp-json\/wp\/v2\/comments?post=5488"}],"wp:featuredmedia":[{"embeddable":true,"href":"https:\/\/www.yongjianceramic.com\/fr\/wp-json\/wp\/v2\/media\/5492"}],"wp:attachment":[{"href":"https:\/\/www.yongjianceramic.com\/fr\/wp-json\/wp\/v2\/media?parent=5488"}],"wp:term":[{"taxonomy":"product_brand","embeddable":true,"href":"https:\/\/www.yongjianceramic.com\/fr\/wp-json\/wp\/v2\/product_brand?post=5488"},{"taxonomy":"product_cat","embeddable":true,"href":"https:\/\/www.yongjianceramic.com\/fr\/wp-json\/wp\/v2\/product_cat?post=5488"},{"taxonomy":"product_tag","embeddable":true,"href":"https:\/\/www.yongjianceramic.com\/fr\/wp-json\/wp\/v2\/product_tag?post=5488"}],"curies":[{"name":"wp","href":"https:\/\/api.w.org\/{rel}","templated":true}]}}