{"id":5501,"date":"2026-04-21T18:13:00","date_gmt":"2026-04-21T09:27:20","guid":{"rendered":"https:\/\/www.yongjianceramic.com\/?post_type=product&#038;p=5501"},"modified":"2026-04-21T18:14:02","modified_gmt":"2026-04-21T10:14:02","slug":"ceramic-ramekins-wholesale","status":"publish","type":"product","link":"https:\/\/www.yongjianceramic.com\/fr\/produit\/ceramic-ramekins-wholesale\/","title":{"rendered":"3.6-Inch Ceramic Ramekins Wholesale, Oven Safe Souffle Cups Supply"},"content":{"rendered":"<div class=\"wp-block-columns is-layout-flex wp-container-core-columns-is-layout-9d6595d7 wp-block-columns-is-layout-flex\">\n<div class=\"wp-block-column is-layout-flow wp-block-column-is-layout-flow\">\n<h2 class=\"wp-block-heading\">Ramequins en c\u00e9ramique de premi\u00e8re qualit\u00e9 Caract\u00e9ristiques en gros :<\/h2>\n\n\n\n<ul class=\"wp-block-list\">\n<li><strong>Artisanal Matte Design : <\/strong>Ces ramequins en c\u00e9ramique \u00e0 gla\u00e7ure mate blanc cass\u00e9 avec des mouchetures noires naturelles et un bord chaud de couleur argile offrent une esth\u00e9tique artisanale unique. Ils sont parfaits pour les lignes de vaisselle nordique, moderne et rustique des restaurants ou des commerces de d\u00e9tail.<\/li>\n\n\n\n<li><strong>C\u00e9ramique adapt\u00e9e au four :<\/strong> Fabriqu\u00e9s en c\u00e9ramique cuite \u00e0 haute temp\u00e9rature, ces ramequins en c\u00e9ramique r\u00e9sistent en gros aux changements de temp\u00e9rature extr\u00eames. Ils conviennent \u00e0 la cuisson au four, au micro-ondes et \u00e0 la conservation au cong\u00e9lateur. Ils sont id\u00e9aux pour les souffl\u00e9s, les desserts et les plats d'accompagnement.<\/li>\n\n\n\n<li><strong>Design empilable :<\/strong> Nos tasses \u00e0 souffl\u00e9 en gros sont con\u00e7ues avec une base lisse et stable pour faciliter l'empilage. Ils aident les restaurants, les entreprises de restauration et les grossistes \u00e0 \u00e9conomiser de l'espace de stockage tout en g\u00e9rant efficacement les stocks importants.<\/li>\n\n\n\n<li><strong>Sans plomb et sans danger pour les aliments pour les march\u00e9s mondiaux :<\/strong> Ces ramequins en c\u00e9ramique 100% en gros ne contiennent ni plomb ni cadmium et sont conformes aux normes internationales de s\u00e9curit\u00e9 alimentaire. Ils sont s\u00fbrs pour un usage quotidien et conviennent \u00e0 l'exportation vers l'Europe, les \u00c9tats-Unis et d'autres march\u00e9s r\u00e9glement\u00e9s.<\/li>\n\n\n\n<li><strong>Vente en gros directe de l'usine avec soutien \u00e0 la personnalisation :<\/strong> Fabricant professionnel de vaisselle en c\u00e9ramique proposant des prix d'usine comp\u00e9titifs. Prend en charge les services OEM\/ODM, y compris l'impression de logos, les couleurs de gla\u00e7age personnalis\u00e9es et les solutions d'emballage pour les propri\u00e9taires de marques et les distributeurs.<\/li>\n<\/ul>\n<\/div>\n\n\n\n<div class=\"wp-block-column is-layout-flow wp-block-column-is-layout-flow\">\n<figure class=\"wp-block-image size-full\"><img fetchpriority=\"high\" decoding=\"async\" width=\"1250\" height=\"1500\" src=\"https:\/\/www.yongjianceramic.com\/wp-content\/uploads\/2026\/04\/ceramic-ramekins-wholesale-oven-safe-souffle-cups-supply-6.webp\" alt=\"ceramic-ramekins-wholesale-oven-safe-souffle-cups-supply-6\" class=\"wp-image-5507\" srcset=\"https:\/\/www.yongjianceramic.com\/wp-content\/uploads\/2026\/04\/ceramic-ramekins-wholesale-oven-safe-souffle-cups-supply-6.webp 1250w, https:\/\/www.yongjianceramic.com\/wp-content\/uploads\/2026\/04\/ceramic-ramekins-wholesale-oven-safe-souffle-cups-supply-6-250x300.webp 250w, https:\/\/www.yongjianceramic.com\/wp-content\/uploads\/2026\/04\/ceramic-ramekins-wholesale-oven-safe-souffle-cups-supply-6-768x922.webp 768w, https:\/\/www.yongjianceramic.com\/wp-content\/uploads\/2026\/04\/ceramic-ramekins-wholesale-oven-safe-souffle-cups-supply-6-10x12.webp 10w, https:\/\/www.yongjianceramic.com\/wp-content\/uploads\/2026\/04\/ceramic-ramekins-wholesale-oven-safe-souffle-cups-supply-6-285x342.webp 285w, https:\/\/www.yongjianceramic.com\/wp-content\/uploads\/2026\/04\/ceramic-ramekins-wholesale-oven-safe-souffle-cups-supply-6-550x660.webp 550w, https:\/\/www.yongjianceramic.com\/wp-content\/uploads\/2026\/04\/ceramic-ramekins-wholesale-oven-safe-souffle-cups-supply-6-125x150.webp 125w\" sizes=\"(max-width: 1250px) 100vw, 1250px\" \/><\/figure>\n<\/div>\n<\/div>","protected":false},"excerpt":{"rendered":"<p>Nous vous invitons \u00e0 acheter en gros nos ramequins en c\u00e9ramique de haute qualit\u00e9 pour les restaurants, les d\u00e9taillants et les propri\u00e9taires de marques. Ces tasses \u00e0 souffl\u00e9 de 3,6 pouces allant au four sont dot\u00e9es d'une c\u00e9ramique durable et cuite \u00e0 haute temp\u00e9rature, d'un design empilable et d'une finition mate artisanale unique. Le prix direct usine avec une personnalisation OEM flexible assure un approvisionnement en vrac fiable et une forte diff\u00e9renciation de la marque.<\/p>\n<table border=\"0\" width=\"346\" cellspacing=\"0\" cellpadding=\"0\">\n<tbody>\n<tr>\n<td width=\"120\" height=\"17\">Fabricant<\/td>\n<td width=\"225\">Yongjian<\/td>\n<\/tr>\n<tr>\n<td height=\"18\">Num\u00e9ro de mod\u00e8le<\/td>\n<td width=\"225\">YJ4<\/td>\n<\/tr>\n<tr>\n<td height=\"17\">Type de produit<\/td>\n<td>Plaques de cuisson<\/td>\n<\/tr>\n<tr>\n<td height=\"17\">Mat\u00e9riau<\/td>\n<td>Porcelaine<\/td>\n<\/tr>\n<tr>\n<td height=\"17\">Forme<\/td>\n<td>Rond<\/td>\n<\/tr>\n<tr>\n<td height=\"17\">Couleur<\/td>\n<td>Blanc, couleurs personnalis\u00e9es disponibles<\/td>\n<\/tr>\n<tr>\n<td height=\"18\">Dimension<\/td>\n<td width=\"225\">9,1*9,1*5,6 cm<\/td>\n<\/tr>\n<tr>\n<td height=\"17\">MOQ<\/td>\n<td>500pcs<\/td>\n<\/tr>\n<tr>\n<td height=\"17\">Sur mesure<\/td>\n<td>Couleur\/Taille\/Logo\/Emballage<\/td>\n<\/tr>\n<tr>\n<td height=\"17\">Paquet<\/td>\n<td>Emballage en vrac\/ Bo\u00eete en mousse\/ Bo\u00eete brune<\/td>\n<\/tr>\n<\/tbody>\n<\/table>","protected":false},"featured_media":5502,"comment_status":"closed","ping_status":"closed","template":"","meta":{"_acf_changed":false},"product_brand":[],"product_cat":[62,99],"product_tag":[81],"class_list":{"0":"post-5501","1":"product","2":"type-product","3":"status-publish","4":"has-post-thumbnail","6":"product_cat-ceramic-plates-wholesale","7":"product_cat-baking-dishes-wholesale","8":"product_tag-modern-design-dinnerware-set-wholesale","10":"first","11":"instock","12":"shipping-taxable","13":"product-type-simple"},"acf":[],"_links":{"self":[{"href":"https:\/\/www.yongjianceramic.com\/fr\/wp-json\/wp\/v2\/product\/5501","targetHints":{"allow":["GET"]}}],"collection":[{"href":"https:\/\/www.yongjianceramic.com\/fr\/wp-json\/wp\/v2\/product"}],"about":[{"href":"https:\/\/www.yongjianceramic.com\/fr\/wp-json\/wp\/v2\/types\/product"}],"replies":[{"embeddable":true,"href":"https:\/\/www.yongjianceramic.com\/fr\/wp-json\/wp\/v2\/comments?post=5501"}],"wp:featuredmedia":[{"embeddable":true,"href":"https:\/\/www.yongjianceramic.com\/fr\/wp-json\/wp\/v2\/media\/5502"}],"wp:attachment":[{"href":"https:\/\/www.yongjianceramic.com\/fr\/wp-json\/wp\/v2\/media?parent=5501"}],"wp:term":[{"taxonomy":"product_brand","embeddable":true,"href":"https:\/\/www.yongjianceramic.com\/fr\/wp-json\/wp\/v2\/product_brand?post=5501"},{"taxonomy":"product_cat","embeddable":true,"href":"https:\/\/www.yongjianceramic.com\/fr\/wp-json\/wp\/v2\/product_cat?post=5501"},{"taxonomy":"product_tag","embeddable":true,"href":"https:\/\/www.yongjianceramic.com\/fr\/wp-json\/wp\/v2\/product_tag?post=5501"}],"curies":[{"name":"wp","href":"https:\/\/api.w.org\/{rel}","templated":true}]}}