{"id":5512,"date":"2026-04-22T09:23:50","date_gmt":"2026-04-22T01:23:50","guid":{"rendered":"https:\/\/www.yongjianceramic.com\/?post_type=product&#038;p=5512"},"modified":"2026-04-22T10:56:57","modified_gmt":"2026-04-22T02:56:57","slug":"wholesale-ceramic-baking-dish-set","status":"publish","type":"product","link":"https:\/\/www.yongjianceramic.com\/fr\/produit\/wholesale-ceramic-baking-dish-set\/","title":{"rendered":"Ensemble de plats de cuisson en c\u00e9ramique en gros, plats de cuisson commerciaux en vrac"},"content":{"rendered":"<div class=\"wp-block-columns is-layout-flex wp-container-core-columns-is-layout-9d6595d7 wp-block-columns-is-layout-flex\">\n<div class=\"wp-block-column is-layout-flow wp-block-column-is-layout-flow\">\n<h2 class=\"wp-block-heading\">Ensemble de plats de cuisson en c\u00e9ramique Premium Wholesale Caract\u00e9ristiques :<\/h2>\n\n\n\n<ul class=\"wp-block-list\">\n<li><strong>Conception d'embo\u00eetement permettant de gagner de la place :<\/strong> Cet ensemble de plats de cuisson en c\u00e9ramique pour le commerce de gros pr\u00e9sente une conception intelligente avec trois tailles parfaitement adapt\u00e9es les unes aux autres. Il r\u00e9duit l'espace de stockage pour les utilisateurs finaux tout en minimisant le volume d'exp\u00e9dition et les risques de casse, ce qui est id\u00e9al pour les acheteurs en gros et les vendeurs de commerce \u00e9lectronique.<\/li>\n\n\n\n<li><strong>Dimensions polyvalentes pour une utilisation commerciale et de d\u00e9tail :<\/strong> Con\u00e7u pour r\u00e9pondre \u00e0 de multiples besoins de cuisson, cet ensemble de plats de cuisson en c\u00e9ramique comprend des plats de grande, moyenne et petite taille. Parfaits pour r\u00f4tir, cuire et servir, ils r\u00e9pondent aux besoins des restaurants et des d\u00e9taillants.<\/li>\n\n\n\n<li><strong>R\u00e9tention sup\u00e9rieure de la chaleur pour des r\u00e9sultats de cuisson uniformes : <\/strong>Fabriqu\u00e9es en c\u00e9ramique \u00e9paisse de haute qualit\u00e9, ces plaques de cuisson commerciales assurent une distribution uniforme de la chaleur, \u00e9vitant les br\u00fblures et am\u00e9liorant les performances de cuisson. Les aliments restent chauds plus longtemps apr\u00e8s avoir \u00e9t\u00e9 servis, ce qui est parfait pour une utilisation dans le secteur de l'h\u00f4tellerie et de la restauration.<\/li>\n\n\n\n<li><strong>Gla\u00e7age durable pour une utilisation \u00e0 long terme : <\/strong>Les plaques de cuisson commerciales en vrac sont recouvertes d'un gla\u00e7age de haute densit\u00e9 r\u00e9sistant aux rayures. Il est antiadh\u00e9sif, facile \u00e0 nettoyer et conserve des couleurs \u00e9clatantes m\u00eame en cas d'utilisation fr\u00e9quente au lave-vaisselle.<\/li>\n\n\n\n<li><strong>Approvisionnement en vrac pour les OEM avec un emballage s\u00e9curis\u00e9 :<\/strong> Nous fournissons le MOQ pour la vente en gros de plat \u00e0 four en c\u00e9ramique \u00e0 votre demande. Nous sommes en mesure de produire un ensemble complet ou une taille unique en quantit\u00e9. L'emballage de protection personnalis\u00e9 est conforme aux normes du commerce \u00e9lectronique pour r\u00e9duire les dommages pendant le transport.<\/li>\n<\/ul>\n<\/div>\n\n\n\n<div class=\"wp-block-column is-layout-flow wp-block-column-is-layout-flow\">\n<figure class=\"wp-block-image size-full\"><img fetchpriority=\"high\" decoding=\"async\" width=\"1000\" height=\"1037\" src=\"https:\/\/www.yongjianceramic.com\/wp-content\/uploads\/2026\/04\/wholesale-ceramic-baking-dish-set-commercial-baking-pans-bulk-5.webp\" alt=\"Ensemble de plats de cuisson en c\u00e9ramique pour p\u00e2tisseries commerciales en vrac-5\" class=\"wp-image-5520\" srcset=\"https:\/\/www.yongjianceramic.com\/wp-content\/uploads\/2026\/04\/wholesale-ceramic-baking-dish-set-commercial-baking-pans-bulk-5.webp 1000w, https:\/\/www.yongjianceramic.com\/wp-content\/uploads\/2026\/04\/wholesale-ceramic-baking-dish-set-commercial-baking-pans-bulk-5-289x300.webp 289w, https:\/\/www.yongjianceramic.com\/wp-content\/uploads\/2026\/04\/wholesale-ceramic-baking-dish-set-commercial-baking-pans-bulk-5-768x796.webp 768w, https:\/\/www.yongjianceramic.com\/wp-content\/uploads\/2026\/04\/wholesale-ceramic-baking-dish-set-commercial-baking-pans-bulk-5-12x12.webp 12w, https:\/\/www.yongjianceramic.com\/wp-content\/uploads\/2026\/04\/wholesale-ceramic-baking-dish-set-commercial-baking-pans-bulk-5-285x296.webp 285w, https:\/\/www.yongjianceramic.com\/wp-content\/uploads\/2026\/04\/wholesale-ceramic-baking-dish-set-commercial-baking-pans-bulk-5-636x660.webp 636w, https:\/\/www.yongjianceramic.com\/wp-content\/uploads\/2026\/04\/wholesale-ceramic-baking-dish-set-commercial-baking-pans-bulk-5-145x150.webp 145w\" sizes=\"(max-width: 1000px) 100vw, 1000px\" \/><\/figure>\n<\/div>\n<\/div>\n\n\n\n<div class=\"wp-block-columns is-layout-flex wp-container-core-columns-is-layout-9d6595d7 wp-block-columns-is-layout-flex\">\n<div class=\"wp-block-column is-layout-flow wp-block-column-is-layout-flow\">\n<figure class=\"wp-block-image size-full is-style-default\"><img decoding=\"async\" width=\"800\" height=\"800\" src=\"https:\/\/www.yongjianceramic.com\/wp-content\/uploads\/2026\/04\/wholesale-ceramic-baking-dish-set-commercial-baking-pans-1.webp\" alt=\"Ensemble de plats de cuisson en c\u00e9ramique - plaques de cuisson commerciales - 1\" class=\"wp-image-5513\" style=\"object-fit:cover\" srcset=\"https:\/\/www.yongjianceramic.com\/wp-content\/uploads\/2026\/04\/wholesale-ceramic-baking-dish-set-commercial-baking-pans-1.webp 800w, https:\/\/www.yongjianceramic.com\/wp-content\/uploads\/2026\/04\/wholesale-ceramic-baking-dish-set-commercial-baking-pans-1-300x300.webp 300w, https:\/\/www.yongjianceramic.com\/wp-content\/uploads\/2026\/04\/wholesale-ceramic-baking-dish-set-commercial-baking-pans-1-150x150.webp 150w, https:\/\/www.yongjianceramic.com\/wp-content\/uploads\/2026\/04\/wholesale-ceramic-baking-dish-set-commercial-baking-pans-1-768x768.webp 768w, https:\/\/www.yongjianceramic.com\/wp-content\/uploads\/2026\/04\/wholesale-ceramic-baking-dish-set-commercial-baking-pans-1-12x12.webp 12w, https:\/\/www.yongjianceramic.com\/wp-content\/uploads\/2026\/04\/wholesale-ceramic-baking-dish-set-commercial-baking-pans-1-285x285.webp 285w, https:\/\/www.yongjianceramic.com\/wp-content\/uploads\/2026\/04\/wholesale-ceramic-baking-dish-set-commercial-baking-pans-1-270x270.webp 270w, https:\/\/www.yongjianceramic.com\/wp-content\/uploads\/2026\/04\/wholesale-ceramic-baking-dish-set-commercial-baking-pans-1-540x540.webp 540w, https:\/\/www.yongjianceramic.com\/wp-content\/uploads\/2026\/04\/wholesale-ceramic-baking-dish-set-commercial-baking-pans-1-660x660.webp 660w\" sizes=\"(max-width: 800px) 100vw, 800px\" \/><\/figure>\n<\/div>\n\n\n\n<div class=\"wp-block-column is-layout-flow wp-block-column-is-layout-flow\">\n<figure class=\"wp-block-image size-full is-style-default\"><img decoding=\"async\" width=\"800\" height=\"800\" src=\"https:\/\/www.yongjianceramic.com\/wp-content\/uploads\/2026\/04\/wholesale-ceramic-baking-dish-set-commercial-baking-pans-2.webp\" alt=\"Ensemble de plats de cuisson en c\u00e9ramique - plaques \u00e0 p\u00e2tisserie commerciales - 2\" class=\"wp-image-5514\" srcset=\"https:\/\/www.yongjianceramic.com\/wp-content\/uploads\/2026\/04\/wholesale-ceramic-baking-dish-set-commercial-baking-pans-2.webp 800w, https:\/\/www.yongjianceramic.com\/wp-content\/uploads\/2026\/04\/wholesale-ceramic-baking-dish-set-commercial-baking-pans-2-300x300.webp 300w, https:\/\/www.yongjianceramic.com\/wp-content\/uploads\/2026\/04\/wholesale-ceramic-baking-dish-set-commercial-baking-pans-2-150x150.webp 150w, https:\/\/www.yongjianceramic.com\/wp-content\/uploads\/2026\/04\/wholesale-ceramic-baking-dish-set-commercial-baking-pans-2-768x768.webp 768w, https:\/\/www.yongjianceramic.com\/wp-content\/uploads\/2026\/04\/wholesale-ceramic-baking-dish-set-commercial-baking-pans-2-12x12.webp 12w, https:\/\/www.yongjianceramic.com\/wp-content\/uploads\/2026\/04\/wholesale-ceramic-baking-dish-set-commercial-baking-pans-2-285x285.webp 285w, https:\/\/www.yongjianceramic.com\/wp-content\/uploads\/2026\/04\/wholesale-ceramic-baking-dish-set-commercial-baking-pans-2-270x270.webp 270w, https:\/\/www.yongjianceramic.com\/wp-content\/uploads\/2026\/04\/wholesale-ceramic-baking-dish-set-commercial-baking-pans-2-540x540.webp 540w, https:\/\/www.yongjianceramic.com\/wp-content\/uploads\/2026\/04\/wholesale-ceramic-baking-dish-set-commercial-baking-pans-2-660x660.webp 660w\" sizes=\"(max-width: 800px) 100vw, 800px\" \/><\/figure>\n<\/div>\n\n\n\n<div class=\"wp-block-column is-layout-flow wp-block-column-is-layout-flow\">\n<figure class=\"wp-block-image size-full is-style-default\"><img loading=\"lazy\" decoding=\"async\" width=\"800\" height=\"800\" src=\"https:\/\/www.yongjianceramic.com\/wp-content\/uploads\/2026\/04\/wholesale-ceramic-baking-dish-set-commercial-baking-pans-3.webp\" alt=\"Ensemble de plats de cuisson en c\u00e9ramique - plaques \u00e0 p\u00e2tisserie commerciales - 3\" class=\"wp-image-5515\" srcset=\"https:\/\/www.yongjianceramic.com\/wp-content\/uploads\/2026\/04\/wholesale-ceramic-baking-dish-set-commercial-baking-pans-3.webp 800w, https:\/\/www.yongjianceramic.com\/wp-content\/uploads\/2026\/04\/wholesale-ceramic-baking-dish-set-commercial-baking-pans-3-300x300.webp 300w, https:\/\/www.yongjianceramic.com\/wp-content\/uploads\/2026\/04\/wholesale-ceramic-baking-dish-set-commercial-baking-pans-3-150x150.webp 150w, https:\/\/www.yongjianceramic.com\/wp-content\/uploads\/2026\/04\/wholesale-ceramic-baking-dish-set-commercial-baking-pans-3-768x768.webp 768w, https:\/\/www.yongjianceramic.com\/wp-content\/uploads\/2026\/04\/wholesale-ceramic-baking-dish-set-commercial-baking-pans-3-12x12.webp 12w, https:\/\/www.yongjianceramic.com\/wp-content\/uploads\/2026\/04\/wholesale-ceramic-baking-dish-set-commercial-baking-pans-3-285x285.webp 285w, https:\/\/www.yongjianceramic.com\/wp-content\/uploads\/2026\/04\/wholesale-ceramic-baking-dish-set-commercial-baking-pans-3-270x270.webp 270w, https:\/\/www.yongjianceramic.com\/wp-content\/uploads\/2026\/04\/wholesale-ceramic-baking-dish-set-commercial-baking-pans-3-540x540.webp 540w, https:\/\/www.yongjianceramic.com\/wp-content\/uploads\/2026\/04\/wholesale-ceramic-baking-dish-set-commercial-baking-pans-3-660x660.webp 660w\" sizes=\"(max-width: 800px) 100vw, 800px\" \/><\/figure>\n<\/div>\n<\/div>","protected":false},"excerpt":{"rendered":"<p>Nous vous invitons \u00e0 acheter en gros notre ensemble de plats de cuisson en c\u00e9ramique, con\u00e7u pour les acheteurs B2B \u00e0 la recherche de solutions durables, peu encombrantes et polyvalentes pour la cuisson. Dot\u00e9 d'un design embo\u00eetable, d'une r\u00e9tention sup\u00e9rieure de la chaleur et d'une gla\u00e7ure de qualit\u00e9 commerciale, il est id\u00e9al pour la distribution en gros, au d\u00e9tail et pour le commerce \u00e9lectronique. Avec des options d'achat en gros flexibles et un emballage d'exportation s\u00e9curis\u00e9, cet ensemble de plats de cuisson en c\u00e9ramique est parfait pour d\u00e9velopper votre activit\u00e9 dans le domaine des ustensiles de cuisine.<\/p>\n<table border=\"0\" width=\"346\" cellspacing=\"0\" cellpadding=\"0\">\n<tbody>\n<tr>\n<td width=\"120\" height=\"17\">Fabricant<\/td>\n<td width=\"225\">Yongjian<\/td>\n<\/tr>\n<tr>\n<td height=\"18\">Num\u00e9ro de mod\u00e8le<\/td>\n<td width=\"225\">YJ5\uff0cYJ6, YJ7<\/td>\n<\/tr>\n<tr>\n<td height=\"17\">Type de produit<\/td>\n<td>Plaques de cuisson<\/td>\n<\/tr>\n<tr>\n<td height=\"17\">Mat\u00e9riau<\/td>\n<td>Porcelaine<\/td>\n<\/tr>\n<tr>\n<td height=\"17\">Forme<\/td>\n<td>Rectangulaire<\/td>\n<\/tr>\n<tr>\n<td height=\"17\">Couleur<\/td>\n<td>Rouge et blanc, couleurs personnalis\u00e9es disponibles<\/td>\n<\/tr>\n<tr>\n<td height=\"53\">Dimension<\/td>\n<td width=\"225\">17,8*11,4*5,1 cm<br \/>17,8*17,8*5,1 cm<br \/>34,3*23,9*6,9 cm<\/td>\n<\/tr>\n<tr>\n<td height=\"17\">MOQ<\/td>\n<td>500pcs<\/td>\n<\/tr>\n<tr>\n<td height=\"17\">Sur mesure<\/td>\n<td>Couleur\/Taille\/Logo\/Emballage<\/td>\n<\/tr>\n<tr>\n<td height=\"17\">Paquet<\/td>\n<td>Emballage en vrac\/ Bo\u00eete en mousse\/ Bo\u00eete brune<\/td>\n<\/tr>\n<\/tbody>\n<\/table>","protected":false},"featured_media":5518,"comment_status":"closed","ping_status":"closed","template":"","meta":{"_acf_changed":false},"product_brand":[],"product_cat":[62,99],"product_tag":[81],"class_list":{"0":"post-5512","1":"product","2":"type-product","3":"status-publish","4":"has-post-thumbnail","6":"product_cat-ceramic-plates-wholesale","7":"product_cat-baking-dishes-wholesale","8":"product_tag-modern-design-dinnerware-set-wholesale","10":"first","11":"instock","12":"shipping-taxable","13":"product-type-simple"},"acf":[],"_links":{"self":[{"href":"https:\/\/www.yongjianceramic.com\/fr\/wp-json\/wp\/v2\/product\/5512","targetHints":{"allow":["GET"]}}],"collection":[{"href":"https:\/\/www.yongjianceramic.com\/fr\/wp-json\/wp\/v2\/product"}],"about":[{"href":"https:\/\/www.yongjianceramic.com\/fr\/wp-json\/wp\/v2\/types\/product"}],"replies":[{"embeddable":true,"href":"https:\/\/www.yongjianceramic.com\/fr\/wp-json\/wp\/v2\/comments?post=5512"}],"wp:featuredmedia":[{"embeddable":true,"href":"https:\/\/www.yongjianceramic.com\/fr\/wp-json\/wp\/v2\/media\/5518"}],"wp:attachment":[{"href":"https:\/\/www.yongjianceramic.com\/fr\/wp-json\/wp\/v2\/media?parent=5512"}],"wp:term":[{"taxonomy":"product_brand","embeddable":true,"href":"https:\/\/www.yongjianceramic.com\/fr\/wp-json\/wp\/v2\/product_brand?post=5512"},{"taxonomy":"product_cat","embeddable":true,"href":"https:\/\/www.yongjianceramic.com\/fr\/wp-json\/wp\/v2\/product_cat?post=5512"},{"taxonomy":"product_tag","embeddable":true,"href":"https:\/\/www.yongjianceramic.com\/fr\/wp-json\/wp\/v2\/product_tag?post=5512"}],"curies":[{"name":"wp","href":"https:\/\/api.w.org\/{rel}","templated":true}]}}