{"id":5523,"date":"2026-04-22T14:48:46","date_gmt":"2026-04-22T06:48:46","guid":{"rendered":"https:\/\/www.yongjianceramic.com\/?post_type=product&#038;p=5523"},"modified":"2026-04-22T16:14:04","modified_gmt":"2026-04-22T08:14:04","slug":"wholesale-ceramic-bakeware-set","status":"publish","type":"product","link":"https:\/\/www.yongjianceramic.com\/fr\/produit\/wholesale-ceramic-bakeware-set\/","title":{"rendered":"Set de cuisson en c\u00e9ramique en gros, plats de cuisson embo\u00eetables en vrac"},"content":{"rendered":"<div class=\"wp-block-columns is-layout-flex wp-container-core-columns-is-layout-9d6595d7 wp-block-columns-is-layout-flex\">\n<div class=\"wp-block-column is-layout-flow wp-block-column-is-layout-flow\">\n<h2 class=\"wp-block-heading\">Ensemble d'ustensiles de cuisson en c\u00e9ramique Premium Wholesale Caract\u00e9ristiques :<\/h2>\n\n\n\n<ul class=\"wp-block-list\">\n<li><strong>Poign\u00e9e ergonomique :<\/strong> Notre batterie de cuisine en c\u00e9ramique est dot\u00e9e de larges poign\u00e9es d'une seule pi\u00e8ce qui offrent une prise s\u00fbre, m\u00eame avec des gants de cuisine \u00e9pais, ce qui permet de passer facilement et en toute s\u00e9curit\u00e9 du four \u00e0 la table.<\/li>\n\n\n\n<li><strong>Gla\u00e7age antiadh\u00e9sif facile \u00e0 nettoyer : <\/strong>Ces plats de cuisson en gros sont recouverts d'un \u00e9mail dense de qualit\u00e9 sup\u00e9rieure qui r\u00e9siste \u00e0 l'absorption des odeurs et des graisses alimentaires. Qu'ils soient lav\u00e9s \u00e0 la main ou au lave-vaisselle, ils restent impeccables.<\/li>\n\n\n\n<li><strong>Commande flexible :<\/strong> En tant que fabricant direct de vaisselle en c\u00e9ramique, nous prenons en charge des commandes compl\u00e8tes ou des commandes fractionn\u00e9es en fonction de la demande du march\u00e9, ce qui permet aux clients de tester la r\u00e9ponse du march\u00e9 en toute flexibilit\u00e9.<\/li>\n\n\n\n<li><strong>Personnalisation OEM\/ODM pour les acheteurs de marque : <\/strong>Notre service de vente en gros d'ustensiles de cuisson en c\u00e9ramique permet de personnaliser la taille, la couleur, le logo et l'emballage afin de r\u00e9pondre aux divers besoins des entreprises de commerce \u00e9lectronique transfrontalier, des propri\u00e9taires de marques et des grossistes, en les aidant \u00e0 cr\u00e9er des gammes de produits de marques ind\u00e9pendantes.<\/li>\n<\/ul>\n<\/div>\n\n\n\n<div class=\"wp-block-column is-layout-flow wp-block-column-is-layout-flow\">\n<figure class=\"wp-block-image size-full\"><img fetchpriority=\"high\" decoding=\"async\" width=\"1500\" height=\"1500\" src=\"https:\/\/www.yongjianceramic.com\/wp-content\/uploads\/2026\/04\/wholesale-ceramic-bakeware-set-nesting-baking-dishes-bulk-6.webp\" alt=\"wholesale-ceramic-bakeware-set-nesting-baking-dishes-bulk-6\" class=\"wp-image-5532\" srcset=\"https:\/\/www.yongjianceramic.com\/wp-content\/uploads\/2026\/04\/wholesale-ceramic-bakeware-set-nesting-baking-dishes-bulk-6.webp 1500w, https:\/\/www.yongjianceramic.com\/wp-content\/uploads\/2026\/04\/wholesale-ceramic-bakeware-set-nesting-baking-dishes-bulk-6-300x300.webp 300w, https:\/\/www.yongjianceramic.com\/wp-content\/uploads\/2026\/04\/wholesale-ceramic-bakeware-set-nesting-baking-dishes-bulk-6-150x150.webp 150w, https:\/\/www.yongjianceramic.com\/wp-content\/uploads\/2026\/04\/wholesale-ceramic-bakeware-set-nesting-baking-dishes-bulk-6-768x768.webp 768w, https:\/\/www.yongjianceramic.com\/wp-content\/uploads\/2026\/04\/wholesale-ceramic-bakeware-set-nesting-baking-dishes-bulk-6-12x12.webp 12w, https:\/\/www.yongjianceramic.com\/wp-content\/uploads\/2026\/04\/wholesale-ceramic-bakeware-set-nesting-baking-dishes-bulk-6-285x285.webp 285w, https:\/\/www.yongjianceramic.com\/wp-content\/uploads\/2026\/04\/wholesale-ceramic-bakeware-set-nesting-baking-dishes-bulk-6-270x270.webp 270w, https:\/\/www.yongjianceramic.com\/wp-content\/uploads\/2026\/04\/wholesale-ceramic-bakeware-set-nesting-baking-dishes-bulk-6-540x540.webp 540w, https:\/\/www.yongjianceramic.com\/wp-content\/uploads\/2026\/04\/wholesale-ceramic-bakeware-set-nesting-baking-dishes-bulk-6-660x660.webp 660w\" sizes=\"(max-width: 1500px) 100vw, 1500px\" \/><\/figure>\n<\/div>\n<\/div>\n\n\n\n<div class=\"wp-block-columns is-layout-flex wp-container-core-columns-is-layout-9d6595d7 wp-block-columns-is-layout-flex\">\n<div class=\"wp-block-column is-layout-flow wp-block-column-is-layout-flow\">\n<figure class=\"wp-block-image size-full is-style-default\"><img decoding=\"async\" width=\"800\" height=\"800\" src=\"https:\/\/www.yongjianceramic.com\/wp-content\/uploads\/2026\/04\/two-tone-wholesale-ceramic-bakeware-set-nesting-baking-dishes-with-handles-1.webp\" alt=\"Ensemble de moules \u00e0 p\u00e2tisserie en c\u00e9ramique \u00e0 deux tons - plats \u00e0 p\u00e2tisserie gigognes avec poign\u00e9es - 1\" class=\"wp-image-5524\" style=\"object-fit:cover\" srcset=\"https:\/\/www.yongjianceramic.com\/wp-content\/uploads\/2026\/04\/two-tone-wholesale-ceramic-bakeware-set-nesting-baking-dishes-with-handles-1.webp 800w, https:\/\/www.yongjianceramic.com\/wp-content\/uploads\/2026\/04\/two-tone-wholesale-ceramic-bakeware-set-nesting-baking-dishes-with-handles-1-300x300.webp 300w, https:\/\/www.yongjianceramic.com\/wp-content\/uploads\/2026\/04\/two-tone-wholesale-ceramic-bakeware-set-nesting-baking-dishes-with-handles-1-150x150.webp 150w, https:\/\/www.yongjianceramic.com\/wp-content\/uploads\/2026\/04\/two-tone-wholesale-ceramic-bakeware-set-nesting-baking-dishes-with-handles-1-768x768.webp 768w, https:\/\/www.yongjianceramic.com\/wp-content\/uploads\/2026\/04\/two-tone-wholesale-ceramic-bakeware-set-nesting-baking-dishes-with-handles-1-12x12.webp 12w, https:\/\/www.yongjianceramic.com\/wp-content\/uploads\/2026\/04\/two-tone-wholesale-ceramic-bakeware-set-nesting-baking-dishes-with-handles-1-285x285.webp 285w, https:\/\/www.yongjianceramic.com\/wp-content\/uploads\/2026\/04\/two-tone-wholesale-ceramic-bakeware-set-nesting-baking-dishes-with-handles-1-270x270.webp 270w, https:\/\/www.yongjianceramic.com\/wp-content\/uploads\/2026\/04\/two-tone-wholesale-ceramic-bakeware-set-nesting-baking-dishes-with-handles-1-540x540.webp 540w, https:\/\/www.yongjianceramic.com\/wp-content\/uploads\/2026\/04\/two-tone-wholesale-ceramic-bakeware-set-nesting-baking-dishes-with-handles-1-660x660.webp 660w\" sizes=\"(max-width: 800px) 100vw, 800px\" \/><\/figure>\n<\/div>\n\n\n\n<div class=\"wp-block-column is-layout-flow wp-block-column-is-layout-flow\">\n<figure class=\"wp-block-image size-full is-style-default\"><img decoding=\"async\" width=\"800\" height=\"800\" src=\"https:\/\/www.yongjianceramic.com\/wp-content\/uploads\/2026\/04\/two-tone-wholesale-ceramic-bakeware-set-nesting-baking-dishes-with-handles-2.webp\" alt=\"set d&#039;ustensiles de cuisson en c\u00e9ramique \u00e0 deux tons - plats de cuisson gigognes - avec poign\u00e9es - 2\" class=\"wp-image-5525\" srcset=\"https:\/\/www.yongjianceramic.com\/wp-content\/uploads\/2026\/04\/two-tone-wholesale-ceramic-bakeware-set-nesting-baking-dishes-with-handles-2.webp 800w, https:\/\/www.yongjianceramic.com\/wp-content\/uploads\/2026\/04\/two-tone-wholesale-ceramic-bakeware-set-nesting-baking-dishes-with-handles-2-300x300.webp 300w, https:\/\/www.yongjianceramic.com\/wp-content\/uploads\/2026\/04\/two-tone-wholesale-ceramic-bakeware-set-nesting-baking-dishes-with-handles-2-150x150.webp 150w, https:\/\/www.yongjianceramic.com\/wp-content\/uploads\/2026\/04\/two-tone-wholesale-ceramic-bakeware-set-nesting-baking-dishes-with-handles-2-768x768.webp 768w, https:\/\/www.yongjianceramic.com\/wp-content\/uploads\/2026\/04\/two-tone-wholesale-ceramic-bakeware-set-nesting-baking-dishes-with-handles-2-12x12.webp 12w, https:\/\/www.yongjianceramic.com\/wp-content\/uploads\/2026\/04\/two-tone-wholesale-ceramic-bakeware-set-nesting-baking-dishes-with-handles-2-285x285.webp 285w, https:\/\/www.yongjianceramic.com\/wp-content\/uploads\/2026\/04\/two-tone-wholesale-ceramic-bakeware-set-nesting-baking-dishes-with-handles-2-270x270.webp 270w, https:\/\/www.yongjianceramic.com\/wp-content\/uploads\/2026\/04\/two-tone-wholesale-ceramic-bakeware-set-nesting-baking-dishes-with-handles-2-540x540.webp 540w, https:\/\/www.yongjianceramic.com\/wp-content\/uploads\/2026\/04\/two-tone-wholesale-ceramic-bakeware-set-nesting-baking-dishes-with-handles-2-660x660.webp 660w\" sizes=\"(max-width: 800px) 100vw, 800px\" \/><\/figure>\n<\/div>\n\n\n\n<div class=\"wp-block-column is-layout-flow wp-block-column-is-layout-flow\">\n<figure class=\"wp-block-image size-full is-style-default\"><img loading=\"lazy\" decoding=\"async\" width=\"800\" height=\"800\" src=\"https:\/\/www.yongjianceramic.com\/wp-content\/uploads\/2026\/04\/two-tone-wholesale-ceramic-bakeware-set-nesting-baking-dishes-with-handles-3.webp\" alt=\"Ensemble de moules \u00e0 p\u00e2tisserie en c\u00e9ramique \u00e0 deux tons - plats \u00e0 p\u00e2tisserie gigognes avec poign\u00e9es - 3\" class=\"wp-image-5526\" srcset=\"https:\/\/www.yongjianceramic.com\/wp-content\/uploads\/2026\/04\/two-tone-wholesale-ceramic-bakeware-set-nesting-baking-dishes-with-handles-3.webp 800w, https:\/\/www.yongjianceramic.com\/wp-content\/uploads\/2026\/04\/two-tone-wholesale-ceramic-bakeware-set-nesting-baking-dishes-with-handles-3-300x300.webp 300w, https:\/\/www.yongjianceramic.com\/wp-content\/uploads\/2026\/04\/two-tone-wholesale-ceramic-bakeware-set-nesting-baking-dishes-with-handles-3-150x150.webp 150w, https:\/\/www.yongjianceramic.com\/wp-content\/uploads\/2026\/04\/two-tone-wholesale-ceramic-bakeware-set-nesting-baking-dishes-with-handles-3-768x768.webp 768w, https:\/\/www.yongjianceramic.com\/wp-content\/uploads\/2026\/04\/two-tone-wholesale-ceramic-bakeware-set-nesting-baking-dishes-with-handles-3-12x12.webp 12w, https:\/\/www.yongjianceramic.com\/wp-content\/uploads\/2026\/04\/two-tone-wholesale-ceramic-bakeware-set-nesting-baking-dishes-with-handles-3-285x285.webp 285w, https:\/\/www.yongjianceramic.com\/wp-content\/uploads\/2026\/04\/two-tone-wholesale-ceramic-bakeware-set-nesting-baking-dishes-with-handles-3-270x270.webp 270w, https:\/\/www.yongjianceramic.com\/wp-content\/uploads\/2026\/04\/two-tone-wholesale-ceramic-bakeware-set-nesting-baking-dishes-with-handles-3-540x540.webp 540w, https:\/\/www.yongjianceramic.com\/wp-content\/uploads\/2026\/04\/two-tone-wholesale-ceramic-bakeware-set-nesting-baking-dishes-with-handles-3-660x660.webp 660w\" sizes=\"(max-width: 800px) 100vw, 800px\" \/><\/figure>\n<\/div>\n<\/div>","protected":false},"excerpt":{"rendered":"<p>Nous vous invitons \u00e0 acheter en gros notre batterie de cuisine en c\u00e9ramique bicolore avec un design embo\u00eetable et des poign\u00e9es faciles \u00e0 saisir, id\u00e9ale pour les acheteurs en gros et les marques d'ustensiles de cuisine. Fabriqu\u00e9e en gr\u00e8s durable, qui assure une distribution uniforme de la chaleur, cette batterie de cuisine empilable est \u00e9galement peu encombrante dans la cuisine et permet d'obtenir des r\u00e9sultats de cuisson uniformes. Possibilit\u00e9 de personnalisation OEM\/ODM pour les projets de vente en gros et les marques de distributeur.<\/p>\n<table border=\"0\" width=\"346\" cellspacing=\"0\" cellpadding=\"0\">\n<tbody>\n<tr>\n<td width=\"120\" height=\"17\">Fabricant<\/td>\n<td width=\"225\">Yongjian<\/td>\n<\/tr>\n<tr>\n<td height=\"18\">Num\u00e9ro de mod\u00e8le<\/td>\n<td width=\"225\">YJ8\uff0cYJ9, YJ10<\/td>\n<\/tr>\n<tr>\n<td height=\"17\">Type de produit<\/td>\n<td>Plaques de cuisson<\/td>\n<\/tr>\n<tr>\n<td height=\"17\">Mat\u00e9riau<\/td>\n<td>Porcelaine<\/td>\n<\/tr>\n<tr>\n<td height=\"17\">Forme<\/td>\n<td>Rectangulaire<\/td>\n<\/tr>\n<tr>\n<td height=\"17\">Couleur<\/td>\n<td>Bleu fonc\u00e9 et blanc, couleurs personnalis\u00e9es disponibles<\/td>\n<\/tr>\n<tr>\n<td height=\"53\">Dimension<\/td>\n<td width=\"225\">17,8*11,4*5,1 cm<br \/>17,8*17,8*5,1 cm<br \/>34,3*23,9*6,9 cm<\/td>\n<\/tr>\n<tr>\n<td height=\"17\">MOQ<\/td>\n<td>500pcs<\/td>\n<\/tr>\n<tr>\n<td height=\"17\">Sur mesure<\/td>\n<td>Couleur\/Taille\/Logo\/Emballage<\/td>\n<\/tr>\n<tr>\n<td height=\"17\">Paquet<\/td>\n<td>Emballage en vrac\/ Bo\u00eete en mousse\/ Bo\u00eete brune<\/td>\n<\/tr>\n<\/tbody>\n<\/table>","protected":false},"featured_media":5530,"comment_status":"closed","ping_status":"closed","template":"","meta":{"_acf_changed":false},"product_brand":[],"product_cat":[62,99],"product_tag":[81],"class_list":{"0":"post-5523","1":"product","2":"type-product","3":"status-publish","4":"has-post-thumbnail","6":"product_cat-ceramic-plates-wholesale","7":"product_cat-baking-dishes-wholesale","8":"product_tag-modern-design-dinnerware-set-wholesale","10":"first","11":"instock","12":"shipping-taxable","13":"product-type-simple"},"acf":[],"_links":{"self":[{"href":"https:\/\/www.yongjianceramic.com\/fr\/wp-json\/wp\/v2\/product\/5523","targetHints":{"allow":["GET"]}}],"collection":[{"href":"https:\/\/www.yongjianceramic.com\/fr\/wp-json\/wp\/v2\/product"}],"about":[{"href":"https:\/\/www.yongjianceramic.com\/fr\/wp-json\/wp\/v2\/types\/product"}],"replies":[{"embeddable":true,"href":"https:\/\/www.yongjianceramic.com\/fr\/wp-json\/wp\/v2\/comments?post=5523"}],"wp:featuredmedia":[{"embeddable":true,"href":"https:\/\/www.yongjianceramic.com\/fr\/wp-json\/wp\/v2\/media\/5530"}],"wp:attachment":[{"href":"https:\/\/www.yongjianceramic.com\/fr\/wp-json\/wp\/v2\/media?parent=5523"}],"wp:term":[{"taxonomy":"product_brand","embeddable":true,"href":"https:\/\/www.yongjianceramic.com\/fr\/wp-json\/wp\/v2\/product_brand?post=5523"},{"taxonomy":"product_cat","embeddable":true,"href":"https:\/\/www.yongjianceramic.com\/fr\/wp-json\/wp\/v2\/product_cat?post=5523"},{"taxonomy":"product_tag","embeddable":true,"href":"https:\/\/www.yongjianceramic.com\/fr\/wp-json\/wp\/v2\/product_tag?post=5523"}],"curies":[{"name":"wp","href":"https:\/\/api.w.org\/{rel}","templated":true}]}}