{"id":5533,"date":"2026-04-22T16:25:46","date_gmt":"2026-04-22T08:25:46","guid":{"rendered":"https:\/\/www.yongjianceramic.com\/?post_type=product&#038;p=5533"},"modified":"2026-04-22T18:09:39","modified_gmt":"2026-04-22T10:09:39","slug":"wholesale-baking-dishes","status":"publish","type":"product","link":"https:\/\/www.yongjianceramic.com\/fr\/produit\/wholesale-baking-dishes\/","title":{"rendered":"5.5-Inch Wholesale Baking Dishes, Ceramic Tart Pan for Restaurants (plats \u00e0 tarte en c\u00e9ramique pour restaurants)"},"content":{"rendered":"<div class=\"wp-block-columns is-layout-flex wp-container-core-columns-is-layout-9d6595d7 wp-block-columns-is-layout-flex\">\n<div class=\"wp-block-column is-layout-flow wp-block-column-is-layout-flow\">\n<h2 class=\"wp-block-heading\">Plats de cuisson Premium Wholesale Caract\u00e9ristiques :<\/h2>\n\n\n\n<ul class=\"wp-block-list\">\n<li><strong>\u00c9l\u00e9gant bord cannel\u00e9 : <\/strong>Le bord cannel\u00e9 classique rehausse l'attrait visuel des plats de cuisson en gros, aidant les boulangeries et les restaurants \u00e0 cr\u00e9er des tartes et des tourtes aux formes magnifiques avec des r\u00e9sultats professionnels constants.<\/li>\n\n\n\n<li><strong>Design de la jante \u00e9pur\u00e9 permettant de gagner de l'espace : <\/strong>Ces plats de cuisson en gros sont dot\u00e9s d'une structure \u00e0 bord lisse sans poign\u00e9e, ce qui permet un empilage compact et un stockage efficace, id\u00e9al pour les cuisines commerciales disposant de peu d'espace.<\/li>\n\n\n\n<li><strong>Finition mate moderne pour un aspect haut de gamme : <\/strong>Con\u00e7u avec une gla\u00e7ure mate inspir\u00e9e de Morandi, notre moule \u00e0 tarte en c\u00e9ramique personnalis\u00e9 \u00e9l\u00e8ve la pr\u00e9sentation des aliments et s'aligne sur les tendances de la restauration moderne et des m\u00e9dias sociaux, rendant les plats plus attrayants pour les clients.<\/li>\n\n\n\n<li><strong>Mat\u00e9riau c\u00e9ramique durable et r\u00e9sistant \u00e0 la chaleur :<\/strong> Fabriqu\u00e9s en c\u00e9ramique de haute qualit\u00e9, ces plats de cuisson en gros offrent une excellente stabilit\u00e9 thermique, r\u00e9sistant aux fissures lors des cycles de cuisson et de cong\u00e9lation r\u00e9p\u00e9t\u00e9s - parfaits pour une utilisation fr\u00e9quente dans les restaurants.<\/li>\n\n\n\n<li><strong>Personnalisation OEM et capacit\u00e9 de production :<\/strong> En tant qu'usine de c\u00e9ramique professionnelle, nous pouvons offrir un service OEM\/ODM flexible, des couleurs, des tailles et des emballages personnalis\u00e9s avec une production de masse importante et une livraison rapide.<\/li>\n<\/ul>\n<\/div>\n\n\n\n<div class=\"wp-block-column is-layout-flow wp-block-column-is-layout-flow\">\n<figure class=\"wp-block-image size-full\"><img fetchpriority=\"high\" decoding=\"async\" width=\"1286\" height=\"1500\" src=\"https:\/\/www.yongjianceramic.com\/wp-content\/uploads\/2026\/04\/wholesale-baking-dishes-custom-ceramic-tart-pan-4.webp\" alt=\"grossiste-plats de cuisson-plats \u00e0 tarte en c\u00e9ramique personnalis\u00e9s-4\" class=\"wp-image-5537\" srcset=\"https:\/\/www.yongjianceramic.com\/wp-content\/uploads\/2026\/04\/wholesale-baking-dishes-custom-ceramic-tart-pan-4.webp 1286w, https:\/\/www.yongjianceramic.com\/wp-content\/uploads\/2026\/04\/wholesale-baking-dishes-custom-ceramic-tart-pan-4-257x300.webp 257w, https:\/\/www.yongjianceramic.com\/wp-content\/uploads\/2026\/04\/wholesale-baking-dishes-custom-ceramic-tart-pan-4-768x896.webp 768w, https:\/\/www.yongjianceramic.com\/wp-content\/uploads\/2026\/04\/wholesale-baking-dishes-custom-ceramic-tart-pan-4-10x12.webp 10w, https:\/\/www.yongjianceramic.com\/wp-content\/uploads\/2026\/04\/wholesale-baking-dishes-custom-ceramic-tart-pan-4-285x332.webp 285w, https:\/\/www.yongjianceramic.com\/wp-content\/uploads\/2026\/04\/wholesale-baking-dishes-custom-ceramic-tart-pan-4-566x660.webp 566w, https:\/\/www.yongjianceramic.com\/wp-content\/uploads\/2026\/04\/wholesale-baking-dishes-custom-ceramic-tart-pan-4-129x150.webp 129w\" sizes=\"(max-width: 1286px) 100vw, 1286px\" \/><\/figure>\n<\/div>\n<\/div>","protected":false},"excerpt":{"rendered":"<p>Nous vous invitons \u00e0 acheter ces plats de cuisson de 5,5 pouces en gros, con\u00e7us pour les restaurants, les boulangeries et les marques de services alimentaires \u00e0 la recherche d'ustensiles de cuisson en c\u00e9ramique \u00e9l\u00e9gants et de qualit\u00e9 commerciale. Ces plats de cuisson en c\u00e9ramique pour le four et la table sont dot\u00e9s d'une surface \u00e9maill\u00e9e facile \u00e0 nettoyer et sont id\u00e9aux pour les achats en gros avec une personnalisation OEM\/ODM compl\u00e8te. Ils sont parfaits pour les h\u00f4tels, les traiteurs et les marques de vente au d\u00e9tail qui recherchent des plats de cuisson en c\u00e9ramique de haute qualit\u00e9.<\/p>\n<table border=\"0\" width=\"346\" cellspacing=\"0\" cellpadding=\"0\">\n<tbody>\n<tr>\n<td width=\"120\" height=\"17\">Fabricant<\/td>\n<td width=\"225\">Yongjian<\/td>\n<\/tr>\n<tr>\n<td height=\"18\">Num\u00e9ro de mod\u00e8le<\/td>\n<td width=\"225\">YJ11<\/td>\n<\/tr>\n<tr>\n<td height=\"17\">Type de produit<\/td>\n<td>Plaques de cuisson<\/td>\n<\/tr>\n<tr>\n<td height=\"17\">Mat\u00e9riau<\/td>\n<td>Porcelaine<\/td>\n<\/tr>\n<tr>\n<td height=\"17\">Forme<\/td>\n<td>Rond<\/td>\n<\/tr>\n<tr>\n<td height=\"17\">Couleur<\/td>\n<td>Bleu et blanc, couleurs personnalis\u00e9es disponibles<\/td>\n<\/tr>\n<tr>\n<td height=\"18\">Dimension<\/td>\n<td width=\"225\">17*17*4,6 cm<\/td>\n<\/tr>\n<tr>\n<td height=\"17\">MOQ<\/td>\n<td>500pcs<\/td>\n<\/tr>\n<tr>\n<td height=\"17\">Sur mesure<\/td>\n<td>Couleur\/Taille\/Logo\/Emballage<\/td>\n<\/tr>\n<tr>\n<td height=\"17\">Paquet<\/td>\n<td>Emballage en vrac\/ Bo\u00eete en mousse\/ Bo\u00eete brune<\/td>\n<\/tr>\n<\/tbody>\n<\/table>","protected":false},"featured_media":5534,"comment_status":"closed","ping_status":"closed","template":"","meta":{"_acf_changed":false},"product_brand":[],"product_cat":[62,99],"product_tag":[81],"class_list":{"0":"post-5533","1":"product","2":"type-product","3":"status-publish","4":"has-post-thumbnail","6":"product_cat-ceramic-plates-wholesale","7":"product_cat-baking-dishes-wholesale","8":"product_tag-modern-design-dinnerware-set-wholesale","10":"first","11":"instock","12":"shipping-taxable","13":"product-type-simple"},"acf":[],"_links":{"self":[{"href":"https:\/\/www.yongjianceramic.com\/fr\/wp-json\/wp\/v2\/product\/5533","targetHints":{"allow":["GET"]}}],"collection":[{"href":"https:\/\/www.yongjianceramic.com\/fr\/wp-json\/wp\/v2\/product"}],"about":[{"href":"https:\/\/www.yongjianceramic.com\/fr\/wp-json\/wp\/v2\/types\/product"}],"replies":[{"embeddable":true,"href":"https:\/\/www.yongjianceramic.com\/fr\/wp-json\/wp\/v2\/comments?post=5533"}],"wp:featuredmedia":[{"embeddable":true,"href":"https:\/\/www.yongjianceramic.com\/fr\/wp-json\/wp\/v2\/media\/5534"}],"wp:attachment":[{"href":"https:\/\/www.yongjianceramic.com\/fr\/wp-json\/wp\/v2\/media?parent=5533"}],"wp:term":[{"taxonomy":"product_brand","embeddable":true,"href":"https:\/\/www.yongjianceramic.com\/fr\/wp-json\/wp\/v2\/product_brand?post=5533"},{"taxonomy":"product_cat","embeddable":true,"href":"https:\/\/www.yongjianceramic.com\/fr\/wp-json\/wp\/v2\/product_cat?post=5533"},{"taxonomy":"product_tag","embeddable":true,"href":"https:\/\/www.yongjianceramic.com\/fr\/wp-json\/wp\/v2\/product_tag?post=5533"}],"curies":[{"name":"wp","href":"https:\/\/api.w.org\/{rel}","templated":true}]}}