{"id":5569,"date":"2026-05-07T16:21:14","date_gmt":"2026-05-07T08:21:14","guid":{"rendered":"https:\/\/www.yongjianceramic.com\/?post_type=product&#038;p=5569"},"modified":"2026-05-07T17:56:05","modified_gmt":"2026-05-07T09:56:05","slug":"ceramic-pie-pan-wholesale","status":"publish","type":"product","link":"https:\/\/www.yongjianceramic.com\/fr\/produit\/ceramic-pie-pan-wholesale\/","title":{"rendered":"Plat \u00e0 tarte rond en c\u00e9ramique de 10 pouces avec bord cannel\u00e9 en gros"},"content":{"rendered":"<div class=\"wp-block-columns is-layout-flex wp-container-core-columns-is-layout-9d6595d7 wp-block-columns-is-layout-flex\">\n<div class=\"wp-block-column is-layout-flow wp-block-column-is-layout-flow\">\n<h2 class=\"wp-block-heading\">Plat \u00e0 tarte en c\u00e9ramique de premi\u00e8re qualit\u00e9 Caract\u00e9ristiques en gros :<\/h2>\n\n\n\n<ul class=\"wp-block-list\">\n<li><strong>Mat\u00e9riau c\u00e9ramique haut de gamme : <\/strong>Fabriqu\u00e9 en c\u00e9ramique cuite \u00e0 haute temp\u00e9rature, ce moule \u00e0 tarte en c\u00e9ramique de 10 pouces offre une r\u00e9tention uniforme de la chaleur pour des tartes, des quiches et des tartelettes cuites \u00e0 la perfection.<\/li>\n\n\n\n<li><strong>\u00c9l\u00e9gant bord cannel\u00e9 :<\/strong> Le moule \u00e0 tarte en c\u00e9ramique a un bord cannel\u00e9 classique qui donne une belle forme \u00e0 la cro\u00fbte et am\u00e9liore la pr\u00e9sentation des produits pour les boulangeries, les restaurants et les marques d'ustensiles de cuisine. Les moules \u00e0 tarte cannel\u00e9s sont tr\u00e8s appr\u00e9ci\u00e9s pour la pr\u00e9sentation professionnelle des produits de boulangerie.<\/li>\n\n\n\n<li><strong>Utilisable au four pour une utilisation commerciale :<\/strong> Con\u00e7u pour les grossistes et les services de restauration, le plat \u00e0 tarte en c\u00e9ramique r\u00e9siste aux temp\u00e9ratures \u00e9lev\u00e9es, aux rayures et \u00e0 l'utilisation quotidienne dans la cuisine.<\/li>\n\n\n\n<li><strong>Taille id\u00e9ale pour des applications de cuisson multiples : <\/strong>Le moule \u00e0 tarte rond en c\u00e9ramique de 10 pouces est parfait pour les tartes aux fruits, les tartes \u00e0 la citrouille, les quiches, les cheesecakes, les tourtes et les desserts, ce qui en fait une option polyvalente pour les supermarch\u00e9s, les marques de p\u00e2tisserie et les acheteurs du secteur de l'h\u00f4tellerie et de la restauration.<\/li>\n\n\n\n<li><strong>Une production efficace et flexible : <\/strong>En tant que fabricant, nous offrons une r\u00e9activit\u00e9 de production rapide pour nos moules \u00e0 tarte en c\u00e9ramique de 10 pouces en gros et nous vous aidons \u00e0 personnaliser les sch\u00e9mas de couleurs exclusifs de la marque.<\/li>\n<\/ul>\n<\/div>\n\n\n\n<div class=\"wp-block-column is-layout-flow wp-block-column-is-layout-flow\">\n<figure class=\"wp-block-image size-full\"><img fetchpriority=\"high\" decoding=\"async\" width=\"1500\" height=\"1000\" src=\"https:\/\/www.yongjianceramic.com\/wp-content\/uploads\/2026\/05\/10-inch-round-ceramic-pie-pan-wholesale-with-fluted-edge-14.webp\" alt=\"Po\u00eale \u00e0 tarte en c\u00e9ramique ronde de 10 pouces avec bord cannel\u00e9-14\" class=\"wp-image-5583\" srcset=\"https:\/\/www.yongjianceramic.com\/wp-content\/uploads\/2026\/05\/10-inch-round-ceramic-pie-pan-wholesale-with-fluted-edge-14.webp 1500w, https:\/\/www.yongjianceramic.com\/wp-content\/uploads\/2026\/05\/10-inch-round-ceramic-pie-pan-wholesale-with-fluted-edge-14-300x200.webp 300w, https:\/\/www.yongjianceramic.com\/wp-content\/uploads\/2026\/05\/10-inch-round-ceramic-pie-pan-wholesale-with-fluted-edge-14-768x512.webp 768w, https:\/\/www.yongjianceramic.com\/wp-content\/uploads\/2026\/05\/10-inch-round-ceramic-pie-pan-wholesale-with-fluted-edge-14-18x12.webp 18w, https:\/\/www.yongjianceramic.com\/wp-content\/uploads\/2026\/05\/10-inch-round-ceramic-pie-pan-wholesale-with-fluted-edge-14-285x190.webp 285w, https:\/\/www.yongjianceramic.com\/wp-content\/uploads\/2026\/05\/10-inch-round-ceramic-pie-pan-wholesale-with-fluted-edge-14-660x440.webp 660w, https:\/\/www.yongjianceramic.com\/wp-content\/uploads\/2026\/05\/10-inch-round-ceramic-pie-pan-wholesale-with-fluted-edge-14-150x100.webp 150w\" sizes=\"(max-width: 1500px) 100vw, 1500px\" \/><\/figure>\n<\/div>\n<\/div>\n\n\n\n<div class=\"wp-block-columns is-layout-flex wp-container-core-columns-is-layout-9d6595d7 wp-block-columns-is-layout-flex\">\n<div class=\"wp-block-column is-layout-flow wp-block-column-is-layout-flow\">\n<figure class=\"wp-block-image size-full\"><img decoding=\"async\" width=\"694\" height=\"640\" src=\"https:\/\/www.yongjianceramic.com\/wp-content\/uploads\/2026\/05\/10-inch-round-ceramic-pie-pan-wholesale-with-fluted-edge-11.webp\" alt=\"Po\u00eale \u00e0 tarte en c\u00e9ramique ronde de 10 pouces avec bord cannel\u00e9-11\" class=\"wp-image-5580\" srcset=\"https:\/\/www.yongjianceramic.com\/wp-content\/uploads\/2026\/05\/10-inch-round-ceramic-pie-pan-wholesale-with-fluted-edge-11.webp 694w, https:\/\/www.yongjianceramic.com\/wp-content\/uploads\/2026\/05\/10-inch-round-ceramic-pie-pan-wholesale-with-fluted-edge-11-300x277.webp 300w, https:\/\/www.yongjianceramic.com\/wp-content\/uploads\/2026\/05\/10-inch-round-ceramic-pie-pan-wholesale-with-fluted-edge-11-13x12.webp 13w, https:\/\/www.yongjianceramic.com\/wp-content\/uploads\/2026\/05\/10-inch-round-ceramic-pie-pan-wholesale-with-fluted-edge-11-285x263.webp 285w, https:\/\/www.yongjianceramic.com\/wp-content\/uploads\/2026\/05\/10-inch-round-ceramic-pie-pan-wholesale-with-fluted-edge-11-660x609.webp 660w, https:\/\/www.yongjianceramic.com\/wp-content\/uploads\/2026\/05\/10-inch-round-ceramic-pie-pan-wholesale-with-fluted-edge-11-150x138.webp 150w\" sizes=\"(max-width: 694px) 100vw, 694px\" \/><\/figure>\n<\/div>\n\n\n\n<div class=\"wp-block-column is-layout-flow wp-block-column-is-layout-flow\">\n<figure class=\"wp-block-image size-full\"><img decoding=\"async\" width=\"694\" height=\"640\" src=\"https:\/\/www.yongjianceramic.com\/wp-content\/uploads\/2026\/05\/10-inch-round-ceramic-pie-pan-wholesale-with-fluted-edge-10.webp\" alt=\"Po\u00eale \u00e0 tarte en c\u00e9ramique ronde de 10 pouces avec bord cannel\u00e9-10\" class=\"wp-image-5579\" srcset=\"https:\/\/www.yongjianceramic.com\/wp-content\/uploads\/2026\/05\/10-inch-round-ceramic-pie-pan-wholesale-with-fluted-edge-10.webp 694w, https:\/\/www.yongjianceramic.com\/wp-content\/uploads\/2026\/05\/10-inch-round-ceramic-pie-pan-wholesale-with-fluted-edge-10-300x277.webp 300w, https:\/\/www.yongjianceramic.com\/wp-content\/uploads\/2026\/05\/10-inch-round-ceramic-pie-pan-wholesale-with-fluted-edge-10-13x12.webp 13w, https:\/\/www.yongjianceramic.com\/wp-content\/uploads\/2026\/05\/10-inch-round-ceramic-pie-pan-wholesale-with-fluted-edge-10-285x263.webp 285w, https:\/\/www.yongjianceramic.com\/wp-content\/uploads\/2026\/05\/10-inch-round-ceramic-pie-pan-wholesale-with-fluted-edge-10-660x609.webp 660w, https:\/\/www.yongjianceramic.com\/wp-content\/uploads\/2026\/05\/10-inch-round-ceramic-pie-pan-wholesale-with-fluted-edge-10-150x138.webp 150w\" sizes=\"(max-width: 694px) 100vw, 694px\" \/><\/figure>\n<\/div>\n<\/div>","protected":false},"excerpt":{"rendered":"<p>Nous vous invitons \u00e0 acheter ces plats de cuisson de 5,5 pouces en gros, con\u00e7us pour les restaurants, les boulangeries et les marques de services alimentaires \u00e0 la recherche d'ustensiles de cuisson en c\u00e9ramique \u00e9l\u00e9gants et de qualit\u00e9 commerciale. Ces plats de cuisson en c\u00e9ramique pour le four et la table sont dot\u00e9s d'une surface \u00e9maill\u00e9e facile \u00e0 nettoyer et sont id\u00e9aux pour les achats en gros avec une personnalisation OEM\/ODM compl\u00e8te. Ils sont parfaits pour les h\u00f4tels, les traiteurs et les marques de vente au d\u00e9tail qui recherchent des plats de cuisson en c\u00e9ramique de haute qualit\u00e9.<\/p>\n<table border=\"0\" width=\"346\" cellspacing=\"0\" cellpadding=\"0\">\n<tbody>\n<tr>\n<td width=\"120\" height=\"17\">Fabricant<\/td>\n<td width=\"225\">Yongjian<\/td>\n<\/tr>\n<tr>\n<td height=\"18\">Num\u00e9ro de mod\u00e8le<\/td>\n<td width=\"225\">YJ11<\/td>\n<\/tr>\n<tr>\n<td height=\"17\">Type de produit<\/td>\n<td>Plaques de cuisson<\/td>\n<\/tr>\n<tr>\n<td height=\"17\">Mat\u00e9riau<\/td>\n<td>Porcelaine<\/td>\n<\/tr>\n<tr>\n<td height=\"17\">Forme<\/td>\n<td>Rond<\/td>\n<\/tr>\n<tr>\n<td height=\"17\">Couleur<\/td>\n<td>Bleu et blanc, couleurs personnalis\u00e9es disponibles<\/td>\n<\/tr>\n<tr>\n<td height=\"18\">Dimension<\/td>\n<td width=\"225\">17*17*4,6 cm<\/td>\n<\/tr>\n<tr>\n<td height=\"17\">MOQ<\/td>\n<td>500pcs<\/td>\n<\/tr>\n<tr>\n<td height=\"17\">Sur mesure<\/td>\n<td>Couleur\/Taille\/Logo\/Emballage<\/td>\n<\/tr>\n<tr>\n<td height=\"17\">Paquet<\/td>\n<td>Emballage en vrac\/ Bo\u00eete en mousse\/ Bo\u00eete brune<\/td>\n<\/tr>\n<\/tbody>\n<\/table>","protected":false},"featured_media":5575,"comment_status":"closed","ping_status":"closed","template":"","meta":{"_acf_changed":false},"product_brand":[],"product_cat":[62,99],"product_tag":[81],"class_list":{"0":"post-5569","1":"product","2":"type-product","3":"status-publish","4":"has-post-thumbnail","6":"product_cat-ceramic-plates-wholesale","7":"product_cat-baking-dishes-wholesale","8":"product_tag-modern-design-dinnerware-set-wholesale","10":"first","11":"instock","12":"shipping-taxable","13":"product-type-simple"},"acf":[],"_links":{"self":[{"href":"https:\/\/www.yongjianceramic.com\/fr\/wp-json\/wp\/v2\/product\/5569","targetHints":{"allow":["GET"]}}],"collection":[{"href":"https:\/\/www.yongjianceramic.com\/fr\/wp-json\/wp\/v2\/product"}],"about":[{"href":"https:\/\/www.yongjianceramic.com\/fr\/wp-json\/wp\/v2\/types\/product"}],"replies":[{"embeddable":true,"href":"https:\/\/www.yongjianceramic.com\/fr\/wp-json\/wp\/v2\/comments?post=5569"}],"wp:featuredmedia":[{"embeddable":true,"href":"https:\/\/www.yongjianceramic.com\/fr\/wp-json\/wp\/v2\/media\/5575"}],"wp:attachment":[{"href":"https:\/\/www.yongjianceramic.com\/fr\/wp-json\/wp\/v2\/media?parent=5569"}],"wp:term":[{"taxonomy":"product_brand","embeddable":true,"href":"https:\/\/www.yongjianceramic.com\/fr\/wp-json\/wp\/v2\/product_brand?post=5569"},{"taxonomy":"product_cat","embeddable":true,"href":"https:\/\/www.yongjianceramic.com\/fr\/wp-json\/wp\/v2\/product_cat?post=5569"},{"taxonomy":"product_tag","embeddable":true,"href":"https:\/\/www.yongjianceramic.com\/fr\/wp-json\/wp\/v2\/product_tag?post=5569"}],"curies":[{"name":"wp","href":"https:\/\/api.w.org\/{rel}","templated":true}]}}