{"id":2412,"date":"2024-08-28T07:21:14","date_gmt":"2024-08-28T07:21:14","guid":{"rendered":"https:\/\/www.yongjianceramic.com\/?post_type=product&#038;p=2412"},"modified":"2025-11-04T15:29:38","modified_gmt":"2025-11-04T07:29:38","slug":"chinese-rice-bowls-bulk","status":"publish","type":"product","link":"https:\/\/www.yongjianceramic.com\/pt\/produto\/chinese-rice-bowls-bulk\/","title":{"rendered":"Tigelas de arroz chinesas de 4,5 polegadas a granel, tigelas de cer\u00e2mica personalizadas"},"content":{"rendered":"<div class=\"wp-block-columns is-layout-flex wp-container-core-columns-is-layout-9d6595d7 wp-block-columns-is-layout-flex\">\n<div class=\"wp-block-column is-layout-flow wp-block-column-is-layout-flow\">\n<h2 class=\"wp-block-heading\">Tigelas de arroz chinesas Premium Carater\u00edsticas a granel:<\/h2>\n\n\n\n<ul class=\"wp-block-list\">\n<li><strong>Porcelana de alta qualidade: <\/strong>O material de porcelana selecionado de alta qualidade garante a durabilidade e a seguran\u00e7a das nossas tigelas de arroz chinesas a granel, sem chumbo e sem c\u00e1dmio, garantindo a seguran\u00e7a alimentar e a sa\u00fade, adequadas para uma utiliza\u00e7\u00e3o a longo prazo em casa e na restaura\u00e7\u00e3o.<\/li>\n\n\n\n<li><strong>Design requintado: <\/strong>As nossas ta\u00e7as de cer\u00e2mica a granel adoptam um design de renda optimizado, decorativo e elegante. As cores brancas e pretas puras d\u00e3o um toque de moda moderna e pormenores requintados \u00e0 mesa de jantar.<\/li>\n\n\n\n<li><strong>Praticidade: <\/strong>Estas ta\u00e7as de arroz chinesas a granel n\u00e3o s\u00f3 s\u00e3o adequadas para guardar arroz, como tamb\u00e9m podem ser utilizadas para guardar sopa, massa, iogurte e outros alimentos, e podem ser utilizadas em micro-ondas e fornos para satisfazer v\u00e1rias necessidades diet\u00e9ticas di\u00e1rias.<\/li>\n\n\n\n<li><strong>F\u00e1cil de limpar: <\/strong>A superf\u00edcie cer\u00e2mica lisa das nossas ta\u00e7as de cer\u00e2mica a granel facilita a sua limpeza, permite a lavagem \u00e0 m\u00e3o e na m\u00e1quina de lavar lou\u00e7a, poupa tempo e energia e mant\u00e9m-nas limpas e brilhantes durante muito tempo.<\/li>\n<\/ul>\n<\/div>\n\n\n\n<div class=\"wp-block-column is-vertically-aligned-center is-layout-flow wp-block-column-is-layout-flow\"><div class=\"wp-block-image\">\n<figure class=\"aligncenter size-full\"><img fetchpriority=\"high\" decoding=\"async\" width=\"750\" height=\"750\" src=\"https:\/\/www.yongjianceramic.com\/wp-content\/uploads\/2024\/08\/4.5-Inch-Chinese-Rice-Bowls-Bulk-Wholesale-Ceramic-Bowls-3.webp\" alt=\"Tigelas de arroz chinesas de 4,5 polegadas a granel, tigelas de cer\u00e2mica por atacado-3\" class=\"wp-image-2994\" srcset=\"https:\/\/www.yongjianceramic.com\/wp-content\/uploads\/2024\/08\/4.5-Inch-Chinese-Rice-Bowls-Bulk-Wholesale-Ceramic-Bowls-3.webp 750w, https:\/\/www.yongjianceramic.com\/wp-content\/uploads\/2024\/08\/4.5-Inch-Chinese-Rice-Bowls-Bulk-Wholesale-Ceramic-Bowls-3-300x300.webp 300w, https:\/\/www.yongjianceramic.com\/wp-content\/uploads\/2024\/08\/4.5-Inch-Chinese-Rice-Bowls-Bulk-Wholesale-Ceramic-Bowls-3-150x150.webp 150w, https:\/\/www.yongjianceramic.com\/wp-content\/uploads\/2024\/08\/4.5-Inch-Chinese-Rice-Bowls-Bulk-Wholesale-Ceramic-Bowls-3-12x12.webp 12w, https:\/\/www.yongjianceramic.com\/wp-content\/uploads\/2024\/08\/4.5-Inch-Chinese-Rice-Bowls-Bulk-Wholesale-Ceramic-Bowls-3-285x285.webp 285w, https:\/\/www.yongjianceramic.com\/wp-content\/uploads\/2024\/08\/4.5-Inch-Chinese-Rice-Bowls-Bulk-Wholesale-Ceramic-Bowls-3-270x270.webp 270w, https:\/\/www.yongjianceramic.com\/wp-content\/uploads\/2024\/08\/4.5-Inch-Chinese-Rice-Bowls-Bulk-Wholesale-Ceramic-Bowls-3-540x540.webp 540w, https:\/\/www.yongjianceramic.com\/wp-content\/uploads\/2024\/08\/4.5-Inch-Chinese-Rice-Bowls-Bulk-Wholesale-Ceramic-Bowls-3-660x660.webp 660w\" sizes=\"(max-width: 750px) 100vw, 750px\" \/><\/figure>\n<\/div><\/div>\n<\/div>","protected":false},"excerpt":{"rendered":"<p>Bem-vindo ao comprar tigelas de cer\u00e2mica por atacado. A nossa s\u00e9rie de tigelas de arroz chinesas a granel \u00e9 famosa pela sua alta qualidade e praticidade. Estas tigelas de cer\u00e2mica de design bonito n\u00e3o s\u00f3 s\u00e3o dur\u00e1veis e f\u00e1ceis de limpar, como tamb\u00e9m podem satisfazer uma variedade de necessidades gastron\u00f3micas, tornando-as ideais para a ind\u00fastria dom\u00e9stica e de restaura\u00e7\u00e3o.<\/p>\n<table style=\"border-collapse: collapse; width: 275.02pt;\" border=\"0\" width=\"275\" cellspacing=\"0\" cellpadding=\"0\">\n<tbody>\n<tr style=\"height: 17.60pt;\">\n<td class=\"et3\" style=\"height: 17.60pt; width: 108.35pt;\" width=\"108\" height=\"17\">Fabricante<\/td>\n<td class=\"et3\" style=\"width: 167.10pt;\" width=\"167\">Yongjian<\/td>\n<\/tr>\n<tr style=\"height: 17.60pt;\">\n<td class=\"et3\" style=\"height: 17.60pt;\" height=\"17\">Modelo n.<\/td>\n<td class=\"et4\">YJ-015<\/td>\n<\/tr>\n<tr style=\"height: 17.60pt;\">\n<td class=\"et3\" style=\"height: 17.60pt;\" height=\"17\">Tipo de produto<\/td>\n<td class=\"et3\">Tigela de arroz<\/td>\n<\/tr>\n<tr style=\"height: 17.60pt;\">\n<td class=\"et3\" style=\"height: 17.60pt;\" height=\"17\">Material<\/td>\n<td class=\"et3\">Porcelana<\/td>\n<\/tr>\n<tr style=\"height: 17.60pt;\">\n<td class=\"et4\" style=\"height: 17.60pt;\" height=\"17\">Cor<\/td>\n<td class=\"et3\">Branco\/preto<\/td>\n<\/tr>\n<tr style=\"height: 18.00pt;\">\n<td class=\"et3\" style=\"height: 18.00pt;\" height=\"18\">Dimens\u00e3o<\/td>\n<td class=\"et5\" style=\"width: 167.10pt;\" width=\"167\">Ta\u00e7a de 4,5 polegadas, 12*12*6<\/td>\n<\/tr>\n<tr style=\"height: 17.60pt;\">\n<td class=\"et3\" style=\"height: 17.60pt;\" height=\"17\">MOQ<\/td>\n<td class=\"et3\">500 unidades<\/td>\n<\/tr>\n<tr style=\"height: 17.60pt;\">\n<td class=\"et3\" style=\"height: 17.60pt;\" height=\"17\">Personalizado<\/td>\n<td class=\"et3\">Cor\/tamanho\/log\u00f3tipo\/embalagem<\/td>\n<\/tr>\n<\/tbody>\n<\/table>","protected":false},"featured_media":2992,"comment_status":"closed","ping_status":"closed","template":"","meta":{"_acf_changed":false},"product_brand":[],"product_cat":[72,63],"product_tag":[96],"class_list":{"0":"post-2412","1":"product","2":"type-product","3":"status-publish","4":"has-post-thumbnail","6":"product_cat-rice-bowls-bulk","7":"product_cat-wholesale-bowls","8":"product_tag-black-white-dinnerware-wholesale","10":"first","11":"instock","12":"shipping-taxable","13":"product-type-simple"},"acf":[],"_links":{"self":[{"href":"https:\/\/www.yongjianceramic.com\/pt\/wp-json\/wp\/v2\/product\/2412","targetHints":{"allow":["GET"]}}],"collection":[{"href":"https:\/\/www.yongjianceramic.com\/pt\/wp-json\/wp\/v2\/product"}],"about":[{"href":"https:\/\/www.yongjianceramic.com\/pt\/wp-json\/wp\/v2\/types\/product"}],"replies":[{"embeddable":true,"href":"https:\/\/www.yongjianceramic.com\/pt\/wp-json\/wp\/v2\/comments?post=2412"}],"wp:featuredmedia":[{"embeddable":true,"href":"https:\/\/www.yongjianceramic.com\/pt\/wp-json\/wp\/v2\/media\/2992"}],"wp:attachment":[{"href":"https:\/\/www.yongjianceramic.com\/pt\/wp-json\/wp\/v2\/media?parent=2412"}],"wp:term":[{"taxonomy":"product_brand","embeddable":true,"href":"https:\/\/www.yongjianceramic.com\/pt\/wp-json\/wp\/v2\/product_brand?post=2412"},{"taxonomy":"product_cat","embeddable":true,"href":"https:\/\/www.yongjianceramic.com\/pt\/wp-json\/wp\/v2\/product_cat?post=2412"},{"taxonomy":"product_tag","embeddable":true,"href":"https:\/\/www.yongjianceramic.com\/pt\/wp-json\/wp\/v2\/product_tag?post=2412"}],"curies":[{"name":"wp","href":"https:\/\/api.w.org\/{rel}","templated":true}]}}