{"id":2421,"date":"2024-08-28T07:24:34","date_gmt":"2024-08-28T07:24:34","guid":{"rendered":"https:\/\/www.yongjianceramic.com\/?post_type=product&#038;p=2421"},"modified":"2025-11-04T15:35:34","modified_gmt":"2025-11-04T07:35:34","slug":"porcelain-soup-bowls-wholesale","status":"publish","type":"product","link":"https:\/\/www.yongjianceramic.com\/pt\/produto\/porcelain-soup-bowls-wholesale\/","title":{"rendered":"Tigelas de sopa de porcelana de 8 polegadas por atacado, fornecimento de tigelas de macarr\u00e3o"},"content":{"rendered":"<div class=\"wp-block-columns is-layout-flex wp-container-core-columns-is-layout-9d6595d7 wp-block-columns-is-layout-flex\">\n<div class=\"wp-block-column is-layout-flow wp-block-column-is-layout-flow\">\n<h2 class=\"wp-block-heading\">Tigelas de sopa de porcelana premium por atacado Carater\u00edsticas:<\/h2>\n\n\n\n<ul class=\"wp-block-list\">\n<li><strong>Design \u00fanico: <\/strong>Estas tigelas de sopa de porcelana por atacado adoptam um design de renda de folha de l\u00f3tus, com uma forma \u00fanica e inovadora, que \u00e9 muito adequada para catering de alta qualidade e ocasi\u00f5es de jantar em fam\u00edlia.<\/li>\n\n\n\n<li><strong>Selecionar cer\u00e2micas seguras e de qualidade:<\/strong> As nossas ta\u00e7as de cer\u00e2mica a granel s\u00e3o feitas de porcelana dur\u00e1vel e de qualidade, com uma excelente resist\u00eancia ao calor. N\u00e3o se partem ou desgastam facilmente, nem perdem a cor durante uma utiliza\u00e7\u00e3o prolongada, mantendo o brilho da tigela.<\/li>\n\n\n\n<li><strong>Lou\u00e7a funcional:<\/strong> Estas tigelas de sopa de porcelana por atacado n\u00e3o s\u00e3o apenas boas para sopas; tamb\u00e9m s\u00e3o adequadas para servir arroz, saladas, massa e outros alimentos. S\u00e3o as ta\u00e7as ideais para satisfazer as diversas op\u00e7\u00f5es gastron\u00f3micas nos restaurantes e\/ou em casa.<\/li>\n\n\n\n<li><strong>Suave\/Delicado:<\/strong> As nossas ta\u00e7as de cer\u00e2mica a granel t\u00eam uma superf\u00edcie lisa e delicada e s\u00e3o f\u00e1ceis de lavar; podem ser lavadas facilmente \u00e0 m\u00e3o ou na m\u00e1quina de lavar lou\u00e7a. Para poupar tempo e energia, mantendo-as limpas e higi\u00e9nicas.<\/li>\n<\/ul>\n<\/div>\n\n\n\n<div class=\"wp-block-column is-vertically-aligned-center is-layout-flow wp-block-column-is-layout-flow\"><div class=\"wp-block-image\">\n<figure class=\"aligncenter size-full\"><img fetchpriority=\"high\" decoding=\"async\" width=\"750\" height=\"750\" src=\"https:\/\/www.yongjianceramic.com\/wp-content\/uploads\/2024\/08\/8-Inch-Porcelain-Soup-Bowls-Wholesale-Bulk-Noodle-Bowls-6.webp\" alt=\"Tigelas de sopa de porcelana de 8 polegadas por atacado, tigelas de macarr\u00e3o a granel-6\" class=\"wp-image-3005\" srcset=\"https:\/\/www.yongjianceramic.com\/wp-content\/uploads\/2024\/08\/8-Inch-Porcelain-Soup-Bowls-Wholesale-Bulk-Noodle-Bowls-6.webp 750w, https:\/\/www.yongjianceramic.com\/wp-content\/uploads\/2024\/08\/8-Inch-Porcelain-Soup-Bowls-Wholesale-Bulk-Noodle-Bowls-6-300x300.webp 300w, https:\/\/www.yongjianceramic.com\/wp-content\/uploads\/2024\/08\/8-Inch-Porcelain-Soup-Bowls-Wholesale-Bulk-Noodle-Bowls-6-150x150.webp 150w, https:\/\/www.yongjianceramic.com\/wp-content\/uploads\/2024\/08\/8-Inch-Porcelain-Soup-Bowls-Wholesale-Bulk-Noodle-Bowls-6-12x12.webp 12w, https:\/\/www.yongjianceramic.com\/wp-content\/uploads\/2024\/08\/8-Inch-Porcelain-Soup-Bowls-Wholesale-Bulk-Noodle-Bowls-6-285x285.webp 285w, https:\/\/www.yongjianceramic.com\/wp-content\/uploads\/2024\/08\/8-Inch-Porcelain-Soup-Bowls-Wholesale-Bulk-Noodle-Bowls-6-270x270.webp 270w, https:\/\/www.yongjianceramic.com\/wp-content\/uploads\/2024\/08\/8-Inch-Porcelain-Soup-Bowls-Wholesale-Bulk-Noodle-Bowls-6-540x540.webp 540w, https:\/\/www.yongjianceramic.com\/wp-content\/uploads\/2024\/08\/8-Inch-Porcelain-Soup-Bowls-Wholesale-Bulk-Noodle-Bowls-6-660x660.webp 660w\" sizes=\"(max-width: 750px) 100vw, 750px\" \/><\/figure>\n<\/div><\/div>\n<\/div>","protected":false},"excerpt":{"rendered":"<p>Bem-vindo ao comprar ta\u00e7as de porcelana a granel. A nossa tigela de sopa de porcelana por atacado promove um design \u00fanico e durabilidade, melhorando a sua experi\u00eancia gastron\u00f3mica como op\u00e7\u00e3o de restaurante ou de jantar em casa. F\u00e1cil de lavar, limpar e manter; utens\u00edlios de mesa conquistados e eficientes no dia a dia.<\/p>\n<table style=\"border-collapse: collapse; width: 275.02pt;\" border=\"0\" width=\"275\" cellspacing=\"0\" cellpadding=\"0\">\n<tbody>\n<tr style=\"height: 17.60pt;\">\n<td class=\"et3\" style=\"height: 17.60pt; width: 108.35pt;\" width=\"108\" height=\"17\">Fabricante<\/td>\n<td class=\"et3\" style=\"width: 167.10pt;\" width=\"167\">Yongjian<\/td>\n<\/tr>\n<tr style=\"height: 17.60pt;\">\n<td class=\"et3\" style=\"height: 17.60pt;\" height=\"17\">Modelo n.<\/td>\n<td class=\"et4\">YJ-001<\/td>\n<\/tr>\n<tr style=\"height: 17.60pt;\">\n<td class=\"et3\" style=\"height: 17.60pt;\" height=\"17\">Tipo de produto<\/td>\n<td class=\"et4\">Tigela de sopa<\/td>\n<\/tr>\n<tr style=\"height: 17.60pt;\">\n<td class=\"et3\" style=\"height: 17.60pt;\" height=\"17\">Material<\/td>\n<td class=\"et3\">Porcelana<\/td>\n<\/tr>\n<tr style=\"height: 17.60pt;\">\n<td class=\"et4\" style=\"height: 17.60pt;\" height=\"17\">Cor<\/td>\n<td class=\"et3\">Branco\/preto<\/td>\n<\/tr>\n<tr style=\"height: 36.00pt;\">\n<td class=\"et3\" style=\"height: 36.00pt;\" height=\"36\">Dimens\u00e3o<\/td>\n<td class=\"et5\" style=\"width: 167.10pt;\" width=\"167\">Tigela de sopa de 8 polegadas, 20,2*20,2*6<\/td>\n<\/tr>\n<tr style=\"height: 17.60pt;\">\n<td class=\"et3\" style=\"height: 17.60pt;\" height=\"17\">MOQ<\/td>\n<td class=\"et3\">500 unidades<\/td>\n<\/tr>\n<tr style=\"height: 17.60pt;\">\n<td class=\"et3\" style=\"height: 17.60pt;\" height=\"17\">Personalizado<\/td>\n<td class=\"et3\">Cor\/tamanho\/log\u00f3tipo\/embalagem<\/td>\n<\/tr>\n<\/tbody>\n<\/table>","protected":false},"featured_media":3002,"comment_status":"closed","ping_status":"closed","template":"","meta":{"_acf_changed":false},"product_brand":[],"product_cat":[73,63],"product_tag":[96],"class_list":{"0":"post-2421","1":"product","2":"type-product","3":"status-publish","4":"has-post-thumbnail","6":"product_cat-bulk-soup-bowls","7":"product_cat-wholesale-bowls","8":"product_tag-black-white-dinnerware-wholesale","10":"first","11":"instock","12":"shipping-taxable","13":"product-type-simple"},"acf":[],"_links":{"self":[{"href":"https:\/\/www.yongjianceramic.com\/pt\/wp-json\/wp\/v2\/product\/2421","targetHints":{"allow":["GET"]}}],"collection":[{"href":"https:\/\/www.yongjianceramic.com\/pt\/wp-json\/wp\/v2\/product"}],"about":[{"href":"https:\/\/www.yongjianceramic.com\/pt\/wp-json\/wp\/v2\/types\/product"}],"replies":[{"embeddable":true,"href":"https:\/\/www.yongjianceramic.com\/pt\/wp-json\/wp\/v2\/comments?post=2421"}],"wp:featuredmedia":[{"embeddable":true,"href":"https:\/\/www.yongjianceramic.com\/pt\/wp-json\/wp\/v2\/media\/3002"}],"wp:attachment":[{"href":"https:\/\/www.yongjianceramic.com\/pt\/wp-json\/wp\/v2\/media?parent=2421"}],"wp:term":[{"taxonomy":"product_brand","embeddable":true,"href":"https:\/\/www.yongjianceramic.com\/pt\/wp-json\/wp\/v2\/product_brand?post=2421"},{"taxonomy":"product_cat","embeddable":true,"href":"https:\/\/www.yongjianceramic.com\/pt\/wp-json\/wp\/v2\/product_cat?post=2421"},{"taxonomy":"product_tag","embeddable":true,"href":"https:\/\/www.yongjianceramic.com\/pt\/wp-json\/wp\/v2\/product_tag?post=2421"}],"curies":[{"name":"wp","href":"https:\/\/api.w.org\/{rel}","templated":true}]}}