{"id":2443,"date":"2024-08-28T08:54:02","date_gmt":"2024-08-28T08:54:02","guid":{"rendered":"https:\/\/www.yongjianceramic.com\/?post_type=product&#038;p=2443"},"modified":"2024-12-04T11:19:21","modified_gmt":"2024-12-04T03:19:21","slug":"soup-bowls-with-handles-bulk","status":"publish","type":"product","link":"https:\/\/www.yongjianceramic.com\/pt\/produto\/soup-bowls-with-handles-bulk\/","title":{"rendered":"Ta\u00e7as de sopa de 10 polegadas com pegas a granel, ta\u00e7as de servir por atacado"},"content":{"rendered":"<div class=\"wp-block-columns is-layout-flex wp-container-core-columns-is-layout-9d6595d7 wp-block-columns-is-layout-flex\">\n<div class=\"wp-block-column is-layout-flow wp-block-column-is-layout-flow\">\n<h2 class=\"wp-block-heading\">Tigelas de sopa Premium com pegas Carater\u00edsticas a granel:<\/h2>\n\n\n\n<ul class=\"wp-block-list\">\n<li><strong>Design da pega: <\/strong>Estas tigelas de sopa com pegas a granel s\u00e3o f\u00e1ceis de transportar e mover, reduzindo o risco de derrame e escaldamento de sopa quente, e s\u00e3o muito adequadas para servir alimentos quentes, como sopas quentes e guisados.<\/li>\n\n\n\n<li><strong>Robusto e duradouro: <\/strong>O corpo da tigela das nossas tigelas de servir por atacado \u00e9 feito de cer\u00e2mica de alta qualidade, que \u00e9 robusta e dur\u00e1vel, resistente a altas temperaturas e rachaduras, garantindo que ainda mant\u00e9m uma apar\u00eancia brilhante e integridade estrutural ap\u00f3s o uso a longo prazo.<\/li>\n\n\n\n<li><strong>Grande capacidade:<\/strong> Estas tigelas de sopa com pegas e design de grande capacidade s\u00e3o adequadas para uma variedade de alimentos, como sopas, guisados, papas, etc. \u00c9 uma escolha ideal para mesas familiares, restaurantes e caf\u00e9s, e pode satisfazer as necessidades de refei\u00e7\u00f5es em diferentes ocasi\u00f5es.<\/li>\n\n\n\n<li><strong>Design f\u00e1cil de limpar: <\/strong>A superf\u00edcie lisa de cer\u00e2mica torna as nossas ta\u00e7as de servir por atacado f\u00e1ceis de limpar. Pode ser lavada \u00e0 m\u00e3o ou na m\u00e1quina de lavar lou\u00e7a, poupando tempo e energia e mantendo as ta\u00e7as higi\u00e9nicas e limpas.<\/li>\n<\/ul>\n<\/div>\n\n\n\n<div class=\"wp-block-column is-vertically-aligned-center is-layout-flow wp-block-column-is-layout-flow\"><div class=\"wp-block-image\">\n<figure class=\"aligncenter size-full\"><img fetchpriority=\"high\" decoding=\"async\" width=\"750\" height=\"750\" src=\"https:\/\/www.yongjianceramic.com\/wp-content\/uploads\/2024\/08\/Soup-Bowls-With-Handles-Bulk-Wholesale-Serving-Bowls-5.webp\" alt=\"Ta\u00e7as de sopa com pegas a granel, ta\u00e7as de servir por atacado-5\" class=\"wp-image-3016\" srcset=\"https:\/\/www.yongjianceramic.com\/wp-content\/uploads\/2024\/08\/Soup-Bowls-With-Handles-Bulk-Wholesale-Serving-Bowls-5.webp 750w, https:\/\/www.yongjianceramic.com\/wp-content\/uploads\/2024\/08\/Soup-Bowls-With-Handles-Bulk-Wholesale-Serving-Bowls-5-300x300.webp 300w, https:\/\/www.yongjianceramic.com\/wp-content\/uploads\/2024\/08\/Soup-Bowls-With-Handles-Bulk-Wholesale-Serving-Bowls-5-150x150.webp 150w, https:\/\/www.yongjianceramic.com\/wp-content\/uploads\/2024\/08\/Soup-Bowls-With-Handles-Bulk-Wholesale-Serving-Bowls-5-12x12.webp 12w, https:\/\/www.yongjianceramic.com\/wp-content\/uploads\/2024\/08\/Soup-Bowls-With-Handles-Bulk-Wholesale-Serving-Bowls-5-285x285.webp 285w, https:\/\/www.yongjianceramic.com\/wp-content\/uploads\/2024\/08\/Soup-Bowls-With-Handles-Bulk-Wholesale-Serving-Bowls-5-270x270.webp 270w, https:\/\/www.yongjianceramic.com\/wp-content\/uploads\/2024\/08\/Soup-Bowls-With-Handles-Bulk-Wholesale-Serving-Bowls-5-540x540.webp 540w, https:\/\/www.yongjianceramic.com\/wp-content\/uploads\/2024\/08\/Soup-Bowls-With-Handles-Bulk-Wholesale-Serving-Bowls-5-660x660.webp 660w\" sizes=\"(max-width: 750px) 100vw, 750px\" \/><\/figure>\n<\/div><\/div>\n<\/div>","protected":false},"excerpt":{"rendered":"<p>Bem-vindo \u00e0 compra de ta\u00e7as com pegas a granel. Combinando praticidade e apar\u00eancia elegante, estas tigelas de sopa de cer\u00e2mica de 10 polegadas com pegas a granel s\u00e3o a escolha ideal para servir uma variedade de sopas e guisados, convenientes de usar e f\u00e1ceis de limpar.<\/p>\n<table style=\"border-collapse: collapse; width: 365.02pt;\" border=\"0\" width=\"365\" cellspacing=\"0\" cellpadding=\"0\">\n<tbody>\n<tr style=\"height: 17.60pt;\">\n<td class=\"et3\" style=\"height: 17.60pt; width: 120.25pt;\" width=\"120\" height=\"17\">Fabricante<\/td>\n<td class=\"et3\" style=\"width: 245.25pt;\" width=\"245\">Yongjian<\/td>\n<\/tr>\n<tr style=\"height: 18.00pt;\">\n<td class=\"et3\" style=\"height: 18.00pt;\" height=\"18\">Modelo n.<\/td>\n<td class=\"et4\" style=\"width: 245.25pt;\" width=\"245\">YJ-002<\/td>\n<\/tr>\n<tr style=\"height: 18.00pt;\">\n<td class=\"et3\" style=\"height: 18.00pt;\" height=\"18\">Tipo de produto<\/td>\n<td class=\"et4\" style=\"width: 245.25pt;\" width=\"245\">Ta\u00e7as com cabo, ta\u00e7as para servir e ta\u00e7as para salada<\/td>\n<\/tr>\n<tr style=\"height: 17.60pt;\">\n<td class=\"et3\" style=\"height: 17.60pt;\" height=\"17\">Material<\/td>\n<td class=\"et3\">Porcelana<\/td>\n<\/tr>\n<tr style=\"height: 17.60pt;\">\n<td class=\"et5\" style=\"height: 17.60pt;\" height=\"17\">Cor<\/td>\n<td class=\"et3\">Branco\/preto<\/td>\n<\/tr>\n<tr style=\"height: 18.00pt;\">\n<td class=\"et3\" style=\"height: 18.00pt;\" height=\"18\">Dimens\u00e3o<\/td>\n<td class=\"et4\" style=\"width: 245.25pt;\" width=\"245\">24.7*21*6.5<\/td>\n<\/tr>\n<tr style=\"height: 17.60pt;\">\n<td class=\"et3\" style=\"height: 17.60pt;\" height=\"17\">MOQ<\/td>\n<td class=\"et3\">500 unidades<\/td>\n<\/tr>\n<tr style=\"height: 17.60pt;\">\n<td class=\"et3\" style=\"height: 17.60pt;\" height=\"17\">Personalizado<\/td>\n<td class=\"et3\">Cor\/tamanho\/log\u00f3tipo\/embalagem<\/td>\n<\/tr>\n<\/tbody>\n<\/table>","protected":false},"featured_media":3017,"comment_status":"closed","ping_status":"closed","template":"","meta":{"_acf_changed":false},"product_brand":[],"product_cat":[75,63,74],"product_tag":[96],"class_list":{"0":"post-2443","1":"product","2":"type-product","3":"status-publish","4":"has-post-thumbnail","6":"product_cat-handled-bowls-wholesale","7":"product_cat-wholesale-bowls","8":"product_cat-bulk-serving-bowls","9":"product_tag-black-white-dinnerware-wholesale","11":"first","12":"instock","13":"shipping-taxable","14":"product-type-simple"},"acf":[],"_links":{"self":[{"href":"https:\/\/www.yongjianceramic.com\/pt\/wp-json\/wp\/v2\/product\/2443","targetHints":{"allow":["GET"]}}],"collection":[{"href":"https:\/\/www.yongjianceramic.com\/pt\/wp-json\/wp\/v2\/product"}],"about":[{"href":"https:\/\/www.yongjianceramic.com\/pt\/wp-json\/wp\/v2\/types\/product"}],"replies":[{"embeddable":true,"href":"https:\/\/www.yongjianceramic.com\/pt\/wp-json\/wp\/v2\/comments?post=2443"}],"wp:featuredmedia":[{"embeddable":true,"href":"https:\/\/www.yongjianceramic.com\/pt\/wp-json\/wp\/v2\/media\/3017"}],"wp:attachment":[{"href":"https:\/\/www.yongjianceramic.com\/pt\/wp-json\/wp\/v2\/media?parent=2443"}],"wp:term":[{"taxonomy":"product_brand","embeddable":true,"href":"https:\/\/www.yongjianceramic.com\/pt\/wp-json\/wp\/v2\/product_brand?post=2443"},{"taxonomy":"product_cat","embeddable":true,"href":"https:\/\/www.yongjianceramic.com\/pt\/wp-json\/wp\/v2\/product_cat?post=2443"},{"taxonomy":"product_tag","embeddable":true,"href":"https:\/\/www.yongjianceramic.com\/pt\/wp-json\/wp\/v2\/product_tag?post=2443"}],"curies":[{"name":"wp","href":"https:\/\/api.w.org\/{rel}","templated":true}]}}