{"id":2453,"date":"2024-08-28T09:32:15","date_gmt":"2024-08-28T09:32:15","guid":{"rendered":"https:\/\/www.yongjianceramic.com\/?post_type=product&#038;p=2453"},"modified":"2024-12-04T10:09:51","modified_gmt":"2024-12-04T02:09:51","slug":"bulk-serving-platters","status":"publish","type":"product","link":"https:\/\/www.yongjianceramic.com\/pt\/produto\/bulk-serving-platters\/","title":{"rendered":"Pratos de servir a granel, Fornecimento de f\u00e1brica de grandes pratos de cer\u00e2mica por atacado"},"content":{"rendered":"<div class=\"wp-block-columns is-layout-flex wp-container-core-columns-is-layout-9d6595d7 wp-block-columns-is-layout-flex\">\n<div class=\"wp-block-column is-layout-flow wp-block-column-is-layout-flow\">\n<h2 class=\"wp-block-heading\">Pratos de servir Premium a granel Carater\u00edsticas:<\/h2>\n\n\n\n<ul class=\"wp-block-list\">\n<li><strong>Design de grandes dimens\u00f5es:<\/strong> Estas travessas de servir a granel s\u00e3o concebidas em tamanho grande, adequadas para servir pratos principais, travessas, saladas e outros pratos, proporcionando um amplo espa\u00e7o para a mesa de jantar para satisfazer v\u00e1rias necessidades de refei\u00e7\u00f5es.<\/li>\n\n\n\n<li><strong>Resistente ao calor e duradouro: <\/strong>As nossas placas de cer\u00e2mica por atacado s\u00e3o feitas de materiais de porcelana de alta qualidade, com excelente resist\u00eancia ao calor e durabilidade, o que pode manter a superf\u00edcie da placa lisa e bonita por um longo tempo, adequada para uso di\u00e1rio e ocasi\u00f5es de restaura\u00e7\u00e3o profissional.<\/li>\n\n\n\n<li><strong>Adequado para v\u00e1rias mesas de jantar:<\/strong> Estas travessas de servir a granel t\u00eam um design simples e elegante, com superf\u00edcies suaves e delicadas, adequadas para v\u00e1rios estilos de mesa de jantar, desde reuni\u00f5es familiares a restaurantes de luxo, o que pode melhorar a experi\u00eancia de jantar e proporcionar aos clientes um duplo prazer de vis\u00e3o e sabor.<\/li>\n\n\n\n<li><strong>Pode ser lavado na m\u00e1quina de lavar lou\u00e7a: <\/strong>A superf\u00edcie dos nossos pratos de cer\u00e2mica por atacado \u00e9 f\u00e1cil de limpar, n\u00e3o deixa facilmente manchas de \u00f3leo ou res\u00edduos de alimentos e permite a lavagem \u00e0 m\u00e3o e na m\u00e1quina de lavar lou\u00e7a, garantindo uma limpeza r\u00e1pida ap\u00f3s cada utiliza\u00e7\u00e3o e a seguran\u00e7a higi\u00e9nica dos pratos.<\/li>\n<\/ul>\n<\/div>\n\n\n\n<div class=\"wp-block-column is-vertically-aligned-center is-layout-flow wp-block-column-is-layout-flow\"><div class=\"wp-block-image\">\n<figure class=\"aligncenter size-full\"><img fetchpriority=\"high\" decoding=\"async\" width=\"750\" height=\"750\" src=\"https:\/\/www.yongjianceramic.com\/wp-content\/uploads\/2024\/08\/Bulk-Serving-Platters-Factory-Wholesale-Ceramic-Plates-1.webp\" alt=\"Pratos de servir a granel, Pratos de cer\u00e2mica por atacado de f\u00e1brica-1\" class=\"wp-image-3022\" srcset=\"https:\/\/www.yongjianceramic.com\/wp-content\/uploads\/2024\/08\/Bulk-Serving-Platters-Factory-Wholesale-Ceramic-Plates-1.webp 750w, https:\/\/www.yongjianceramic.com\/wp-content\/uploads\/2024\/08\/Bulk-Serving-Platters-Factory-Wholesale-Ceramic-Plates-1-300x300.webp 300w, https:\/\/www.yongjianceramic.com\/wp-content\/uploads\/2024\/08\/Bulk-Serving-Platters-Factory-Wholesale-Ceramic-Plates-1-150x150.webp 150w, https:\/\/www.yongjianceramic.com\/wp-content\/uploads\/2024\/08\/Bulk-Serving-Platters-Factory-Wholesale-Ceramic-Plates-1-12x12.webp 12w, https:\/\/www.yongjianceramic.com\/wp-content\/uploads\/2024\/08\/Bulk-Serving-Platters-Factory-Wholesale-Ceramic-Plates-1-285x285.webp 285w, https:\/\/www.yongjianceramic.com\/wp-content\/uploads\/2024\/08\/Bulk-Serving-Platters-Factory-Wholesale-Ceramic-Plates-1-270x270.webp 270w, https:\/\/www.yongjianceramic.com\/wp-content\/uploads\/2024\/08\/Bulk-Serving-Platters-Factory-Wholesale-Ceramic-Plates-1-540x540.webp 540w, https:\/\/www.yongjianceramic.com\/wp-content\/uploads\/2024\/08\/Bulk-Serving-Platters-Factory-Wholesale-Ceramic-Plates-1-660x660.webp 660w\" sizes=\"(max-width: 750px) 100vw, 750px\" \/><\/figure>\n<\/div><\/div>\n<\/div>","protected":false},"excerpt":{"rendered":"<p>Bem-vindo ao comprar pratos de cer\u00e2mica a granel. Estes pratos grandes para servir a granel s\u00e3o a escolha ideal pelo seu car\u00e1cter pr\u00e1tico, alta qualidade e design simples e elegante. Quer seja para uso di\u00e1rio em casa ou para compras a granel por restaurantes e hot\u00e9is, este prato pode proporcionar uma excelente experi\u00eancia gastron\u00f3mica e efeito decorativo.<\/p>\n<table style=\"border-collapse: collapse; width: 275.02pt;\" border=\"0\" width=\"275\" cellspacing=\"0\" cellpadding=\"0\">\n<tbody>\n<tr style=\"height: 17.60pt;\">\n<td class=\"et3\" style=\"height: 17.60pt; width: 108.35pt;\" width=\"108\" height=\"17\">Fabricante<\/td>\n<td class=\"et3\" style=\"width: 167.10pt;\" width=\"167\">Yongjian<\/td>\n<\/tr>\n<tr style=\"height: 18.00pt;\">\n<td class=\"et3\" style=\"height: 18.00pt;\" height=\"18\">Modelo n.<\/td>\n<td class=\"et4\" style=\"width: 167.10pt;\" width=\"167\">YJ-004<\/td>\n<\/tr>\n<tr style=\"height: 18.00pt;\">\n<td class=\"et3\" style=\"height: 18.00pt;\" height=\"18\">Tipo de produto<\/td>\n<td class=\"et4\" style=\"width: 167.10pt;\" width=\"167\">Prato de servir<\/td>\n<\/tr>\n<tr style=\"height: 17.60pt;\">\n<td class=\"et3\" style=\"height: 17.60pt;\" height=\"17\">Material<\/td>\n<td class=\"et3\">Porcelana<\/td>\n<\/tr>\n<tr style=\"height: 17.60pt;\">\n<td class=\"et5\" style=\"height: 17.60pt;\" height=\"17\">Cor<\/td>\n<td class=\"et3\">Branco\/preto<\/td>\n<\/tr>\n<tr style=\"height: 36.00pt;\">\n<td class=\"et3\" style=\"height: 36.00pt;\" height=\"36\">Dimens\u00e3o<\/td>\n<td class=\"et6\" style=\"width: 167.10pt;\" width=\"167\">Placa oval de 11 polegadas, 27,5*17,7*3,2<\/td>\n<\/tr>\n<tr style=\"height: 17.60pt;\">\n<td class=\"et3\" style=\"height: 17.60pt;\" height=\"17\">MOQ<\/td>\n<td class=\"et3\">500 unidades<\/td>\n<\/tr>\n<tr style=\"height: 17.60pt;\">\n<td class=\"et3\" style=\"height: 17.60pt;\" height=\"17\">Personalizado<\/td>\n<td class=\"et3\">Cor\/tamanho\/log\u00f3tipo\/embalagem<\/td>\n<\/tr>\n<\/tbody>\n<\/table>","protected":false},"featured_media":3027,"comment_status":"closed","ping_status":"closed","template":"","meta":{"_acf_changed":false},"product_brand":[],"product_cat":[76,62],"product_tag":[96],"class_list":{"0":"post-2453","1":"product","2":"type-product","3":"status-publish","4":"has-post-thumbnail","6":"product_cat-wholesale-serving-platters","7":"product_cat-ceramic-plates-wholesale","8":"product_tag-black-white-dinnerware-wholesale","10":"first","11":"instock","12":"shipping-taxable","13":"product-type-simple"},"acf":[],"_links":{"self":[{"href":"https:\/\/www.yongjianceramic.com\/pt\/wp-json\/wp\/v2\/product\/2453","targetHints":{"allow":["GET"]}}],"collection":[{"href":"https:\/\/www.yongjianceramic.com\/pt\/wp-json\/wp\/v2\/product"}],"about":[{"href":"https:\/\/www.yongjianceramic.com\/pt\/wp-json\/wp\/v2\/types\/product"}],"replies":[{"embeddable":true,"href":"https:\/\/www.yongjianceramic.com\/pt\/wp-json\/wp\/v2\/comments?post=2453"}],"wp:featuredmedia":[{"embeddable":true,"href":"https:\/\/www.yongjianceramic.com\/pt\/wp-json\/wp\/v2\/media\/3027"}],"wp:attachment":[{"href":"https:\/\/www.yongjianceramic.com\/pt\/wp-json\/wp\/v2\/media?parent=2453"}],"wp:term":[{"taxonomy":"product_brand","embeddable":true,"href":"https:\/\/www.yongjianceramic.com\/pt\/wp-json\/wp\/v2\/product_brand?post=2453"},{"taxonomy":"product_cat","embeddable":true,"href":"https:\/\/www.yongjianceramic.com\/pt\/wp-json\/wp\/v2\/product_cat?post=2453"},{"taxonomy":"product_tag","embeddable":true,"href":"https:\/\/www.yongjianceramic.com\/pt\/wp-json\/wp\/v2\/product_tag?post=2453"}],"curies":[{"name":"wp","href":"https:\/\/api.w.org\/{rel}","templated":true}]}}