{"id":2511,"date":"2024-08-28T12:13:09","date_gmt":"2024-08-28T12:13:09","guid":{"rendered":"https:\/\/www.yongjianceramic.com\/?post_type=product&#038;p=2511"},"modified":"2025-04-20T14:20:24","modified_gmt":"2025-04-20T06:20:24","slug":"tea-cups-and-saucers-wholesale","status":"publish","type":"product","link":"https:\/\/www.yongjianceramic.com\/pt\/produto\/tea-cups-and-saucers-wholesale\/","title":{"rendered":"Ch\u00e1venas de ch\u00e1 e pires de cer\u00e2mica de primeira qualidade por atacado a pre\u00e7os a granel"},"content":{"rendered":"<div class=\"wp-block-columns is-layout-flex wp-container-core-columns-is-layout-9d6595d7 wp-block-columns-is-layout-flex\">\n<div class=\"wp-block-column is-layout-flow wp-block-column-is-layout-flow\">\n<h2 class=\"wp-block-heading\">Ch\u00e1venas de ch\u00e1 e pires Premium Carater\u00edsticas por atacado:<\/h2>\n\n\n\n<ul class=\"wp-block-list\">\n<li><strong>Duradouro:<\/strong> As nossas ch\u00e1venas de ch\u00e1 e pires por atacado s\u00e3o feitas de cer\u00e2mica de alta qualidade, que s\u00e3o resistentes a altas temperaturas e fissuras, com superf\u00edcies lisas e delicadas, anti-incrustantes e f\u00e1ceis de limpar, e podem permanecer brilhantes e novas ap\u00f3s uma utiliza\u00e7\u00e3o a longo prazo.<\/li>\n\n\n\n<li><strong>Design requintado: <\/strong>O design destas ch\u00e1venas de ch\u00e1 a granel de fornecimento de f\u00e1brica presta aten\u00e7\u00e3o aos detalhes, com formas elegantes e generosas, requintadas e \u00fanicas, acrescentando eleg\u00e2ncia e sabor ao ambiente de jantar, e \u00e9 uma escolha ideal para reuni\u00f5es familiares, cerim\u00f3nias de ch\u00e1 e banquetes formais.<\/li>\n\n\n\n<li><strong>Sensa\u00e7\u00e3o de conforto: <\/strong>O design das nossas ch\u00e1venas de ch\u00e1 e pires por atacado \u00e9 ergon\u00f3mico, confort\u00e1vel de segurar, e o tamanho do pires \u00e9 moderado, o que \u00e9 f\u00e1cil de segurar, proporcionando um melhor prazer de beber ch\u00e1 e caf\u00e9.<\/li>\n\n\n\n<li><strong>Uma variedade de cores: <\/strong>Fornecemos uma variedade de op\u00e7\u00f5es de cores para ch\u00e1venas de ch\u00e1 a granel para satisfazer as necessidades de diferentes estilos e ocasi\u00f5es, adequadas para v\u00e1rios estilos de decora\u00e7\u00e3o de restaurantes e casas.<\/li>\n<\/ul>\n<\/div>\n\n\n\n<div class=\"wp-block-column is-vertically-aligned-center is-layout-flow wp-block-column-is-layout-flow\"><div class=\"wp-block-image\">\n<figure class=\"aligncenter size-full\"><img fetchpriority=\"high\" decoding=\"async\" width=\"800\" height=\"800\" src=\"https:\/\/www.yongjianceramic.com\/wp-content\/uploads\/2024\/08\/Premium-Ceramic-Tea-Cups-and-Saucers-Wholesale-at-Bulk-Price-3-1.webp\" alt=\"Ch\u00e1venas de ch\u00e1 e pires de cer\u00e2mica de qualidade superior por atacado a pre\u00e7o a granel-3\" class=\"wp-image-3054\" srcset=\"https:\/\/www.yongjianceramic.com\/wp-content\/uploads\/2024\/08\/Premium-Ceramic-Tea-Cups-and-Saucers-Wholesale-at-Bulk-Price-3-1.webp 800w, https:\/\/www.yongjianceramic.com\/wp-content\/uploads\/2024\/08\/Premium-Ceramic-Tea-Cups-and-Saucers-Wholesale-at-Bulk-Price-3-1-300x300.webp 300w, https:\/\/www.yongjianceramic.com\/wp-content\/uploads\/2024\/08\/Premium-Ceramic-Tea-Cups-and-Saucers-Wholesale-at-Bulk-Price-3-1-150x150.webp 150w, https:\/\/www.yongjianceramic.com\/wp-content\/uploads\/2024\/08\/Premium-Ceramic-Tea-Cups-and-Saucers-Wholesale-at-Bulk-Price-3-1-768x768.webp 768w, https:\/\/www.yongjianceramic.com\/wp-content\/uploads\/2024\/08\/Premium-Ceramic-Tea-Cups-and-Saucers-Wholesale-at-Bulk-Price-3-1-12x12.webp 12w, https:\/\/www.yongjianceramic.com\/wp-content\/uploads\/2024\/08\/Premium-Ceramic-Tea-Cups-and-Saucers-Wholesale-at-Bulk-Price-3-1-285x285.webp 285w, https:\/\/www.yongjianceramic.com\/wp-content\/uploads\/2024\/08\/Premium-Ceramic-Tea-Cups-and-Saucers-Wholesale-at-Bulk-Price-3-1-270x270.webp 270w, https:\/\/www.yongjianceramic.com\/wp-content\/uploads\/2024\/08\/Premium-Ceramic-Tea-Cups-and-Saucers-Wholesale-at-Bulk-Price-3-1-540x540.webp 540w, https:\/\/www.yongjianceramic.com\/wp-content\/uploads\/2024\/08\/Premium-Ceramic-Tea-Cups-and-Saucers-Wholesale-at-Bulk-Price-3-1-660x660.webp 660w\" sizes=\"(max-width: 800px) 100vw, 800px\" \/><\/figure>\n<\/div><\/div>\n<\/div>","protected":false},"excerpt":{"rendered":"<p>Bem-vindo \u00e0 compra de ch\u00e1venas e pires de cer\u00e2mica. As nossas ch\u00e1venas de ch\u00e1 e pires por atacado tornaram-se um must-have para cerim\u00f3nias de ch\u00e1, caf\u00e9s e catering com os seus materiais de alta qualidade, designs requintados e diversas op\u00e7\u00f5es de cores. Quer se trate de uso di\u00e1rio em casa ou de compras a granel em restaurantes e casas de ch\u00e1 de luxo, pode melhorar a experi\u00eancia de beber ch\u00e1.<\/p>\n<table style=\"border-collapse: collapse; width: 275.02pt;\" border=\"0\" width=\"275\" cellspacing=\"0\" cellpadding=\"0\">\n<tbody>\n<tr style=\"height: 17.60pt;\">\n<td class=\"et3\" style=\"height: 17.60pt; width: 108.35pt;\" width=\"108\" height=\"17\">Fabricante<\/td>\n<td class=\"et3\" style=\"width: 167.10pt;\" width=\"167\">Yongjian<\/td>\n<\/tr>\n<tr style=\"height: 18.00pt;\">\n<td class=\"et3\" style=\"height: 18.00pt;\" height=\"18\">Modelo n.<\/td>\n<td class=\"et4\" style=\"width: 167.10pt;\" width=\"167\">YJ-047<\/td>\n<\/tr>\n<tr style=\"height: 17.60pt;\">\n<td class=\"et3\" style=\"height: 17.60pt;\" height=\"17\">Tipo de produto<\/td>\n<td class=\"et3\">Ch\u00e1venas e pires<\/td>\n<\/tr>\n<tr style=\"height: 17.60pt;\">\n<td class=\"et3\" style=\"height: 17.60pt;\" height=\"17\">Material<\/td>\n<td class=\"et3\">Porcelana<\/td>\n<\/tr>\n<tr style=\"height: 17.60pt;\">\n<td class=\"et6\" style=\"height: 17.60pt;\" height=\"17\">Cor<\/td>\n<td class=\"et3\">Como imagem<\/td>\n<\/tr>\n<tr style=\"height: 36.00pt;\">\n<td class=\"et3\" style=\"height: 36.00pt;\" height=\"36\">Dimens\u00e3o<\/td>\n<td class=\"et7\" style=\"width: 167.10pt;\" width=\"167\">Copo:10*6,5<br \/>Pires:17,8*14,7<\/td>\n<\/tr>\n<tr style=\"height: 17.60pt;\">\n<td class=\"et3\" style=\"height: 17.60pt;\" height=\"17\">MOQ<\/td>\n<td class=\"et3\">500 unidades<\/td>\n<\/tr>\n<tr style=\"height: 17.60pt;\">\n<td class=\"et3\" style=\"height: 17.60pt;\" height=\"17\">Personalizado<\/td>\n<td class=\"et3\">Cor\/tamanho\/log\u00f3tipo\/embalagem<\/td>\n<\/tr>\n<\/tbody>\n<\/table>","protected":false},"featured_media":3053,"comment_status":"closed","ping_status":"closed","template":"","meta":{"_acf_changed":false},"product_brand":[],"product_cat":[78,65],"product_tag":[81],"class_list":{"0":"post-2511","1":"product","2":"type-product","3":"status-publish","4":"has-post-thumbnail","6":"product_cat-tea-cups-with-saucers-wholesale","7":"product_cat-wholesale-cups-and-mugs","8":"product_tag-modern-design-dinnerware-set-wholesale","10":"first","11":"instock","12":"shipping-taxable","13":"product-type-simple"},"acf":[],"_links":{"self":[{"href":"https:\/\/www.yongjianceramic.com\/pt\/wp-json\/wp\/v2\/product\/2511","targetHints":{"allow":["GET"]}}],"collection":[{"href":"https:\/\/www.yongjianceramic.com\/pt\/wp-json\/wp\/v2\/product"}],"about":[{"href":"https:\/\/www.yongjianceramic.com\/pt\/wp-json\/wp\/v2\/types\/product"}],"replies":[{"embeddable":true,"href":"https:\/\/www.yongjianceramic.com\/pt\/wp-json\/wp\/v2\/comments?post=2511"}],"wp:featuredmedia":[{"embeddable":true,"href":"https:\/\/www.yongjianceramic.com\/pt\/wp-json\/wp\/v2\/media\/3053"}],"wp:attachment":[{"href":"https:\/\/www.yongjianceramic.com\/pt\/wp-json\/wp\/v2\/media?parent=2511"}],"wp:term":[{"taxonomy":"product_brand","embeddable":true,"href":"https:\/\/www.yongjianceramic.com\/pt\/wp-json\/wp\/v2\/product_brand?post=2511"},{"taxonomy":"product_cat","embeddable":true,"href":"https:\/\/www.yongjianceramic.com\/pt\/wp-json\/wp\/v2\/product_cat?post=2511"},{"taxonomy":"product_tag","embeddable":true,"href":"https:\/\/www.yongjianceramic.com\/pt\/wp-json\/wp\/v2\/product_tag?post=2511"}],"curies":[{"name":"wp","href":"https:\/\/api.w.org\/{rel}","templated":true}]}}