{"id":2518,"date":"2024-08-28T12:39:05","date_gmt":"2024-08-28T12:39:05","guid":{"rendered":"https:\/\/www.yongjianceramic.com\/?post_type=product&#038;p=2518"},"modified":"2025-11-04T16:15:56","modified_gmt":"2025-11-04T08:15:56","slug":"tea-cups-with-saucers-wholesale","status":"publish","type":"product","link":"https:\/\/www.yongjianceramic.com\/pt\/produto\/tea-cups-with-saucers-wholesale\/","title":{"rendered":"Ch\u00e1venas de ch\u00e1 de porcelana com pires por atacado em esmalte colorido"},"content":{"rendered":"<div class=\"wp-block-columns is-layout-flex wp-container-core-columns-is-layout-9d6595d7 wp-block-columns-is-layout-flex\">\n<div class=\"wp-block-column is-layout-flow wp-block-column-is-layout-flow\">\n<h2 class=\"wp-block-heading\">Ch\u00e1venas de ch\u00e1 premium com pires Carater\u00edsticas por atacado:<\/h2>\n\n\n\n<ul class=\"wp-block-list\">\n<li><strong>Diversas op\u00e7\u00f5es de cores: <\/strong>As nossas ch\u00e1venas de ch\u00e1 com pires por atacado oferecem 10 op\u00e7\u00f5es de cores diferentes para combinar com diferentes tipos de clientes e adicionar cor e personalidade \u00e0 mesa de jantar com qualquer n\u00famero de decora\u00e7\u00f5es tem\u00e1ticas e festas.<\/li>\n\n\n\n<li><strong>Excelente durabilidade: <\/strong>Estas ch\u00e1venas de caf\u00e9 por atacado a granel s\u00e3o feitas de cer\u00e2mica fina, com grande resist\u00eancia ao calor e durabilidade, superf\u00edcie macia e lisa, que n\u00e3o \u00e9 f\u00e1cil de riscar ou desbotar, garantindo que permanecer\u00e3o t\u00e3o novas como antes ap\u00f3s anos de uso.<\/li>\n\n\n\n<li><strong>Design requintado: <\/strong>As nossas ch\u00e1venas de ch\u00e1 com pires por atacado apresentam designs deslumbrantes e formas esguias. Satisfazem as necessidades de banquetes e caf\u00e9s formais, embora sejam adequadas para a hora do ch\u00e1 em fam\u00edlia e para o caf\u00e9 da manh\u00e3 em casa, de modo a tornar a alimenta\u00e7\u00e3o uma pr\u00e1tica.<\/li>\n\n\n\n<li><strong>F\u00e1cil de limpar e manter: <\/strong>A superf\u00edcie destas ch\u00e1venas de caf\u00e9 por atacado a granel n\u00e3o \u00e9 f\u00e1cil de colar \u00e0s manchas, \u00e9 f\u00e1cil de limpar, pode ser lavada \u00e0 m\u00e3o ou colocada na m\u00e1quina de lavar lou\u00e7a, e a manuten\u00e7\u00e3o \u00e9 simples e poupa tempo.<\/li>\n<\/ul>\n<\/div>\n\n\n\n<div class=\"wp-block-column is-vertically-aligned-center is-layout-flow wp-block-column-is-layout-flow\"><div class=\"wp-block-image\">\n<figure class=\"aligncenter size-full\"><img fetchpriority=\"high\" decoding=\"async\" width=\"800\" height=\"800\" src=\"https:\/\/www.yongjianceramic.com\/wp-content\/uploads\/2024\/08\/Porcelain-Tea-Cups-With-Saucers-Wholesale-Coffee-Cups-Bulk-4.webp\" alt=\"Ch\u00e1venas de ch\u00e1 de porcelana com pires por atacado, ch\u00e1venas de caf\u00e9 a granel-4\" class=\"wp-image-3063\" srcset=\"https:\/\/www.yongjianceramic.com\/wp-content\/uploads\/2024\/08\/Porcelain-Tea-Cups-With-Saucers-Wholesale-Coffee-Cups-Bulk-4.webp 800w, https:\/\/www.yongjianceramic.com\/wp-content\/uploads\/2024\/08\/Porcelain-Tea-Cups-With-Saucers-Wholesale-Coffee-Cups-Bulk-4-300x300.webp 300w, https:\/\/www.yongjianceramic.com\/wp-content\/uploads\/2024\/08\/Porcelain-Tea-Cups-With-Saucers-Wholesale-Coffee-Cups-Bulk-4-150x150.webp 150w, https:\/\/www.yongjianceramic.com\/wp-content\/uploads\/2024\/08\/Porcelain-Tea-Cups-With-Saucers-Wholesale-Coffee-Cups-Bulk-4-768x768.webp 768w, https:\/\/www.yongjianceramic.com\/wp-content\/uploads\/2024\/08\/Porcelain-Tea-Cups-With-Saucers-Wholesale-Coffee-Cups-Bulk-4-12x12.webp 12w, https:\/\/www.yongjianceramic.com\/wp-content\/uploads\/2024\/08\/Porcelain-Tea-Cups-With-Saucers-Wholesale-Coffee-Cups-Bulk-4-285x285.webp 285w, https:\/\/www.yongjianceramic.com\/wp-content\/uploads\/2024\/08\/Porcelain-Tea-Cups-With-Saucers-Wholesale-Coffee-Cups-Bulk-4-270x270.webp 270w, https:\/\/www.yongjianceramic.com\/wp-content\/uploads\/2024\/08\/Porcelain-Tea-Cups-With-Saucers-Wholesale-Coffee-Cups-Bulk-4-540x540.webp 540w, https:\/\/www.yongjianceramic.com\/wp-content\/uploads\/2024\/08\/Porcelain-Tea-Cups-With-Saucers-Wholesale-Coffee-Cups-Bulk-4-660x660.webp 660w\" sizes=\"(max-width: 800px) 100vw, 800px\" \/><\/figure>\n<\/div><\/div>\n<\/div>","protected":false},"excerpt":{"rendered":"<p>Bem-vindo \u00e0 compra de ch\u00e1venas de caf\u00e9 em cer\u00e2mica a granel. As nossas ch\u00e1venas de ch\u00e1 com pires por atacado s\u00e3o coloridas, e o design elegante faz com que a sala de jantar pare\u00e7a glamorosa e sofisticada. Tanto para uso di\u00e1rio como para uso profissional, as ch\u00e1venas de ch\u00e1 e os pires podem ser uma experi\u00eancia maravilhosa.<\/p>\n<table style=\"border-collapse: collapse; width: 275.02pt;\" border=\"0\" width=\"275\" cellspacing=\"0\" cellpadding=\"0\">\n<tbody>\n<tr style=\"height: 17.60pt;\">\n<td class=\"et3\" style=\"height: 17.60pt; width: 108.35pt;\" width=\"108\" height=\"17\">Fabricante<\/td>\n<td class=\"et3\" style=\"width: 167.10pt;\" width=\"167\">Yongjian<\/td>\n<\/tr>\n<tr style=\"height: 18.00pt;\">\n<td class=\"et3\" style=\"height: 18.00pt;\" height=\"18\">Modelo n.<\/td>\n<td class=\"et4\" style=\"width: 167.10pt;\" width=\"167\">YJ-048<\/td>\n<\/tr>\n<tr style=\"height: 17.60pt;\">\n<td class=\"et3\" style=\"height: 17.60pt;\" height=\"17\">Tipo de produto<\/td>\n<td class=\"et3\">Ch\u00e1venas e pires<\/td>\n<\/tr>\n<tr style=\"height: 17.60pt;\">\n<td class=\"et3\" style=\"height: 17.60pt;\" height=\"17\">Material<\/td>\n<td class=\"et3\">Porcelana<\/td>\n<\/tr>\n<tr style=\"height: 17.60pt;\">\n<td class=\"et6\" style=\"height: 17.60pt;\" height=\"17\">Cor<\/td>\n<td class=\"et3\">Como imagem<\/td>\n<\/tr>\n<tr style=\"height: 36.00pt;\">\n<td class=\"et3\" style=\"height: 36.00pt;\" height=\"36\">Dimens\u00e3o<\/td>\n<td class=\"et7\" style=\"width: 167.10pt;\" width=\"167\">Copo:10.3*7<br \/>Pires:15*15<\/td>\n<\/tr>\n<tr style=\"height: 17.60pt;\">\n<td class=\"et3\" style=\"height: 17.60pt;\" height=\"17\">MOQ<\/td>\n<td class=\"et3\">500 unidades<\/td>\n<\/tr>\n<tr style=\"height: 17.60pt;\">\n<td class=\"et3\" style=\"height: 17.60pt;\" height=\"17\">Personalizado<\/td>\n<td class=\"et3\">Cor\/tamanho\/log\u00f3tipo\/embalagem<\/td>\n<\/tr>\n<\/tbody>\n<\/table>","protected":false},"featured_media":3062,"comment_status":"closed","ping_status":"closed","template":"","meta":{"_acf_changed":false},"product_brand":[],"product_cat":[78,65],"product_tag":[81],"class_list":{"0":"post-2518","1":"product","2":"type-product","3":"status-publish","4":"has-post-thumbnail","6":"product_cat-tea-cups-with-saucers-wholesale","7":"product_cat-wholesale-cups-and-mugs","8":"product_tag-modern-design-dinnerware-set-wholesale","10":"first","11":"instock","12":"shipping-taxable","13":"product-type-simple"},"acf":[],"_links":{"self":[{"href":"https:\/\/www.yongjianceramic.com\/pt\/wp-json\/wp\/v2\/product\/2518","targetHints":{"allow":["GET"]}}],"collection":[{"href":"https:\/\/www.yongjianceramic.com\/pt\/wp-json\/wp\/v2\/product"}],"about":[{"href":"https:\/\/www.yongjianceramic.com\/pt\/wp-json\/wp\/v2\/types\/product"}],"replies":[{"embeddable":true,"href":"https:\/\/www.yongjianceramic.com\/pt\/wp-json\/wp\/v2\/comments?post=2518"}],"wp:featuredmedia":[{"embeddable":true,"href":"https:\/\/www.yongjianceramic.com\/pt\/wp-json\/wp\/v2\/media\/3062"}],"wp:attachment":[{"href":"https:\/\/www.yongjianceramic.com\/pt\/wp-json\/wp\/v2\/media?parent=2518"}],"wp:term":[{"taxonomy":"product_brand","embeddable":true,"href":"https:\/\/www.yongjianceramic.com\/pt\/wp-json\/wp\/v2\/product_brand?post=2518"},{"taxonomy":"product_cat","embeddable":true,"href":"https:\/\/www.yongjianceramic.com\/pt\/wp-json\/wp\/v2\/product_cat?post=2518"},{"taxonomy":"product_tag","embeddable":true,"href":"https:\/\/www.yongjianceramic.com\/pt\/wp-json\/wp\/v2\/product_tag?post=2518"}],"curies":[{"name":"wp","href":"https:\/\/api.w.org\/{rel}","templated":true}]}}