{"id":2653,"date":"2024-08-29T02:36:26","date_gmt":"2024-08-29T02:36:26","guid":{"rendered":"https:\/\/www.yongjianceramic.com\/?post_type=product&#038;p=2653"},"modified":"2025-03-01T17:45:10","modified_gmt":"2025-03-01T09:45:10","slug":"retro-dinnerware-plates-wholesale","status":"publish","type":"product","link":"https:\/\/www.yongjianceramic.com\/pt\/produto\/retro-dinnerware-plates-wholesale\/","title":{"rendered":"Pratos de jantar retro por atacado, tigela e prato de cer\u00e2mica azul"},"content":{"rendered":"<div class=\"wp-block-columns is-layout-flex wp-container-core-columns-is-layout-9d6595d7 wp-block-columns-is-layout-flex\">\n<div class=\"wp-block-column is-layout-flow wp-block-column-is-layout-flow\">\n<h2 class=\"wp-block-heading\">Pratos de jantar Retro Premium por atacado Carater\u00edsticas:<\/h2>\n\n\n\n<ul class=\"wp-block-list\">\n<li><strong>Estilo retro:<\/strong> Estes pratos de lou\u00e7a retro t\u00eam um padr\u00e3o delicado com um esquema de cores cl\u00e1ssico azul e branco e desenhos vintage, produzindo um ambiente tradicional e luxuoso na mesa de jantar, tornando-o altamente adequado para jantares em muitas ocasi\u00f5es.<\/li>\n\n\n\n<li><strong>Longa vida \u00fatil: <\/strong>Os nossos conjuntos de loi\u00e7a por atacado s\u00e3o feitos de cer\u00e2mica de alta qualidade que possuem alguma resist\u00eancia ao calor e dureza, pelo que a loi\u00e7a \u00e9 dif\u00edcil de riscar e estilha\u00e7ar na utiliza\u00e7\u00e3o regular, e tem uma longa vida \u00fatil, especialmente por ser utilizada muitas vezes na ind\u00fastria da restaura\u00e7\u00e3o.<\/li>\n\n\n\n<li><strong>Categorias completas de loi\u00e7a de mesa: <\/strong>Nesta cole\u00e7\u00e3o de conjuntos de lou\u00e7a por atacado, foram inclu\u00eddos pratos e tigelas, que podem ser utilizados para colocar e servir v\u00e1rios alimentos.<\/li>\n\n\n\n<li><strong>F\u00e1cil de limpar:<\/strong> A superf\u00edcie lisa de cer\u00e2mica dos nossos pratos de lou\u00e7a retro por atacado torna a lou\u00e7a f\u00e1cil de limpar, \u00e9 simples de lavar \u00e0 m\u00e3o e na m\u00e1quina de lavar lou\u00e7a, e n\u00e3o \u00e9 f\u00e1cil de manchar e cheirar, o que \u00e9 conveniente para a manuten\u00e7\u00e3o di\u00e1ria e mant\u00e9m a lou\u00e7a higi\u00e9nica e bonita.<\/li>\n<\/ul>\n<\/div>\n\n\n\n<div class=\"wp-block-column is-vertically-aligned-center is-layout-flow wp-block-column-is-layout-flow\"><div class=\"wp-block-image\">\n<figure class=\"aligncenter size-full\"><img fetchpriority=\"high\" decoding=\"async\" width=\"800\" height=\"800\" src=\"https:\/\/www.yongjianceramic.com\/wp-content\/uploads\/2024\/08\/Retro-Dinnerware-Plates-Wholesale-Blue-Ceramic-Bowl-Plate-4.webp\" alt=\"Pratos de jantar retro por atacado, tigela e prato de cer\u00e2mica azul-4\" class=\"wp-image-3101\" srcset=\"https:\/\/www.yongjianceramic.com\/wp-content\/uploads\/2024\/08\/Retro-Dinnerware-Plates-Wholesale-Blue-Ceramic-Bowl-Plate-4.webp 800w, https:\/\/www.yongjianceramic.com\/wp-content\/uploads\/2024\/08\/Retro-Dinnerware-Plates-Wholesale-Blue-Ceramic-Bowl-Plate-4-300x300.webp 300w, https:\/\/www.yongjianceramic.com\/wp-content\/uploads\/2024\/08\/Retro-Dinnerware-Plates-Wholesale-Blue-Ceramic-Bowl-Plate-4-150x150.webp 150w, https:\/\/www.yongjianceramic.com\/wp-content\/uploads\/2024\/08\/Retro-Dinnerware-Plates-Wholesale-Blue-Ceramic-Bowl-Plate-4-768x768.webp 768w, https:\/\/www.yongjianceramic.com\/wp-content\/uploads\/2024\/08\/Retro-Dinnerware-Plates-Wholesale-Blue-Ceramic-Bowl-Plate-4-12x12.webp 12w, https:\/\/www.yongjianceramic.com\/wp-content\/uploads\/2024\/08\/Retro-Dinnerware-Plates-Wholesale-Blue-Ceramic-Bowl-Plate-4-285x285.webp 285w, https:\/\/www.yongjianceramic.com\/wp-content\/uploads\/2024\/08\/Retro-Dinnerware-Plates-Wholesale-Blue-Ceramic-Bowl-Plate-4-270x270.webp 270w, https:\/\/www.yongjianceramic.com\/wp-content\/uploads\/2024\/08\/Retro-Dinnerware-Plates-Wholesale-Blue-Ceramic-Bowl-Plate-4-540x540.webp 540w, https:\/\/www.yongjianceramic.com\/wp-content\/uploads\/2024\/08\/Retro-Dinnerware-Plates-Wholesale-Blue-Ceramic-Bowl-Plate-4-660x660.webp 660w\" sizes=\"(max-width: 800px) 100vw, 800px\" \/><\/figure>\n<\/div><\/div>\n<\/div>","protected":false},"excerpt":{"rendered":"<p>Bem-vindo \u00e0 compra de conjuntos de loi\u00e7a por grosso. Estes pratos de lou\u00e7a retro por atacado e ta\u00e7a a granel oferecem op\u00e7\u00f5es bonitas e funcionais para v\u00e1rias ocasi\u00f5es de jantar. F\u00e1ceis de limpar e dur\u00e1veis, s\u00e3o ideais para restaurantes e uso dom\u00e9stico.<\/p>\n<table style=\"border-collapse: collapse; width: 309.02pt;\" border=\"0\" width=\"309\" cellspacing=\"0\" cellpadding=\"0\">\n<tbody>\n<tr style=\"height: 17.60pt;\">\n<td class=\"et3\" style=\"height: 17.60pt; width: 120.25pt;\" width=\"120\" height=\"17\">Fabricante<\/td>\n<td class=\"et3\" style=\"width: 189.25pt;\" width=\"189\">Yongjian<\/td>\n<\/tr>\n<tr style=\"height: 18.00pt;\">\n<td class=\"et3\" style=\"height: 18.00pt;\" height=\"18\">Modelo n.<\/td>\n<td class=\"et4\" style=\"width: 189.25pt;\" width=\"189\">YJ-053<\/td>\n<\/tr>\n<tr style=\"height: 18.00pt;\">\n<td class=\"et5\" style=\"height: 18.00pt; width: 120.25pt;\" width=\"120\" height=\"18\">Tipo de lou\u00e7a<\/td>\n<td class=\"et5\" style=\"width: 189.25pt;\" width=\"189\">Pratos, travessas, ta\u00e7as<\/td>\n<\/tr>\n<tr style=\"height: 17.60pt;\">\n<td class=\"et3\" style=\"height: 17.60pt;\" height=\"17\">T\u00e9cnica<\/td>\n<td class=\"et3\">Efeito de esmalte de forno<\/td>\n<\/tr>\n<tr style=\"height: 17.60pt;\">\n<td class=\"et3\" style=\"height: 17.60pt;\" height=\"17\">Material<\/td>\n<td class=\"et3\">Porcelana<\/td>\n<\/tr>\n<tr style=\"height: 36.00pt;\">\n<td class=\"et6\" style=\"height: 36.00pt;\" height=\"36\">Aplic\u00e1vel<\/td>\n<td class=\"et5\" style=\"width: 189.25pt;\" width=\"189\">Esterilizador, M\u00e1quina de lavar loi\u00e7a, Forno, Micro-ondas<\/td>\n<\/tr>\n<tr style=\"height: 17.60pt;\">\n<td class=\"et3\" style=\"height: 17.60pt;\" height=\"17\">Dimens\u00e3o<\/td>\n<td class=\"et3\">Como imagem<\/td>\n<\/tr>\n<tr style=\"height: 17.60pt;\">\n<td class=\"et3\" style=\"height: 17.60pt;\" height=\"17\">MOQ<\/td>\n<td class=\"et3\">500 unidades<\/td>\n<\/tr>\n<tr style=\"height: 17.60pt;\">\n<td class=\"et3\" style=\"height: 17.60pt;\" height=\"17\">Personalizado<\/td>\n<td class=\"et3\">Cor\/tamanho\/log\u00f3tipo\/embalagem<\/td>\n<\/tr>\n<\/tbody>\n<\/table>","protected":false},"featured_media":3099,"comment_status":"closed","ping_status":"closed","template":"","meta":{"_acf_changed":false},"product_brand":[],"product_cat":[64,83],"product_tag":[84],"class_list":{"0":"post-2653","1":"product","2":"type-product","3":"status-publish","4":"has-post-thumbnail","6":"product_cat-dinnerware-sets","7":"product_cat-dinner-sets-wholesale","8":"product_tag-retro-design-dinnerware-wholesale","10":"first","11":"instock","12":"shipping-taxable","13":"product-type-simple"},"acf":[],"_links":{"self":[{"href":"https:\/\/www.yongjianceramic.com\/pt\/wp-json\/wp\/v2\/product\/2653","targetHints":{"allow":["GET"]}}],"collection":[{"href":"https:\/\/www.yongjianceramic.com\/pt\/wp-json\/wp\/v2\/product"}],"about":[{"href":"https:\/\/www.yongjianceramic.com\/pt\/wp-json\/wp\/v2\/types\/product"}],"replies":[{"embeddable":true,"href":"https:\/\/www.yongjianceramic.com\/pt\/wp-json\/wp\/v2\/comments?post=2653"}],"wp:featuredmedia":[{"embeddable":true,"href":"https:\/\/www.yongjianceramic.com\/pt\/wp-json\/wp\/v2\/media\/3099"}],"wp:attachment":[{"href":"https:\/\/www.yongjianceramic.com\/pt\/wp-json\/wp\/v2\/media?parent=2653"}],"wp:term":[{"taxonomy":"product_brand","embeddable":true,"href":"https:\/\/www.yongjianceramic.com\/pt\/wp-json\/wp\/v2\/product_brand?post=2653"},{"taxonomy":"product_cat","embeddable":true,"href":"https:\/\/www.yongjianceramic.com\/pt\/wp-json\/wp\/v2\/product_cat?post=2653"},{"taxonomy":"product_tag","embeddable":true,"href":"https:\/\/www.yongjianceramic.com\/pt\/wp-json\/wp\/v2\/product_tag?post=2653"}],"curies":[{"name":"wp","href":"https:\/\/api.w.org\/{rel}","templated":true}]}}