{"id":2666,"date":"2024-08-29T02:55:48","date_gmt":"2024-08-29T02:55:48","guid":{"rendered":"https:\/\/www.yongjianceramic.com\/?post_type=product&#038;p=2666"},"modified":"2025-03-01T17:55:21","modified_gmt":"2025-03-01T09:55:21","slug":"oriental-wholesale-dinnerware-set","status":"publish","type":"product","link":"https:\/\/www.yongjianceramic.com\/pt\/produto\/oriental-wholesale-dinnerware-set\/","title":{"rendered":"Conjunto de loi\u00e7a oriental por grosso, ta\u00e7a e prato em forma de folha de l\u00f3tus"},"content":{"rendered":"<div class=\"wp-block-columns is-layout-flex wp-container-core-columns-is-layout-9d6595d7 wp-block-columns-is-layout-flex\">\n<div class=\"wp-block-column is-layout-flow wp-block-column-is-layout-flow\">\n<h2 class=\"wp-block-heading\">Conjunto de loi\u00e7a oriental por grosso Premium Carater\u00edsticas:<\/h2>\n\n\n\n<ul class=\"wp-block-list\">\n<li><strong>Design oriental: <\/strong>Este conjunto de loi\u00e7a oriental por atacado aplica um novo estilo de design em forma de folha de l\u00f3tus, inspirado no mundo natural da cultura oriental, e proporciona um aspeto elegante e moderno.<\/li>\n\n\n\n<li><strong>Delicadamente trabalhado: <\/strong>Cada prato e tigela do nosso conjunto de lou\u00e7a de jantar por atacado \u00e9 delicadamente trabalhado utilizando cer\u00e2mica de alta qualidade, que \u00e9 resistente ao desgaste e dura, possui excelente resist\u00eancia a arranh\u00f5es e calor e, portanto, pode ser dur\u00e1vel e manter a beleza e usabilidade durante o uso a longo prazo.<\/li>\n\n\n\n<li><strong>Combina\u00e7\u00e3o perfeita de utens\u00edlios de mesa:<\/strong> O nosso conjunto de loi\u00e7a oriental por atacado inclui tigelas e pratos em forma de folha de l\u00f3tus, mais adequados para servir v\u00e1rios pratos, desde sopas, saladas a pratos. Por ser t\u00e3o vers\u00e1til, \u00e9 o mais adequado para banquetes, refei\u00e7\u00f5es em restaurantes e jantares de fam\u00edlia.<\/li>\n\n\n\n<li><strong>F\u00e1cil de limpar: <\/strong>A superf\u00edcie de cer\u00e2mica lisa deste conjunto de lou\u00e7a \u00e9 f\u00e1cil de limpar, n\u00e3o deixa res\u00edduos de alimentos e pode ser lavada \u00e0 m\u00e3o ou na m\u00e1quina de lavar lou\u00e7a, poupando tempo e energia de limpeza e mantendo a limpeza e a beleza da lou\u00e7a.<\/li>\n<\/ul>\n<\/div>\n\n\n\n<div class=\"wp-block-column is-vertically-aligned-center is-layout-flow wp-block-column-is-layout-flow\"><div class=\"wp-block-image\">\n<figure class=\"aligncenter size-full\"><img fetchpriority=\"high\" decoding=\"async\" width=\"800\" height=\"800\" src=\"https:\/\/www.yongjianceramic.com\/wp-content\/uploads\/2024\/08\/Oriental-Wholesale-Dinnerware-Set-Lotus-Leaf-Shape-Bowl-Plate-5.webp\" alt=\"Conjunto de loi\u00e7a oriental por grosso, ta\u00e7a e prato em forma de folha de l\u00f3tus - 5\" class=\"wp-image-3108\" srcset=\"https:\/\/www.yongjianceramic.com\/wp-content\/uploads\/2024\/08\/Oriental-Wholesale-Dinnerware-Set-Lotus-Leaf-Shape-Bowl-Plate-5.webp 800w, https:\/\/www.yongjianceramic.com\/wp-content\/uploads\/2024\/08\/Oriental-Wholesale-Dinnerware-Set-Lotus-Leaf-Shape-Bowl-Plate-5-300x300.webp 300w, https:\/\/www.yongjianceramic.com\/wp-content\/uploads\/2024\/08\/Oriental-Wholesale-Dinnerware-Set-Lotus-Leaf-Shape-Bowl-Plate-5-150x150.webp 150w, https:\/\/www.yongjianceramic.com\/wp-content\/uploads\/2024\/08\/Oriental-Wholesale-Dinnerware-Set-Lotus-Leaf-Shape-Bowl-Plate-5-768x768.webp 768w, https:\/\/www.yongjianceramic.com\/wp-content\/uploads\/2024\/08\/Oriental-Wholesale-Dinnerware-Set-Lotus-Leaf-Shape-Bowl-Plate-5-12x12.webp 12w, https:\/\/www.yongjianceramic.com\/wp-content\/uploads\/2024\/08\/Oriental-Wholesale-Dinnerware-Set-Lotus-Leaf-Shape-Bowl-Plate-5-285x285.webp 285w, https:\/\/www.yongjianceramic.com\/wp-content\/uploads\/2024\/08\/Oriental-Wholesale-Dinnerware-Set-Lotus-Leaf-Shape-Bowl-Plate-5-270x270.webp 270w, https:\/\/www.yongjianceramic.com\/wp-content\/uploads\/2024\/08\/Oriental-Wholesale-Dinnerware-Set-Lotus-Leaf-Shape-Bowl-Plate-5-540x540.webp 540w, https:\/\/www.yongjianceramic.com\/wp-content\/uploads\/2024\/08\/Oriental-Wholesale-Dinnerware-Set-Lotus-Leaf-Shape-Bowl-Plate-5-660x660.webp 660w\" sizes=\"(max-width: 800px) 100vw, 800px\" \/><\/figure>\n<\/div><\/div>\n<\/div>","protected":false},"excerpt":{"rendered":"<p>Bem-vindo \u00e0 compra de lou\u00e7a de jantar por grosso. Este conjunto de lou\u00e7a oriental por atacado aplica um design em forma de folha de l\u00f3tus, fundindo itens naturais com artesanato contempor\u00e2neo, proporcionando uma experi\u00eancia de jantar que \u00e9 funcional e bonita.<\/p>\n<table style=\"border-collapse: collapse; width: 309.02pt;\" border=\"0\" width=\"309\" cellspacing=\"0\" cellpadding=\"0\">\n<tbody>\n<tr style=\"height: 17.60pt;\">\n<td class=\"et3\" style=\"height: 17.60pt; width: 120.25pt;\" width=\"120\" height=\"17\">Fabricante<\/td>\n<td class=\"et3\" style=\"width: 189.25pt;\" width=\"189\">Yongjian<\/td>\n<\/tr>\n<tr style=\"height: 18.00pt;\">\n<td class=\"et3\" style=\"height: 18.00pt;\" height=\"18\">Modelo n.<\/td>\n<td class=\"et4\" style=\"width: 189.25pt;\" width=\"189\">YJ-054<\/td>\n<\/tr>\n<tr style=\"height: 18.00pt;\">\n<td class=\"et5\" style=\"height: 18.00pt; width: 120.25pt;\" width=\"120\" height=\"18\">Tipo de lou\u00e7a<\/td>\n<td class=\"et5\" style=\"width: 189.25pt;\" width=\"189\">Pratos, travessas, ta\u00e7as<\/td>\n<\/tr>\n<tr style=\"height: 17.60pt;\">\n<td class=\"et3\" style=\"height: 17.60pt;\" height=\"17\">T\u00e9cnica<\/td>\n<td class=\"et3\">Efeito de esmalte de forno<\/td>\n<\/tr>\n<tr style=\"height: 17.60pt;\">\n<td class=\"et3\" style=\"height: 17.60pt;\" height=\"17\">Material<\/td>\n<td class=\"et3\">Porcelana<\/td>\n<\/tr>\n<tr style=\"height: 36.00pt;\">\n<td class=\"et6\" style=\"height: 36.00pt;\" height=\"36\">Aplic\u00e1vel<\/td>\n<td class=\"et5\" style=\"width: 189.25pt;\" width=\"189\">Esterilizador, M\u00e1quina de lavar loi\u00e7a, Forno, Micro-ondas<\/td>\n<\/tr>\n<tr style=\"height: 17.60pt;\">\n<td class=\"et3\" style=\"height: 17.60pt;\" height=\"17\">Dimens\u00e3o<\/td>\n<td class=\"et3\">Como imagem<\/td>\n<\/tr>\n<tr style=\"height: 17.60pt;\">\n<td class=\"et3\" style=\"height: 17.60pt;\" height=\"17\">MOQ<\/td>\n<td class=\"et3\">500 unidades<\/td>\n<\/tr>\n<tr style=\"height: 17.60pt;\">\n<td class=\"et3\" style=\"height: 17.60pt;\" height=\"17\">Personalizado<\/td>\n<td class=\"et3\">Cor\/tamanho\/log\u00f3tipo\/embalagem<\/td>\n<\/tr>\n<\/tbody>\n<\/table>","protected":false},"featured_media":3104,"comment_status":"closed","ping_status":"closed","template":"","meta":{"_acf_changed":false},"product_brand":[],"product_cat":[64,85],"product_tag":[86],"class_list":{"0":"post-2666","1":"product","2":"type-product","3":"status-publish","4":"has-post-thumbnail","6":"product_cat-dinnerware-sets","7":"product_cat-wholesale-dinnerware-sets","8":"product_tag-oriental-style-dinnerware-wholesale","10":"first","11":"instock","12":"shipping-taxable","13":"product-type-simple"},"acf":[],"_links":{"self":[{"href":"https:\/\/www.yongjianceramic.com\/pt\/wp-json\/wp\/v2\/product\/2666","targetHints":{"allow":["GET"]}}],"collection":[{"href":"https:\/\/www.yongjianceramic.com\/pt\/wp-json\/wp\/v2\/product"}],"about":[{"href":"https:\/\/www.yongjianceramic.com\/pt\/wp-json\/wp\/v2\/types\/product"}],"replies":[{"embeddable":true,"href":"https:\/\/www.yongjianceramic.com\/pt\/wp-json\/wp\/v2\/comments?post=2666"}],"wp:featuredmedia":[{"embeddable":true,"href":"https:\/\/www.yongjianceramic.com\/pt\/wp-json\/wp\/v2\/media\/3104"}],"wp:attachment":[{"href":"https:\/\/www.yongjianceramic.com\/pt\/wp-json\/wp\/v2\/media?parent=2666"}],"wp:term":[{"taxonomy":"product_brand","embeddable":true,"href":"https:\/\/www.yongjianceramic.com\/pt\/wp-json\/wp\/v2\/product_brand?post=2666"},{"taxonomy":"product_cat","embeddable":true,"href":"https:\/\/www.yongjianceramic.com\/pt\/wp-json\/wp\/v2\/product_cat?post=2666"},{"taxonomy":"product_tag","embeddable":true,"href":"https:\/\/www.yongjianceramic.com\/pt\/wp-json\/wp\/v2\/product_tag?post=2666"}],"curies":[{"name":"wp","href":"https:\/\/api.w.org\/{rel}","templated":true}]}}