{"id":3215,"date":"2024-09-07T01:24:01","date_gmt":"2024-09-07T01:24:01","guid":{"rendered":"https:\/\/www.yongjianceramic.com\/?post_type=product&#038;p=3215"},"modified":"2025-11-04T16:38:40","modified_gmt":"2025-11-04T08:38:40","slug":"rice-bowls-wholesale","status":"publish","type":"product","link":"https:\/\/www.yongjianceramic.com\/pt\/produto\/rice-bowls-wholesale\/","title":{"rendered":"Tigelas de arroz de restaurante de 4,75 polegadas por atacado, tigelas de sopa personalizadas"},"content":{"rendered":"<div class=\"wp-block-columns is-layout-flex wp-container-core-columns-is-layout-9d6595d7 wp-block-columns-is-layout-flex\">\n<div class=\"wp-block-column is-layout-flow wp-block-column-is-layout-flow\">\n<h2 class=\"wp-block-heading\">Tigelas de arroz Premium Carater\u00edsticas por atacado:<\/h2>\n\n\n\n<ul class=\"wp-block-list\">\n<li><strong>Design \u00fanico: <\/strong>O design das nossas tigelas de arroz por atacado \u00e9 inspirado na folha de l\u00f3tus da natureza. A forma \u00e9 distinta e sofisticada, e a complexidade do artesanato real\u00e7a os detalhes meticulosos, criando uma sensa\u00e7\u00e3o de arte na mesa.<\/li>\n\n\n\n<li><strong>Tamanho moderado: <\/strong>O design do corpo da tigela de 4,75 polegadas destas tigelas de sopa de restaurante a granel \u00e9 de tamanho moderado, adequado para arroz, sopas, acompanhamentos e outros alimentos. \u00c9 adequada para uso familiar quotidiano e \u00e9 tamb\u00e9m muito adequada para utiliza\u00e7\u00e3o como loi\u00e7a de mesa em restaurantes ou hot\u00e9is.<\/li>\n\n\n\n<li><strong>Seguro e duradouro: <\/strong>As nossas tigelas de arroz por atacado s\u00e3o cozinhadas a altas temperaturas, s\u00e3o resistentes ao calor e ao desgaste, n\u00e3o s\u00e3o f\u00e1ceis de riscar ou absorver odores, garantindo uma utiliza\u00e7\u00e3o segura, e s\u00e3o f\u00e1ceis de limpar, mantendo-as como novas durante muito tempo.<\/li>\n\n\n\n<li><strong>Econ\u00f3mico e acess\u00edvel:<\/strong> A Yongjian fornece aos grossistas e empresas de catering pre\u00e7os competitivos por grosso para tigelas de sopa de restaurante a granel, e a quantidade \u00e9 grande e o pre\u00e7o \u00e9 favor\u00e1vel. \u00c9 a escolha ideal para aqueles que procuram uma boa rela\u00e7\u00e3o custo-efic\u00e1cia e satisfazem diversas necessidades de compra.<\/li>\n<\/ul>\n<\/div>\n\n\n\n<div class=\"wp-block-column is-vertically-aligned-center is-layout-flow wp-block-column-is-layout-flow\"><div class=\"wp-block-image\">\n<figure class=\"aligncenter size-full\"><img fetchpriority=\"high\" decoding=\"async\" width=\"800\" height=\"800\" src=\"https:\/\/www.yongjianceramic.com\/wp-content\/uploads\/2024\/09\/4.75-Inch-Ceramic-Rice-Bowls-Wholesale-with-Lotus-Leaf-Shape-5.webp\" alt=\"Ta\u00e7as de arroz em cer\u00e2mica de 4,75 polegadas com forma de folha de l\u00f3tus - 5\" class=\"wp-image-3220\" srcset=\"https:\/\/www.yongjianceramic.com\/wp-content\/uploads\/2024\/09\/4.75-Inch-Ceramic-Rice-Bowls-Wholesale-with-Lotus-Leaf-Shape-5.webp 800w, https:\/\/www.yongjianceramic.com\/wp-content\/uploads\/2024\/09\/4.75-Inch-Ceramic-Rice-Bowls-Wholesale-with-Lotus-Leaf-Shape-5-300x300.webp 300w, https:\/\/www.yongjianceramic.com\/wp-content\/uploads\/2024\/09\/4.75-Inch-Ceramic-Rice-Bowls-Wholesale-with-Lotus-Leaf-Shape-5-150x150.webp 150w, https:\/\/www.yongjianceramic.com\/wp-content\/uploads\/2024\/09\/4.75-Inch-Ceramic-Rice-Bowls-Wholesale-with-Lotus-Leaf-Shape-5-768x768.webp 768w, https:\/\/www.yongjianceramic.com\/wp-content\/uploads\/2024\/09\/4.75-Inch-Ceramic-Rice-Bowls-Wholesale-with-Lotus-Leaf-Shape-5-12x12.webp 12w, https:\/\/www.yongjianceramic.com\/wp-content\/uploads\/2024\/09\/4.75-Inch-Ceramic-Rice-Bowls-Wholesale-with-Lotus-Leaf-Shape-5-285x285.webp 285w, https:\/\/www.yongjianceramic.com\/wp-content\/uploads\/2024\/09\/4.75-Inch-Ceramic-Rice-Bowls-Wholesale-with-Lotus-Leaf-Shape-5-270x270.webp 270w, https:\/\/www.yongjianceramic.com\/wp-content\/uploads\/2024\/09\/4.75-Inch-Ceramic-Rice-Bowls-Wholesale-with-Lotus-Leaf-Shape-5-540x540.webp 540w, https:\/\/www.yongjianceramic.com\/wp-content\/uploads\/2024\/09\/4.75-Inch-Ceramic-Rice-Bowls-Wholesale-with-Lotus-Leaf-Shape-5-660x660.webp 660w\" sizes=\"(max-width: 800px) 100vw, 800px\" \/><\/figure>\n<\/div><\/div>\n<\/div>","protected":false},"excerpt":{"rendered":"<p>Bem-vindo ao comprar tigelas de sopa de restaurante a granel. Nossas tigelas de arroz de cer\u00e2mica de 4.75 polegadas no atacado adotam um design exclusivo em forma de folha de l\u00f3tus, que n\u00e3o s\u00f3 mostra a beleza natural, mas tamb\u00e9m tem uma ampla gama de praticidade. \u00c9 adequado para uma variedade de alimentos, como arroz e sopas, que \u00e9 uma escolha ideal por atacado para catering e varejistas que buscam custo-benef\u00edcio.<\/p>\n<table style=\"border-collapse: collapse; width: 309.02pt;\" border=\"0\" width=\"309\" cellspacing=\"0\" cellpadding=\"0\">\n<tbody>\n<tr style=\"height: 17.60pt;\">\n<td class=\"et3\" style=\"height: 17.60pt; width: 120.25pt;\" width=\"120\" height=\"17\">Fabricante<\/td>\n<td class=\"et3\" style=\"width: 189.25pt;\" width=\"189\">Yongjian<\/td>\n<\/tr>\n<tr style=\"height: 18.00pt;\">\n<td class=\"et3\" style=\"height: 18.00pt;\" height=\"18\">Modelo n.<\/td>\n<td class=\"et4\" style=\"width: 189.25pt;\" width=\"189\">YJ-007<\/td>\n<\/tr>\n<tr style=\"height: 17.60pt;\">\n<td class=\"et3\" style=\"height: 17.60pt;\" height=\"17\">Tipo de produto<\/td>\n<td class=\"et3\">Tigela de arroz<\/td>\n<\/tr>\n<tr style=\"height: 17.60pt;\">\n<td class=\"et3\" style=\"height: 17.60pt;\" height=\"17\">Material<\/td>\n<td class=\"et3\">Porcelana<\/td>\n<\/tr>\n<tr style=\"height: 17.60pt;\">\n<td class=\"et5\" style=\"height: 17.60pt;\" height=\"17\">Cor<\/td>\n<td class=\"et3\">Branco\/preto<\/td>\n<\/tr>\n<tr style=\"height: 17.60pt;\">\n<td class=\"et3\" style=\"height: 17.60pt;\" height=\"17\">Dimens\u00e3o<\/td>\n<td class=\"et3\">12.5*12.5*6\uff0c400ml<\/td>\n<\/tr>\n<tr style=\"height: 17.60pt;\">\n<td class=\"et3\" style=\"height: 17.60pt;\" height=\"17\">MOQ<\/td>\n<td class=\"et3\">500 unidades<\/td>\n<\/tr>\n<tr style=\"height: 17.60pt;\">\n<td class=\"et3\" style=\"height: 17.60pt;\" height=\"17\">Personalizado<\/td>\n<td class=\"et3\">Cor\/tamanho\/log\u00f3tipo\/embalagem<\/td>\n<\/tr>\n<\/tbody>\n<\/table>","protected":false},"featured_media":3217,"comment_status":"closed","ping_status":"closed","template":"","meta":{"_acf_changed":false},"product_brand":[],"product_cat":[72,63],"product_tag":[96],"class_list":{"0":"post-3215","1":"product","2":"type-product","3":"status-publish","4":"has-post-thumbnail","6":"product_cat-rice-bowls-bulk","7":"product_cat-wholesale-bowls","8":"product_tag-black-white-dinnerware-wholesale","10":"first","11":"instock","12":"shipping-taxable","13":"product-type-simple"},"acf":[],"_links":{"self":[{"href":"https:\/\/www.yongjianceramic.com\/pt\/wp-json\/wp\/v2\/product\/3215","targetHints":{"allow":["GET"]}}],"collection":[{"href":"https:\/\/www.yongjianceramic.com\/pt\/wp-json\/wp\/v2\/product"}],"about":[{"href":"https:\/\/www.yongjianceramic.com\/pt\/wp-json\/wp\/v2\/types\/product"}],"replies":[{"embeddable":true,"href":"https:\/\/www.yongjianceramic.com\/pt\/wp-json\/wp\/v2\/comments?post=3215"}],"wp:featuredmedia":[{"embeddable":true,"href":"https:\/\/www.yongjianceramic.com\/pt\/wp-json\/wp\/v2\/media\/3217"}],"wp:attachment":[{"href":"https:\/\/www.yongjianceramic.com\/pt\/wp-json\/wp\/v2\/media?parent=3215"}],"wp:term":[{"taxonomy":"product_brand","embeddable":true,"href":"https:\/\/www.yongjianceramic.com\/pt\/wp-json\/wp\/v2\/product_brand?post=3215"},{"taxonomy":"product_cat","embeddable":true,"href":"https:\/\/www.yongjianceramic.com\/pt\/wp-json\/wp\/v2\/product_cat?post=3215"},{"taxonomy":"product_tag","embeddable":true,"href":"https:\/\/www.yongjianceramic.com\/pt\/wp-json\/wp\/v2\/product_tag?post=3215"}],"curies":[{"name":"wp","href":"https:\/\/api.w.org\/{rel}","templated":true}]}}