{"id":3231,"date":"2024-09-07T02:06:20","date_gmt":"2024-09-07T02:06:20","guid":{"rendered":"https:\/\/www.yongjianceramic.com\/?post_type=product&#038;p=3231"},"modified":"2024-09-20T09:13:28","modified_gmt":"2024-09-20T09:13:28","slug":"rice-bowls-bulk","status":"publish","type":"product","link":"https:\/\/www.yongjianceramic.com\/pt\/produto\/rice-bowls-bulk\/","title":{"rendered":"Ta\u00e7as de arroz em cer\u00e2mica de 4,5 polegadas com design de textura vintage"},"content":{"rendered":"<div class=\"wp-block-columns is-layout-flex wp-container-core-columns-is-layout-9d6595d7 wp-block-columns-is-layout-flex\">\n<div class=\"wp-block-column is-layout-flow wp-block-column-is-layout-flow\">\n<h2 class=\"wp-block-heading\">Tigelas de arroz Premium Carater\u00edsticas a granel:<\/h2>\n\n\n\n<ul class=\"wp-block-list\">\n<li><strong>Textura retro: <\/strong>A superf\u00edcie destas tigelas de arroz de cer\u00e2mica a granel adopta um design cl\u00e1ssico de textura retro, textura rica, traz eleg\u00e2ncia visual e beleza, e pode melhorar o estilo e o gosto da mesa de jantar.<\/li>\n\n\n\n<li><strong>Capacidade moderada: <\/strong>O tamanho desta ta\u00e7a para venda por grosso \u00e9 muito moderado, podendo ser utilizada para arroz, snacks, sopas, etc. \u00c9 pr\u00e1tica e adequada para uma ampla utiliza\u00e7\u00e3o no sector familiar e da restaura\u00e7\u00e3o.<\/li>\n\n\n\n<li><strong>Dur\u00e1vel e saud\u00e1vel: <\/strong>As nossas ta\u00e7as de arroz a granel s\u00e3o feitas de cer\u00e2mica de alta qualidade, s\u00e3o resistentes a altas temperaturas, dur\u00e1veis e isentas de subst\u00e2ncias nocivas, garantindo que cada utiliza\u00e7\u00e3o \u00e9 segura e fi\u00e1vel, adequada para uma utiliza\u00e7\u00e3o frequente a longo prazo.<\/li>\n\n\n\n<li><strong>Econ\u00f3mica: <\/strong>Fornecer descontos de compra a granel de tigelas de arroz por atacado para retalhistas e empresas de catering, com pre\u00e7os muito competitivos para satisfazer a procura dos clientes de produtos rent\u00e1veis.<\/li>\n<\/ul>\n<\/div>\n\n\n\n<div class=\"wp-block-column is-vertically-aligned-center is-layout-flow wp-block-column-is-layout-flow\"><div class=\"wp-block-image\">\n<figure class=\"aligncenter size-full\"><img fetchpriority=\"high\" decoding=\"async\" width=\"750\" height=\"750\" src=\"https:\/\/www.yongjianceramic.com\/wp-content\/uploads\/2024\/09\/4.5-Inch-Ceramic-Rice-Bowls-Bulk-With-Vintage-Texture-Design-7.png\" alt=\"Ta\u00e7as de arroz em cer\u00e2mica de 4,5 polegadas com design de textura vintage - 7\" class=\"wp-image-3238\" srcset=\"https:\/\/www.yongjianceramic.com\/wp-content\/uploads\/2024\/09\/4.5-Inch-Ceramic-Rice-Bowls-Bulk-With-Vintage-Texture-Design-7.png 750w, https:\/\/www.yongjianceramic.com\/wp-content\/uploads\/2024\/09\/4.5-Inch-Ceramic-Rice-Bowls-Bulk-With-Vintage-Texture-Design-7-300x300.png 300w, https:\/\/www.yongjianceramic.com\/wp-content\/uploads\/2024\/09\/4.5-Inch-Ceramic-Rice-Bowls-Bulk-With-Vintage-Texture-Design-7-150x150.png 150w, https:\/\/www.yongjianceramic.com\/wp-content\/uploads\/2024\/09\/4.5-Inch-Ceramic-Rice-Bowls-Bulk-With-Vintage-Texture-Design-7-12x12.png 12w, https:\/\/www.yongjianceramic.com\/wp-content\/uploads\/2024\/09\/4.5-Inch-Ceramic-Rice-Bowls-Bulk-With-Vintage-Texture-Design-7-285x285.png 285w, https:\/\/www.yongjianceramic.com\/wp-content\/uploads\/2024\/09\/4.5-Inch-Ceramic-Rice-Bowls-Bulk-With-Vintage-Texture-Design-7-270x270.png 270w, https:\/\/www.yongjianceramic.com\/wp-content\/uploads\/2024\/09\/4.5-Inch-Ceramic-Rice-Bowls-Bulk-With-Vintage-Texture-Design-7-540x540.png 540w, https:\/\/www.yongjianceramic.com\/wp-content\/uploads\/2024\/09\/4.5-Inch-Ceramic-Rice-Bowls-Bulk-With-Vintage-Texture-Design-7-660x660.png 660w\" sizes=\"(max-width: 750px) 100vw, 750px\" \/><\/figure>\n<\/div><\/div>\n<\/div>","protected":false},"excerpt":{"rendered":"<p>Bem-vindo ao comprar tigelas de arroz por atacado. Nossas tigelas de arroz de cer\u00e2mica de 4.5 polegadas a granel adotam um design de textura retro, elegante e bonito, adequado para arroz, lanches e outros usos. Os materiais cer\u00e2micos de alta qualidade garantem sa\u00fade e durabilidade, alta rela\u00e7\u00e3o custo-benef\u00edcio e s\u00e3o ideais para compras a granel.<\/p>\n<table style=\"border-collapse: collapse; width: 309.02pt;\" border=\"0\" width=\"309\" cellspacing=\"0\" cellpadding=\"0\">\n<tbody>\n<tr style=\"height: 17.60pt;\">\n<td class=\"et3\" style=\"height: 17.60pt; width: 120.25pt;\" width=\"120\" height=\"17\">Fabricante<\/td>\n<td class=\"et3\" style=\"width: 189.25pt;\" width=\"189\">Yongjian<\/td>\n<\/tr>\n<tr style=\"height: 18.00pt;\">\n<td class=\"et3\" style=\"height: 18.00pt;\" height=\"18\">Modelo n.<\/td>\n<td class=\"et4\" style=\"width: 189.25pt;\" width=\"189\">YJ-008<\/td>\n<\/tr>\n<tr style=\"height: 17.60pt;\">\n<td class=\"et3\" style=\"height: 17.60pt;\" height=\"17\">Tipo de produto<\/td>\n<td class=\"et3\">Tigela de arroz<\/td>\n<\/tr>\n<tr style=\"height: 17.60pt;\">\n<td class=\"et3\" style=\"height: 17.60pt;\" height=\"17\">Material<\/td>\n<td class=\"et3\">Porcelana<\/td>\n<\/tr>\n<tr style=\"height: 17.60pt;\">\n<td class=\"et5\" style=\"height: 17.60pt;\" height=\"17\">Cor<\/td>\n<td class=\"et3\">Branco\/preto<\/td>\n<\/tr>\n<tr style=\"height: 17.60pt;\">\n<td class=\"et3\" style=\"height: 17.60pt;\" height=\"17\">Dimens\u00e3o<\/td>\n<td class=\"et3\">14.7*14.7*6.8\uff0c600ml<\/td>\n<\/tr>\n<tr style=\"height: 17.60pt;\">\n<td class=\"et3\" style=\"height: 17.60pt;\" height=\"17\">MOQ<\/td>\n<td class=\"et3\">500 unidades<\/td>\n<\/tr>\n<tr style=\"height: 17.60pt;\">\n<td class=\"et3\" style=\"height: 17.60pt;\" height=\"17\">Personalizado<\/td>\n<td class=\"et3\">Cor\/tamanho\/log\u00f3tipo\/embalagem<\/td>\n<\/tr>\n<\/tbody>\n<\/table>","protected":false},"featured_media":3235,"comment_status":"closed","ping_status":"closed","template":"","meta":{"_acf_changed":false},"product_brand":[],"product_cat":[72,63],"product_tag":[96],"class_list":{"0":"post-3231","1":"product","2":"type-product","3":"status-publish","4":"has-post-thumbnail","6":"product_cat-rice-bowls-bulk","7":"product_cat-wholesale-bowls","8":"product_tag-black-white-dinnerware-wholesale","10":"first","11":"instock","12":"shipping-taxable","13":"product-type-simple"},"acf":[],"_links":{"self":[{"href":"https:\/\/www.yongjianceramic.com\/pt\/wp-json\/wp\/v2\/product\/3231","targetHints":{"allow":["GET"]}}],"collection":[{"href":"https:\/\/www.yongjianceramic.com\/pt\/wp-json\/wp\/v2\/product"}],"about":[{"href":"https:\/\/www.yongjianceramic.com\/pt\/wp-json\/wp\/v2\/types\/product"}],"replies":[{"embeddable":true,"href":"https:\/\/www.yongjianceramic.com\/pt\/wp-json\/wp\/v2\/comments?post=3231"}],"wp:featuredmedia":[{"embeddable":true,"href":"https:\/\/www.yongjianceramic.com\/pt\/wp-json\/wp\/v2\/media\/3235"}],"wp:attachment":[{"href":"https:\/\/www.yongjianceramic.com\/pt\/wp-json\/wp\/v2\/media?parent=3231"}],"wp:term":[{"taxonomy":"product_brand","embeddable":true,"href":"https:\/\/www.yongjianceramic.com\/pt\/wp-json\/wp\/v2\/product_brand?post=3231"},{"taxonomy":"product_cat","embeddable":true,"href":"https:\/\/www.yongjianceramic.com\/pt\/wp-json\/wp\/v2\/product_cat?post=3231"},{"taxonomy":"product_tag","embeddable":true,"href":"https:\/\/www.yongjianceramic.com\/pt\/wp-json\/wp\/v2\/product_tag?post=3231"}],"curies":[{"name":"wp","href":"https:\/\/api.w.org\/{rel}","templated":true}]}}