{"id":3239,"date":"2024-09-07T02:30:48","date_gmt":"2024-09-07T02:30:48","guid":{"rendered":"https:\/\/www.yongjianceramic.com\/?post_type=product&#038;p=3239"},"modified":"2025-11-04T16:49:28","modified_gmt":"2025-11-04T08:49:28","slug":"wholesale-ceramic-rice-bowls","status":"publish","type":"product","link":"https:\/\/www.yongjianceramic.com\/pt\/produto\/wholesale-ceramic-rice-bowls\/","title":{"rendered":"Tigelas de arroz de cer\u00e2mica por atacado em 3 tamanhos, tigelas de Ramen a granel"},"content":{"rendered":"<div class=\"wp-block-columns is-layout-flex wp-container-core-columns-is-layout-9d6595d7 wp-block-columns-is-layout-flex\">\n<div class=\"wp-block-column is-layout-flow wp-block-column-is-layout-flow\">\n<h2 class=\"wp-block-heading\">Tigelas de arroz de cer\u00e2mica por atacado Premium Carater\u00edsticas:<\/h2>\n\n\n\n<ul class=\"wp-block-list\">\n<li><strong>Textura especial:<\/strong> O exterior das nossas tigelas de arroz de cer\u00e2mica por atacado tem um design de textura de rocha, que \u00e9 cheio de beleza natural \u00e1spera e uma sensa\u00e7\u00e3o especial, adicionando estilo personalizado \u00e0 mesa, ador\u00e1vel e \u00fanico.<\/li>\n\n\n\n<li><strong>Duradouro: <\/strong>Selecionadas cer\u00e2micas de alta qualidade, as nossas ta\u00e7as de ramen a granel t\u00eam boa resist\u00eancia ao desgaste e ao calor, podem suportar alimentos a alta temperatura ou aquecimento por micro-ondas e garantir uma longa vida \u00fatil da ta\u00e7a.<\/li>\n\n\n\n<li><strong>Comumente aplicado: <\/strong>Quer se trate de arroz, salada ou sopa, as nossas ta\u00e7as de arroz em cer\u00e2mica para venda por grosso t\u00eam um design de tamanho perfeito que \u00e9 adapt\u00e1vel para ser utilizado muitas vezes, satisfazendo as necessidades variadas das fam\u00edlias ou das empresas de restaura\u00e7\u00e3o.<\/li>\n\n\n\n<li><strong>Econ\u00f3mico: <\/strong>Fornecer vantagens de pre\u00e7o por atacado de tigelas de ramen e tigelas de arroz de cer\u00e2mica a granel a fornecedores e retalhistas, o que lhes permitir\u00e1 desfrutar de uma elevada rela\u00e7\u00e3o custo-efic\u00e1cia na compra, poupando assim custos para as empresas.<\/li>\n<\/ul>\n<\/div>\n\n\n\n<div class=\"wp-block-column is-vertically-aligned-center is-layout-flow wp-block-column-is-layout-flow\"><div class=\"wp-block-image\">\n<figure class=\"aligncenter size-full\"><img fetchpriority=\"high\" decoding=\"async\" width=\"750\" height=\"750\" src=\"https:\/\/www.yongjianceramic.com\/wp-content\/uploads\/2024\/09\/Wholesale-Ceramic-Rice-Bowls-With-Rock-Texture-Design-3.webp\" alt=\"Tigelas de arroz de cer\u00e2mica por atacado com design de textura de rocha-3\" class=\"wp-image-3242\" srcset=\"https:\/\/www.yongjianceramic.com\/wp-content\/uploads\/2024\/09\/Wholesale-Ceramic-Rice-Bowls-With-Rock-Texture-Design-3.webp 750w, https:\/\/www.yongjianceramic.com\/wp-content\/uploads\/2024\/09\/Wholesale-Ceramic-Rice-Bowls-With-Rock-Texture-Design-3-300x300.webp 300w, https:\/\/www.yongjianceramic.com\/wp-content\/uploads\/2024\/09\/Wholesale-Ceramic-Rice-Bowls-With-Rock-Texture-Design-3-150x150.webp 150w, https:\/\/www.yongjianceramic.com\/wp-content\/uploads\/2024\/09\/Wholesale-Ceramic-Rice-Bowls-With-Rock-Texture-Design-3-12x12.webp 12w, https:\/\/www.yongjianceramic.com\/wp-content\/uploads\/2024\/09\/Wholesale-Ceramic-Rice-Bowls-With-Rock-Texture-Design-3-285x285.webp 285w, https:\/\/www.yongjianceramic.com\/wp-content\/uploads\/2024\/09\/Wholesale-Ceramic-Rice-Bowls-With-Rock-Texture-Design-3-270x270.webp 270w, https:\/\/www.yongjianceramic.com\/wp-content\/uploads\/2024\/09\/Wholesale-Ceramic-Rice-Bowls-With-Rock-Texture-Design-3-540x540.webp 540w, https:\/\/www.yongjianceramic.com\/wp-content\/uploads\/2024\/09\/Wholesale-Ceramic-Rice-Bowls-With-Rock-Texture-Design-3-660x660.webp 660w\" sizes=\"(max-width: 750px) 100vw, 750px\" \/><\/figure>\n<\/div><\/div>\n<\/div>","protected":false},"excerpt":{"rendered":"<p>Bem-vindo \u00e0 compra de tigelas de arroz a granel. As nossas tigelas de arroz de cer\u00e2mica por atacado apresentam um padr\u00e3o de textura de rocha, combinando beleza natural e usabilidade, que \u00e9 adapt\u00e1vel a v\u00e1rios usos. Materiais dur\u00e1veis de alta qualidade garantem sua durabilidade, tornando-a sua melhor escolha para compra a granel com desempenho de custo super alto.<\/p>\n<table width=\"309\">\n<tbody>\n<tr>\n<td width=\"120\">Fabricante<\/td>\n<td width=\"189\">Yongjian<\/td>\n<\/tr>\n<tr>\n<td>Modelo n.<\/td>\n<td width=\"189\">YJ-031, 4,5 polegadas <br \/>YJ-032, 5 polegadas <br \/>YJ-033, 6 polegadas\u00a0<\/td>\n<\/tr>\n<tr>\n<td>Tipo de produto<\/td>\n<td>Tigela de arroz<\/td>\n<\/tr>\n<tr>\n<td>Material<\/td>\n<td>Porcelana<\/td>\n<\/tr>\n<tr>\n<td>Cor<\/td>\n<td>Branco\/preto<\/td>\n<\/tr>\n<tr>\n<td>Dimens\u00e3o<\/td>\n<td width=\"189\">11.5*11.5*5.5\uff0c200ml<br \/>12.8*12.8*6\uff0c400ml<br \/>15*15*7,5\uff0c650ml<\/td>\n<\/tr>\n<tr>\n<td>MOQ<\/td>\n<td>500 unidades<\/td>\n<\/tr>\n<tr>\n<td>Personalizado<\/td>\n<td>Cor\/tamanho\/log\u00f3tipo\/embalagem<\/td>\n<\/tr>\n<\/tbody>\n<\/table>","protected":false},"featured_media":3244,"comment_status":"closed","ping_status":"closed","template":"","meta":{"_acf_changed":false},"product_brand":[],"product_cat":[72,63],"product_tag":[96],"class_list":{"0":"post-3239","1":"product","2":"type-product","3":"status-publish","4":"has-post-thumbnail","6":"product_cat-rice-bowls-bulk","7":"product_cat-wholesale-bowls","8":"product_tag-black-white-dinnerware-wholesale","10":"first","11":"instock","12":"shipping-taxable","13":"product-type-simple"},"acf":[],"_links":{"self":[{"href":"https:\/\/www.yongjianceramic.com\/pt\/wp-json\/wp\/v2\/product\/3239","targetHints":{"allow":["GET"]}}],"collection":[{"href":"https:\/\/www.yongjianceramic.com\/pt\/wp-json\/wp\/v2\/product"}],"about":[{"href":"https:\/\/www.yongjianceramic.com\/pt\/wp-json\/wp\/v2\/types\/product"}],"replies":[{"embeddable":true,"href":"https:\/\/www.yongjianceramic.com\/pt\/wp-json\/wp\/v2\/comments?post=3239"}],"wp:featuredmedia":[{"embeddable":true,"href":"https:\/\/www.yongjianceramic.com\/pt\/wp-json\/wp\/v2\/media\/3244"}],"wp:attachment":[{"href":"https:\/\/www.yongjianceramic.com\/pt\/wp-json\/wp\/v2\/media?parent=3239"}],"wp:term":[{"taxonomy":"product_brand","embeddable":true,"href":"https:\/\/www.yongjianceramic.com\/pt\/wp-json\/wp\/v2\/product_brand?post=3239"},{"taxonomy":"product_cat","embeddable":true,"href":"https:\/\/www.yongjianceramic.com\/pt\/wp-json\/wp\/v2\/product_cat?post=3239"},{"taxonomy":"product_tag","embeddable":true,"href":"https:\/\/www.yongjianceramic.com\/pt\/wp-json\/wp\/v2\/product_tag?post=3239"}],"curies":[{"name":"wp","href":"https:\/\/api.w.org\/{rel}","templated":true}]}}